{"id":3479,"date":"2025-05-22T17:45:04","date_gmt":"2025-05-22T09:45:04","guid":{"rendered":"https:\/\/www.ruiqigo.com\/?post_type=product&#038;p=3479"},"modified":"2025-05-22T16:53:37","modified_gmt":"2025-05-22T08:53:37","slug":"spray-glass-cleaner","status":"publish","type":"product","link":"https:\/\/www.ruiqigo.com\/fi\/product\/spray-glass-cleaner","title":{"rendered":"Lasinpuhdistussuihke"},"content":{"rendered":"<h2 class=\"wp-block-heading\">Suihkelasipuhdistusaineiden valmistuksen yleiset kaavat<\/h2>\n\n\n\n<p>Valmistamamme lasinpuhdistussuihke on ymp\u00e4rist\u00f6yst\u00e4v\u00e4llinen ja ammoniakiton koostumus, johon on yhdistetty erilaisia pinta-aktiivisia aineita, luonnollisia liuottimia, etanolia ja haihtuvia lis\u00e4aineita puhdistustehon ja nopean kuivumisen parantamiseksi synergistisesti. Se ei sy\u00f6vyt\u00e4 lasia k\u00e4yt\u00f6n j\u00e4lkeen, eik\u00e4 pyyhkimisen j\u00e4lkeen j\u00e4\u00e4 j\u00e4\u00e4mi\u00e4, ja se soveltuu k\u00e4ytett\u00e4v\u00e4ksi useille lasi- ja peilimateriaaleille.<\/p>\n\n\n\n<p><strong>1. Ei-ioninen pinta-aktiivinen aine: <\/strong>T\u00e4m\u00e4 on mieto ja tehokas puhdistusaine, joka voi nopeasti k\u00e4\u00e4ri\u00e4 ja hajottaa tahrat ja rasvan samalla v\u00e4hent\u00e4en vaahdon kertymist\u00e4 puhdistusprosessin aikana, parantaen puhdistustehoa ja soveltuu suurten alueiden nopeaan pyyhkimiseen.<\/p>\n\n\n\n<p><strong>2. Luonnollinen sitraattiliuotin: <\/strong>T\u00e4m\u00e4 on turvallinen liuotin, joka on johdettu luonnollisesta kasvi\u00f6ljyst\u00e4. Se voi tehokkaasti hajottaa itsep\u00e4isen \u00f6ljykalvon ja kalkkikertym\u00e4n sy\u00f6vytt\u00e4m\u00e4tt\u00e4 lasipintaa. Se on ihanteellinen ainesosa, joka ottaa huomioon sek\u00e4 ymp\u00e4rist\u00f6nsuojelun ett\u00e4 suorituskyvyn.<\/p>\n\n\n\n<p><strong>3. Etanoli:<\/strong> Etanolilla on ominaisuus, ett\u00e4 se haihtuu nopeasti. K\u00e4yt\u00f6n j\u00e4lkeen se voi auttaa lasipintaa kuivumaan nopeasti j\u00e4tt\u00e4m\u00e4tt\u00e4 vesitahroja tai raitoja. Samalla, koska sill\u00e4 on liev\u00e4 desinfioiva vaikutus, se varmistaa my\u00f6s tehokkaasti lasipinnan hygienian.<\/p>\n\n\n\n<p><strong>4. Deionisoitu vesi: <\/strong>Se voi v\u00e4hent\u00e4\u00e4 veden mineraalipitoisuutta, est\u00e4\u00e4 vesitahroja pyyhkimisen j\u00e4lkeen ja varmistaa, ett\u00e4 lasi on sile\u00e4 ja l\u00e4pin\u00e4kyv\u00e4.<\/p>\n\n\n\n<h2 class=\"wp-block-heading\">Suihkelasinpuhdistusaineen toiminnot<\/h2>\n\n\n\n<p><strong>1. Ymp\u00e4rist\u00f6yst\u00e4v\u00e4llinen ammoniakiton koostumus:<\/strong> Lasinpuhdistussuihke ei sis\u00e4ll\u00e4 \u00e4rsytt\u00e4vi\u00e4 ainesosia, kuten ammoniakkia ja valkaisuainetta, sill\u00e4 ei ole pist\u00e4v\u00e4\u00e4 hajua, se on yst\u00e4v\u00e4llinen ihmiskeholle ja sopii sis\u00e4tilojen suljettujen tilojen puhdistukseen.<\/p>\n\n\n\n<p><strong>2. Liuota tahrat ja sormenj\u00e4lkij\u00e4\u00e4m\u00e4t nopeasti: <\/strong>Lasinpuhdistussuihke on erityisesti kehitetty pinta-aktiivisilla aineilla ja kevyill\u00e4 liuottimilla, jotka tunkeutuvat nopeasti lasin pintaan ja hajottavat \u00f6ljytahrat, savutahrat ja pinttyneet sormenj\u00e4ljet, mik\u00e4 helpottaa pyyhkimist\u00e4 ja lyhent\u00e4\u00e4 puhdistusaikaa.<\/p>\n\n\n\n<p><strong>3. Nopeasti kuivuva ja v\u00e4h\u00e4j\u00e4\u00e4m\u00e4inen:<\/strong> Se k\u00e4ytt\u00e4\u00e4 nopeasti kuivuvaa etanolipohjaista koostumusta, joka haihtuu muutamassa sekunnissa suihkuttamisen j\u00e4lkeen. Pintaan ei j\u00e4\u00e4 p\u00f6ly\u00e4 tai naarmuja, ja se soveltuu k\u00e4ytett\u00e4v\u00e4ksi vitriinikaapeissa ja muissa tiloissa.<\/p>\n\n\n\n<p><strong>4. Vahva puhdistusteho: <\/strong>Suihkutus on tasaista ja lika poistuu perusteellisesti. Lasipinnalle ei j\u00e4\u00e4 j\u00e4\u00e4mi\u00e4 puhdistuksen j\u00e4lkeen, mik\u00e4 parantaa huomattavasti puhdistustehoa ja sopii tihe\u00e4sti teht\u00e4v\u00e4\u00e4n puhdistukseen.<\/p>\n\n\n\n<p><strong>5. Monik\u00e4ytt\u00f6inen mukauttaminen, kustannustehokas: <\/strong>Lasinpuhdistussuihke ei sovellu ainoastaan lasipinnoille, vaan sit\u00e4 voidaan k\u00e4ytt\u00e4\u00e4 my\u00f6s peileille, sileille laatoille, ruostumattomasta ter\u00e4ksest\u00e4 valmistetuille pinnoille jne. eritt\u00e4in kustannustehokkaasti.<\/p>\n\n\n\n<h2 class=\"wp-block-heading\">Kuinka k\u00e4ytt\u00e4\u00e4 lasinpuhdistussuihketta<\/h2>\n\n\n\n<p>1. K\u00e4\u00e4nn\u00e4 suutin &quot;ruiskutus&quot;-asentoon ja t\u00e4ht\u00e4\u00e4 lasi- tai peilipintaan.<\/p>\n\n\n\n<p>2. Suihkuta sopiva m\u00e4\u00e4r\u00e4 pesuainetta tasaisesti suositellun 20\u201330 cm:n et\u00e4isyyden mukaisesti.<\/p>\n\n\n\n<p>3. Pyyhi puhtaalla, nukkaamattomalla liinalla tai talouspaperilla, kunnes pinta on puhdas ja raikas.<\/p>\n\n\n\n<p>4. Jos tahrat ovat pinttyneit\u00e4, toista toimenpide kerran tai kaksi, kunnes puhdistus on valmis.<\/p>\n\n\n\n<h2 class=\"wp-block-heading\">Varoitus<\/h2>\n\n\n\n<p><strong>1. \u00c4l\u00e4 k\u00e4yt\u00e4 k\u00e4sittelem\u00e4tt\u00f6m\u00e4lle puulle tai huokoisille pinnoille: <\/strong>T\u00e4m\u00e4 tuote soveltuu imukyvytt\u00f6mille pinnoille, eik\u00e4 sit\u00e4 saa suihkuttaa imukykyisille materiaaleille, kuten puuhuonekaluille tai kivelle, jotta v\u00e4ltet\u00e4\u00e4n tunkeutumisen aiheuttama v\u00e4rj\u00e4ytyminen tai pilaantuminen.<\/p>\n\n\n\n<p><strong>2. Sulje suutin heti k\u00e4yt\u00f6n j\u00e4lkeen: <\/strong>Kierr\u00e4 suutin suljettuun asentoon k\u00e4yt\u00f6n j\u00e4lkeen v\u00e4ltt\u00e4\u00e4ksesi haihtuvien ainesosien h\u00e4vi\u00e4misen ja varmistaaksesi vaikutuksen seuraavalla k\u00e4ytt\u00f6kerralla.<\/p>\n\n\n\n<p><strong>3. \u00c4l\u00e4 sekoita vahvojen happojen tai em\u00e4ksisten puhdistusaineiden kanssa: <\/strong>V\u00e4lt\u00e4 sekoittamista muiden eritt\u00e4in sy\u00f6vytt\u00e4vien tai vahvojen happo- tai em\u00e4ksisten puhdistusaineiden kanssa kemiallisten reaktioiden tai lasipinnan vaurioitumisen est\u00e4miseksi.<\/p>\n\n\n\n<h2 class=\"wp-block-heading\">Johtop\u00e4\u00e4t\u00f6s<\/h2>\n\n\n\n<p>Lasinpuhdistussuihke on luotettava valinta lasipintojen tehokkaaseen puhdistukseen. Tehokkaan, nopeasti kuivuvan, j\u00e4lki\u00e4 j\u00e4tt\u00e4m\u00e4tt\u00f6m\u00e4n ja korkealaatuisen koostumuksensa sek\u00e4 laajan soveltuvuuden ansiosta useille eri pintamateriaaleille sit\u00e4 k\u00e4ytet\u00e4\u00e4n laajalti kodeissa, hotelleissa, supermarketeissa ja muilla aloilla, ja se auttaa parantamaan lasinpuhdistustehokkuutta ja luomaan selke\u00e4n ja kirkkaan visuaalisen tilan.<\/p>","protected":false},"excerpt":{"rendered":"Spray Glass Cleaner Manufacturing Common Formulas The spray glass cleaner we manufacture uses an environmentally friendly formula that does not contain ammonia, combined with a variety of surfactants, natural solvents, ethanol and volatile additives to synergistically enhance cleaning power and quick-drying effects. It will not corrode the glass after use, and there will be no [&hellip;]","protected":false},"featured_media":3481,"menu_order":0,"template":"","meta":[],"product-tag":[],"products":[182],"class_list":["post-3479","product","type-product","status-publish","has-post-thumbnail","hentry","products-glass-cleaner"],"acf":[],"_links":{"self":[{"href":"https:\/\/www.ruiqigo.com\/fi\/wp-json\/wp\/v2\/product\/3479","targetHints":{"allow":["GET"]}}],"collection":[{"href":"https:\/\/www.ruiqigo.com\/fi\/wp-json\/wp\/v2\/product"}],"about":[{"href":"https:\/\/www.ruiqigo.com\/fi\/wp-json\/wp\/v2\/types\/product"}],"version-history":[{"count":0,"href":"https:\/\/www.ruiqigo.com\/fi\/wp-json\/wp\/v2\/product\/3479\/revisions"}],"wp:featuredmedia":[{"embeddable":true,"href":"https:\/\/www.ruiqigo.com\/fi\/wp-json\/wp\/v2\/media\/3481"}],"wp:attachment":[{"href":"https:\/\/www.ruiqigo.com\/fi\/wp-json\/wp\/v2\/media?parent=3479"}],"wp:term":[{"taxonomy":"product-tag","embeddable":true,"href":"https:\/\/www.ruiqigo.com\/fi\/wp-json\/wp\/v2\/product-tag?post=3479"},{"taxonomy":"products","embeddable":true,"href":"https:\/\/www.ruiqigo.com\/fi\/wp-json\/wp\/v2\/products?post=3479"}],"curies":[{"name":"wp","href":"https:\/\/api.w.org\/{rel}","templated":true}]}}