{"id":3492,"date":"2025-05-28T11:12:02","date_gmt":"2025-05-28T03:12:02","guid":{"rendered":"https:\/\/www.ruiqigo.com\/?post_type=product&#038;p=3492"},"modified":"2025-05-28T11:12:03","modified_gmt":"2025-05-28T03:12:03","slug":"long-handle-bath-brush","status":"publish","type":"product","link":"https:\/\/www.ruiqigo.com\/fi\/product\/long-handle-bath-brush","title":{"rendered":"Pitk\u00e4vartinen kylpyharja"},"content":{"rendered":"<h2 class=\"wp-block-heading\">Pitk\u00e4vartisen kylpyharjan ominaisuudet<\/h2>\n\n\n\n<p>Pitk\u00e4vartinen kylpyharja on vartalon puhdistukseen suunniteltu kylpyty\u00f6kalu, jossa on ergonomisesti muotoiltu pidennetty varsi. Harjakset on valmistettu pehme\u00e4st\u00e4 nailonista, villisian harjaksista ja muista materiaaleista, jotka t\u00e4ytt\u00e4v\u00e4t monenlaiset tarpeet syv\u00e4puhdistuksesta hell\u00e4varaiseen hoitoon. Kokonaissuunnittelussa on otettu huomioon sek\u00e4 k\u00e4yt\u00e4nn\u00f6llisyys ett\u00e4 mukavuus, ja se on perusvaruste modernissa kylpemisess\u00e4.<\/p>\n\n\n\n<p><strong>1. Pidennetty kahvan muotoilu: <\/strong>Pitk\u00e4vartisen kylpyharjan kahva on yleens\u00e4 30\u201345 cm, mik\u00e4 on k\u00e4tev\u00e4\u00e4 sel\u00e4n, jalkojen ja muiden vaikeasti puhdistettavien osien puhdistamiseen.<\/p>\n\n\n\n<p><strong>2. Ergonominen kahva: <\/strong>Kahva on usein suunniteltu liukumattomaksi tai pehme\u00e4ll\u00e4 kumilla, josta on mukava pit\u00e4\u00e4 kiinni eik\u00e4 se luista helposti edes m\u00e4rill\u00e4 k\u00e4sill\u00e4.<\/p>\n\n\n\n<p><strong>3. Erilaiset materiaalit: <\/strong>Pitk\u00e4vartisen kylpyharjan harjakset ovat yleens\u00e4 nailonia tai kasvikuitua, ja varsi on yleens\u00e4 muovia, bambua tai luonnonpuuta. Materiaalit ovat monipuolisia ja ne voidaan r\u00e4\u00e4t\u00e4l\u00f6id\u00e4 henkil\u00f6kohtaisten tarpeidesi mukaan.<\/p>\n\n\n\n<h2 class=\"wp-block-heading\">Pitk\u00e4vartisen kylpyharjan edut<\/h2>\n\n\n\n<p>Pitk\u00e4vartisella kylpyharjalla on monia etuja materiaalin ja rakenteen suhteen.<\/p>\n\n\n\n<p><strong>1. Kuolleiden kulmien perusteellinen puhdistus: <\/strong>Pitk\u00e4vartisen kylpyharjan pidennetty ja luistamaton kahva mahdollistaa sel\u00e4n ja alaraajojen helpon puhdistamisen ilman kumartumista tai v\u00e4\u00e4ntymist\u00e4, mik\u00e4 ratkaisee kuolleiden kulmien puhdistamisen ongelman. Se sopii erityisesti liikuntarajoitteisille henkil\u00f6ille ja niille, joilla on vaikeuksia pest\u00e4 selk\u00e4\u00e4ns\u00e4.<\/p>\n\n\n\n<p><strong>2. Paranna ihon kuntoa: <\/strong>Joustavilla ja tiheill\u00e4 harjaksilla on hyv\u00e4t kuorinta- ja hierontatoiminnot, jotka voivat stimuloida ihoa, edist\u00e4\u00e4 verenkiertoa, auttaa parantamaan karheaa ihoa ja auttaa ihoa tulemaan sile\u00e4ksi ja herk\u00e4ksi.<\/p>\n\n\n\n<p><strong>3. Vedenpit\u00e4v\u00e4 ja kest\u00e4v\u00e4: <\/strong>Pitk\u00e4vartinen kylpyharja on valmistettu korkealaatuisesta muovista tai bambusta, jota ei ole helppo muovata ja muuttaa muotoaan, ja se on kosteudenkest\u00e4v\u00e4 ja vedenpit\u00e4v\u00e4. Harjan p\u00e4\u00e4 ja kahva ovat tiukasti kiinni toisissaan, mik\u00e4 tekee siit\u00e4 kest\u00e4v\u00e4n eik\u00e4 helposti rikkoutuvan.<\/p>\n\n\n\n<p><strong>4. Turvallisuus ja hygienia: <\/strong>Pitk\u00e4vartinen kylpyharja tukee vesipesua ja nopeaa kuivumista, ei ole helppo kasvattaa bakteereja, on turvallinen ja hygieeninen, ja sopii pitk\u00e4aikaiseen toistuvaan k\u00e4ytt\u00f6\u00f6n.<\/p>\n\n\n\n<h2 class=\"wp-block-heading\">Pitk\u00e4vartinen kylpyharja Kohderyhm\u00e4<\/h2>\n\n\n\n<p>Pitk\u00e4vartinen kylpyharja sopii hyvin eri-ik\u00e4isille ja -tarpeisille k\u00e4ytt\u00e4jille. Se on k\u00e4yt\u00e4nn\u00f6llinen ty\u00f6kalu p\u00e4ivitt\u00e4iseen kylpemiseen ja ihonhoitoon. Se sopii monenlaisille ihmisille, erityisesti seuraaville ihmisryhmille.<\/p>\n\n\n\n<p><strong>1. I\u00e4kk\u00e4\u00e4t ihmiset:<\/strong> I\u00e4kk\u00e4ill\u00e4 ihmisill\u00e4 on rajoitettu liikkuvuus, ja pitk\u00e4 kahva helpottaa vartalon puhdistamista.<\/p>\n\n\n\n<p><strong>2. Raskaana olevat naiset: <\/strong>Raskaana olevilla naisilla on vaikeuksia taivuttaa vartaloaan, ja pitk\u00e4vartinen kylpyharja voi v\u00e4hent\u00e4\u00e4 kylpemisen taakkaa ja puhdistaa vaikeasti puhdistettavia osia.<\/p>\n\n\n\n<p><strong>3. Paksu iho:<\/strong> Voit k\u00e4ytt\u00e4\u00e4 pitk\u00e4vartista kylpyharjaa kuivaharjaukseen tai k\u00e4ytt\u00e4\u00e4 kovempia harjaksia kuolleen ihon poistamiseen.<\/p>\n\n\n\n<p><strong>4. P\u00e4ivitt\u00e4isen hoidon harrastajat: <\/strong>Sit\u00e4 voidaan k\u00e4ytt\u00e4\u00e4 hierontaan, kuorintaan ja p\u00e4ivitt\u00e4iseen puhdistukseen niille, jotka kiinnitt\u00e4v\u00e4t huomiota ihonhoitoon.<\/p>\n\n\n\n<h2 class=\"wp-block-heading\">Pitk\u00e4vartisen kylpyharjan tuotantoprosessi<\/h2>\n\n\n\n<p>Pitk\u00e4vartisten kylpyharjojen tuotantoprosessi vaihtelee hieman, mutta siihen kuuluu yleens\u00e4 ruiskuvalu, hiustensiirto, manuaalinen leikkaus ja kokoonpanotestaus.<\/p>\n\n\n\n<p>Muovituotteet valmistetaan yleens\u00e4 eritt\u00e4in lujasta ABS- tai PP-materiaalista yhten\u00e4ist\u00e4 ruiskuvalua varten, ja harjakset kiinnitet\u00e4\u00e4n tarkasti automaattisella hiustensiirtokoneella, mink\u00e4 j\u00e4lkeen harjakset py\u00f6ristet\u00e4\u00e4n ihon tuntuman parantamiseksi. Kahva kootaan manuaalisesti leikkaamisen, hiomisen ja homeeneston j\u00e4lkeen, ja sill\u00e4 on tietyt ymp\u00e4rist\u00f6nsuojelu- ja esteettiset ominaisuudet. Lopuksi valmiille tuotteelle tehd\u00e4\u00e4n erilaisia tuotteen laatu- ja suorituskykytestej\u00e4 vakauden ja kest\u00e4vyyden varmistamiseksi.<\/p>\n\n\n\n<h2 class=\"wp-block-heading\">Pitk\u00e4vartisen kylpyharjan k\u00e4ytt\u00f6kohteet<\/h2>\n\n\n\n<p>Pitk\u00e4vartisella kylpyharjalla on laaja k\u00e4ytt\u00f6alue, eik\u00e4 se rajoitu pelk\u00e4st\u00e4\u00e4n kotik\u00e4ytt\u00f6\u00f6n ja siivoukseen, vaan sopii my\u00f6s ammattimaisiin tiloihin, kuten hotellien kylpyhuoneisiin ja kauneushoitoloiden vartalonhoitoprojekteihin.<\/p>\n\n\n\n<p><strong>1. P\u00e4ivitt\u00e4inen peseytyminen kotona: <\/strong>T\u00e4m\u00e4 on yleisin k\u00e4ytt\u00f6kohde pitk\u00e4vartisille kylpyharjoille, jotka sopivat p\u00e4ivitt\u00e4iseen vartalon puhdistukseen miehille, naisille, nuorille ja vanhoille.<\/p>\n\n\n\n<p><strong>2. Kuntoutus- ja hoitolaitokset: <\/strong>Ne voivat auttaa ihmisi\u00e4, joilla on rajoitettu fyysinen aktiivisuus, t\u00e4ydellisess\u00e4 puhdistuksessa.<\/p>\n\n\n\n<p><strong>3. Kauneushoitolahoito: <\/strong>Sit\u00e4 k\u00e4ytet\u00e4\u00e4n kuivaharjaukseen ennen vartalonhoitoa edist\u00e4m\u00e4\u00e4n verenkiertoa ja parantamaan my\u00f6hempien vartalonhoitojen tehoa.<\/p>\n\n\n\n<h2 class=\"wp-block-heading\">Kuinka k\u00e4ytt\u00e4\u00e4 pitk\u00e4vartista kylpyharjaa<\/h2>\n\n\n\n<p>Pitk\u00e4vartista kylpyharjaa on eritt\u00e4in helppo k\u00e4ytt\u00e4\u00e4. Levit\u00e4 harjaksiin sopiva m\u00e4\u00e4r\u00e4 suihkugeeli\u00e4 suihkun tai kylvyn aikana ja puhdista sitten selk\u00e4, jalat ja muut kehonosat py\u00f6rivin liikkein harjasten avulla. Huuhtele puhtaalla vedell\u00e4 puhdistuksen j\u00e4lkeen ja ripusta kylpyharja kuivumaan hygienian yll\u00e4pit\u00e4miseksi ja k\u00e4ytt\u00f6i\u00e4n pident\u00e4miseksi.<\/p>\n\n\n\n<p>Puhdistusprosessin aikana voimaa voidaan s\u00e4\u00e4t\u00e4\u00e4 harjasten kovuuden mukaan, jolloin saavutetaan sek\u00e4 puhdistus- ett\u00e4 hierontavaikutus. Kuivaharjaus voidaan tehd\u00e4 ennen kylpy\u00e4, mik\u00e4 edist\u00e4\u00e4 verenkiertoa ja aineenvaihduntaa.<\/p>","protected":false},"excerpt":{"rendered":"Long Handle Bath Brush Features The long handle bath brush is a bathing tool designed for body cleaning, with an ergonomically designed extended handle. The bristles are made of soft nylon, boar bristles, and other materials to meet a variety of needs from deep cleaning to gentle care. The overall design takes into account both [&hellip;]","protected":false},"featured_media":3493,"menu_order":0,"template":"","meta":[],"product-tag":[],"products":[166],"class_list":["post-3492","product","type-product","status-publish","has-post-thumbnail","hentry","products-bath-brush"],"acf":[],"_links":{"self":[{"href":"https:\/\/www.ruiqigo.com\/fi\/wp-json\/wp\/v2\/product\/3492","targetHints":{"allow":["GET"]}}],"collection":[{"href":"https:\/\/www.ruiqigo.com\/fi\/wp-json\/wp\/v2\/product"}],"about":[{"href":"https:\/\/www.ruiqigo.com\/fi\/wp-json\/wp\/v2\/types\/product"}],"version-history":[{"count":0,"href":"https:\/\/www.ruiqigo.com\/fi\/wp-json\/wp\/v2\/product\/3492\/revisions"}],"wp:featuredmedia":[{"embeddable":true,"href":"https:\/\/www.ruiqigo.com\/fi\/wp-json\/wp\/v2\/media\/3493"}],"wp:attachment":[{"href":"https:\/\/www.ruiqigo.com\/fi\/wp-json\/wp\/v2\/media?parent=3492"}],"wp:term":[{"taxonomy":"product-tag","embeddable":true,"href":"https:\/\/www.ruiqigo.com\/fi\/wp-json\/wp\/v2\/product-tag?post=3492"},{"taxonomy":"products","embeddable":true,"href":"https:\/\/www.ruiqigo.com\/fi\/wp-json\/wp\/v2\/products?post=3492"}],"curies":[{"name":"wp","href":"https:\/\/api.w.org\/{rel}","templated":true}]}}