{"id":3499,"date":"2025-05-30T15:45:20","date_gmt":"2025-05-30T07:45:20","guid":{"rendered":"https:\/\/www.ruiqigo.com\/?post_type=product&#038;p=3499"},"modified":"2025-05-30T15:45:21","modified_gmt":"2025-05-30T07:45:21","slug":"whitening-face-cream","status":"publish","type":"product","link":"https:\/\/www.ruiqigo.com\/fi\/product\/whitening-face-cream","title":{"rendered":"Valkaiseva kasvovoide"},"content":{"rendered":"<h2 class=\"wp-block-heading\">Valkaisevien kasvovoiteiden valmistuksen yleiset kaavat<\/h2>\n\n\n\n<p>Valkaisevien kasvovoiteiden ammattimaisena valmistajana valitsemme erilaisia luonnollisia valkaisevia aktiiviaineita, kuten niasiiniamidia, arbutiinia jne., jotka toimivat synergistisesti. N\u00e4m\u00e4 ainesosat eiv\u00e4t ainoastaan est\u00e4 melaniinin muodostumista, vaan niill\u00e4 on my\u00f6s kosteuttavia ja antioksidatiivisia vaikutuksia, joiden ansiosta iho s\u00e4ilytt\u00e4\u00e4 kiillon ja elastisuuden valkaisun aikana.<\/p>\n\n\n\n<p><strong>1. Niasiiniamidi:<\/strong> Niasiiniamidi on vesiliukoinen ainesosa, joka voi tehokkaasti est\u00e4\u00e4 melaniinin kulkeutumista epidermaalisoluihin est\u00e4en finnien muodostumisen niiden l\u00e4hteest\u00e4. Samalla se voi my\u00f6s parantaa ihon suojakerrosta, v\u00e4hent\u00e4\u00e4 karheutta, laajentuneita ihohuokosia ja muita ongelmia, ja se sopii eritt\u00e4in hyvin p\u00e4ivitt\u00e4iseen valkaisuun.<\/p>\n\n\n\n<p><strong>2. Arbutiini: <\/strong>Arbutiini on luonnollinen, kasveista uutettu valkaiseva ainesosa. Se on mieto eik\u00e4 \u00e4rsyt\u00e4 ihoa. Se voi tehokkaasti est\u00e4\u00e4 tyrosinaasin aktiivisuutta ja v\u00e4hent\u00e4\u00e4 melaniinin synteesi\u00e4. Verrattuna muihin tehokkaisiin ainesosiin arbutiini sopii paremmin pitk\u00e4aikaiseen k\u00e4ytt\u00f6\u00f6n ja sill\u00e4 on merkitt\u00e4v\u00e4 vaikutus aknearpien ja auringon aiheuttamien l\u00e4iskien h\u00e4ivytykseen.<\/p>\n\n\n\n<p><strong>3. Lakritsiuute: <\/strong>Lakritsi on runsaasti glykyrritsiinihappoa, jolla on merkitt\u00e4vi\u00e4 tulehdusta ehk\u00e4isevi\u00e4 ja valkaisevia vaikutuksia. Se sopii herk\u00e4n ihon korjaamiseen. Samalla se est\u00e4\u00e4 hell\u00e4varaisesti melaniinin tuotantoa ja tuo iholle luonnollisen valkaisevan vaikutuksen.<\/p>\n\n\n\n<p><strong>4. C-vitamiinijohdannaiset: <\/strong>T\u00e4ll\u00e4 ainesosalla on erinomaiset antioksidanttiset ominaisuudet, se voi neutraloida vapaita radikaaleja, edist\u00e4\u00e4 kollageenisynteesi\u00e4 samalla kirkastaen ihon s\u00e4vy\u00e4 ja parantaen ihon yleist\u00e4 hehkua.<\/p>\n\n\n\n<h2 class=\"wp-block-heading\">Valkaisevan kasvovoiteen toiminnot<\/h2>\n\n\n\n<p>Valkaiseva kasvovoiteemme tarjoaa merkitt\u00e4vi\u00e4 etuja tehokkuuden, turvallisuuden ja k\u00e4ytt\u00f6kokemuksen suhteen, ja se vastaa k\u00e4ytt\u00e4jien kahteen tarpeeseen: tehokkaaseen valkaisuun ja hell\u00e4varaiseen ihonhoitoon.<\/p>\n\n\n\n<p><strong>1. Merkitt\u00e4v\u00e4 vaikutus, vaalentaa l\u00e4iski\u00e4 ja kirkastaa: <\/strong>Valkaiseva kasvovoide sis\u00e4lt\u00e4\u00e4 useita aktiivisia ainesosia, jotka toimivat synergistisesti tunkeutuen syv\u00e4lle ihoon vaalentaen finnej\u00e4, sameutta ja aknearpia, tehden ihons\u00e4vyst\u00e4 tasaisemman ja kirkkaamman sek\u00e4 parantaen ihon yleist\u00e4 laatua.<\/p>\n\n\n\n<p><strong>2. Useita kosteuttavia ainesosia: <\/strong>Olemme lis\u00e4nneet hyaluronihappoa, glyseriini\u00e4 ja muita eritt\u00e4in tehokkaita kosteuttavia ainesosia ihon syv\u00e4ravitsemiseksi samalla valkaisemiseksi, ihon suojakerroksen vahvistamiseksi ja ihon ik\u00e4\u00e4ntymisen tai kuivuudesta johtuvan ep\u00e4tasaisen ihons\u00e4vyn ehk\u00e4isemiseksi.<\/p>\n\n\n\n<p><strong>3. Hell\u00e4varainen ja ei \u00e4rsyt\u00e4 ihoa: <\/strong>T\u00e4m\u00e4n tuotteen koostumus ei sis\u00e4ll\u00e4 \u00e4rsytt\u00e4vi\u00e4 ainesosia, kuten alkoholia, hormoneja ja elohopeaa. Se on testattu herk\u00e4ll\u00e4 iholla, ja se on eritt\u00e4in turvallinen, hell\u00e4varainen ja \u00e4rsytt\u00e4m\u00e4t\u00f6n. Sit\u00e4 voidaan k\u00e4ytt\u00e4\u00e4 turvallisesti herk\u00e4ll\u00e4 iholla.<\/p>\n\n\n\n<p><strong>4. Kevyt koostumus ja nopea imeytyminen: <\/strong>Valkaiseva kasvovoide on virkist\u00e4v\u00e4n kermaisen koostumuksen omaava, kevyt ja rasvaton, helposti imeytyv\u00e4, ei tuki ihohuokosia ja sopii eritt\u00e4in hyvin k\u00e4ytett\u00e4v\u00e4ksi kuumassa ilmastossa.<\/p>\n\n\n\n<p><strong>5. Sopii erilaisille ihotyypeille: <\/strong>T\u00e4m\u00e4 tuote sopii useille ihotyypeille, kuten rasvaiselle, kuivalle ja herk\u00e4lle iholle, ja se voi vastata eri kuluttajaryhmien tarpeisiin.<\/p>\n\n\n\n<h2 class=\"wp-block-heading\">Valkaisevan kasvovoiteen k\u00e4ytt\u00f6ohjeet<\/h2>\n\n\n\n<p>T\u00e4rke\u00e4n\u00e4 osana p\u00e4ivitt\u00e4ist\u00e4 ihonhoitorutiinia valkaisevaa kasvovoidetta suositellaan k\u00e4ytett\u00e4v\u00e4ksi puhdistuksen ja perushoidon j\u00e4lkeen sen valkaisevien ja kosteuttavien vaikutusten maksimoimiseksi. Sit\u00e4 suositellaan k\u00e4ytett\u00e4v\u00e4ksi kerran p\u00e4iv\u00e4ss\u00e4, aamuin illoin.<\/p>\n\n\n\n<p><strong>1. Puhdistus:<\/strong> K\u00e4yt\u00e4 mietoa puhdistusainetta kasvojen puhdistamiseen ja p\u00f6lyn ja \u00f6ljyn poistamiseen kasvoilta.<\/p>\n\n\n\n<p><strong>2. V\u00e4riaine:<\/strong> K\u00e4yt\u00e4 kasvovett\u00e4 ihon kosteuttamiseen.<\/p>\n\n\n\n<p><strong>3. Ydin:<\/strong> Levit\u00e4 valkaisevaa esanssia nopeuttaaksesi l\u00e4iskien vaalentamista ja kirkastumista.<\/p>\n\n\n\n<p><strong>4. Valkaiseva kasvovoide: <\/strong>Ota sopiva m\u00e4\u00e4r\u00e4 valkaisevaa kasvovoidetta ja levit\u00e4 se tasaisesti kasvoille taputellen, kunnes se on imeytynyt.<\/p>\n\n\n\n<h2 class=\"wp-block-heading\">Varoitus<\/h2>\n\n\n\n<p><strong>1. Ihotesti\u00e4 suositellaan: <\/strong>Ennen ensimm\u00e4ist\u00e4 k\u00e4ytt\u00f6kertaa kokeile pient\u00e4 m\u00e4\u00e4r\u00e4\u00e4 korvan tai ranteen taakse, tarkkaile 24 tuntia ja varmista, ettei punoitusta, turvotusta tai allergiaa ole, ennen kuin k\u00e4yt\u00e4t sit\u00e4 koko kasvoille.<\/p>\n\n\n\n<p><strong>2. V\u00e4lt\u00e4 kosketusta silmiin: <\/strong>Valkaisevaa kasvovoidetta ei suositella k\u00e4ytett\u00e4v\u00e4ksi silm\u00e4nymp\u00e4rysiholle. Jos voidetta joutuu vahingossa silmiin, huuhtele ne v\u00e4litt\u00f6m\u00e4sti puhtaalla vedell\u00e4.<\/p>\n\n\n\n<p><strong>3. V\u00e4lt\u00e4 tuotteita, joissa on vahvoja happoja:<\/strong> Hedelm\u00e4happoa tai salisyylihappoa sis\u00e4lt\u00e4v\u00e4t tuotteet voivat olla ristiriidassa valkaisevan kasvovoiteen ainesosien kanssa. Niit\u00e4 on suositeltavaa k\u00e4ytt\u00e4\u00e4 eri aikoina \u00e4rsytyksen tai ihon suojakerroksen vaurioitumisen v\u00e4ltt\u00e4miseksi.<\/p>\n\n\n\n<p><strong>4. S\u00e4ilyt\u00e4 viile\u00e4ss\u00e4 ja kuivassa paikassa:<\/strong> V\u00e4lt\u00e4 suoraa auringonvaloa tai korkeita l\u00e4mp\u00f6tiloja s\u00e4ilytt\u00e4ess\u00e4si t\u00e4t\u00e4 tuotetta. Tuote tulee sulkea tiiviisti, jotta ainesosien teho ei tuhoudu.<\/p>\n\n\n\n<h2 class=\"wp-block-heading\">Johtop\u00e4\u00e4t\u00f6s<\/h2>\n\n\n\n<p>Whitening Face Cream on valkaiseva ja kosteuttava voide, joka k\u00e4ytt\u00e4\u00e4 useita vaikuttavia aineita, kuten niasiiniamidia, lakritsiuutetta ja C-vitamiinijohdannaisia, parantaakseen tehokkaasti ep\u00e4tasaista ihon s\u00e4vy\u00e4 ja v\u00e4hent\u00e4\u00e4kseen ihol\u00e4iski\u00e4. Tuotteella on kevyt koostumus ja se sopii kaikille ihotyypeille.<\/p>","protected":false},"excerpt":{"rendered":"Whitening Face Cream Manufacturing Common Formulas As a professional manufacturer of whitening face cream, we select a variety of natural whitening active ingredients, such as niacinamide, arbutin, etc., which work synergistically. These ingredients can not only inhibit the formation of melanin, but also have moisturizing and anti-oxidation effects, allowing the skin to maintain luster and [&hellip;]","protected":false},"featured_media":3500,"menu_order":0,"template":"","meta":[],"product-tag":[],"products":[161],"class_list":["post-3499","product","type-product","status-publish","has-post-thumbnail","hentry","products-face-cream"],"acf":[],"_links":{"self":[{"href":"https:\/\/www.ruiqigo.com\/fi\/wp-json\/wp\/v2\/product\/3499","targetHints":{"allow":["GET"]}}],"collection":[{"href":"https:\/\/www.ruiqigo.com\/fi\/wp-json\/wp\/v2\/product"}],"about":[{"href":"https:\/\/www.ruiqigo.com\/fi\/wp-json\/wp\/v2\/types\/product"}],"version-history":[{"count":0,"href":"https:\/\/www.ruiqigo.com\/fi\/wp-json\/wp\/v2\/product\/3499\/revisions"}],"wp:featuredmedia":[{"embeddable":true,"href":"https:\/\/www.ruiqigo.com\/fi\/wp-json\/wp\/v2\/media\/3500"}],"wp:attachment":[{"href":"https:\/\/www.ruiqigo.com\/fi\/wp-json\/wp\/v2\/media?parent=3499"}],"wp:term":[{"taxonomy":"product-tag","embeddable":true,"href":"https:\/\/www.ruiqigo.com\/fi\/wp-json\/wp\/v2\/product-tag?post=3499"},{"taxonomy":"products","embeddable":true,"href":"https:\/\/www.ruiqigo.com\/fi\/wp-json\/wp\/v2\/products?post=3499"}],"curies":[{"name":"wp","href":"https:\/\/api.w.org\/{rel}","templated":true}]}}