{"id":3504,"date":"2025-06-05T16:01:37","date_gmt":"2025-06-05T08:01:37","guid":{"rendered":"https:\/\/www.ruiqigo.com\/?post_type=product&#038;p=3504"},"modified":"2025-06-05T16:01:38","modified_gmt":"2025-06-05T08:01:38","slug":"hydrating-eye-cream","status":"publish","type":"product","link":"https:\/\/www.ruiqigo.com\/fi\/product\/hydrating-eye-cream","title":{"rendered":"Kosteuttava silm\u00e4nymp\u00e4rysvoide"},"content":{"rendered":"<h2 class=\"wp-block-heading\">Kosteuttavan silm\u00e4nymp\u00e4rysvoiteen valmistuksen yleiset kaavat<\/h2>\n\n\n\n<p>Kosteuttava silm\u00e4nymp\u00e4rysvoiteemme k\u00e4ytt\u00e4\u00e4 useita eritt\u00e4in tehokkaita ja hell\u00e4varaisia aktiiviaineita, kuten hyaluronihappoa, E-vitamiinia, niasiiniamidia jne., yhdistettyn\u00e4 moderniin ihonhoitoteknologiaan, jotka s\u00e4\u00e4telev\u00e4t ja korjaavat tarkasti ongelmia, kuten silmien kuivuutta ja turvotusta.<\/p>\n\n\n\n<p><strong>1. Hyaluronihappo:<\/strong> Pienimolekyylinen hyaluronihappo tunkeutuu nopeasti silm\u00e4n pohjakerrokseen, kosteuttaa syv\u00e4lt\u00e4 ja lukitsee kosteuden pitk\u00e4ksi aikaa, mik\u00e4 parantaa merkitt\u00e4v\u00e4sti kuivuutta ja kireytt\u00e4 silmien ymp\u00e4rill\u00e4, luo pysyv\u00e4n kosteutetun ymp\u00e4rist\u00f6n silmien ymp\u00e4rille ja est\u00e4\u00e4 kuivien juonteiden muodostumista.<\/p>\n\n\n\n<p><strong>2. E-vitamiini: <\/strong>E-vitamiini on ainesosa, jolla on vahva antioksidanttinen ominaisuus. Se voi neutraloida vapaita radikaaleja, korjata ihovaurioita, hidastaa hienojen juonteiden muodostumista silm\u00e4nymp\u00e4rysiholla ja suojata herkk\u00e4\u00e4 silm\u00e4nymp\u00e4rysihoa ulkoisilta \u00e4rsykkeilt\u00e4.&nbsp;<\/p>\n\n\n\n<p><strong>3. Niasiiniamidi:<\/strong> Niasiiniamidi voi kirkastaa ihon s\u00e4vy\u00e4, parantaa sameaa ihoa ja pigmenttimuutoksia, tehd\u00e4 silm\u00e4nymp\u00e4rysihosta kirkkaamman ja tasaisemman n\u00e4k\u00f6isen, parantaa ihon suojamuuria ja v\u00e4hent\u00e4\u00e4 kosteuden haihtumista.&nbsp;<\/p>\n\n\n\n<p><strong>4. Keramidi: <\/strong>Se on t\u00e4rke\u00e4 osa ihon suojakerrosta. Se voi tehokkaasti korjata vaurioitunutta ihon suojakerrosta, parantaa kosteus- ja puolustuskyky\u00e4 ja sopii erityisesti kuivalle ja herk\u00e4lle silm\u00e4nymp\u00e4rysiholle.&nbsp;<\/p>\n\n\n\n<p><strong>5. Glyseriini: <\/strong>Glyseriini on yksi klassisista kosteuttajista. Se voi vet\u00e4\u00e4 puoleensa kosteutta ilmasta ja lukita sen sis\u00e4\u00e4ns\u00e4, mik\u00e4 tehostaa muiden kosteuttavien ainesosien synergistist\u00e4 vaikutusta ja parantaa pysyv\u00e4\u00e4 kosteuttavaa vaikutusta k\u00e4yt\u00f6n j\u00e4lkeen.&nbsp;<\/p>\n\n\n\n<h2 class=\"wp-block-heading\">Kosteuttavan silm\u00e4nymp\u00e4rysvoiteen toiminnot<\/h2>\n\n\n\n<p>Kosteuttavan silm\u00e4nymp\u00e4rysvoiteen edut eiv\u00e4t n\u00e4y ainoastaan sen erinomaisissa ainesosissa, vaan my\u00f6s sen erinomaisessa koostumuksen pysyvyydess\u00e4 ja miellytt\u00e4v\u00e4ss\u00e4 ihotuntumassa. Tehokkaan imeytymisteknologian ja ihoyst\u00e4v\u00e4llisen koostumuksen ansiosta se sopii kaikille ihotyypeille ja sit\u00e4 voidaan k\u00e4ytt\u00e4\u00e4 yhdess\u00e4 useiden ihonhoito-ohjelmien kanssa.&nbsp;<\/p>\n\n\n\n<p><strong>1. Kevyt koostumus ja nopea imeytyminen:<\/strong> Kosteuttava silm\u00e4nymp\u00e4rysvoide on koostumukseltaan voidemainen, kevyt ja hell\u00e4varainen, imeytyy helposti eik\u00e4 tuki ihohuokosia. Se ei j\u00e4t\u00e4 tahmeaa tunnetta k\u00e4yt\u00f6n j\u00e4lkeen ja sopii kaikille ihotyypeille.&nbsp;<\/p>\n\n\n\n<p><strong>2. Hell\u00e4varainen ja turvallinen koostumus: <\/strong>T\u00e4m\u00e4n tuotteen koko koostumus on l\u00e4p\u00e4issyt ihoturvallisuustestin, eik\u00e4 se sis\u00e4ll\u00e4 \u00e4rsytt\u00e4vi\u00e4 ainesosia, kuten alkoholia tai hajusteita. My\u00f6s herkk\u00e4ihoiset ja ihoallergiat voivat k\u00e4ytt\u00e4\u00e4 sit\u00e4 huoletta.&nbsp;<\/p>\n\n\n\n<p><strong>3. Synergistiset ainesosat ja tehokkaat vaikutukset: <\/strong>Kosteuttavassa silm\u00e4nymp\u00e4rysvoiteessa on yhdistetty useita toisiaan t\u00e4ydent\u00e4vi\u00e4 aktiiviaineita, jotka yhdess\u00e4 tehostavat kosteuttavaa ja korjaavaa tehoa ja parantavat tuotteen vaikutusta.&nbsp;<\/p>\n\n\n\n<p><strong>4. Koko p\u00e4iv\u00e4n ihonhoito: <\/strong>Kosteuttavaa silm\u00e4nymp\u00e4rysvoidetta voidaan k\u00e4ytt\u00e4\u00e4 aamuin illoin. Se kirkastaa ja kosteuttaa p\u00e4iv\u00e4ll\u00e4 ja korjaa ja kosteuttaa y\u00f6ll\u00e4. Yhdell\u00e4 voiteella on useita k\u00e4ytt\u00f6tarkoituksia, ja se voi tehokkaasti lis\u00e4t\u00e4 asiakkaiden pysyvyytt\u00e4 ja uudelleenk\u00e4ytt\u00f6prosenttia.&nbsp;<\/p>\n\n\n\n<p><strong>5. Voidaan k\u00e4ytt\u00e4\u00e4 muiden tuotteiden kanssa: <\/strong>Kosteuttavaa silm\u00e4nymp\u00e4rysvoidetta voi k\u00e4ytt\u00e4\u00e4 paitsi kauneuslaitteiden kanssa, my\u00f6s meikkivoiteen, -voiteen ja -naamion kanssa t\u00e4ydellisen ihonhoitoj\u00e4rjestelm\u00e4n luomiseksi ja silm\u00e4nymp\u00e4ryshoidon tehon tehostamiseksi.<\/p>\n\n\n\n<h2 class=\"wp-block-heading\">Kosteuttavan silm\u00e4nymp\u00e4rysvoiteen k\u00e4ytt\u00f6ohjeet<\/h2>\n\n\n\n<p>Parhaan silm\u00e4nymp\u00e4rysihon hoitotuloksen saavuttamiseksi suosittelemme kosteuttavan silm\u00e4nymp\u00e4rysvoiteen k\u00e4ytt\u00f6\u00e4 aamuin illoin. Pitk\u00e4aikainen ja s\u00e4\u00e4nn\u00f6llinen k\u00e4ytt\u00f6 voi auttaa merkitt\u00e4v\u00e4sti parantamaan ihon kuivuutta, turvotusta ja muita ongelmia sek\u00e4 pit\u00e4m\u00e4\u00e4n silm\u00e4nymp\u00e4rysihon kosteutettuna ja sile\u00e4n\u00e4.<\/p>\n\n\n\n<p><strong>1. Puhdista silm\u00e4nymp\u00e4rysiho: <\/strong>Puhdista silm\u00e4nymp\u00e4rysiho huolellisesti miedolla puhdistusaineella poistaaksesi rasvan ja v\u00e4ltt\u00e4\u00e4ksesi ihohuokosten tukkeutumisen seuraavien ihonhoitotoimenpiteiden aikana.&nbsp;<\/p>\n\n\n\n<p><strong>2. K\u00e4yt\u00e4 v\u00e4riainetta: <\/strong>Taputtele kasvovett\u00e4 hell\u00e4varaisesti kasvoille ja silm\u00e4nymp\u00e4rysiholle luodaksesi hyv\u00e4n pohjan my\u00f6hemm\u00e4lle silm\u00e4nymp\u00e4rysihon hoidon aloittamiselle.&nbsp;<\/p>\n\n\n\n<p><strong>3. Ota sopiva m\u00e4\u00e4r\u00e4 silm\u00e4nymp\u00e4rysvoidetta: <\/strong>Ota nimett\u00f6m\u00e4ll\u00e4si riisinjyv\u00e4n kokoinen m\u00e4\u00e4r\u00e4 silm\u00e4nymp\u00e4rysvoidetta, levit\u00e4 se silm\u00e4nymp\u00e4rysiholle ja hiero ja taputtele sit\u00e4 varovasti sormenp\u00e4ill\u00e4 imeytymisen edist\u00e4miseksi, mutta \u00e4l\u00e4 ved\u00e4 ihoa liikaa.&nbsp;<\/p>\n\n\n\n<p><strong>4. K\u00e4yt\u00e4 muiden tuotteiden kanssa:<\/strong> Silm\u00e4nymp\u00e4rysvoiteen k\u00e4yt\u00f6n j\u00e4lkeen voit jatkaa muiden kosteuttavien tuotteiden, kuten kasvovoiteen, k\u00e4ytt\u00f6\u00e4 kokonaisvaltaiseen ihonhoitoon ja kosteuden lukitsemiseen.&nbsp;<\/p>\n\n\n\n<h2 class=\"wp-block-heading\">Varoitus<\/h2>\n\n\n\n<p><strong>1. Herkkyystesti: <\/strong>Ennen kosteuttavan silm\u00e4nymp\u00e4rysvoiteen k\u00e4ytt\u00f6\u00e4 ei ole tarpeen tehd\u00e4 ihoherkkyystesti\u00e4, etenk\u00e4\u00e4n ensikertalaisten. K\u00e4ytt\u00e4jien on testattava pieni m\u00e4\u00e4r\u00e4 korvan tai ranteen taakse varmistaakseen, ettei se aiheuta ep\u00e4mukavuutta silm\u00e4nymp\u00e4rysiholle ennen k\u00e4ytt\u00f6\u00e4.&nbsp;<\/p>\n\n\n\n<p><strong>2. V\u00e4lt\u00e4 aineen joutumista silmiin: <\/strong>Koska t\u00e4m\u00e4 tuote vaikuttaa silmien ymp\u00e4rill\u00e4 olevaan ihoon, ole varovainen sit\u00e4 k\u00e4ytt\u00e4ess\u00e4si ja v\u00e4lt\u00e4 silm\u00e4munien ja ripsien tyven joutumista. Jos tuotetta joutuu vahingossa silmiin, huuhtele ne v\u00e4litt\u00f6m\u00e4sti puhtaalla vedell\u00e4, jotta v\u00e4lt\u00e4t silmien lis\u00e4\u00e4rsytyksen.&nbsp;<\/p>\n\n\n\n<p><strong>3. \u00c4l\u00e4 k\u00e4yt\u00e4 liikaa:<\/strong> Silm\u00e4nymp\u00e4rysiho on ohutta, ja liiallinen k\u00e4ytt\u00f6 voi helposti aiheuttaa mutaa. On suositeltavaa k\u00e4ytt\u00e4\u00e4 enint\u00e4\u00e4n riisinjyv\u00e4n kokoista ainetta kerrallaan.<\/p>\n\n\n\n<p><strong>4. S\u00e4ilyt\u00e4 viile\u00e4ss\u00e4 ja kuivassa paikassa: <\/strong>V\u00e4lt\u00e4 suoraa auringonvaloa ja korkeita l\u00e4mp\u00f6tiloja, jotta ainesosat pysyv\u00e4t aktiivisina.<\/p>\n\n\n\n<h2 class=\"wp-block-heading\">Johtop\u00e4\u00e4t\u00f6s<\/h2>\n\n\n\n<p>Hydrating Eye Cream on tehokas kosteuttava silm\u00e4nymp\u00e4rysvoide, joka on suunniteltu ratkaisemaan ongelmia, kuten kuivia silmi\u00e4, turvotusta ja sameutta. Se on voittanut suuren m\u00e4\u00e4r\u00e4n kuluttajien suosion turvallisen ja hell\u00e4varaisen koostumuksensa, merkitt\u00e4v\u00e4n silm\u00e4nymp\u00e4rysihoa hoitavan vaikutuksensa ja mukavan k\u00e4ytt\u00f6ns\u00e4 ansiosta. T\u00e4m\u00e4n tuotteen jatkuva k\u00e4ytt\u00f6 voi tehokkaasti parantaa silmien kuivuutta.<\/p>","protected":false},"excerpt":{"rendered":"Hydrating Eye Cream Manufacturing Common Formulas Our hydrating eye cream uses a variety of highly effective and gentle active ingredients, such as hyaluronic acid, vitamin E, niacinamide, etc., combined with modern skin care technology, to accurately regulate and repair problems such as dry eyes and swelling. 1. Hyaluronic acid: Small molecule hyaluronic acid can quickly [&hellip;]","protected":false},"featured_media":3505,"menu_order":0,"template":"","meta":[],"product-tag":[],"products":[162],"class_list":["post-3504","product","type-product","status-publish","has-post-thumbnail","hentry","products-eye-cream"],"acf":[],"_links":{"self":[{"href":"https:\/\/www.ruiqigo.com\/fi\/wp-json\/wp\/v2\/product\/3504","targetHints":{"allow":["GET"]}}],"collection":[{"href":"https:\/\/www.ruiqigo.com\/fi\/wp-json\/wp\/v2\/product"}],"about":[{"href":"https:\/\/www.ruiqigo.com\/fi\/wp-json\/wp\/v2\/types\/product"}],"version-history":[{"count":0,"href":"https:\/\/www.ruiqigo.com\/fi\/wp-json\/wp\/v2\/product\/3504\/revisions"}],"wp:featuredmedia":[{"embeddable":true,"href":"https:\/\/www.ruiqigo.com\/fi\/wp-json\/wp\/v2\/media\/3505"}],"wp:attachment":[{"href":"https:\/\/www.ruiqigo.com\/fi\/wp-json\/wp\/v2\/media?parent=3504"}],"wp:term":[{"taxonomy":"product-tag","embeddable":true,"href":"https:\/\/www.ruiqigo.com\/fi\/wp-json\/wp\/v2\/product-tag?post=3504"},{"taxonomy":"products","embeddable":true,"href":"https:\/\/www.ruiqigo.com\/fi\/wp-json\/wp\/v2\/products?post=3504"}],"curies":[{"name":"wp","href":"https:\/\/api.w.org\/{rel}","templated":true}]}}