{"id":351,"date":"2024-07-08T10:26:59","date_gmt":"2024-07-08T02:26:59","guid":{"rendered":"https:\/\/ruiqigo.com\/?post_type=product&#038;p=351"},"modified":"2024-10-28T11:36:11","modified_gmt":"2024-10-28T03:36:11","slug":"antibacterial-body-wash","status":"publish","type":"product","link":"https:\/\/www.ruiqigo.com\/fi\/product\/antibacterial-body-wash","title":{"rendered":"Antibakteerinen vartalopesu"},"content":{"rendered":"<h3 class=\"wp-block-heading\">Antibakteerinen suihkugeeli Yleiset kaavat<\/h3>\n\n\n\n<p>T\u00e4m\u00e4n antibakteerisen suihkugeelin ydinainesosat ovat keh\u00e4kukkauute ja Centella asiatica -uute. Keh\u00e4kukka on runsaasti flavonoideja, joilla on erinomaiset antibakteeriset ominaisuudet ja jotka voivat tehokkaasti est\u00e4\u00e4 bakteerien kasvua. Centella asiatica on runsaasti polysakkarideja ja aminohappoja, jotka ravitsevat ihoa syv\u00e4lt\u00e4 ja parantavat kuivuutta. N\u00e4m\u00e4 kaksi luonnollista kasviuutetta toimivat yhdess\u00e4 tarjotakseen kattavan puhdistuksen ihollesi pit\u00e4en sen puhtaana ja raikkaana koko ajan. Samalla tuote on kehitetty hell\u00e4varaisilla puhdistavilla ainesosilla, jotka puhdistavat ihohuokoset syv\u00e4lt\u00e4 ja tekev\u00e4t kylpykokemuksestasi miellytt\u00e4v\u00e4n.<\/p>\n\n\n\n<h3 class=\"wp-block-heading\">Antibakteerinen suihkugeeli Soveltuvat skenaariot<\/h3>\n\n\n\n<p>T\u00e4m\u00e4 antibakteerinen suihkugeeli sopii kaikkiin s\u00e4\u00e4olosuhteisiin, erityisesti tilanteisiin, joissa vaaditaan antibakteerista hygieniaa. Kuumina ja kosteina kes\u00e4kuukausina se est\u00e4\u00e4 bakteerien kasvua ja tarjoaa raikkaan ja puhtaan ihonhoidon; kylmin\u00e4 ja kuivina talvikuukausina sen rikkaat kosteuttavat ainesosat ravitsevat ihoa ja lievitt\u00e4v\u00e4t kylm\u00e4n aiheuttamaa kuivuutta. Erityisesti urheilun harrastajille se tarjoaa syv\u00e4puhdistavaa ja antibakteerista hoitoa iholle treenin j\u00e4lkeen, jolloin voit nauttia raikkaudesta ja mukavuudesta koko ajan.<\/p>\n\n\n\n<h3 class=\"wp-block-heading\">Kenelle antibakteerinen suihkusaippua sopii<\/h3>\n\n\n\n<p>T\u00e4m\u00e4 antibakteerinen suihkugeeli on suunniteltu ihmisille, jotka tarvitsevat erityist\u00e4 ihonhoitoa, erityisesti herk\u00e4lle iholle, ekseemaan taipuvaiselle iholle tai erityisi\u00e4 puhdistustarpeita omaaville. Sen hell\u00e4varainen koostumus torjuu tehokkaasti bakteereja ja ravitsee ihoa, joten se sopii koko perheen p\u00e4ivitt\u00e4iseen k\u00e4ytt\u00f6\u00f6n henkil\u00f6kohtaisen hygienian parantamiseksi. Se sopii my\u00f6s liikunnasta pit\u00e4ville, sill\u00e4 se tarjoaa syv\u00e4puhdistusta ja antibakteerista hoitoa iholle treenin j\u00e4lkeen.<\/p>\n\n\n\n<h3 class=\"wp-block-heading\">Antibakteerisen suihkugeelin valmistusprosessi<\/h3>\n\n\n\n<p>T\u00e4m\u00e4n antibakteerisen suihkugeelin valmistuksessa k\u00e4ytet\u00e4\u00e4n herkk\u00e4\u00e4 uuttoprosessia, jolla s\u00e4ilytet\u00e4\u00e4n keh\u00e4kukan ja Centella asiatica -uutteiden vaikuttavat aineet. Koko prosessi suoritetaan aseptisessa ymp\u00e4rist\u00f6ss\u00e4 tuotteen puhtauden varmistamiseksi. Samalla k\u00e4ytet\u00e4\u00e4n matalan l\u00e4mp\u00f6tilan k\u00e4sittely\u00e4, jotta vaikuttavat aineet eiv\u00e4t tuhoudu, mik\u00e4 varmistaa suihkugeelin eritt\u00e4in tehokkaan antibakteerisen ja rauhoittavan vaikutuksen.<\/p>","protected":false},"excerpt":{"rendered":"Antibacterial body wash Common Formulas The core ingredients of this antibacterial body wash are calendula extract and Centella asiatica extract. Calendula is rich in flavonoids, which have excellent antibacterial properties and can effectively inhibit the growth of bacteria. Centella asiatica is rich in polysaccharides and amino acids that deeply nourish the skin and improve dryness. [&hellip;]","protected":false},"featured_media":352,"menu_order":0,"template":"","meta":[],"product-tag":[],"products":[57],"class_list":["post-351","product","type-product","status-publish","has-post-thumbnail","hentry","products-body-wash"],"acf":[],"_links":{"self":[{"href":"https:\/\/www.ruiqigo.com\/fi\/wp-json\/wp\/v2\/product\/351","targetHints":{"allow":["GET"]}}],"collection":[{"href":"https:\/\/www.ruiqigo.com\/fi\/wp-json\/wp\/v2\/product"}],"about":[{"href":"https:\/\/www.ruiqigo.com\/fi\/wp-json\/wp\/v2\/types\/product"}],"version-history":[{"count":0,"href":"https:\/\/www.ruiqigo.com\/fi\/wp-json\/wp\/v2\/product\/351\/revisions"}],"wp:featuredmedia":[{"embeddable":true,"href":"https:\/\/www.ruiqigo.com\/fi\/wp-json\/wp\/v2\/media\/352"}],"wp:attachment":[{"href":"https:\/\/www.ruiqigo.com\/fi\/wp-json\/wp\/v2\/media?parent=351"}],"wp:term":[{"taxonomy":"product-tag","embeddable":true,"href":"https:\/\/www.ruiqigo.com\/fi\/wp-json\/wp\/v2\/product-tag?post=351"},{"taxonomy":"products","embeddable":true,"href":"https:\/\/www.ruiqigo.com\/fi\/wp-json\/wp\/v2\/products?post=351"}],"curies":[{"name":"wp","href":"https:\/\/api.w.org\/{rel}","templated":true}]}}