{"id":3542,"date":"2025-06-06T15:37:19","date_gmt":"2025-06-06T07:37:19","guid":{"rendered":"https:\/\/www.ruiqigo.com\/?post_type=product&#038;p=3542"},"modified":"2025-06-06T15:37:20","modified_gmt":"2025-06-06T07:37:20","slug":"silicone-bath-brush","status":"publish","type":"product","link":"https:\/\/www.ruiqigo.com\/fi\/product\/silicone-bath-brush","title":{"rendered":"Silikoni-kylpyharja"},"content":{"rendered":"<h2 class=\"wp-block-heading\">Silikonikylpyharjan ominaisuudet<\/h2>\n\n\n\n<p>Silikoninen kylpyharja on kylpyharjan puhdistusty\u00f6kalu, jonka p\u00e4\u00e4materiaali on silikoni. Sill\u00e4 on monia ominaisuuksia, kuten pehmeys, kest\u00e4vyys ja korkea hy\u00f6tysuhde. Perinteisiin muoviharjoihin verrattuna silikoniset kylpyharjat ovat hell\u00e4varaisempia ja ihoyst\u00e4v\u00e4llisempi\u00e4, eiv\u00e4tk\u00e4 ne \u00e4rsyt\u00e4 tai naarmuta ihoa helposti. Joissakin tuotteissa on my\u00f6s koukkuja tai hierontahiukkasia erilaisten kylpytarpeiden t\u00e4ytt\u00e4miseksi.<\/p>\n\n\n\n<p><strong>1. Hell\u00e4varainen ja turvallinen:<\/strong> Silikonikylpyharjat on yleens\u00e4 valmistettu elintarvikelaatuisesta tai l\u00e4\u00e4ketieteellisest\u00e4 silikonista, joka on ymp\u00e4rist\u00f6yst\u00e4v\u00e4llist\u00e4, turvallista, hell\u00e4varaista ja myrkyt\u00f6nt\u00e4.&nbsp;<\/p>\n\n\n\n<p><strong>2. Pehme\u00e4 ja joustava: <\/strong>Silikonimateriaali on eritt\u00e4in pehme\u00e4\u00e4, harjakset ovat my\u00f6s joustavia ja tiheit\u00e4, erinomaisen elastisia, eiv\u00e4tk\u00e4 helposti vaurioidu ja erinomaisen kest\u00e4vi\u00e4.&nbsp;<\/p>\n\n\n\n<p><strong>3. Helppo puhdistaa:<\/strong> Silikoninen kylpyharja ei tahraannu helposti eik\u00e4 peit\u00e4 likaa helposti. Se kuivuu nopeasti pesun j\u00e4lkeen, mik\u00e4 est\u00e4\u00e4 bakteerien kasvua ja varmistaa kylpyharjan kest\u00e4vyyden.&nbsp;<\/p>\n\n\n\n<p><strong>4. Voidaan k\u00e4ytt\u00e4\u00e4 uudelleen: <\/strong>Silikoninen kylpyharja on kest\u00e4v\u00e4, kest\u00e4\u00e4 korkeita l\u00e4mp\u00f6tiloja eik\u00e4 vanhene helposti, joten sit\u00e4 voidaan k\u00e4ytt\u00e4\u00e4 uudelleen ja sill\u00e4 on pitk\u00e4 k\u00e4ytt\u00f6ik\u00e4.<\/p>\n\n\n\n<h2 class=\"wp-block-heading\">Silikonikylpyharjan edut<\/h2>\n\n\n\n<p>Silikonikylpyharjalla on monia merkitt\u00e4vi\u00e4 etuja puhdistustehon, kest\u00e4vyyden, hygienian jne. suhteen, yhdist\u00e4en hell\u00e4varaisen pesun ja syv\u00e4puhdistuksen edut. <\/p>\n\n\n\n<p><strong>1. Ihoyst\u00e4v\u00e4llinen syv\u00e4puhdistus: <\/strong>Harjakset ovat pehme\u00e4t ja tihe\u00e4t, mutta eiv\u00e4t \u00e4rsyt\u00e4 tai hankaa ihoa liikaa. Ne puhdistavat tehokkaasti ja syv\u00e4lt\u00e4 ihohuokoset ja ihon rasvan.&nbsp;<\/p>\n\n\n\n<p><strong>2. Korkea kest\u00e4vyys: <\/strong>Silikonilla on erinomainen l\u00e4mm\u00f6nkest\u00e4vyys ja kest\u00e4vyys, ja se voi my\u00f6s est\u00e4\u00e4 ik\u00e4\u00e4ntymist\u00e4. Se sopii eritt\u00e4in hyvin k\u00e4ytett\u00e4v\u00e4ksi kuumissa ja kosteissa kylpyhuoneymp\u00e4rist\u00f6iss\u00e4, ja sen k\u00e4ytt\u00f6ik\u00e4 on huomattavasti pidempi kuin tavallisten muovisten kylpyharjojen.&nbsp;<\/p>\n\n\n\n<p><strong>3. Hyv\u00e4t antibakteeriset ominaisuudet: <\/strong>Silikonimateriaalilla on luonnostaan erinomaiset antibakteeriset ominaisuudet, se ei helpota bakteerien ja homeen kasvua, ja se varmistaa hygienian ja terveyden k\u00e4yt\u00f6n aikana.&nbsp;<\/p>\n\n\n\n<p><strong>4. Helppo puhdistaa: <\/strong>Silikonikylpyharja voidaan puhdistaa yksinkertaisesti huuhtelemalla se k\u00e4yt\u00f6n j\u00e4lkeen, mik\u00e4 on eritt\u00e4in k\u00e4tev\u00e4\u00e4 ja voi v\u00e4ltt\u00e4\u00e4 vaahdon ja lian j\u00e4\u00e4mi\u00e4.&nbsp;<\/p>\n\n\n\n<p><strong>5. Laaja sovellettavuus: <\/strong>Silikoninen kylpyharja sopii kaikille ihotyypeille, lapsista aikuisiin ja vanhuksiin. My\u00f6s herkk\u00e4ihoiset voivat k\u00e4ytt\u00e4\u00e4 sit\u00e4 luottavaisin mielin ilman ep\u00e4mukavuutta.<\/p>\n\n\n\n<h2 class=\"wp-block-heading\">Silikonikylpyharja kohderyhm\u00e4lle<\/h2>\n\n\n\n<p>Silikoninen kylpyharja sopii eri-ik\u00e4isille ja -ihoisille, erityisesti lapsille, vanhuksille, herk\u00e4lle iholle ja muille ryhmille, jotka tarvitsevat hell\u00e4varaista pesua ja hoitoa.<\/p>\n\n\n\n<p><strong>1. Imev\u00e4iset ja lapset: <\/strong>Heid\u00e4n herkk\u00e4 ihonsa ei kest\u00e4 liiallista \u00e4rsytyst\u00e4, joten herk\u00e4t ja pehme\u00e4t silikoniharjakset ovat turvallisempia eiv\u00e4tk\u00e4 \u00e4rsyt\u00e4 ihoa.&nbsp;<\/p>\n\n\n\n<p><strong>2. Keski-ik\u00e4iset ja vanhukset: <\/strong>Heid\u00e4n ihonsa on herkempi, eiv\u00e4tk\u00e4 he voi k\u00e4ytt\u00e4\u00e4 liian voimakasta kylpyharjaa kehonsa puhdistamiseen, kun taas silikonista valmistettua kylpyharjaa on mukavampi k\u00e4ytt\u00e4\u00e4.&nbsp;<\/p>\n\n\n\n<p><strong>3. K\u00e4ytt\u00e4j\u00e4t, jotka harjoittavat vartalonhoitoa: <\/strong>Ne keskittyv\u00e4t mukavaan kylpykokemukseen ja hyv\u00e4\u00e4n vartalonpuhdistusvaikutukseen, ja silikoniset kylpyharjat voivat saavuttaa molemmat.&nbsp;<\/p>\n\n\n\n<p><strong>4. Ihmiset, jotka harrastavat usein ulkoilua:<\/strong> Se voi puhdistaa perusteellisemmin ja poistaa hike\u00e4 ja hajua tehokkaammin.<\/p>\n\n\n\n<h2 class=\"wp-block-heading\">Silikonikylpyharjan tuotantoprosessi<\/h2>\n\n\n\n<p>Silikonikylpyharjat valmistetaan p\u00e4\u00e4asiassa yhten\u00e4 kappaleena ruiskuvalulla tai laminointimenetelm\u00e4ll\u00e4, ja harjasten tiheys ja mittatarkkuus varmistetaan muotin muotoilulla. Pintak\u00e4sittelyn ja kiillotuksen j\u00e4lkeen harjan runko tuntuu herk\u00e4lt\u00e4 ja harjakset ovat pehme\u00e4t ja piikitt\u00f6m\u00e4t. T\u00e4m\u00e4n j\u00e4lkeen ylim\u00e4\u00e4r\u00e4iset reunat ja purseet poistetaan siistin ulkon\u00e4\u00f6n varmistamiseksi. Lopuksi tuotantoj\u00e4\u00e4m\u00e4t puhdistetaan perusteellisesti ja suoritetaan korkean l\u00e4mp\u00f6tilan sterilointi sek\u00e4 lopputestaus ja -tarkastus.&nbsp;<\/p>\n\n\n\n<p>Koko prosessi k\u00e4y l\u00e4pi useita laatutarkastuksia ja kiillotuksia, joilla varmistetaan korkealaatuinen pintak\u00e4sittely ja muodon tasaisuus, massatuotannon ja erilaisten r\u00e4\u00e4t\u00e4l\u00f6intitarpeiden t\u00e4ytt\u00e4minen sek\u00e4 tuotteiden standardien t\u00e4ytt\u00e4minen, vedenpit\u00e4vyys, homeenkest\u00e4v\u00e4t ja kest\u00e4v\u00e4t ominaisuudet.<\/p>\n\n\n\n<h2 class=\"wp-block-heading\">Silikonikylpyharjan k\u00e4ytt\u00f6kohteet<\/h2>\n\n\n\n<p>Silikoninen kylpyharja ei sovellu vain p\u00e4ivitt\u00e4iseen kotik\u00e4ytt\u00f6\u00f6n, vaan se sopii my\u00f6s erilaisiin kylpy- ja vartalonhoitotilanteisiin, hotelleihin, kauneushoitoloihin ja muihin hoitokeskuksiin.<\/p>\n\n\n\n<p><strong>1. Kodin peseytyminen ja siivoaminen: <\/strong>Silikoninen kylpyharja voi korvata perinteiset kylpypyyhkeet, jotka ovat pehme\u00e4mpi\u00e4 ja hygieenisempi\u00e4.<\/p>\n\n\n\n<p><strong>2. Matkakosmetiikkatuotteet:<\/strong> Silikoninen kylpyharja on pieni ja kevyt, tehokas ja eritt\u00e4in sopiva ty\u00f6matkoille ja matkustamiseen.<\/p>\n\n\n\n<p><strong>3. Hotellin kylpytuotteiden kokoonpano: <\/strong>Hotelli konfiguroi t\u00e4m\u00e4n tuotteen parantaakseen asiakkaan kylpykokemusta, vastatakseen asiakkaan yksil\u00f6llisiin kylpytarpeisiin ja t\u00e4ytt\u00e4\u00e4kseen huippuluokan hotellihuoneiden kokoonpanon.<\/p>\n\n\n\n<p><strong>4. Henkil\u00f6kohtaisen hygienian lahjasetti: <\/strong>Silikoninen kylpyharja sopii k\u00e4ytett\u00e4v\u00e4ksi henkil\u00f6kohtaisen hygienian yhdistelm\u00e4sarjoissa ja sit\u00e4 voidaan k\u00e4ytt\u00e4\u00e4 t\u00e4rke\u00e4n\u00e4 osana lahjaa annettaessa.<\/p>\n\n\n\n<h2 class=\"wp-block-heading\">Silikonisen kylpyharjan k\u00e4ytt\u00f6ohjeet<\/h2>\n\n\n\n<p>Silikoninen kylpyharja on helppok\u00e4ytt\u00f6inen ja sopii monenlaisiin puhdistustarpeisiin. Sit\u00e4 voidaan k\u00e4ytt\u00e4\u00e4 suihkugeelin tai veden kanssa p\u00e4ivitt\u00e4iseen puhdistukseen. Se sopii koko vartalolle, mukaan lukien selk\u00e4, jalat ja k\u00e4sivarret.<\/p>\n\n\n\n<p><strong>1. Kastele harja ja runko:<\/strong> Kastele vartalo ja kylpyharja l\u00e4mpim\u00e4ll\u00e4 vedell\u00e4 pehment\u00e4\u00e4ksesi ihon pintaa v\u00e4hitellen.<\/p>\n\n\n\n<p><strong>2. Lis\u00e4\u00e4 suihkugeeli\u00e4: <\/strong>Tiputa suihkugeeli\u00e4 harjan pinnalle, hiero sit\u00e4 varovasti kuplien muodostamiseksi ja hankaa vartalon osia kevyesti py\u00f6rivin liikkein tai edestakaisin. Voit k\u00e4ytt\u00e4\u00e4 harjan takaosaa hieroaksesi hartioita, niskaa tai jalkoja sopivalla voimalla.<\/p>\n\n\n\n<p><strong>3. Puhdista kylpyharja: <\/strong>Puhdistuksen j\u00e4lkeen puhdista harjan pinta huolellisesti ja kuivaa se, jotta kylpyharja pysyy hygieenisen\u00e4 ja est\u00e4\u00e4 bakteerien tai homeen kasvun.<\/p>\n\n\n\n<p><strong>4. Ripustettava s\u00e4ilytys: <\/strong>Kiinnit\u00e4 silikoninen kylpyammeharja sein\u00e4\u00e4n ripustusrei\u00e4n tai imukupin avulla, jotta kosteus ja bakteerit eiv\u00e4t p\u00e4\u00e4se kertym\u00e4\u00e4n kosteassa ymp\u00e4rist\u00f6ss\u00e4.<\/p>","protected":false},"excerpt":{"rendered":"Silicone Bath Brush Features A silicone bath brush is a bath cleaning tool made of silicone as the main material. It has many characteristics such as softness, durability, and high efficiency. Compared with traditional plastic brushes, silicone bath brushes are more gentle and skin-friendly, and are not easy to irritate or scratch the skin. Some [&hellip;]","protected":false},"featured_media":3552,"menu_order":0,"template":"","meta":[],"product-tag":[],"products":[166],"class_list":["post-3542","product","type-product","status-publish","has-post-thumbnail","hentry","products-bath-brush"],"acf":[],"_links":{"self":[{"href":"https:\/\/www.ruiqigo.com\/fi\/wp-json\/wp\/v2\/product\/3542","targetHints":{"allow":["GET"]}}],"collection":[{"href":"https:\/\/www.ruiqigo.com\/fi\/wp-json\/wp\/v2\/product"}],"about":[{"href":"https:\/\/www.ruiqigo.com\/fi\/wp-json\/wp\/v2\/types\/product"}],"version-history":[{"count":0,"href":"https:\/\/www.ruiqigo.com\/fi\/wp-json\/wp\/v2\/product\/3542\/revisions"}],"wp:featuredmedia":[{"embeddable":true,"href":"https:\/\/www.ruiqigo.com\/fi\/wp-json\/wp\/v2\/media\/3552"}],"wp:attachment":[{"href":"https:\/\/www.ruiqigo.com\/fi\/wp-json\/wp\/v2\/media?parent=3542"}],"wp:term":[{"taxonomy":"product-tag","embeddable":true,"href":"https:\/\/www.ruiqigo.com\/fi\/wp-json\/wp\/v2\/product-tag?post=3542"},{"taxonomy":"products","embeddable":true,"href":"https:\/\/www.ruiqigo.com\/fi\/wp-json\/wp\/v2\/products?post=3542"}],"curies":[{"name":"wp","href":"https:\/\/api.w.org\/{rel}","templated":true}]}}