{"id":356,"date":"2024-07-08T10:08:37","date_gmt":"2024-07-08T02:08:37","guid":{"rendered":"https:\/\/ruiqigo.com\/?post_type=product&#038;p=356"},"modified":"2024-10-28T15:39:54","modified_gmt":"2024-10-28T07:39:54","slug":"raw-sugar-body-wash","status":"publish","type":"product","link":"https:\/\/www.ruiqigo.com\/fi\/product\/raw-sugar-body-wash","title":{"rendered":"Raakasokerinen vartalonpesu"},"content":{"rendered":"<h3 class=\"wp-block-heading\">Raakasokerin vartalopesun valmistuksen yleiset kaavat<\/h3>\n\n\n\n<p>T\u00e4m\u00e4n raakasokerisen vartalopesun ydinainesosa on luonnollinen raakasokeri. Runsaasti sokereita, kivenn\u00e4isaineita, vitamiineja ja muita ravintoaineita sis\u00e4lt\u00e4v\u00e4 raakasokeri puhdistaa ja poistaa hell\u00e4varaisesti kaiken tyyppiset ep\u00e4puhtaudet ja kuorintaaineet tarjoten samalla erinomaisen kosteuden ja lievityksen kuivuudesta. Olemme my\u00f6s lis\u00e4nneet kaavaan hell\u00e4varaisia puhdistavia ainesosia, jotka tehostavat entisest\u00e4\u00e4n sen puhdistavaa vaikutusta j\u00e4tt\u00e4en ihosi puhtaan, s\u00e4teilev\u00e4n hehkun. Lis\u00e4ksi on lis\u00e4tty luonnollisia kasviuutteita, jotka tarjoavat iholle lis\u00e4ravintoa.<\/p>\n\n\n\n<h3 class=\"wp-block-heading\">Raakasokerinen vartalonpesu Soveltuvat skenaariot<\/h3>\n\n\n\n<p>T\u00e4m\u00e4 Raw Sugar Shower Gel on koko p\u00e4iv\u00e4n kest\u00e4v\u00e4 suihkugeeli, jossa on runsaasti kosteuttavia ainesosia, jotka auttavat lievitt\u00e4m\u00e4\u00e4n korkeiden l\u00e4mp\u00f6tilojen aiheuttamaa kuivuutta. Kylmin\u00e4 ja kuivina talvikuukausina sen hell\u00e4varainen puhdistuskoostumus syv\u00e4puhdistaa ihon, kun taas kosteuttavat ainesosat tarjoavat t\u00e4ydellisen ihonhoidon ja helpotuksen kylmyyteen liittyvist\u00e4 iho-ongelmista.<\/p>\n\n\n\n<h3 class=\"wp-block-heading\">Kenelle Raw sugar -vartalonpesupuku<\/h3>\n\n\n\n<p>Luonnollisten kuorivien ja kosteuttavien ominaisuuksiensa ansiosta Raw Sugar Body Wash sopii ihmisille, jotka haluavat luonnollisia ihonhoitotuloksia. Se sopii erityisesti henkil\u00f6ille, joiden iho tarvitsee hell\u00e4varaista puhdistusta ja ravintoa, kuten kuivan tai herk\u00e4n ihon k\u00e4ytt\u00e4jille, sek\u00e4 kuluttajille, jotka suosivat luonnollisia ainesosia sis\u00e4lt\u00e4vi\u00e4 tuotteita. Se sopii my\u00f6s niille, jotka nauttivat kylpyl\u00e4hoidoista, jotka tarjoavat monipuolista hoitoa ihollesi.<\/p>\n\n\n\n<h3 class=\"wp-block-heading\">Raakasokerin vartalopesun valmistusprosessi<\/h3>\n\n\n\n<p>Raw Sugar Body Wash valmistetaan perinteisen k\u00e4sity\u00f6taidon ja modernin teknologian yhdistelm\u00e4ll\u00e4 valitsemalla k\u00e4sin korkealaatuinen raakasokeri ja yhdist\u00e4m\u00e4ll\u00e4 se matalan l\u00e4mp\u00f6tilan uuttomenetelm\u00e4\u00e4n, jotta sen luonnolliset kuorivat ja kosteuttavat ainesosat s\u00e4ilyv\u00e4t. Tiukka laadunvalvonta tuotannon aikana varmistaa, ettei kemiallisia lis\u00e4aineita ole, mik\u00e4 tarjoaa puhtaan, hell\u00e4varaisen kylpykokemuksen.<\/p>","protected":false},"excerpt":{"rendered":"Raw sugar body wash manufacturing Common Formulas The core ingredient of this raw sugar body wash is natural raw sugar. Rich in sugars, minerals, vitamins and other nutrients, Raw Sugar cleanses and gently removes all types of impurities and exfoliants, while providing excellent moisturization and relief from dryness. We&#8217;ve also added gentle cleansing ingredients to [&hellip;]","protected":false},"featured_media":357,"menu_order":0,"template":"","meta":[],"product-tag":[],"products":[57],"class_list":["post-356","product","type-product","status-publish","has-post-thumbnail","hentry","products-body-wash"],"acf":[],"_links":{"self":[{"href":"https:\/\/www.ruiqigo.com\/fi\/wp-json\/wp\/v2\/product\/356","targetHints":{"allow":["GET"]}}],"collection":[{"href":"https:\/\/www.ruiqigo.com\/fi\/wp-json\/wp\/v2\/product"}],"about":[{"href":"https:\/\/www.ruiqigo.com\/fi\/wp-json\/wp\/v2\/types\/product"}],"version-history":[{"count":0,"href":"https:\/\/www.ruiqigo.com\/fi\/wp-json\/wp\/v2\/product\/356\/revisions"}],"wp:featuredmedia":[{"embeddable":true,"href":"https:\/\/www.ruiqigo.com\/fi\/wp-json\/wp\/v2\/media\/357"}],"wp:attachment":[{"href":"https:\/\/www.ruiqigo.com\/fi\/wp-json\/wp\/v2\/media?parent=356"}],"wp:term":[{"taxonomy":"product-tag","embeddable":true,"href":"https:\/\/www.ruiqigo.com\/fi\/wp-json\/wp\/v2\/product-tag?post=356"},{"taxonomy":"products","embeddable":true,"href":"https:\/\/www.ruiqigo.com\/fi\/wp-json\/wp\/v2\/products?post=356"}],"curies":[{"name":"wp","href":"https:\/\/api.w.org\/{rel}","templated":true}]}}