{"id":3598,"date":"2025-06-09T11:43:18","date_gmt":"2025-06-09T03:43:18","guid":{"rendered":"https:\/\/www.ruiqigo.com\/?post_type=product&#038;p=3598"},"modified":"2025-06-09T16:12:57","modified_gmt":"2025-06-09T08:12:57","slug":"copiba-essential-oil","status":"publish","type":"product","link":"https:\/\/www.ruiqigo.com\/fi\/product\/copiba-essential-oil","title":{"rendered":"Copiba-eteerinen \u00f6ljy"},"content":{"rendered":"<h2 class=\"wp-block-heading\">Copiba-eteerisen \u00f6ljyn valmistuksen yleiset kaavat<\/h2>\n\n\n\n<p>Olemme copiba-eteerisen \u00f6ljyn ammattimainen valmistaja. K\u00e4yt\u00e4mme raaka-aineena aina korkealaatuista Copifera-puun hartsia ja h\u00f6yrytislausprosessia s\u00e4ilytt\u00e4\u00e4ksemme luonnolliset aktiiviset ainesosat, kuten \u03b2-karyofylleenin, mahdollisimman tehokkaasti. N\u00e4m\u00e4 ainesosat voivat tunkeutua p\u00e4\u00e4nahan follikkeleihin ja niill\u00e4 on useita hy\u00f6dyllisi\u00e4 rooleja hiusten ja p\u00e4\u00e4nahan terveydelle.<\/p>\n\n\n\n<p><strong>1. \u03b2-karyofylleeni<\/strong>Se on ainutlaatuinen copaiba-eteerisen \u00f6ljyn avainainesosa. Sill\u00e4 on voimakkaita tulehdusta ja bakteereja est\u00e4vi\u00e4 ominaisuuksia. Se voi tehokkaasti lievitt\u00e4\u00e4 p\u00e4\u00e4nahan tulehdusta ja v\u00e4hent\u00e4\u00e4 bakteerien ja allergioiden aiheuttamaa p\u00e4\u00e4nahan kutinaa ja punoitusta. Se auttaa luomaan terveen p\u00e4\u00e4nahan ymp\u00e4rist\u00f6n, vahvistamaan hiusjuuria ja v\u00e4hent\u00e4m\u00e4\u00e4n hiustenl\u00e4ht\u00f6\u00e4.<\/p>\n\n\n\n<p><strong>2. Copiba-happo<\/strong>Sill\u00e4 on luonnostaan supistava ja \u00f6ljy\u00e4 hallitseva vaikutus, se voi supistaa p\u00e4\u00e4nahan ihohuokosia, s\u00e4\u00e4dell\u00e4 liiallista talin erityst\u00e4, v\u00e4ltt\u00e4\u00e4 rasvaista p\u00e4\u00e4nahkaa ja hiuksia, tehd\u00e4 hiuksista raikkaammat ja p\u00f6rr\u00f6isemm\u00e4t sek\u00e4 parantaa hiussuomut.<\/p>\n\n\n\n<p><strong>3. Humuleeni<\/strong>Se on kuubalaisen balsamin eteerisen \u00f6ljyn t\u00e4rkein hiustenhoitoaine. Sill\u00e4 on erinomaiset rauhoittavat ja korjaavat vaikutukset, se lievitt\u00e4\u00e4 p\u00e4\u00e4nahan ep\u00e4mukavuutta, jota aiheuttaa usein toistuva permanentaus ja v\u00e4rj\u00e4ys, auttaa korjaamaan vaurioituneita hiuskuituja, parantaa hiusten vahvuutta ja v\u00e4hent\u00e4\u00e4 katkeilua.<\/p>\n\n\n\n<p><strong>4. Pineeni<\/strong>Sill\u00e4 on hyv\u00e4t puhdistavat ja virkist\u00e4v\u00e4t ominaisuudet, se puhdistaa hiustupet syv\u00e4lt\u00e4, poistaa lian ja muotoilutuotteiden j\u00e4\u00e4m\u00e4t ja pit\u00e4\u00e4 p\u00e4\u00e4nahan puhtaana. Aromaterapiahiustenhoidossa se voi my\u00f6s rauhoittaa kehoa ja mielt\u00e4, v\u00e4hent\u00e4\u00e4 stressi\u00e4 ja ep\u00e4suorasti parantaa henkisen stressin vaikutusta hiusten kasvuymp\u00e4rist\u00f6\u00f6n.<\/p>\n\n\n\n<h2 class=\"wp-block-heading\">Copiba-eteerisen \u00f6ljyn toiminnot<\/h2>\n\n\n\n<p>Copiba-eteerinen \u00f6ljy on suosittu monien toimintojensa ja k\u00e4ytt\u00f6tarkoitustensa ansiosta. Se tunnetaan tulehdusta ehk\u00e4isevist\u00e4, antibakteerisista ja kipua lievitt\u00e4vist\u00e4 ominaisuuksistaan, mink\u00e4 ansiosta se on tehokas p\u00e4\u00e4nahan hoidossa.<\/p>\n\n\n\n<p><strong>1. Hell\u00e4varainen ja ihoyst\u00e4v\u00e4llinen<\/strong>Copiba-eteerinen \u00f6ljy on koostumukseltaan mieto eik\u00e4 aiheuta juurikaan \u00e4rsytyst\u00e4 tai allergisia reaktioita. Se sopii useille ihotyypeille ja p\u00e4\u00e4nahkatyypeille, ja herkk\u00e4p\u00e4\u00e4nahkaiset ihmiset voivat k\u00e4ytt\u00e4\u00e4 sit\u00e4 turvallisesti.<\/p>\n\n\n\n<p><strong>2. Runsaasti aktiivisia ainesosia<\/strong>Se uutetaan edistyneell\u00e4 teknologialla ja s\u00e4ilytt\u00e4\u00e4 runsaasti aktiivisia aineita, kuten \u03b2-karyofylleeni\u00e4, mik\u00e4 varmistaa hiusten ja p\u00e4\u00e4nahan vakaan ja tehokkaan hoidon.<\/p>\n\n\n\n<p><strong>3. Kest\u00e4v\u00e4 raaka-ainel\u00e4hde<\/strong>Raaka-aineena k\u00e4ytetty hartsi on per\u00e4isin Copifera-puusta, ja tuotantoprosessi on linjassa ymp\u00e4rist\u00f6n kest\u00e4vyyden ja korkealaatuisen vihre\u00e4n hiustenhoidon tavoittelun kanssa.<\/p>\n\n\n\n<p><strong>4. Ainutlaatuinen tuoksu<\/strong>Copiba-eteerisess\u00e4 \u00f6ljyss\u00e4 on rauhoittava ja puinen tuoksu, jota voidaan levitt\u00e4\u00e4 diffuusorilla rentoutumisen ja hyvinvoinnin edist\u00e4miseksi. Hiustenhoidossa k\u00e4ytettyn\u00e4 se luo miellytt\u00e4v\u00e4n ja rentouttavan tunnelman ja parantaa k\u00e4ytt\u00e4j\u00e4n aistikokemusta.<\/p>\n\n\n\n<p><strong>5. Monivaikutteinen hiustenhoito<\/strong>Se voi s\u00e4\u00e4dell\u00e4 p\u00e4\u00e4nahan \u00f6ljynerityst\u00e4, lievitt\u00e4\u00e4 p\u00e4\u00e4nahan tulehdusta ja kutinaa sek\u00e4 auttaa vahvistamaan hiuksia, v\u00e4hent\u00e4m\u00e4\u00e4n katkeilua ja parantamaan hiusten yleist\u00e4 kest\u00e4vyytt\u00e4 ja kiiltoa. Yksi pullo voi saavuttaa useita hiustenhoitovaikutuksia.<\/p>\n\n\n\n<h2 class=\"wp-block-heading\">Copiba-eteerisen \u00f6ljyn k\u00e4ytt\u00f6ohjeet<\/h2>\n\n\n\n<p>Copiba on eritt\u00e4in tiivistetty eteerinen \u00f6ljy. Muista laimentaa se kanto\u00f6ljyll\u00e4. Laimentamattomana levitt\u00e4minen voi aiheuttaa iho\u00e4rsytyst\u00e4. K\u00e4ytett\u00e4ess\u00e4 muiden tuotteiden kanssa sit\u00e4 on lis\u00e4tt\u00e4v\u00e4 tuotteeseen suhteessa tuotteen kokonaisvaikutuksen tehostamiseksi.<\/p>\n\n\n\n<p><strong>1. P\u00e4\u00e4nahan hieronta\u00f6ljy<\/strong>Sekoita 3\u20135 tippaa copiba-eteerist\u00e4 \u00f6ljy\u00e4 10 ml:aan perus\u00f6ljy\u00e4 (kuten kookos\u00f6ljy\u00e4) auttaaksesi s\u00e4\u00e4telem\u00e4\u00e4n p\u00e4\u00e4nahan \u00f6ljy\u00e4, lievitt\u00e4m\u00e4\u00e4n kutinaa ja parantamaan hiusjuurien elinvoimaa.<\/p>\n\n\n\n<p><strong>2. Laimennustoimenpide<\/strong>Sekoita 1-2 tippaa copiba-eteerist\u00e4 \u00f6ljy\u00e4 5 ml:aan puhdistettua vett\u00e4 tai j\u00e4tett\u00e4v\u00e4\u00e4 hoitoainetta v\u00e4hent\u00e4\u00e4ksesi staattista s\u00e4hk\u00f6\u00e4, tehd\u00e4ksesi hiuksista sile\u00e4mm\u00e4t ja antaaksesi kevyen ja miellytt\u00e4v\u00e4n tuoksun, sopii p\u00e4ivitt\u00e4iseen k\u00e4ytt\u00f6\u00f6n.<\/p>\n\n\n\n<p><strong>3. Levit\u00e4 hell\u00e4varaisesti ja hiero<\/strong>P\u00e4\u00e4nahassa k\u00e4ytett\u00e4ess\u00e4 kasta laimennettua eteerist\u00e4 \u00f6ljy\u00e4 sormenp\u00e4ill\u00e4si ja hiero py\u00f6rivin liikkein 2\u20133 minuuttia verenkierron ja imeytymisen edist\u00e4miseksi. Iholla k\u00e4ytett\u00e4ess\u00e4 taputtele, kunnes \u00f6ljy on imeytynyt.<\/p>\n\n\n\n<p><strong>4. Sekoita hiustenhoitotuotteisiin<\/strong>Lis\u00e4\u00e4 tippa copiba-eteerist\u00e4 \u00f6ljy\u00e4 p\u00e4ivitt\u00e4iseen shampooseesi, hoitoaineeseesi tai hiusnaamioosi, sekoita hyvin ja k\u00e4yt\u00e4 tehostamaan kosteutta, ehk\u00e4isem\u00e4\u00e4n p\u00f6rr\u00f6isyytt\u00e4 ja rauhoittamaan p\u00e4\u00e4nahkaa.<br><strong>Suositus<\/strong>K\u00e4yt\u00e4 2\u20133 kertaa viikossa, niin p\u00e4\u00e4nahan terveys, hiusten laatu ja p\u00e4\u00e4nahan ep\u00e4mukavuus paranevat v\u00e4hitellen.<\/p>\n\n\n\n<h2 class=\"wp-block-heading\">Varoitus<\/h2>\n\n\n\n<p>Kuubanbalsamin eteerinen \u00f6ljy on tiivistetty kasviuute. Turvallisen k\u00e4yt\u00f6n ja tehon s\u00e4ilytt\u00e4miseksi on otettava huomioon seuraavat seikat k\u00e4yt\u00f6n ja s\u00e4ilytyksen aikana.<\/p>\n\n\n\n<p><strong>1. Ihotestin vaatimukset<\/strong>Ennen ensimm\u00e4ist\u00e4 k\u00e4ytt\u00f6kertaa, erityisesti herkk\u00e4ihoisten ja allergioiden omaavien henkil\u00f6iden, on teht\u00e4v\u00e4 lapputesti. Jos punoitusta, kutinaa, kirvely\u00e4 jne. ei ilmene, k\u00e4yt\u00e4 tuotetta laajalle alueelle tarkkailujakson j\u00e4lkeen.<\/p>\n\n\n\n<p><strong>2. Ihon k\u00e4ytt\u00f6 vaatii laimentamista<\/strong>\u00c4l\u00e4 levit\u00e4 tuotetta suoraan iholle suuren pitoisuuden vuoksi. Laimenna se perus\u00f6ljyll\u00e4 turvallisessa suhteessa \u00e4rsytyksen v\u00e4ltt\u00e4miseksi.<\/p>\n\n\n\n<p><strong>3. Suojaudu hyvin<\/strong>V\u00e4lt\u00e4 limakalvoja, kuten silmi\u00e4, suuta ja nen\u00e4\u00e4. Jos ainetta joutuu vahingossa kosketuksiin ihon kanssa, huuhtele v\u00e4litt\u00f6m\u00e4sti runsaalla vedell\u00e4, \u00e4l\u00e4 hiero ja hakeudu l\u00e4\u00e4k\u00e4rin hoitoon, jos ep\u00e4mukavuus ei ole helpottanut.<\/p>\n\n\n\n<p><strong>4. K\u00e4yt\u00e4 varoen erityisryhmiss\u00e4<\/strong>Raskaana olevien naisten, imett\u00e4vien naisten, imev\u00e4isten ja pienten lasten ei tule k\u00e4ytt\u00e4\u00e4 sit\u00e4 itse, ellei ammattitaitoinen aromaterapeutti tai l\u00e4\u00e4kint\u00e4henkil\u00f6kunta ole ohjannut sit\u00e4.<\/p>\n\n\n\n<p><strong>5. S\u00e4ilytysymp\u00e4rist\u00f6n vaatimukset<\/strong>S\u00e4ilyt\u00e4 viile\u00e4ss\u00e4 ja pime\u00e4ss\u00e4 paikassa ja sulje pullon korkki hyvin hapettumisen est\u00e4miseksi ja vaikuttavien aineiden s\u00e4ilyvyyden s\u00e4ilytt\u00e4miseksi.<\/p>\n\n\n\n<h2 class=\"wp-block-heading\">Johtop\u00e4\u00e4t\u00f6s<\/h2>\n\n\n\n<p>Erinomaisten tulehdusta ehk\u00e4isevien, rauhoittavien ja korjaavien ominaisuuksiensa ansiosta copaiba-eteerinen \u00f6ljy erottuu edukseen korkealaatuisten hiusten- ja ihonhoitotuotteiden joukossa. Raaka-aineiden tiukan seulonnan, edistyneen uuttoteknologian ja korkeatasoisen laadunvalvonnan avulla varmistamme, ett\u00e4 jokainen eteerinen \u00f6ljy -er\u00e4 sis\u00e4lt\u00e4\u00e4 pysyvi\u00e4 ja puhtaita aktiiviaineita. Se voi toimia useissa teht\u00e4viss\u00e4, kuten s\u00e4\u00e4dell\u00e4 p\u00e4\u00e4nahan \u00f6ljyn tuotantoa, lievitt\u00e4\u00e4 ihon ep\u00e4mukavuutta ja parantaa tuoksukokemusta, joten siit\u00e4 tulee arvokas osa eteerisiin \u00f6ljyihin perustuvia hygieniatuotteita.<\/p>\n\n\n\n<p><\/p>","protected":false},"excerpt":{"rendered":"Copiba Essential Oil Manufacturing Common Formulas We are a professional manufacturer of copiba essential oil. We always use high-quality Copifera tree resin as raw material and adopt steam distillation process to retain natural active ingredients such as \u03b2-caryophyllene to the greatest extent. These ingredients can penetrate into the scalp follicles and play multiple beneficial roles [&hellip;]","protected":false},"featured_media":3599,"menu_order":0,"template":"","meta":[],"product-tag":[],"products":[53],"class_list":["post-3598","product","type-product","status-publish","has-post-thumbnail","hentry","products-essential-oil"],"acf":[],"_links":{"self":[{"href":"https:\/\/www.ruiqigo.com\/fi\/wp-json\/wp\/v2\/product\/3598","targetHints":{"allow":["GET"]}}],"collection":[{"href":"https:\/\/www.ruiqigo.com\/fi\/wp-json\/wp\/v2\/product"}],"about":[{"href":"https:\/\/www.ruiqigo.com\/fi\/wp-json\/wp\/v2\/types\/product"}],"version-history":[{"count":0,"href":"https:\/\/www.ruiqigo.com\/fi\/wp-json\/wp\/v2\/product\/3598\/revisions"}],"wp:featuredmedia":[{"embeddable":true,"href":"https:\/\/www.ruiqigo.com\/fi\/wp-json\/wp\/v2\/media\/3599"}],"wp:attachment":[{"href":"https:\/\/www.ruiqigo.com\/fi\/wp-json\/wp\/v2\/media?parent=3598"}],"wp:term":[{"taxonomy":"product-tag","embeddable":true,"href":"https:\/\/www.ruiqigo.com\/fi\/wp-json\/wp\/v2\/product-tag?post=3598"},{"taxonomy":"products","embeddable":true,"href":"https:\/\/www.ruiqigo.com\/fi\/wp-json\/wp\/v2\/products?post=3598"}],"curies":[{"name":"wp","href":"https:\/\/api.w.org\/{rel}","templated":true}]}}