{"id":361,"date":"2024-07-08T10:02:18","date_gmt":"2024-07-08T02:02:18","guid":{"rendered":"https:\/\/ruiqigo.com\/?post_type=product&#038;p=361"},"modified":"2024-10-28T15:38:16","modified_gmt":"2024-10-28T07:38:16","slug":"salicylic-acid-body-wash","status":"publish","type":"product","link":"https:\/\/www.ruiqigo.com\/fi\/product\/salicylic-acid-body-wash","title":{"rendered":"Salisyylihappo vartalon pesu"},"content":{"rendered":"<h3 class=\"wp-block-heading\">Salisyylihappo-vartalonpesuaineiden valmistus Yleiset kaavat<\/h3>\n\n\n\n<p>T\u00e4m\u00e4n salisyylihapposuihkugeelin ydinainesosa on salisyylihappo. Salisyylihappo on luonnossa esiintyv\u00e4 beetahydroksihappo, jolla on erinomaiset keratolyyttiset ja antibakteeriset ominaisuudet. Se puhdistaa tehokkaasti ihon pintaa vanhentuneesta keratiinista ja erilaisista ep\u00e4puhtauksista. Koostumukseen on lis\u00e4tty my\u00f6s aloe veraa, vihre\u00e4\u00e4 teet\u00e4 ja muita luonnollisia kasviuutteita, jotka voivat tarjota iholle runsaasti ravintoaineita, kuten vitamiineja, mineraaleja jne., jotta iho on aina kosteutettu ja sile\u00e4. Lis\u00e4ksi kaikki raaka-aineet ovat l\u00e4p\u00e4isseet tiukat testit ja seulonnat tuotteen turvallisuuden ja tehokkuuden varmistamiseksi.<\/p>\n\n\n\n<h3 class=\"wp-block-heading\">Salisyylihapposuihkugeeli Soveltuvat skenaariot<\/h3>\n\n\n\n<p>T\u00e4m\u00e4 salisyylihappoa sis\u00e4lt\u00e4v\u00e4 suihkugeeli sopii kaikkiin vuodenaikoihin ja ilmastoihin. Kuumalla ja kostealla kes\u00e4ll\u00e4 se voi syv\u00e4puhdistaa kertyneen lian ja ik\u00e4\u00e4ntyv\u00e4n keratiinikertym\u00e4n est\u00e4en finnien ja aknen syntymisen; kylm\u00e4ll\u00e4 ja kuivalla talvella se on t\u00e4ynn\u00e4 ravitsevia ainesosia, jotka tarjoavat kokonaisvaltaista hoitoa iholle, lievitt\u00e4v\u00e4t kuivuutta ja muita ongelmia.<\/p>\n\n\n\n<h3 class=\"wp-block-heading\">Kenelle salisyylihappovartalonpesupuku sopii<\/h3>\n\n\n\n<p>Salisyylihapposuihkugeeli sopii aknesta, finneist\u00e4 tai rasvaisesta ihosta k\u00e4rsiville. Se sis\u00e4lt\u00e4\u00e4 salisyylihappoa, joka auttaa poistamaan kuolleita ihosoluja, puhdistamaan ihohuokosia syv\u00e4lt\u00e4 ja v\u00e4hent\u00e4m\u00e4\u00e4n \u00f6ljyn kertymist\u00e4, joten se sopii k\u00e4ytt\u00e4jille, jotka haluavat parantaa ihon kuntoa ja ehk\u00e4ist\u00e4 finnej\u00e4. Se sopii my\u00f6s kauneuden yst\u00e4ville, jotka haluavat tuoda raikkaan ja s\u00e4teilev\u00e4n kauneuden vieh\u00e4tyksen iholleen p\u00e4ivitt\u00e4isen kylpyhetken aikana.<\/p>\n\n\n\n<h3 class=\"wp-block-heading\">Salisyylihappo-vartalonpesuaineen tuotantoprosessi<\/h3>\n\n\n\n<p>T\u00e4m\u00e4 salisyylihapposuihkugeeli on valmistettu kiinnitt\u00e4en erityist\u00e4 huomiota salisyylihappopitoisuuden hallintaan ja pH-tasapainoon, jotta tuote on sek\u00e4 tehokas ett\u00e4 hell\u00e4varainen. Edistyksellisen emulgointiteknologian k\u00e4ytt\u00f6 varmistaa ainesosien tasaisen jakautumisen ja l\u00e4p\u00e4isee herkkyystestit, jotka takaavat tuotteen turvallisuuden ja ihonhoidon tehokkuuden.<\/p>","protected":false},"excerpt":{"rendered":"Salicylic acid body wash manufacturing Common Formulas The core ingredient of this Salicylic Acid Body Wash is Salicylic Acid. Salicylic Acid is a naturally occurring Beta Hydroxy Acid with excellent keratolytic and antibacterial properties that effectively cleanses the skin&#8217;s surface of aged keratin and various impurities. In the formula, we also added aloe vera, green [&hellip;]","protected":false},"featured_media":362,"menu_order":0,"template":"","meta":[],"product-tag":[],"products":[57],"class_list":["post-361","product","type-product","status-publish","has-post-thumbnail","hentry","products-body-wash"],"acf":[],"_links":{"self":[{"href":"https:\/\/www.ruiqigo.com\/fi\/wp-json\/wp\/v2\/product\/361","targetHints":{"allow":["GET"]}}],"collection":[{"href":"https:\/\/www.ruiqigo.com\/fi\/wp-json\/wp\/v2\/product"}],"about":[{"href":"https:\/\/www.ruiqigo.com\/fi\/wp-json\/wp\/v2\/types\/product"}],"version-history":[{"count":0,"href":"https:\/\/www.ruiqigo.com\/fi\/wp-json\/wp\/v2\/product\/361\/revisions"}],"wp:featuredmedia":[{"embeddable":true,"href":"https:\/\/www.ruiqigo.com\/fi\/wp-json\/wp\/v2\/media\/362"}],"wp:attachment":[{"href":"https:\/\/www.ruiqigo.com\/fi\/wp-json\/wp\/v2\/media?parent=361"}],"wp:term":[{"taxonomy":"product-tag","embeddable":true,"href":"https:\/\/www.ruiqigo.com\/fi\/wp-json\/wp\/v2\/product-tag?post=361"},{"taxonomy":"products","embeddable":true,"href":"https:\/\/www.ruiqigo.com\/fi\/wp-json\/wp\/v2\/products?post=361"}],"curies":[{"name":"wp","href":"https:\/\/api.w.org\/{rel}","templated":true}]}}