{"id":3610,"date":"2025-06-11T10:19:53","date_gmt":"2025-06-11T02:19:53","guid":{"rendered":"https:\/\/www.ruiqigo.com\/?post_type=product&#038;p=3610"},"modified":"2025-06-11T10:19:53","modified_gmt":"2025-06-11T02:19:53","slug":"bergamot-essential-oil","status":"publish","type":"product","link":"https:\/\/www.ruiqigo.com\/fi\/product\/bergamot-essential-oil","title":{"rendered":"Bergamotin eteerinen \u00f6ljy"},"content":{"rendered":"<h2 class=\"wp-block-heading\">Bergamotin eteerisen \u00f6ljyn valmistuksen yleiset kaavat<\/h2>\n\n\n\n<p>Bergamotin eteerisen \u00f6ljyn valmistajana ja pitk\u00e4aikaisena toimittajana valitsemme tarkasti kyps\u00e4t bergamotin hedelm\u00e4t ja k\u00e4yt\u00e4mme hienostunutta teknologiaa luonnollisten ainesosien, kuten limoneenin, linaloolin ja linalooliasetaatin, uuttamiseen ja s\u00e4ilytt\u00e4miseen tarjotaksemme turvallisen, luonnollisen ja pitk\u00e4kestoisen tuen hiustenhoidolle. <\/p>\n\n\n\n<p><strong>1. Limoneeni:<\/strong> Limoneeni on luonnollinen aine, jolla on hallitseva asema bergamotin eteerisess\u00e4 \u00f6ljyss\u00e4. Sill\u00e4 on erinomaiset antioksidanttiset, rasvaa liuottavat ja puhdistavat ominaisuudet, jotka voivat auttaa hajottamaan ja poistamaan ylim\u00e4\u00e4r\u00e4ist\u00e4 \u00f6ljy\u00e4 ja saastehiukkasia p\u00e4\u00e4nahasta, lievitt\u00e4m\u00e4\u00e4n tukkeutuneiden hiustuppien ongelmaa ja tekem\u00e4\u00e4n p\u00e4\u00e4nahasta raikkaan ja l\u00e4pin\u00e4kyv\u00e4n. Lis\u00e4ksi sen luonnollinen tuoksu voi my\u00f6s auttaa virkist\u00e4m\u00e4\u00e4n mielt\u00e4.&nbsp;<\/p>\n\n\n\n<p><strong>2. Linalooli:<\/strong> Linalooli on ainesosa, jolla on lievi\u00e4 antibakteerisia ja puhdistavia vaikutuksia. Se auttaa est\u00e4m\u00e4\u00e4n haitallisten bakteerien kasvua p\u00e4\u00e4nahan mikrobiekosysteemiss\u00e4, ehk\u00e4isem\u00e4\u00e4n bakteerien kasvun aiheuttamaa hilsett\u00e4 ja hajua sek\u00e4 pit\u00e4m\u00e4\u00e4n hiukset puhtaina ja hygieenisin\u00e4.&nbsp;<\/p>\n\n\n\n<p><strong>3. Linalooliasetaatti: <\/strong>T\u00e4m\u00e4 on t\u00e4htiainesosa, jolla on rauhoittava, tyynnytt\u00e4v\u00e4 ja pehment\u00e4v\u00e4 vaikutus p\u00e4\u00e4nahkaan. Se voi tehokkaasti v\u00e4hent\u00e4\u00e4 p\u00e4\u00e4nahan kireytt\u00e4 ja \u00e4rsytyst\u00e4, lievitt\u00e4\u00e4 kutinaa, pistely\u00e4 ja muita j\u00e4nnityksest\u00e4 ja ymp\u00e4rist\u00f6n \u00e4rsykkeist\u00e4 johtuvia ep\u00e4mukavuuksia sek\u00e4 parantaa k\u00e4ytt\u00f6kokemusta.&nbsp;<\/p>\n\n\n\n<p><strong>4. Geranioli:<\/strong> Geraniolilla on luonnollisia hy\u00f6nteiskarkottavia ja antibakteerisia vaikutuksia. Se sopii vahvistamaan p\u00e4\u00e4nahan suojakerrosta ja rauhoittamaan p\u00e4\u00e4nahan kutinaa. Se voi my\u00f6s edist\u00e4\u00e4 p\u00e4\u00e4nahan mikroverenkiertoa, parantaa ravinteiden kulkeutumista ja tarjota hiustupeille paremman kasvuymp\u00e4rist\u00f6n.&nbsp;<\/p>\n\n\n\n<p><strong>5. \u03b1-Pineeni:<\/strong> T\u00e4ll\u00e4 ainesosalla on tulehdusta est\u00e4vi\u00e4 vaikutuksia ja se voi lievitt\u00e4\u00e4 p\u00e4\u00e4nahan tulehdusta tai punoitusta ja turvotusta. Se sopii korjaamaan p\u00e4\u00e4nahan vaurioita, jotka ovat aiheutuneet permanentista, v\u00e4rj\u00e4\u00e4misest\u00e4, pitk\u00e4aikaisesta auringolle altistumisesta jne.<\/p>\n\n\n\n<h2 class=\"wp-block-heading\">Bergamotin eteerisen \u00f6ljyn toiminnot<\/h2>\n\n\n\n<p><strong>1. Luonnollinen uutto:<\/strong> Bergamotin eteerinen \u00f6ljy uutetaan bergamotista matalan l\u00e4mp\u00f6tilan uuttotekniikalla, joka s\u00e4ilytt\u00e4\u00e4 alkuper\u00e4iset ainesosat ja aromaattiset aineet mahdollisimman hyvin. Sit\u00e4 ei k\u00e4sitell\u00e4 kemiallisilla liuottimilla, jotta eteerinen \u00f6ljy olisi puhdasta ja luonnollista.&nbsp;<\/p>\n\n\n\n<p><strong>2. Erinomainen antibakteerinen ja puhdistustoiminto:<\/strong> Bergamotin eteerisen \u00f6ljyn luonnollisilla ainesosilla on tulehdusta ja bakteereja est\u00e4vi\u00e4 vaikutuksia, jotka voivat tehokkaasti v\u00e4hent\u00e4\u00e4 hiustuppien tukkeutumisesta johtuvaa \u00f6ljyn aiheuttamaa ongelmaa, parantaa hilsett\u00e4 ja p\u00e4\u00e4nahan kutinaa sek\u00e4 auttaa yll\u00e4pit\u00e4m\u00e4\u00e4n p\u00e4\u00e4nahan ekologista tasapainoa.&nbsp;<\/p>\n\n\n\n<p><strong>3. Ylivertainen aistikokemus: <\/strong>Raikas hedelm\u00e4inen tuoksu on pehme\u00e4n makea, rauhoittava ja miellytt\u00e4v\u00e4, ja se voi parantaa k\u00e4ytt\u00e4j\u00e4n yleist\u00e4 aistikokemusta hiustenhoidon aikana.&nbsp;<\/p>\n\n\n\n<p><strong>4. Paranna mielialaa ja lievit\u00e4 stressi\u00e4:<\/strong> Bergamotin eteerisen \u00f6ljyn tuoksuainesosat voivat parantaa masennusta ja lievitt\u00e4\u00e4 hermostunutta j\u00e4nnityst\u00e4. Pitk\u00e4\u00e4n paineen alla oleville k\u00e4ytt\u00e4jille se voi saavuttaa kaksinkertaisen rentoutumisen ihosta mieleen. Hiustenhoidon yhteydess\u00e4 se voi my\u00f6s lievitt\u00e4\u00e4 psyykkist\u00e4 stressi\u00e4.<\/p>\n\n\n\n<h2 class=\"wp-block-heading\">Bergamotin eteerisen \u00f6ljyn k\u00e4ytt\u00f6<\/h2>\n\n\n\n<p>Bergamotin eteerinen \u00f6ljy on eritt\u00e4in helppok\u00e4ytt\u00f6inen. Sit\u00e4 voidaan lis\u00e4t\u00e4 suoraan perus\u00f6ljyyn tai hiustenhoitotuotteisiin, tai sit\u00e4 voidaan k\u00e4ytt\u00e4\u00e4 sellaisenaan p\u00e4\u00e4nahan hieronnassa tai aromaterapiassa.&nbsp;<\/p>\n\n\n\n<p><strong>1. Laimennus ja valmistus:<\/strong> Ennen k\u00e4ytt\u00f6\u00e4 ota 2-3 tippaa bergamotin eteerist\u00e4 \u00f6ljy\u00e4, lis\u00e4\u00e4 10 ml perus\u00f6ljy\u00e4, kuten jojoba\u00f6ljy\u00e4 tai manteli\u00f6ljy\u00e4, ja sekoita hyvin.&nbsp;<\/p>\n\n\n\n<p><strong>2. Hiero p\u00e4\u00e4nahkaa:<\/strong> Tiputa laimennettua eteerist\u00e4 \u00f6ljy\u00e4 tasaisesti p\u00e4\u00e4nahkaan ja hiero kevyesti sormenp\u00e4ill\u00e4si 5\u201310 minuuttia.<\/p>\n\n\n\n<p><strong>3. L\u00e4p\u00e4isy ja imeytyminen: <\/strong>Odota 15\u201320 minuuttia, jotta eteerinen \u00f6ljy imeytyy t\u00e4ysin ja imeytyy p\u00e4\u00e4nahkaan raviten sit\u00e4 syv\u00e4lt\u00e4.<\/p>\n\n\n\n<p><strong>4. Pese puhtaalla vedell\u00e4: <\/strong>T\u00e4m\u00e4n j\u00e4lkeen pese p\u00e4\u00e4 huolellisesti l\u00e4mpim\u00e4ll\u00e4 vedell\u00e4 ja miedolla shampoolla, jotta p\u00e4\u00e4h\u00e4n ei j\u00e4\u00e4 rasvaista j\u00e4\u00e4m\u00e4\u00e4.<\/p>\n\n\n\n<p><strong>Suositus:<\/strong> Paremman ja jatkuvan hoidon saavuttamiseksi on suositeltavaa k\u00e4ytt\u00e4\u00e4 sit\u00e4 s\u00e4\u00e4nn\u00f6llisesti, 1-2 kertaa viikossa.<\/p>\n\n\n\n<h2 class=\"wp-block-heading\">Varoitus<\/h2>\n\n\n\n<p><strong>1. Ihotesti:<\/strong> Olitpa raskaana tai sinulla on herkk\u00e4 iho, suosittelemme tekem\u00e4\u00e4n ihotestin korvan takana ennen k\u00e4ytt\u00f6\u00e4. Vasta kun on varmistettu, ettei \u00e4rsytyst\u00e4 ole, tuotetta voidaan k\u00e4ytt\u00e4\u00e4 virallisesti.<\/p>\n\n\n\n<p><strong>2. Laimenna ennen k\u00e4ytt\u00f6\u00e4:<\/strong> Alkuper\u00e4isess\u00e4 eteerisess\u00e4 \u00f6ljyss\u00e4 on korkea pitoisuus. Suora kosketus ihoon voi aiheuttaa allergioita tai \u00e4rsytyst\u00e4. Siksi se on laimennettava ennen hiustenhoitoa p\u00e4\u00e4nahan vaurioitumisen v\u00e4ltt\u00e4miseksi.<\/p>\n\n\n\n<p><strong>3. V\u00e4lt\u00e4 valoa:<\/strong> Bergamotin eteerinen \u00f6ljy sis\u00e4lt\u00e4\u00e4 valoherkki\u00e4 ainesosia. On suositeltavaa v\u00e4ltt\u00e4\u00e4 sen k\u00e4ytt\u00f6\u00e4 p\u00e4iv\u00e4ll\u00e4 tai v\u00e4litt\u00f6m\u00e4sti ennen tai j\u00e4lkeen auringonvalolle altistumisen, ja v\u00e4ltt\u00e4\u00e4 valoa v\u00e4hint\u00e4\u00e4n 12 tuntia k\u00e4yt\u00f6n j\u00e4lkeen.<\/p>\n\n\n\n<p><strong>4. V\u00e4lt\u00e4 aineen joutumista silmiin tai haavoihin:<\/strong> V\u00e4lt\u00e4 eteeristen \u00f6ljyjen joutumista silmiin tai vaurioituneelle iholle. Jos \u00f6ljy\u00e4 joutuu vahingossa silmiin, huuhtele ne v\u00e4litt\u00f6m\u00e4sti runsaalla vedell\u00e4 ja hakeudu v\u00e4litt\u00f6m\u00e4sti l\u00e4\u00e4k\u00e4rin hoitoon.<\/p>\n\n\n\n<h2 class=\"wp-block-heading\">Johtop\u00e4\u00e4t\u00f6s<\/h2>\n\n\n\n<p>Korkealaatuisena eteerisen\u00e4 \u00f6ljyn\u00e4 luonnolliseen hiustenhoitoon bergamotin eteerinen \u00f6ljy on ainutlaatuinen hiustenhoidossa erinomaisen hiuksia hoitavan vaikutuksensa ja raikkaan ja miellytt\u00e4v\u00e4n tuoksunsa ansiosta. Sen rikkaat luonnolliset aktiiviset ainesosat voivat tehokkaasti parantaa p\u00e4\u00e4nahan ymp\u00e4rist\u00f6\u00e4 ja lievitt\u00e4\u00e4 stressi\u00e4. Sit\u00e4 voidaan sekoittaa useiden eteeristen \u00f6ljyjen kanssa, ja sill\u00e4 on vahva sopeutumiskyky ja laaja k\u00e4ytt\u00f6alue.&nbsp;<\/p>\n\n\n\n<p>K\u00e4ytettiinp\u00e4 sit\u00e4 sitten hiuksiin, p\u00e4\u00e4nahkaan tai aromaterapiarentoutukseen, bergamotin eteerinen \u00f6ljy on luonnollinen valinta.<\/p>","protected":false},"excerpt":{"rendered":"Bergamot Essential Oil Manufacturing Common Formulas As the manufacturer and long-term supplier of bergamot essential oil, we strictly select ripe bergamot fruits and use sophisticated technology to extract and retain natural ingredients such as limonene, linalool, linalool acetate, etc., to provide safe, natural, and lasting support for hair care. 1. Limonene: Limonene is a natural [&hellip;]","protected":false},"featured_media":3611,"menu_order":0,"template":"","meta":[],"product-tag":[],"products":[53],"class_list":["post-3610","product","type-product","status-publish","has-post-thumbnail","hentry","products-essential-oil"],"acf":[],"_links":{"self":[{"href":"https:\/\/www.ruiqigo.com\/fi\/wp-json\/wp\/v2\/product\/3610","targetHints":{"allow":["GET"]}}],"collection":[{"href":"https:\/\/www.ruiqigo.com\/fi\/wp-json\/wp\/v2\/product"}],"about":[{"href":"https:\/\/www.ruiqigo.com\/fi\/wp-json\/wp\/v2\/types\/product"}],"version-history":[{"count":0,"href":"https:\/\/www.ruiqigo.com\/fi\/wp-json\/wp\/v2\/product\/3610\/revisions"}],"wp:featuredmedia":[{"embeddable":true,"href":"https:\/\/www.ruiqigo.com\/fi\/wp-json\/wp\/v2\/media\/3611"}],"wp:attachment":[{"href":"https:\/\/www.ruiqigo.com\/fi\/wp-json\/wp\/v2\/media?parent=3610"}],"wp:term":[{"taxonomy":"product-tag","embeddable":true,"href":"https:\/\/www.ruiqigo.com\/fi\/wp-json\/wp\/v2\/product-tag?post=3610"},{"taxonomy":"products","embeddable":true,"href":"https:\/\/www.ruiqigo.com\/fi\/wp-json\/wp\/v2\/products?post=3610"}],"curies":[{"name":"wp","href":"https:\/\/api.w.org\/{rel}","templated":true}]}}