{"id":3620,"date":"2025-06-12T11:24:09","date_gmt":"2025-06-12T03:24:09","guid":{"rendered":"https:\/\/www.ruiqigo.com\/?post_type=product&#038;p=3620"},"modified":"2025-06-12T11:24:10","modified_gmt":"2025-06-12T03:24:10","slug":"wooden-bath-brush","status":"publish","type":"product","link":"https:\/\/www.ruiqigo.com\/fi\/product\/wooden-bath-brush","title":{"rendered":"Puinen kylpyharja"},"content":{"rendered":"<h2 class=\"wp-block-heading\">Puisen kylpyharjan ominaisuudet<\/h2>\n\n\n\n<p>Puinen kylpyharja on sek\u00e4 luonnollinen ett\u00e4 k\u00e4yt\u00e4nn\u00f6llinen. Se ei ainoastaan s\u00e4ilyt\u00e4 perinteisten k\u00e4sintehtyjen harjojen maalaismaista tyyli\u00e4, vaan siin\u00e4 yhdistyv\u00e4t my\u00f6s modernin muotoilun ergonomia. Sen puinen harjarunko on tukeva ja kest\u00e4v\u00e4, tuntuu l\u00e4mpim\u00e4lt\u00e4 ja sopivat harjakset tarjoavat erilaisia ihonhoitovaihtoehtoja.<\/p>\n\n\n\n<p><strong>1. Luonnonpuusta valmistettu harjarunko: <\/strong>Puiset kylpyharjat valmistetaan usein luonnonpy\u00f6kist\u00e4, tammesta ja muista lehtipuista. Niill\u00e4 on tiivis rakenne, ne eiv\u00e4t halkeile helposti, niiss\u00e4 on hyv\u00e4 ote ja liukumattomat ominaisuudet, ja ne ovat erinomaista laatua.&nbsp;<\/p>\n\n\n\n<p><strong>2. Hieno pintak\u00e4sittelytekniikka:<\/strong> Kylpyharjan pinta on kiillotettu eritt\u00e4in tasaisesti ja k\u00e4sitelty kasvi\u00f6ljyll\u00e4 tai ymp\u00e4rist\u00f6yst\u00e4v\u00e4llisell\u00e4 maalilla sen kosteuden- ja homeenkest\u00e4v\u00e4n suorituskyvyn parantamiseksi.&nbsp;<\/p>\n\n\n\n<p><strong>3. Pitk\u00e4 k\u00e4ytt\u00f6ik\u00e4: <\/strong>Hiustenistutusrakenne on tukeva ja siin\u00e4 on pitoa helpottava hihna. Samalla se on helppo kuivata tai s\u00e4ilytt\u00e4\u00e4, mik\u00e4 voi pident\u00e4\u00e4 kylpyharjan k\u00e4ytt\u00f6ik\u00e4\u00e4.&nbsp;<\/p>\n\n\n\n<p><strong>4. Sopii erilaisiin pesu- ja hoitotilanteisiin:<\/strong> Puista kylpyharjaamme voidaan k\u00e4ytt\u00e4\u00e4 sek\u00e4 kuiva- ett\u00e4 m\u00e4rk\u00e4harjaukseen. Se sopii monenlaisiin pesu- ja hoitotilanteisiin, olipa kyseess\u00e4 sitten p\u00e4ivitt\u00e4inen kylpeminen tai kuivaharjaus hieronnassa, ja sen toiminnot ovat eritt\u00e4in joustavia.&nbsp;<\/p>\n\n\n\n<p><strong>5. Erilaisia harjasvaihtoehtoja:<\/strong> Puisia kylpyharjoja voidaan yhdist\u00e4\u00e4 luonnonharjaksiin, kuten villisianharjaksiin ja hevosenkarvaan, tai joustaviin synteettisiin kuituihin erilaisten ihotyyppien (kuten herk\u00e4n ihon, rasvaisen ihon jne.) tarpeiden t\u00e4ytt\u00e4miseksi.<\/p>\n\n\n\n<h2 class=\"wp-block-heading\">Puisen kylpyharjan edut<\/h2>\n\n\n\n<p>Muovisiin kylpyharjoihin verrattuna puisilla kylpyharjoilla on luonnollisia etuja k\u00e4ytt\u00f6kokemuksen, ymp\u00e4rist\u00f6yst\u00e4v\u00e4llisyyden ja rakenteen suhteen. Ne eiv\u00e4t ainoastaan tuota vankkaa kuorinta- ja hierontavaikutusta, vaan ne my\u00f6s vastaavat nykyaikaisten k\u00e4ytt\u00e4jien pyrkimyksiin luonnollisuudesta ja kest\u00e4vyydest\u00e4.&nbsp;<\/p>\n\n\n\n<p><strong>1. Luonnollinen ja ymp\u00e4rist\u00f6yst\u00e4v\u00e4llinen:<\/strong> Puiset kylpyharjat on valmistettu kokonaan myrkytt\u00f6m\u00e4st\u00e4, luonnollisesta ja biohajoavasta puusta ja harjaksista, mik\u00e4 on kest\u00e4v\u00e4n ja vihre\u00e4n kulutuksen k\u00e4sitteen mukaista ja eritt\u00e4in ymp\u00e4rist\u00f6yst\u00e4v\u00e4llist\u00e4.&nbsp;<\/p>\n\n\n\n<p><strong>2. Kest\u00e4v\u00e4:<\/strong> Luonnonpuusta valmistettu harjarunko on rakenteeltaan vakaa, kulutusta ja painetta kest\u00e4v\u00e4 sek\u00e4 pitk\u00e4ik\u00e4inen. Sen k\u00e4ytt\u00f6ik\u00e4 ylitt\u00e4\u00e4 huomattavasti tavallisten muovisten kylpyharjojen k\u00e4ytt\u00f6i\u00e4n.&nbsp;<\/p>\n\n\n\n<p><strong>3. Tehokas puhdistus ja kuorinta:<\/strong> Luonnonharjakset, kuten villisian harjakset, ovat kohtalaisen kest\u00e4vi\u00e4 ja puhdistavat tehokkaasti hikitahroja, likaa ja kuollutta ihoa \u00e4rsytt\u00e4m\u00e4tt\u00e4 tai vahingoittamatta ihoa.&nbsp;<\/p>\n\n\n\n<p><strong>4. Edist\u00e4\u00e4 verenkiertoa: <\/strong>Puisen kylpyharjan k\u00e4ytt\u00f6 voi stimuloida hell\u00e4varaisesti hermop\u00e4\u00e4tteit\u00e4, her\u00e4tt\u00e4\u00e4 ihon elinvoimaa ja auttaa verenkiertoa, aineenvaihduntaa ja ihon kiinteytt\u00e4mist\u00e4 kehossa.&nbsp;<\/p>\n\n\n\n<p><strong>5. Korkea kustannustehokkuus:<\/strong> Puinen kylpyharja tarvitsee vain kuivata s\u00e4\u00e4nn\u00f6llisesti ja s\u00e4ilytt\u00e4\u00e4 tuuletetussa tilassa. Se ei vaadi monimutkaista huoltoa ja on yksinkertainen ja k\u00e4tev\u00e4 k\u00e4ytt\u00e4\u00e4, joten se on eritt\u00e4in kustannustehokas.<\/p>\n\n\n\n<h2 class=\"wp-block-heading\">Puinen kylpyharja Kohderyhm\u00e4<\/h2>\n\n\n\n<p>Puinen kylpyharja on laajalti k\u00e4yt\u00f6ss\u00e4 eri-ik\u00e4isten ja -ik\u00e4isten ihmisten keskuudessa sen erinomaisen suorituskyvyn, kuten luonnonmateriaalin, vakaan rakenteen ja monipuolisten toimintojen, ansiosta. Olipa kyseess\u00e4 sitten k\u00e4ytt\u00e4j\u00e4, joka huolehtii p\u00e4ivitt\u00e4isest\u00e4 peruspesusta ja -hoidosta, tai henkil\u00f6, jolla on hierontaa ja kuorintaa, he saavat t\u00e4st\u00e4 tuotteesta ihanteellisen kokemuksen.&nbsp;<\/p>\n\n\n\n<p><strong>1. P\u00e4ivitt\u00e4iset kotitalousk\u00e4ytt\u00e4j\u00e4t:<\/strong> Sopii p\u00e4ivitt\u00e4iseen puhdistukseen ja kylpemiseen.<\/p>\n\n\n\n<p><strong>2. Keski-ik\u00e4iset ja vanhukset: <\/strong>Pehme\u00e4t harjakset sopivat herk\u00e4lle iholle tai liikuntarajoitteisille, sill\u00e4 ne edist\u00e4v\u00e4t verenkiertoa kehossa ja parantavat terveytt\u00e4.<\/p>\n\n\n\n<p><strong>3. Herkk\u00e4ihoiset:<\/strong> Voit valita pehmeit\u00e4 harjaksia, kuten mietoa hevosenkarvaa tai synteettisi\u00e4 kuituja, puhdistaaksesi ihon hell\u00e4varaisesti \u00e4rsytt\u00e4m\u00e4tt\u00e4 tai vahingoittamatta sit\u00e4.<\/p>\n\n\n\n<p><strong>4. Liikuntaa harrastavat ja kunnossa pysyv\u00e4t ihmiset:<\/strong> Liikunnan j\u00e4lkeen voit k\u00e4ytt\u00e4\u00e4 puista kylpyharjaa kuiva- tai m\u00e4rk\u00e4harjaukseen, mik\u00e4 auttaa lievitt\u00e4m\u00e4\u00e4n lihasv\u00e4symyst\u00e4, avaamaan ihohuokosia ja puhdistamaan hike\u00e4.<\/p>\n\n\n\n<h2 class=\"wp-block-heading\">Puisen kylpyharjan tuotantoprosessi<\/h2>\n\n\n\n<p>Puisen kylpyharjan valmistusprosessi keskittyy valintaan ja hienoon k\u00e4sity\u00f6taitoon. Raaka-aineiden valinnasta harjasten istutukseen tarvitaan useita prosesseja sen varmistamiseksi, ett\u00e4 tuote on tukeva, kest\u00e4v\u00e4, sile\u00e4 ja purseeton.<\/p>\n\n\n\n<p><strong>1. Raaka-aineen valinta:<\/strong> Rasvanpoistoon ja kuivaukseen k\u00e4ytetty\u00e4 luonnonpuuta k\u00e4ytet\u00e4\u00e4n est\u00e4m\u00e4\u00e4n halkeilua ja hometta.<\/p>\n\n\n\n<p><strong>2. Harjasten asennus: <\/strong>Harjakset istutetaan manuaalisesti tai puoliautomaattisesti, ja ne on j\u00e4rjestetty tiiviisti ja tasaisesti.<\/p>\n\n\n\n<p><strong>3. Kiillotus: <\/strong>Kylpyharjan pinta hiotaan useita kertoja purseiden ja ep\u00e4tasaisuuksien poistamiseksi, mik\u00e4 varmistaa tasaisen ja turvallisen otteen.<\/p>\n\n\n\n<p><strong>4. Vedenpit\u00e4v\u00e4 pinnoite:<\/strong> Harjan rungon pinnalle levitet\u00e4\u00e4n luonnonpuuvahaa, -\u00f6ljy\u00e4 tai -lakkaa sen kosteuden- ja homeenkest\u00e4v\u00e4n sek\u00e4 kest\u00e4v\u00e4n suorituskyvyn parantamiseksi.<\/p>\n\n\n\n<p><strong>5. Tuotteen laadun tarkastus:<\/strong> Jokaisen tuote-er\u00e4n on l\u00e4p\u00e4ist\u00e4v\u00e4 erilaisia laatutarkastuksia, kuten hygieniatarkastus, ennen tehtaalta l\u00e4ht\u00f6\u00e4 sen varmistamiseksi, ett\u00e4 jokainen tuote-er\u00e4 t\u00e4ytt\u00e4\u00e4 markkinoiden standardit ja asiakkaiden tarpeet.<\/p>\n\n\n\n<h2 class=\"wp-block-heading\">Puisten kylpyharjojen k\u00e4ytt\u00f6kohteet<\/h2>\n\n\n\n<p>Puisella kylpyharjalla on laaja k\u00e4ytt\u00f6alue. Se ei sovellu ainoastaan p\u00e4ivitt\u00e4iseen kylpemiseen kotona, vaan sit\u00e4 k\u00e4ytet\u00e4\u00e4n usein my\u00f6s ammattimaisissa hoitotiloissa, kuten kuntosaleilla ja kylpyl\u00f6iss\u00e4. Se sopii eritt\u00e4in hyvin aamuher\u00e4tykseen, rentoutumiseen liikunnan j\u00e4lkeen, perusteelliseen puhdistukseen ja muihin tilanteisiin.<\/p>\n\n\n\n<p>1. P\u00e4ivitt\u00e4isess\u00e4 kodin siivouksessa ja kylvyss\u00e4 sit\u00e4 voidaan k\u00e4ytt\u00e4\u00e4 sel\u00e4n, jalkojen ja muiden vaikeasti harjattavien osien puhdistamiseen.<\/p>\n\n\n\n<p>2. Aamulla her\u00e4\u00e4misen j\u00e4lkeen voit k\u00e4ytt\u00e4\u00e4 sit\u00e4 my\u00f6s kuivaharjaan her\u00e4tt\u00e4\u00e4ksesi uuden p\u00e4iv\u00e4n, edist\u00e4\u00e4ksesi verenkiertoa kehossa ja parantaaksesi elinvoimaa.<\/p>\n\n\n\n<p>3. Liikunnan j\u00e4lkeen voit k\u00e4ytt\u00e4\u00e4 puista kylpyharjaa lievitt\u00e4\u00e4ksesi liikunnan aiheuttamaa lihasj\u00e4nnityst\u00e4 ja auttaaksesi aineenvaihduntaj\u00e4tteiden poistumisessa.<\/p>\n\n\n\n<h2 class=\"wp-block-heading\">Puisen kylpyharjan k\u00e4ytt\u00f6<\/h2>\n\n\n\n<p>Puinen kylpyharja on helppok\u00e4ytt\u00f6inen. Voit valita kuivaharjan tai m\u00e4r\u00e4n harjan erilaisten puhdistustarpeiden mukaan.<\/p>\n\n\n\n<p><strong>1. Kuiva harja:<\/strong> Kuivaharjaa vartaloasi noin 5 minuuttia joka aamu her\u00e4\u00e4misen j\u00e4lkeen, mik\u00e4 on hy\u00f6dyllist\u00e4 verenkierron edist\u00e4miseksi ja kehon elinvoiman stimuloimiseksi.<\/p>\n\n\n\n<p><strong>2. M\u00e4rk\u00e4 harja:<\/strong> Sopii kylvyn aikana tapahtuvaan puhdistukseen. Kostuta harjakset, purista pieni m\u00e4\u00e4r\u00e4 suihkugeeli\u00e4 ja puhdista vartalo py\u00f6rivin liikkein.<\/p>\n\n\n\n<p><strong>Huomautus:<\/strong> Puhdistusprosessin aikana ei ole helppo hankaa voimakkaasti ihon \u00e4rsytyksen v\u00e4ltt\u00e4miseksi. K\u00e4yt\u00f6n j\u00e4lkeen on suositeltavaa huuhdella harjakset puhtaalla vedell\u00e4, kuivata ne ja v\u00e4ltt\u00e4\u00e4 niiden liottamista vedess\u00e4 pitk\u00e4\u00e4n k\u00e4ytt\u00f6i\u00e4n pident\u00e4miseksi.<\/p>","protected":false},"excerpt":{"rendered":"Wooden Bath Brush Features The wooden bath brush is both natural and practical. It not only retains the rustic style of traditional handmade brushes but also incorporates the ergonomics concept of modern design. Its wooden brush body is sturdy and durable, feels warm, and the appropriate bristles provide a variety of skin care options. 1. [&hellip;]","protected":false},"featured_media":3621,"menu_order":0,"template":"","meta":[],"product-tag":[],"products":[166],"class_list":["post-3620","product","type-product","status-publish","has-post-thumbnail","hentry","products-bath-brush"],"acf":[],"_links":{"self":[{"href":"https:\/\/www.ruiqigo.com\/fi\/wp-json\/wp\/v2\/product\/3620","targetHints":{"allow":["GET"]}}],"collection":[{"href":"https:\/\/www.ruiqigo.com\/fi\/wp-json\/wp\/v2\/product"}],"about":[{"href":"https:\/\/www.ruiqigo.com\/fi\/wp-json\/wp\/v2\/types\/product"}],"version-history":[{"count":0,"href":"https:\/\/www.ruiqigo.com\/fi\/wp-json\/wp\/v2\/product\/3620\/revisions"}],"wp:featuredmedia":[{"embeddable":true,"href":"https:\/\/www.ruiqigo.com\/fi\/wp-json\/wp\/v2\/media\/3621"}],"wp:attachment":[{"href":"https:\/\/www.ruiqigo.com\/fi\/wp-json\/wp\/v2\/media?parent=3620"}],"wp:term":[{"taxonomy":"product-tag","embeddable":true,"href":"https:\/\/www.ruiqigo.com\/fi\/wp-json\/wp\/v2\/product-tag?post=3620"},{"taxonomy":"products","embeddable":true,"href":"https:\/\/www.ruiqigo.com\/fi\/wp-json\/wp\/v2\/products?post=3620"}],"curies":[{"name":"wp","href":"https:\/\/api.w.org\/{rel}","templated":true}]}}