{"id":3632,"date":"2025-06-17T17:05:37","date_gmt":"2025-06-17T09:05:37","guid":{"rendered":"https:\/\/www.ruiqigo.com\/?post_type=product&#038;p=3632"},"modified":"2025-06-17T17:05:38","modified_gmt":"2025-06-17T09:05:38","slug":"benzoyl-peroxide-body-wash","status":"publish","type":"product","link":"https:\/\/www.ruiqigo.com\/fi\/product\/benzoyl-peroxide-body-wash","title":{"rendered":"Bentsoyyliperoksidi-vartalonpesuaine"},"content":{"rendered":"<h2 class=\"wp-block-heading\">Bentsoyyliperoksidi-vartalonpesuaineen valmistuksen yleiset kaavat<\/h2>\n\n\n\n<p>Bentsoyyliperoksidisuihkugeeli\u00e4 kehitt\u00e4ess\u00e4mme k\u00e4ytimme yhdistelm\u00e4\u00e4 aktiivisia ainesosia, joilla on useita hoitavia ominaisuuksia. T\u00e4m\u00e4 yhdistelm\u00e4 ei ainoastaan takaa sterilointi- ja puhdistustehoa, vaan ottaa huomioon my\u00f6s rauhoittavan ja kosteuttavan vaikutuksen. Ydinainesosat, kuten bentsoyyliperoksidi, niasiiniamidi, glyseriini ja natriumlauroyylisarkosinaatti, voivat synergistisesti puhdistaa ihohuokosia, tasapainottaa talirauhasten tuotantoa ja korjata ihon suojakerrosta. Lis\u00e4ksi lis\u00e4simme kasviuutteita ja hell\u00e4varaisen vaahtoavan j\u00e4rjestelm\u00e4n parantaaksemme entisest\u00e4\u00e4n k\u00e4ytt\u00f6kokemusta.&nbsp;<\/p>\n\n\n\n<p><strong>1. Bentsoyyliperoksidi:<\/strong> T\u00e4m\u00e4 on laajakirjoinen antibakteerinen ainesosa, joka voi tehokkaasti tappaa aknea aiheuttavan Propionibacterium-bakteerin. Se voi poistaa kuolleita ihosoluja ja \u00f6ljy\u00e4, tunkeutua syv\u00e4lle ihohuokosiin avaamaan tukoksia ja on erinomainen ainesosa aknen terapeuttisessa poistossa.&nbsp;<\/p>\n\n\n\n<p><strong>2. Niasiiniamidi:<\/strong> Se voi auttaa s\u00e4\u00e4telem\u00e4\u00e4n talirauhasten erityst\u00e4, kirkastamaan ihon s\u00e4vy\u00e4 ja lievitt\u00e4m\u00e4\u00e4n aknen aiheuttamaa tulehdusta. Se sopii k\u00e4ytett\u00e4v\u00e4ksi bentsoyyliperoksidin kanssa \u00e4rsytyksen v\u00e4hent\u00e4miseksi ja ihon suojakerroksen korjaavan kyvyn parantamiseksi.&nbsp;<\/p>\n\n\n\n<p><strong>3. Glyseriini:<\/strong> Glyseriini on luonnollinen kosteusvoide, joka voi yll\u00e4pit\u00e4\u00e4 kosteutta sarveiskerroksessa samalla puhdistaen ihoa, lievitt\u00e4\u00e4 puhdistuksen aiheuttamaa kuivuutta ja ep\u00e4mukavuutta, parantaa ihon pehmeytt\u00e4 ja kimmoisuutta sek\u00e4 ehk\u00e4ist\u00e4 liiallisesta puhdistuksesta johtuvaa ihon kireytt\u00e4.&nbsp;<\/p>\n\n\n\n<p><strong>4. Natriumlauroyylisarkosinaatti: <\/strong>T\u00e4m\u00e4 on mieto vaahtoava aine, joka ei sis\u00e4ll\u00e4 sulfaatteja. Se voi v\u00e4hent\u00e4\u00e4 herk\u00e4n ihon \u00e4rsytyst\u00e4 ja yll\u00e4pit\u00e4\u00e4 ihon luonnollista suojakerrosta puhdistuksen aikana. Se on hell\u00e4varainen eik\u00e4 \u00e4rsyt\u00e4 ihoa.&nbsp;<\/p>\n\n\n\n<p><strong>5. Teepuun eteerinen \u00f6ljy:<\/strong> Teepuun eteerinen \u00f6ljy on luonnollinen antibakteerinen ainesosa, jolla on hyv\u00e4t \u00f6ljyntuotannon hallinta- ja tulehdusta est\u00e4v\u00e4t ominaisuudet. Se voi tehostaa aknen poistoa ja samalla tuoda raikkaan ja miellytt\u00e4v\u00e4n tuoksuel\u00e4myksen.<\/p>\n\n\n\n<h2 class=\"wp-block-heading\">Bentsoyyliperoksidi-vartalonpesun toiminnot<\/h2>\n\n\n\n<p><strong>1. Virkist\u00e4v\u00e4 ja rasvaton:<\/strong> Bentsoyyliperoksidisuihkugeeli on kevyen koostumukseltaan eik\u00e4 j\u00e4t\u00e4 j\u00e4\u00e4mi\u00e4 huuhtelun j\u00e4lkeen. Se sopii k\u00e4ytett\u00e4v\u00e4ksi kuumina vuodenaikoina tai liikunnan j\u00e4lkeen, sill\u00e4 se tekee ihosta raikkaan tuntuisen.&nbsp;<\/p>\n\n\n\n<p><strong>2. Hell\u00e4varainen vaahtoaminen:<\/strong> Koostumuksemme on saippuaton ja siin\u00e4 k\u00e4ytet\u00e4\u00e4n aminohappotenssient\u00e4. Se vaahtoaa hell\u00e4varaisesti ja nopeasti, muodostaen runsaasti vaahtoa, mutta on helppo huuhdella pois, joten se sopii usein toistuvaan p\u00e4ivitt\u00e4iseen hoitoon.\u00a0<\/p>\n\n\n\n<p><strong>3. Nopeavaikutteinen:<\/strong> Bentsoyyliperoksidi-suihkugeelin vaikuttavat aineosat voivat vaikuttaa nopeasti aknealueelle, lyhent\u00e4\u00e4 tulehdussykli\u00e4 ja lievitt\u00e4\u00e4 ihon punoitusta ja turvotusta.&nbsp;<\/p>\n\n\n\n<p><strong>4. Korjaaminen:<\/strong> T\u00e4m\u00e4 tuote on kehitetty kosteuttavilla ja rauhoittavilla ainesosilla, jotka voivat v\u00e4hent\u00e4\u00e4 iho\u00e4rsytyst\u00e4 samalla puhdistaen ja yll\u00e4pit\u00e4en ihon kosteus- ja \u00f6ljytasapainoa.&nbsp;<\/p>\n\n\n\n<p><strong>5. Ei helppo tukkia ihohuokosia:<\/strong> Bentsoyyliperoksidisuihkugeeli ei sis\u00e4ll\u00e4 aknea aiheuttavia ainesosia eik\u00e4 tuki ihohuokosia helposti. Se sopii pitk\u00e4aikaiseen k\u00e4ytt\u00f6\u00f6n henkil\u00f6ille, jotka k\u00e4rsiv\u00e4t toistuvasti suljetuista komedoista ja aknesta.&nbsp;<\/p>\n\n\n\n<p><strong>6. Korkea tuotteen stabiilius:<\/strong> Bentsoyyliperoksidi-vartalonpesuaineessa on k\u00e4ytetty ihoa \u00e4rsytt\u00e4m\u00e4t\u00f6nt\u00e4 koostumusta ja vakaata prosessia, jotka voivat tehokkaasti hallita aktiivisten ainesosien hapettumista ja parantaa k\u00e4ytt\u00f6ik\u00e4\u00e4 ja turvallisuutta.\u00a0<\/p>\n\n\n\n<h2 class=\"wp-block-heading\">Bentsoyyliperoksidisuihkusaippuan k\u00e4ytt\u00f6ohjeet<\/h2>\n\n\n\n<p>Bentsoyyliperoksidisuihkugeeli on helppok\u00e4ytt\u00f6inen ja sopii p\u00e4ivitt\u00e4iseen puhdistukseen ja akneen taipuvaisen ihon hoitoon. Suosittelemme k\u00e4ytt\u00e4m\u00e4\u00e4n sit\u00e4 kerran p\u00e4iv\u00e4ss\u00e4 tai joka toinen p\u00e4iv\u00e4 kiinnitt\u00e4en huomiota ajank\u00e4ytt\u00f6\u00f6n ja k\u00e4ytt\u00f6alueeseen.&nbsp;<\/p>\n\n\n\n<p>1. Kastele ihosi, ota sopiva m\u00e4\u00e4r\u00e4 suihkuvoidetta k\u00e4mmenellesi tai kylpypalloon ja hiero sit\u00e4 vaahdon muodostamiseksi.<\/p>\n\n\n\n<p>2. Hiero vaahtoa hell\u00e4varaisesti selk\u00e4\u00e4n, k\u00e4sivarsiin, reisiin ja muihin alueisiin ja anna sen vaikuttaa 1\u20132 minuuttia tuotteen tehon tehostamiseksi.<\/p>\n\n\n\n<p>3. Huuhtele vaahto huolellisesti puhtaalla vedell\u00e4 j\u00e4\u00e4mien v\u00e4ltt\u00e4miseksi.<\/p>\n\n\n\n<p>4. K\u00e4yt\u00f6n j\u00e4lkeen on suositeltavaa levitt\u00e4\u00e4 kosteuttavaa vartalovoidetta, joka ei \u00e4rsyt\u00e4 ihoa.<\/p>\n\n\n\n<h2 class=\"wp-block-heading\">Varoitus<\/h2>\n\n\n\n<p><strong>1. Ihotesti vaaditaan ennen ensimm\u00e4ist\u00e4 k\u00e4ytt\u00f6kertaa:<\/strong> Suosittelemme aloittamaan pienell\u00e4 ihoalueella varmistaaksesi, ettei iholle aiheudu \u00e4rsytyst\u00e4 tai allergista reaktiota, ennen kuin laajentat k\u00e4ytt\u00f6aluetta.&nbsp;<\/p>\n\n\n\n<p><strong>2. V\u00e4lt\u00e4 kosketusta silmiin:<\/strong> V\u00e4lt\u00e4 kosketusta silmiin k\u00e4yt\u00f6n aikana. Jos ainetta joutuu vahingossa silmiin, huuhtele ne v\u00e4litt\u00f6m\u00e4sti runsaalla vedell\u00e4 \u00e4rsytyksen v\u00e4ltt\u00e4miseksi.\u00a0<\/p>\n\n\n\n<p><strong>3. \u00c4l\u00e4 k\u00e4yt\u00e4 voimakkaiden kuorivien tuotteiden kanssa:<\/strong> V\u00e4lt\u00e4 k\u00e4ytt\u00e4m\u00e4st\u00e4 tuotetta samana p\u00e4iv\u00e4n\u00e4 AHA\/BHA-happoja tai muita \u00e4rsytt\u00e4vi\u00e4 ainesosia sis\u00e4lt\u00e4vien tuotteiden kanssa ep\u00e4mukavuuden, kuten punoituksen, turvotuksen ja hilseilyn, v\u00e4ltt\u00e4miseksi.\u00a0<\/p>\n\n\n\n<p><strong>4. Kiinnit\u00e4 huomiota aurinkosuojaan k\u00e4yt\u00f6n j\u00e4lkeen:<\/strong> Koska t\u00e4m\u00e4 tuote sis\u00e4lt\u00e4\u00e4 bentsoyyliperoksidia, se voi lis\u00e4t\u00e4 ihon herkkyytt\u00e4 ultraviolettis\u00e4teille. Siksi, jos k\u00e4yt\u00e4t sit\u00e4 p\u00e4iv\u00e4ll\u00e4, k\u00e4yt\u00e4 yhdess\u00e4 vartalolle tarkoitettuja aurinkosuojatuotteita.&nbsp;<\/p>\n\n\n\n<h2 class=\"wp-block-heading\">Johtop\u00e4\u00e4t\u00f6s<\/h2>\n\n\n\n<p>Bentsoyyliperoksidisuihkugeeli on toimiva kylpytuote, jolla on erinomainen puhdistus- ja korjausteho. Se k\u00e4ytt\u00e4\u00e4 eritt\u00e4in tehokkaita ainesosia, kuten bentsoyyliperoksidia ja niasiiniamidia, jotka tunkeutuvat syv\u00e4lle ihohuokosiin taistelemaan aknebakteereja vastaan, ja sopii akneen taipuvaisen ihon hoitoon useissa kehon osissa. T\u00e4m\u00e4 tuote on suunniteltu p\u00e4ivitt\u00e4iseen k\u00e4ytt\u00f6\u00f6n, sill\u00e4 se puhdistaa, kosteuttaa ja on mieto. Se sopii my\u00f6s pitk\u00e4aikaiseen k\u00e4ytt\u00f6\u00f6n henkil\u00f6ille, joilla on usein aknea tai jotka ovat alttiita uusiutumiselle. Oikea k\u00e4ytt\u00f6 voi tehokkaasti parantaa akneen taipuvaisen ihon kuntoa ja palauttaa ihon sileyden ja terveen rakenteen.<\/p>","protected":false},"excerpt":{"rendered":"Benzoyl Peroxide Body Wash Manufacturing Common Formulas When developing benzoyl peroxide body wash, we used a combination of active ingredients with multiple care effects, which not only ensures sterilization and cleaning power, but also takes into account soothing and moisturizing. Core ingredients such as benzoyl peroxide, niacinamide, glycerin, sodium lauroyl sarcosinate, etc., can synergistically purify [&hellip;]","protected":false},"featured_media":3655,"menu_order":0,"template":"","meta":[],"product-tag":[],"products":[57],"class_list":["post-3632","product","type-product","status-publish","has-post-thumbnail","hentry","products-body-wash"],"acf":[],"_links":{"self":[{"href":"https:\/\/www.ruiqigo.com\/fi\/wp-json\/wp\/v2\/product\/3632","targetHints":{"allow":["GET"]}}],"collection":[{"href":"https:\/\/www.ruiqigo.com\/fi\/wp-json\/wp\/v2\/product"}],"about":[{"href":"https:\/\/www.ruiqigo.com\/fi\/wp-json\/wp\/v2\/types\/product"}],"version-history":[{"count":0,"href":"https:\/\/www.ruiqigo.com\/fi\/wp-json\/wp\/v2\/product\/3632\/revisions"}],"wp:featuredmedia":[{"embeddable":true,"href":"https:\/\/www.ruiqigo.com\/fi\/wp-json\/wp\/v2\/media\/3655"}],"wp:attachment":[{"href":"https:\/\/www.ruiqigo.com\/fi\/wp-json\/wp\/v2\/media?parent=3632"}],"wp:term":[{"taxonomy":"product-tag","embeddable":true,"href":"https:\/\/www.ruiqigo.com\/fi\/wp-json\/wp\/v2\/product-tag?post=3632"},{"taxonomy":"products","embeddable":true,"href":"https:\/\/www.ruiqigo.com\/fi\/wp-json\/wp\/v2\/products?post=3632"}],"curies":[{"name":"wp","href":"https:\/\/api.w.org\/{rel}","templated":true}]}}