{"id":3645,"date":"2025-06-16T11:20:07","date_gmt":"2025-06-16T03:20:07","guid":{"rendered":"https:\/\/www.ruiqigo.com\/?post_type=product&#038;p=3645"},"modified":"2025-06-19T09:22:49","modified_gmt":"2025-06-19T01:22:49","slug":"sensitive-toothpaste","status":"publish","type":"product","link":"https:\/\/www.ruiqigo.com\/fi\/product\/sensitive-toothpaste","title":{"rendered":"Herkk\u00e4 hammastahna"},"content":{"rendered":"<h2 class=\"wp-block-heading\">Herk\u00e4n hammastahnan valmistuksen yleiset kaavat<\/h2>\n\n\n\n<p>Se k\u00e4ytt\u00e4\u00e4 p\u00e4\u00e4asiassa kaliumnitraattia ja nanohydroksiapatiittia sis\u00e4lt\u00e4vi\u00e4 aktiivisia ainesosia hampaiden herkkyyden v\u00e4hent\u00e4miseksi, stimulaation aiheuttaman voimakkaan kivun tehokkaaksi lievitt\u00e4miseksi est\u00e4m\u00e4ll\u00e4 kipusignaalien p\u00e4\u00e4syn hermop\u00e4\u00e4tteisiin ja muodostamalla hampaan pinnalle tihe\u00e4n suojakerroksen, joka ei ainoastaan vastusta ulkoisia \u00e4rsykkeit\u00e4, vaan my\u00f6s edist\u00e4\u00e4 kiilteen remineralisaatiota, parantaa hampaiden kyky\u00e4 vastustaa happoerosiota, lievitt\u00e4\u00e4 perusteellisesti hampaiden herkkyyden ongelmaa ja tarjoaa kattavan suun terveyden suojan.<\/p>\n\n\n\n<h2 class=\"wp-block-heading\">Herk\u00e4n hampaan hammastahnaan soveltuvat skenaariot<\/h2>\n\n\n\n<p>Herk\u00e4n hampaiden hammastahna sopii moniin tilanteisiin ratkaisemaan hampaiden vihlontaa ja huolehtimaan suun terveydest\u00e4, erityisesti seuraavissa tilanteissa: Kun hampaiden vihlonnan aiheuttaa kiilteen eroosio, herk\u00e4n hampaiden hammastahnan k\u00e4ytt\u00f6 voi lievitt\u00e4\u00e4 \u00e4rsytyksen aiheuttamaa kipua lamauttamalla hermoja ja muodostamalla suojaavan kerroksen. Potilailla, joilla on vet\u00e4ytyvi\u00e4 ikeni\u00e4, se voi lievitt\u00e4\u00e4 ep\u00e4mukavuutta ja suojata paljaita alueita. Hampaiden valkaisun j\u00e4lkeen se voi neutraloida t\u00e4m\u00e4n sivuvaikutuksen, jolloin voit jatkaa valkaisevien tuotteiden k\u00e4ytt\u00f6\u00e4.<\/p>\n\n\n\n<h2 class=\"wp-block-heading\">Kenelle herkk\u00e4 hammastahna sopii<\/h2>\n\n\n\n<p>Herkk\u00e4ihoisille tarkoitettu hammastahna sopii tietyille hampaiden vihlonnasta k\u00e4rsiville ihmisryhmille, ja sit\u00e4 suositellaan erityisesti seuraaville kuluttajille:<\/p>\n\n\n\n<p>1. Ihmiset, joilla on usein hampaiden vihlontaa.<\/p>\n\n\n\n<p>2. Ihmiset, joilla on hammaskiilteen kulumisongelmia.<\/p>\n\n\n\n<p>3. Ihmiset, jotka ovat herkki\u00e4 ikenien vet\u00e4ytymisen ja paljaiden hammasjuurien vuoksi.<\/p>\n\n\n\n<p>4. Ihmiset, joilla on taipumusta hampaiden vihlomiseen geneettisten tekij\u00f6iden tai i\u00e4n my\u00f6t\u00e4 tapahtuvan hammaskiilteen luonnollisen ohenemisen vuoksi.<\/p>\n\n\n\n<p>5. Ihmiset, jotka haluavat aktiivisesti ehk\u00e4ist\u00e4 hampaiden vihlontaa ja yll\u00e4pit\u00e4\u00e4 suun terveytt\u00e4 pitk\u00e4ll\u00e4 aikav\u00e4lill\u00e4.<\/p>\n\n\n\n<h2 class=\"wp-block-heading\">Herk\u00e4n hammastahnan valmistusprosessi<\/h2>\n\n\n\n<p>Ammattimaisena herk\u00e4n ihon hammastahnan valmistajana k\u00e4yt\u00e4mme seuraavia standardoituja ja kehittyneit\u00e4 tuotantoprosesseja varmistaaksemme tuotteen laadun ja tehokkuuden:<\/p>\n\n\n\n<p>1) Valitse raaka-aineet, kuten kaliumnitraatti, nanohydroksiapatiitti (n-Ha) ja fluoridi, huolellisesti varmistaaksesi, ett\u00e4 ainesosat t\u00e4ytt\u00e4v\u00e4t suunhoidon standardit.<\/p>\n\n\n\n<p>2) Suhteen hallinta: Mittaa ja sekoita vaikuttavat aineet ja apuaineosat tarkasti.<\/p>\n\n\n\n<p>3) Tasainen sekoittaminen: K\u00e4yt\u00e4 edistyneit\u00e4 sekoituslaitteita varmistaaksesi tasaisen dispersion ja muodostaaksesi vakaan tahnarakenteen tasaisen tehon yll\u00e4pit\u00e4miseksi.<\/p>\n\n\n\n<p>4) K\u00e4yt\u00e4 matalan l\u00e4mp\u00f6tilan dispersioteknologiaa n-Ha:n ja muiden mineraalien t\u00e4ydelliseen aktivoimiseen, mik\u00e4 auttaa niit\u00e4 korjaamaan hammaskiillevaurioita paremmin ja muodostamaan suojakerroksen herkki\u00e4 \u00e4rsykkeit\u00e4 vastaan.<\/p>\n\n\n\n<p>5) T\u00e4yt\u00e4 puhtaassa ja steriiliss\u00e4 ymp\u00e4rist\u00f6ss\u00e4 kontaminaation est\u00e4miseksi samalla, kun s\u00e4ilytet\u00e4\u00e4n ainesosien aktiivisuus ja varmistetaan tuotteen turvallisuus ja s\u00e4ilyvyys.<\/p>","protected":false},"excerpt":{"rendered":"Sensitive Toothpaste Manufacturing Common Formulas It mainly uses potassium nitrate and nano-hydroxyapatite active ingredients to reduce tooth sensitivity, effectively reduce the severe pain caused by stimulation by blocking pain signals from reaching nerve endings, and form a dense protective layer on the tooth surface, which can not only resist external stimuli, but also promote enamel [&hellip;]","protected":false},"featured_media":3646,"menu_order":0,"template":"","meta":[],"product-tag":[],"products":[71],"class_list":["post-3645","product","type-product","status-publish","has-post-thumbnail","hentry","products-toothpaste"],"acf":[],"_links":{"self":[{"href":"https:\/\/www.ruiqigo.com\/fi\/wp-json\/wp\/v2\/product\/3645","targetHints":{"allow":["GET"]}}],"collection":[{"href":"https:\/\/www.ruiqigo.com\/fi\/wp-json\/wp\/v2\/product"}],"about":[{"href":"https:\/\/www.ruiqigo.com\/fi\/wp-json\/wp\/v2\/types\/product"}],"version-history":[{"count":0,"href":"https:\/\/www.ruiqigo.com\/fi\/wp-json\/wp\/v2\/product\/3645\/revisions"}],"wp:featuredmedia":[{"embeddable":true,"href":"https:\/\/www.ruiqigo.com\/fi\/wp-json\/wp\/v2\/media\/3646"}],"wp:attachment":[{"href":"https:\/\/www.ruiqigo.com\/fi\/wp-json\/wp\/v2\/media?parent=3645"}],"wp:term":[{"taxonomy":"product-tag","embeddable":true,"href":"https:\/\/www.ruiqigo.com\/fi\/wp-json\/wp\/v2\/product-tag?post=3645"},{"taxonomy":"products","embeddable":true,"href":"https:\/\/www.ruiqigo.com\/fi\/wp-json\/wp\/v2\/products?post=3645"}],"curies":[{"name":"wp","href":"https:\/\/api.w.org\/{rel}","templated":true}]}}