{"id":3650,"date":"2025-06-16T16:18:09","date_gmt":"2025-06-16T08:18:09","guid":{"rendered":"https:\/\/www.ruiqigo.com\/?post_type=product&#038;p=3650"},"modified":"2025-06-19T09:17:47","modified_gmt":"2025-06-19T01:17:47","slug":"restorative-conditioner","status":"publish","type":"product","link":"https:\/\/www.ruiqigo.com\/fi\/product\/restorative-conditioner","title":{"rendered":"Palauttava hoitoaine"},"content":{"rendered":"<h2 class=\"wp-block-heading\">Korjaavien hoitoaineiden valmistuksen yleiset kaavat<\/h2>\n\n\n\n<p>Palauttava hoitoaine koostuu p\u00e4\u00e4asiassa aminohapoista, kookos- ja jackfruit-kasviuutteista sek\u00e4 chiasiemenist\u00e4. Aminohapoilla on erinomaiset kosteuttavat ja ravitsevat vaikutukset, jotka t\u00e4ydent\u00e4v\u00e4t hiusten ja p\u00e4\u00e4nahan ravintoaineita syv\u00e4lt\u00e4. Kookos- ja jackfruit-uutteet ovat runsaasti luonnollisia ravintoaineita, jotka t\u00e4ydent\u00e4v\u00e4t kosteutta ja ravitsevat hiuksia entisest\u00e4\u00e4n sek\u00e4 parantavat niiden pehmeytt\u00e4. Chiasiemenet voivat korjata olemassa olevien vaurioiden ulkon\u00e4k\u00f6\u00e4 ja samalla suojata tulevilta vaurioilta. Palauttavien hoitoaineiden ammattimaisena valmistajana olemme sitoutuneet silottamaan vaurioituneiden hiusten p\u00f6rr\u00f6isyytt\u00e4, tunkeutumaan syv\u00e4lle hiuksiin ja t\u00e4ydent\u00e4m\u00e4\u00e4n niiden kosteutta, parantamaan elottomien hiusten kuntoa sek\u00e4 saavuttamaan pehmeytt\u00e4 ja terveytt\u00e4 sis\u00e4lt\u00e4p\u00e4in.<\/p>\n\n\n\n<h2 class=\"wp-block-heading\">Korjaavan hoitoaineen k\u00e4ytt\u00f6tarkoitukset<\/h2>\n\n\n\n<p>Palauttavat hoitoaineet ovat v\u00e4ltt\u00e4m\u00e4tt\u00f6mi\u00e4 kaikissa hiustenhoitotilanteissa. Kemiallisten k\u00e4sittelyjen, kuten permanentin ja v\u00e4rj\u00e4yksen, j\u00e4lkeen hiukset muuttuvat hauraiksi ja elottomiksi. T\u00e4m\u00e4 hoitoaine sis\u00e4lt\u00e4\u00e4 aminohappoja ja kasviuutteita, jotka korjaavat vaurioituneita hiusnauhoja ja palauttavat hiusten pehmeyden ja kiillon. Niille, jotka k\u00e4ytt\u00e4v\u00e4t usein l\u00e4mp\u00f6muotoilulaitteita, palauttavia ainesosia, kuten chiasiemeni\u00e4, sis\u00e4lt\u00e4v\u00e4 koostumus voi kompensoida l\u00e4mp\u00f6vaurioita ja v\u00e4hent\u00e4\u00e4 hiusten katkeilua. Halusitpa sitten pelastaa ylik\u00e4sitellyt hiukset, suojata hiuksia l\u00e4mp\u00f6muotoilun j\u00e4lkeen tai kesytt\u00e4\u00e4 luonnostaan p\u00f6rr\u00f6isi\u00e4 ja kuivia hiuksia, palauttavat hoitoaineet voivat vastata tarpeisiisi.<\/p>\n\n\n\n<h2 class=\"wp-block-heading\">Korjaavan hoitoaineen tuotantoprosessi<\/h2>\n\n\n\n<p>Palauttava hoitoaine valmistetaan ammattimaisen prosessin mukaisesti. Raaka-aineet, kuten aminohapot, kookos- ja jackfruit-uutteet, seulotaan tarkasti laadun ja puhtauden varmistamiseksi. Tuotannon aikana l\u00e4mp\u00f6tilaa ja painetta kontrolloidaan tarkasti esimerkiksi emulgoinnin kaltaisissa prosesseissa, jotta aktiiviaineita ei h\u00e4vi\u00e4isi. Lopuksi k\u00e4ytet\u00e4\u00e4n ymp\u00e4rist\u00f6yst\u00e4v\u00e4llisi\u00e4 ja myrkytt\u00f6mi\u00e4 pakkausmateriaaleja. T\u00e4m\u00e4 tuotantoprosessi takaa palauttavan hoitoaineen laadun ja tehokkuuden ja varmistaa tehokkaan hiusten korjauksen.<\/p>","protected":false},"excerpt":{"rendered":"Restorative conditioner manufacturing common formulas Restorative conditioner is mainly composed of amino acids, coconut and jackfruit plant extracts, and chia seeds. Amino acids have excellent moisturizing and nourishing effects, deeply replenishing nutrients for hair and scalp; coconut and jackfruit extracts are rich in natural nutrients, further replenishing moisture and nourishing, and improving hair softness; chia [&hellip;]","protected":false},"featured_media":3652,"menu_order":0,"template":"","meta":[],"product-tag":[],"products":[52],"class_list":["post-3650","product","type-product","status-publish","has-post-thumbnail","hentry","products-conditioner"],"acf":[],"_links":{"self":[{"href":"https:\/\/www.ruiqigo.com\/fi\/wp-json\/wp\/v2\/product\/3650","targetHints":{"allow":["GET"]}}],"collection":[{"href":"https:\/\/www.ruiqigo.com\/fi\/wp-json\/wp\/v2\/product"}],"about":[{"href":"https:\/\/www.ruiqigo.com\/fi\/wp-json\/wp\/v2\/types\/product"}],"version-history":[{"count":0,"href":"https:\/\/www.ruiqigo.com\/fi\/wp-json\/wp\/v2\/product\/3650\/revisions"}],"wp:featuredmedia":[{"embeddable":true,"href":"https:\/\/www.ruiqigo.com\/fi\/wp-json\/wp\/v2\/media\/3652"}],"wp:attachment":[{"href":"https:\/\/www.ruiqigo.com\/fi\/wp-json\/wp\/v2\/media?parent=3650"}],"wp:term":[{"taxonomy":"product-tag","embeddable":true,"href":"https:\/\/www.ruiqigo.com\/fi\/wp-json\/wp\/v2\/product-tag?post=3650"},{"taxonomy":"products","embeddable":true,"href":"https:\/\/www.ruiqigo.com\/fi\/wp-json\/wp\/v2\/products?post=3650"}],"curies":[{"name":"wp","href":"https:\/\/api.w.org\/{rel}","templated":true}]}}