{"id":3659,"date":"2025-06-17T11:21:26","date_gmt":"2025-06-17T03:21:26","guid":{"rendered":"https:\/\/www.ruiqigo.com\/?post_type=product&#038;p=3659"},"modified":"2025-06-19T09:15:23","modified_gmt":"2025-06-19T01:15:23","slug":"cleansing-conditioner","status":"publish","type":"product","link":"https:\/\/www.ruiqigo.com\/fi\/product\/cleansing-conditioner","title":{"rendered":"Puhdistava hoitoaine"},"content":{"rendered":"<h2 class=\"wp-block-heading\">Puhdistavan hoitoaineen valmistuksen yleiset kaavat<\/h2>\n\n\n\n<p>Puhdistava hoitoaine on huolellisesti kehitetty useilla t\u00e4rkeill\u00e4 luonnollisilla ainesosilla hell\u00e4varaisen puhdistuksen ja ravitsevan hoidon saavuttamiseksi. Rosmariinin eteerisell\u00e4 \u00f6ljyll\u00e4 on virkist\u00e4vi\u00e4 ominaisuuksia, jotka eiv\u00e4t ainoastaan torju p\u00e4\u00e4nahan kuivuutta ja kutinaa, puhdistavat p\u00e4\u00e4nahkaa, vaan my\u00f6s ratkaisevat hilseongelmia ja luovat terveellisemm\u00e4n p\u00e4\u00e4nahkaymp\u00e4rist\u00f6n. Argan\u00f6ljy on runsaasti rasvahappoja ja vitamiineja, jotka voivat tunkeutua syv\u00e4lle hiuksiin t\u00e4ydent\u00e4\u00e4kseen kosteutta, silottaakseen p\u00f6rr\u00f6isyytt\u00e4, parantaakseen hiusten luonnollista kiiltoa ja tehd\u00e4kseen hiuksista pehme\u00e4t ja helposti k\u00e4sitelt\u00e4v\u00e4t. Jojoba\u00f6ljy on koostumukseltaan samanlainen kuin p\u00e4\u00e4nahan luonnollinen tali. Se on kevyt kosteuttaja, joka hoitaa hiuksia rasittamatta niit\u00e4, auttaa korjaamaan vaurioituneita hiuksia ja parantaa hiusten kimmoisuutta. N\u00e4m\u00e4 huolellisesti valitut ainesosat toimivat yhdess\u00e4 luoden puhdistavan hoitoaineen, joka puhdistaa, hoitaa, korjaa ja suojaa hiuksia tehokkaasti, j\u00e4tt\u00e4en hiukset puhtaiksi, virkistyneiksi ja luonnollista kiiltoa huokuviksi.<\/p>\n\n\n\n<h2 class=\"wp-block-heading\">Puhdistavan hoitoaineen k\u00e4ytt\u00f6tarkoitukset<\/h2>\n\n\n\n<p>Kirkastavat hoitoaineet sopivat t\u00e4ydellisesti jokaiseen hiustenhoitorutiiniin. P\u00e4ivitt\u00e4iseen k\u00e4ytt\u00f6\u00f6n ne sopivat t\u00e4ydellisesti niille, jotka haluavat hell\u00e4varaisen puhdistuksen poistamatta hiusten luonnollisia \u00f6ljyj\u00e4; liikunnan j\u00e4lkeen ne voivat raikastaa hiuksia ja samalla ravita niit\u00e4; ne sopivat my\u00f6s erinomaisesti vaurioituneille tai v\u00e4rj\u00e4tyille hiuksille, sill\u00e4 hell\u00e4varainen koostumus suojaa hauraita hiuksia. Olipa kyseess\u00e4 sitten nopea pesu kotona, matkalla tai s\u00e4\u00e4n vaikutuksille altistumisen j\u00e4lkeen, kirkastavat hoitoaineet tekev\u00e4t hiuksista puhtaat, sile\u00e4t ja helposti k\u00e4sitelt\u00e4v\u00e4t joka tilanteessa.<\/p>\n\n\n\n<h2 class=\"wp-block-heading\">Kenelle puhdistava hoitoaine sopii<\/h2>\n\n\n\n<p>Kirkastava hoitoaine sopii kaikille. Niille, joiden hiukset ovat kuivat ja vaurioituneet usein toistuvan v\u00e4rj\u00e4yksen, l\u00e4mp\u00f6muotoilun tai ymp\u00e4rist\u00f6tekij\u00f6iden vuoksi, sen kosteuttava ja korjaava koostumus voi auttaa palauttamaan kimmoisuuden ja vahvuuden. Rasvoittuvat hiukset voivat k\u00e4ytt\u00e4\u00e4 sen hell\u00e4varaisia puhdistavia, \u00e4rsytt\u00e4m\u00e4tt\u00f6mi\u00e4 ja p\u00e4\u00e4nahkaa raikastavia ominaisuuksia rasvaisuuden v\u00e4hent\u00e4miseksi. Terveet hiukset voivat my\u00f6s k\u00e4ytt\u00e4\u00e4 sit\u00e4 kosteuden ja hallittavuuden yll\u00e4pit\u00e4miseen. Olipa sinulla sitten hauraat hiukset kemiallisten k\u00e4sittelyjen j\u00e4lkeen, rasvoittuvat hiukset, jotka tarvitsevat hell\u00e4varaista virkistyst\u00e4, tai haluat vain pit\u00e4\u00e4 hiuksesi parhaassa mahdollisessa kunnossa, Kirkastava hoitoaine voi tarjota r\u00e4\u00e4t\u00e4l\u00f6ity\u00e4 hoitoa, joka antaa sinulle sile\u00e4mm\u00e4t ja eloisammat hiukset.<\/p>\n\n\n\n<h2 class=\"wp-block-heading\">Puhdistavan hoitoaineen tuotantoprosessi<\/h2>\n\n\n\n<p>Puhdist\u00e4vien hoitoaineiden tuotanto vaatii tarkan prosessin laadun varmistamiseksi. Luonnolliset ainesosat, kuten argan\u00f6ljy ja jojoba\u00f6ljy, hankitaan huolellisesti niiden puhtauden ja tehokkuuden varmistamiseksi. Koostumuksen kehitysvaiheessa n\u00e4m\u00e4 ainesosat yhdistet\u00e4\u00e4n mietojen pinta-aktiivisten aineiden ja hoitoaineiden kanssa. Tuotantoprosessin aikana l\u00e4mp\u00f6tilaa ja aikaa kontrolloidaan tarkasti ainesosien synergian optimoimiseksi ja ravitsevien ainesosien aktiivisuuden s\u00e4ilytt\u00e4miseksi. Lopuksi k\u00e4ytet\u00e4\u00e4n ymp\u00e4rist\u00f6yst\u00e4v\u00e4llisi\u00e4 ja myrkytt\u00f6mi\u00e4 pakkausmateriaaleja tuotteen eheyden ja k\u00e4ytt\u00e4j\u00e4n turvallisuuden varmistamiseksi. Jokainen vaihe ainesosien seulonnasta pakkaamiseen pyrkii luomaan puhdistavan hoitoaineen, joka puhdistaa, ravitsee ja suojaa hiuksia tehokkaasti ja t\u00e4ytt\u00e4\u00e4 samalla korkeat laatu- ja kest\u00e4v\u00e4n kehityksen standardit.<\/p>\n\n\n\n<p><\/p>","protected":false},"excerpt":{"rendered":"Cleansing conditioner manufacturing common formulas The cleansing conditioner is carefully formulated with a variety of key natural ingredients to achieve gentle cleansing and nourishing care. Rosemary essential oil has refreshing properties, which can not only fight dryness and itching of the scalp, purify the scalp, but also solve dandruff problems and create a healthier scalp [&hellip;]","protected":false},"featured_media":3660,"menu_order":0,"template":"","meta":[],"product-tag":[],"products":[52],"class_list":["post-3659","product","type-product","status-publish","has-post-thumbnail","hentry","products-conditioner"],"acf":[],"_links":{"self":[{"href":"https:\/\/www.ruiqigo.com\/fi\/wp-json\/wp\/v2\/product\/3659","targetHints":{"allow":["GET"]}}],"collection":[{"href":"https:\/\/www.ruiqigo.com\/fi\/wp-json\/wp\/v2\/product"}],"about":[{"href":"https:\/\/www.ruiqigo.com\/fi\/wp-json\/wp\/v2\/types\/product"}],"version-history":[{"count":0,"href":"https:\/\/www.ruiqigo.com\/fi\/wp-json\/wp\/v2\/product\/3659\/revisions"}],"wp:featuredmedia":[{"embeddable":true,"href":"https:\/\/www.ruiqigo.com\/fi\/wp-json\/wp\/v2\/media\/3660"}],"wp:attachment":[{"href":"https:\/\/www.ruiqigo.com\/fi\/wp-json\/wp\/v2\/media?parent=3659"}],"wp:term":[{"taxonomy":"product-tag","embeddable":true,"href":"https:\/\/www.ruiqigo.com\/fi\/wp-json\/wp\/v2\/product-tag?post=3659"},{"taxonomy":"products","embeddable":true,"href":"https:\/\/www.ruiqigo.com\/fi\/wp-json\/wp\/v2\/products?post=3659"}],"curies":[{"name":"wp","href":"https:\/\/api.w.org\/{rel}","templated":true}]}}