{"id":366,"date":"2024-07-08T09:50:29","date_gmt":"2024-07-08T01:50:29","guid":{"rendered":"https:\/\/ruiqigo.com\/?post_type=product&#038;p=366"},"modified":"2024-10-28T15:36:38","modified_gmt":"2024-10-28T07:36:38","slug":"vanilla-body-wash","status":"publish","type":"product","link":"https:\/\/www.ruiqigo.com\/fi\/product\/vanilla-body-wash","title":{"rendered":"Vaniljainen vartalopesu"},"content":{"rendered":"<h3 class=\"wp-block-heading\">Vanilja-vartalonpesuainevalmistuksen yleiset kaavat<\/h3>\n\n\n\n<p>T\u00e4m\u00e4n Vanilla Body Washin ydinainesosa on luonnollinen eteerinen vanilja\u00f6ljy. Vaniljan eteerinen \u00f6ljy sis\u00e4lt\u00e4\u00e4 runsaasti luonnollisia fytoravinteita, kuten vitamiineja ja kivenn\u00e4isaineita, jotka eiv\u00e4t ainoastaan tee kylpyajan tuoksuja, vaan my\u00f6s ravitsevat ihoa. Samaan aikaan olemme my\u00f6s lis\u00e4nneet kaurapuuroa, kamomillaa ja muita luonnollisia kasviuutteita kaavaan, jotka voivat hell\u00e4varaisesti puhdistaa ihon, mutta my\u00f6s iholle tuoda lis\u00e4\u00e4 yll\u00e4pitovaikutusta. Kaikki ainesosat on tarkastettu tiukasti tuotteen turvallisuuden ja tehokkuuden varmistamiseksi, jotta saat korkealaatuisia luonnollisia kylpytuotteita.<\/p>\n\n\n\n<h3 class=\"wp-block-heading\">Vaniljavartalonpesu Soveltuvat skenaariot<\/h3>\n\n\n\n<p>T\u00e4m\u00e4 vaniljainen vartalonpesuaine sopii kaikkiin vuodenaikoihin ja ilmastoihin. Intohimoisena kes\u00e4n\u00e4 sen raikas ja miellytt\u00e4v\u00e4 tuoksu voi tuoda t\u00e4ydellisen rentoutumisen, mutta my\u00f6s pit\u00e4\u00e4 ihon raikkaana ja puhtaana; kylm\u00e4n\u00e4 ja kuivana talvena sen runsaat ravitsevat ainesosat voivat tarjota kattavaa hoitoa iholle lievitt\u00e4\u00e4kseen kuivuutta ja muita ongelmia.<\/p>\n\n\n\n<h3 class=\"wp-block-heading\">Kenelle Vanilla vartalonpesupuku on tarkoitettu<\/h3>\n\n\n\n<p>Rauhoittavien ja kosteuttavien ominaisuuksiensa ansiosta vaniljavartalovoide sopii kaikille ihotyypeille, erityisesti k\u00e4ytt\u00e4jille, jotka etsiv\u00e4t luonnollista aromaattista kokemusta. Kuivalle iholle tai rentoutumisen tarpeessa oleville vaniljan hell\u00e4varaiset ja kosteuttavat vaikutukset tarjoavat ihanteellisen kylpyherkutuksen. Se sopii my\u00f6s ymp\u00e4rist\u00f6tietoisille, sill\u00e4 tuote on pakattu ymp\u00e4rist\u00f6yst\u00e4v\u00e4llisiin materiaaleihin.<\/p>\n\n\n\n<h3 class=\"wp-block-heading\">Vanilja-vartalopesun valmistusprosessi<\/h3>\n\n\n\n<p>Vanilla Body Washin valmistuksessa tuoksun erottamiseen k\u00e4ytet\u00e4\u00e4n huolellisesti valittuja vaniljatankoja ja vaniljan luonnollinen aromi ja ihoa hoitavat ainesosat s\u00e4ilytet\u00e4\u00e4n kylm\u00e4uuttoprosessin kautta. Valmistusprosessin aikana kaavan suhdetta ja pH-arvoa valvotaan tiukasti, jotta varmistetaan, ett\u00e4 tuote on mieto ja \u00e4rsytt\u00e4m\u00e4t\u00f6n, s\u00e4ilytt\u00e4en samalla ihon luonnollisen pH-tasapainon.<\/p>","protected":false},"excerpt":{"rendered":"Vanilla body wash manufacturing Common Formulas The core ingredient of this Vanilla Body Wash is natural vanilla essential oil. Vanilla essential oil is rich in natural phytonutrients such as vitamins and minerals, which not only make bath time scented, but also nourish the skin. At the same time, we also added oatmeal, chamomile and other [&hellip;]","protected":false},"featured_media":367,"menu_order":0,"template":"","meta":[],"product-tag":[],"products":[57],"class_list":["post-366","product","type-product","status-publish","has-post-thumbnail","hentry","products-body-wash"],"acf":[],"_links":{"self":[{"href":"https:\/\/www.ruiqigo.com\/fi\/wp-json\/wp\/v2\/product\/366","targetHints":{"allow":["GET"]}}],"collection":[{"href":"https:\/\/www.ruiqigo.com\/fi\/wp-json\/wp\/v2\/product"}],"about":[{"href":"https:\/\/www.ruiqigo.com\/fi\/wp-json\/wp\/v2\/types\/product"}],"version-history":[{"count":0,"href":"https:\/\/www.ruiqigo.com\/fi\/wp-json\/wp\/v2\/product\/366\/revisions"}],"wp:featuredmedia":[{"embeddable":true,"href":"https:\/\/www.ruiqigo.com\/fi\/wp-json\/wp\/v2\/media\/367"}],"wp:attachment":[{"href":"https:\/\/www.ruiqigo.com\/fi\/wp-json\/wp\/v2\/media?parent=366"}],"wp:term":[{"taxonomy":"product-tag","embeddable":true,"href":"https:\/\/www.ruiqigo.com\/fi\/wp-json\/wp\/v2\/product-tag?post=366"},{"taxonomy":"products","embeddable":true,"href":"https:\/\/www.ruiqigo.com\/fi\/wp-json\/wp\/v2\/products?post=366"}],"curies":[{"name":"wp","href":"https:\/\/api.w.org\/{rel}","templated":true}]}}