{"id":3665,"date":"2025-06-18T15:07:52","date_gmt":"2025-06-18T07:07:52","guid":{"rendered":"https:\/\/www.ruiqigo.com\/?post_type=product&#038;p=3665"},"modified":"2025-06-18T15:07:52","modified_gmt":"2025-06-18T07:07:52","slug":"body-wash-for-women","status":"publish","type":"product","link":"https:\/\/www.ruiqigo.com\/fi\/product\/body-wash-for-women","title":{"rendered":"Suihkugeeli naisille"},"content":{"rendered":"<h2 class=\"wp-block-heading\">Naisten vartalosaippuan valmistus yleisten kaavojen mukaisesti<\/h2>\n\n\n\n<p>Ammattimaisena naisten suihkusaippuoiden valmistajana valitsemme luonnollisia kasviuutteita, eritt\u00e4in tehokkaasti kosteuttavia ja syv\u00e4ravitsevia ainesosia ja olemme sitoutuneet tarjoamaan hell\u00e4varaista ja tehokasta puhdistusta ja kosteuttavaa korjausta naisille. N\u00e4m\u00e4 ainesosat kosteuttavat ihoa syv\u00e4sti, vahvistavat sen luonnollista suojakerrosta, auttavat ihoa pysym\u00e4\u00e4n kosteutettuna, terveen\u00e4 ja kiilt\u00e4v\u00e4n\u00e4 ja tekev\u00e4t jokaisesta kylvyst\u00e4 hell\u00e4varaisen hoitohetken.\u00a0 <\/p>\n\n\n\n<p><strong>1. Kookos\u00f6ljy:<\/strong> Luonnollisena puhdistusaineena kookos\u00f6ljy voi poistaa hell\u00e4varaisesti likaa ja rasvaa samalla kosteuttaen ihoa. Sen rikas rasvahappokoostumus auttaa my\u00f6s yll\u00e4pit\u00e4m\u00e4\u00e4n ihon suojakerrosta, est\u00e4m\u00e4\u00e4n kosteuden haihtumista ja pit\u00e4m\u00e4\u00e4n ihon sile\u00e4n\u00e4 ja elastisena puhdistuksen j\u00e4lkeen.&nbsp;<\/p>\n\n\n\n<p><strong>2. Glyseriini: <\/strong>Glyseriini on eritt\u00e4in tehokas kosteuttava molekyyli, joka imee kosteutta ilmasta, antaa iholle pitk\u00e4kestoista kosteutusta, v\u00e4hent\u00e4\u00e4 tehokkaasti kuivuutta ja kireyden tunnetta pesun j\u00e4lkeen ja varmistaa, ett\u00e4 iho on pehme\u00e4 ja kosteutettu. Sen miedot ominaisuudet sopivat erityisesti herk\u00e4lle iholle ja auttavat yll\u00e4pit\u00e4m\u00e4\u00e4n ihon mukavuutta.&nbsp;<\/p>\n\n\n\n<p><strong>3. E-vitamiini: <\/strong>T\u00e4m\u00e4 on vahva antioksidanttinen ainesosa, joka voi auttaa ihoa vastustamaan vapaiden radikaalien aiheuttamia vaurioita, suojaamaan ihoa ymp\u00e4rist\u00f6n haittavaikutuksilta ja hidastamaan ihon ik\u00e4\u00e4ntymist\u00e4. Sill\u00e4 on my\u00f6s tiettyj\u00e4 korjaavia ja rauhoittavia vaikutuksia, joten kylpeminen on ensimm\u00e4inen askel ik\u00e4\u00e4ntymisen vastaisessa hoidossa.&nbsp;<\/p>\n\n\n\n<p><strong>4. Sheavoi:<\/strong> Sheavoi on syv\u00e4kosteuttava ainesosa, joka on runsas luonnollisista rasvahapoista ja E-vitamiinista. Se voi muodostaa suojaavan kalvon ihon pinnalle, ehk\u00e4ist\u00e4 tehokkaasti kuivuutta ja karheutta sek\u00e4 parantaa ihon pehmeytt\u00e4 ja kimmoisuutta.&nbsp;<\/p>\n\n\n\n<p><strong>5. Keramidi:<\/strong> T\u00e4m\u00e4 on luonnollinen lipidikomponentti ja t\u00e4rke\u00e4 osa ihon suojakerrosta. Se voi parantaa sarveiskerroksen suojaa, v\u00e4hent\u00e4\u00e4 veden menetyst\u00e4 ja parantaa ihon vastustuskyky\u00e4 ulkoisille \u00e4rsykkeille. Se sopii eritt\u00e4in hyvin kuivalle ja herk\u00e4lle iholle.&nbsp;<\/p>\n\n\n\n<p><strong>6. Natriumhyaluronaatti:<\/strong> Natriumhyaluronaatti on tehokas kosteuttava ainesosa, jolla on erinomainen vedenpid\u00e4tyskyky. Se voi kosteuttaa ihoa jatkuvasti kylvyn j\u00e4lkeen ja parantaa kosteutettua ja hehkuvaa tunnetta. Se sopii kaikenik\u00e4isille naisille.&nbsp;<\/p>\n\n\n\n<h2 class=\"wp-block-heading\">Naisten vartalosaippuan toiminnot<\/h2>\n\n\n\n<p>Naisten vartalosaippuallamme on ainutlaatuinen koostumus ja erinomainen teho. Se yhdist\u00e4\u00e4 luonnolliset ainesosat ja edistyneen teknologian tuoden useita hy\u00f6tyj\u00e4 iholle.&nbsp;<\/p>\n\n\n\n<p><strong>1. Hell\u00e4varainen puhdistus:<\/strong> Naisten vartalosaippuan koostumus sis\u00e4lt\u00e4\u00e4 mietoja pinta-aktiivisia aineita, jotka puhdistavat ihon tehokkaasti vahingoittamatta ihon luonnollista suojakerrosta. Se sopii erityisesti herk\u00e4lle iholle \u00e4rsytyksen ja ep\u00e4mukavuuden v\u00e4ltt\u00e4miseksi.&nbsp;<\/p>\n\n\n\n<p><strong>2. Pitk\u00e4kestoinen syv\u00e4kosteutus:<\/strong> Naisten vartalosaippua on t\u00e4ynn\u00e4 erilaisia kosteuttavia ainesosia, kuten glyseriini\u00e4 ja pantenolia, jotka kosteuttavat ihoa syv\u00e4lt\u00e4, lukitsevat kosteuden kylvyn j\u00e4lkeen, pit\u00e4v\u00e4t ihon kosteutettuna, pehme\u00e4n\u00e4 ja kuivana sek\u00e4 v\u00e4hent\u00e4v\u00e4t kireyden tunnetta.\u00a0<\/p>\n\n\n\n<p><strong>3. Vahvistaa ihon suojakerrosta:<\/strong> T\u00e4m\u00e4 tuote on valmistettu ainesosilla, kuten keramidilla ja E-vitamiinilla, jotka voivat tehokkaasti parantaa ihon itsekorjaus- ja vastustuskyky\u00e4 kylvyn j\u00e4lkeen, vahvistaa ihon suojakerrosta, parantaa ihon kyky\u00e4 vastustaa ulkoisia \u00e4rsykkeit\u00e4 ja yll\u00e4pit\u00e4\u00e4 tervett\u00e4 ihokuntoa.&nbsp;<\/p>\n\n\n\n<p><strong>4. Herk\u00e4lle iholle sopiva muotoilu:<\/strong> Naisten vartalosaippuassamme on saippuaton, alkoholiton ja ihoa v\u00e4h\u00e4n \u00e4rsytt\u00e4v\u00e4 koostumus, johon on yhdistetty rauhoittavia ainesosia. Ne eiv\u00e4t vahingoita ihoa ja ovat eritt\u00e4in yst\u00e4v\u00e4llisi\u00e4 herk\u00e4lle iholle.\u00a0<\/p>\n\n\n\n<p><strong>5. Pitk\u00e4kestoinen ja miellytt\u00e4v\u00e4 tuoksu:<\/strong> Naisten vartalosaippuassa k\u00e4ytet\u00e4\u00e4n luonnollisia kasvituoksuja. Tuoksu on luonnollinen ja pitk\u00e4kestoinen, mik\u00e4 voi tehokkaasti parantaa k\u00e4ytt\u00f6mukavuutta.&nbsp;<\/p>\n\n\n\n<h2 class=\"wp-block-heading\">Kuinka k\u00e4ytt\u00e4\u00e4 vartalosaippuaa naisille<\/h2>\n\n\n\n<p>Vain muutamalla yksinkertaisella vaiheella voit nauttia hell\u00e4varaisen puhdistuksen, syv\u00e4kosteutuksen ja pitk\u00e4kestoisen tuoksun monista vaikutuksista. On suositeltavaa k\u00e4ytt\u00e4\u00e4 sit\u00e4 kylpypallon tai vaahtoverkon kanssa puhdistustehon tehostamiseksi.&nbsp;<\/p>\n\n\n\n<p>1. Kastele iho kauttaaltaan, ota sopiva m\u00e4\u00e4r\u00e4 suihkugeeli\u00e4 k\u00e4mmenellesi tai kylpypallolle ja hiero varovasti, kunnes muodostuu runsaasti vaahtoa.<\/p>\n\n\n\n<p>2. Levit\u00e4 se tasaisesti koko vartalolle ja hiero ihoa hell\u00e4varaisesti kiinnitt\u00e4en erityist\u00e4 huomiota kuiviin tai karheisiin alueisiin.<\/p>\n\n\n\n<p>3. Huuhtele huolellisesti puhtaalla vedell\u00e4, jotta v\u00e4ltyt\u00e4\u00e4n j\u00e4\u00e4milt\u00e4.<\/p>\n\n\n\n<p>4. Kylvyn j\u00e4lkeen voit k\u00e4ytt\u00e4\u00e4 sit\u00e4 vartalovoiteen tai eteerisen \u00f6ljyn kanssa kosteuttavan vaikutuksen tehostamiseksi.<\/p>\n\n\n\n<h2 class=\"wp-block-heading\">Varoitus<\/h2>\n\n\n\n<p>Varmistaaksesi vartalosaippuan turvallisen ja tehokkaan k\u00e4yt\u00f6n naisille, noudata n\u00e4it\u00e4 vinkkej\u00e4 saadaksesi parhaan mahdollisen hoitokokemuksen ja v\u00e4ltt\u00e4\u00e4ksesi mahdolliset ongelmat.&nbsp;<\/p>\n\n\n\n<p><strong>1. Allergiatesti:<\/strong> Ennen ensimm\u00e4ist\u00e4 k\u00e4ytt\u00f6kertaa on suositeltavaa tehd\u00e4 paikallinen ihotesti allergisen reaktion varalta ennen k\u00e4ytt\u00f6\u00e4 suurella alueella. Jos ilmenee allerginen reaktio tai ep\u00e4mukavuutta, lopeta k\u00e4ytt\u00f6 v\u00e4litt\u00f6m\u00e4sti ja ota yhteys l\u00e4\u00e4k\u00e4riin.&nbsp;<\/p>\n\n\n\n<p><strong>2. V\u00e4lt\u00e4 kosketusta silmiin:<\/strong> V\u00e4lt\u00e4 suihkugeelin joutumista silmiin k\u00e4yt\u00f6n aikana. Jos geeli\u00e4 joutuu vahingossa silmiin, huuhtele ne v\u00e4litt\u00f6m\u00e4sti puhtaalla vedell\u00e4 ep\u00e4mukavuuden tai \u00e4rsytyksen v\u00e4ltt\u00e4miseksi.&nbsp;<\/p>\n\n\n\n<p><strong>3. S\u00e4ilytysohjeet:<\/strong> S\u00e4ilyt\u00e4 viile\u00e4ss\u00e4 ja kuivassa paikassa, v\u00e4lt\u00e4 suoraa auringonvaloa. Pid\u00e4 poissa lasten ulottuvilta vahingossa tapahtuvan nielemisen v\u00e4ltt\u00e4miseksi.&nbsp;<\/p>\n\n\n\n<p><strong>4. Suositeltu k\u00e4ytt\u00f6tiheys: <\/strong>On suositeltavaa k\u00e4ytt\u00e4\u00e4 sit\u00e4 kerran p\u00e4iv\u00e4ss\u00e4, jotta v\u00e4ltet\u00e4\u00e4n liiallinen puhdistaminen, joka voi vahingoittaa estett\u00e4.&nbsp;<\/p>\n\n\n\n<h2 class=\"wp-block-heading\">Johtop\u00e4\u00e4t\u00f6s<\/h2>\n\n\n\n<p>Naisten vartalonpesuaine on korkealaatuinen vartalonhoitotuote, joka on hell\u00e4varainen, puhdistava ja syv\u00e4ravitseva. Sen keskeisi\u00e4 etuja ovat turvallinen koostumus, mukava k\u00e4ytt\u00f6 ja erinomainen suorituskyky, jotka t\u00e4ytt\u00e4v\u00e4t naisten moninaiset puhdistus-, kosteutus- ja nautintotarpeet. Jatkuva k\u00e4ytt\u00f6 voi tehokkaasti parantaa ihon karheutta ja kuivuutta sek\u00e4 parantaa ihon yleist\u00e4 tuntumaa ja kiiltoa.<\/p>","protected":false},"excerpt":{"rendered":"Body Wash For Women Manufacturing Common Formulas As a professional body wash for women manufacturer, we select natural plant essences, highly effective moisturizing and deeply nourishing ingredients, and are committed to providing gentle and effective cleansing and moisturizing repair for women. These ingredients deeply moisturize the skin, strengthen its natural barrier, help the skin stay [&hellip;]","protected":false},"featured_media":3666,"menu_order":0,"template":"","meta":[],"product-tag":[],"products":[57],"class_list":["post-3665","product","type-product","status-publish","has-post-thumbnail","hentry","products-body-wash"],"acf":[],"_links":{"self":[{"href":"https:\/\/www.ruiqigo.com\/fi\/wp-json\/wp\/v2\/product\/3665","targetHints":{"allow":["GET"]}}],"collection":[{"href":"https:\/\/www.ruiqigo.com\/fi\/wp-json\/wp\/v2\/product"}],"about":[{"href":"https:\/\/www.ruiqigo.com\/fi\/wp-json\/wp\/v2\/types\/product"}],"version-history":[{"count":0,"href":"https:\/\/www.ruiqigo.com\/fi\/wp-json\/wp\/v2\/product\/3665\/revisions"}],"wp:featuredmedia":[{"embeddable":true,"href":"https:\/\/www.ruiqigo.com\/fi\/wp-json\/wp\/v2\/media\/3666"}],"wp:attachment":[{"href":"https:\/\/www.ruiqigo.com\/fi\/wp-json\/wp\/v2\/media?parent=3665"}],"wp:term":[{"taxonomy":"product-tag","embeddable":true,"href":"https:\/\/www.ruiqigo.com\/fi\/wp-json\/wp\/v2\/product-tag?post=3665"},{"taxonomy":"products","embeddable":true,"href":"https:\/\/www.ruiqigo.com\/fi\/wp-json\/wp\/v2\/products?post=3665"}],"curies":[{"name":"wp","href":"https:\/\/api.w.org\/{rel}","templated":true}]}}