{"id":3671,"date":"2025-06-18T11:10:21","date_gmt":"2025-06-18T03:10:21","guid":{"rendered":"https:\/\/www.ruiqigo.com\/?post_type=product&#038;p=3671"},"modified":"2025-06-19T09:09:34","modified_gmt":"2025-06-19T01:09:34","slug":"herbal-essences-conditioner","status":"publish","type":"product","link":"https:\/\/www.ruiqigo.com\/fi\/product\/herbal-essences-conditioner","title":{"rendered":"Herbal Essences -hoitoaine"},"content":{"rendered":"<h2 class=\"wp-block-heading\">Yrttiuutteiden hoitoaineiden valmistuksen yleiset kaavat<\/h2>\n\n\n\n<p>T\u00e4m\u00e4 REAL SPRING Herbal Essences -hoitoaine k\u00e4ytt\u00e4\u00e4 useita luonnollisia ainesosia luodakseen hell\u00e4varaisen ja tehokkaan hiustenhoitoratkaisun. Kookos\u00f6ljy on runsaasti rasvahappoja sis\u00e4lt\u00e4v\u00e4\u00e4, jotka voivat tunkeutua hiuksiin lukitakseen kosteuden, torjuakseen kuivuutta ja parantaakseen kimmoisuutta. Argan\u00f6ljy on t\u00e4ynn\u00e4 vitamiineja ja antioksidantteja, jotka silottavat p\u00f6rr\u00f6isyytt\u00e4, lis\u00e4\u00e4v\u00e4t kiiltoa ja vahvistavat hiuksia tyvest\u00e4 latvaan. Avokado\u00f6ljy k\u00e4ytt\u00e4\u00e4 ravinteita, kuten \u00f6ljyhappoa, ravitsemaan syv\u00e4lt\u00e4, korjaamaan vaurioita ja parantamaan hiusten kimmoisuutta. N\u00e4m\u00e4 ainesosat toimivat yhdess\u00e4, jotta hoitoaine puhdistaa hell\u00e4varaisesti j\u00e4\u00e4m\u00e4t ja ravitsee hiuksia t\u00e4ydellisesti, j\u00e4tt\u00e4en hiukset silkkisiksi ja helposti k\u00e4sitelt\u00e4viksi sek\u00e4 luonnollisen kiillon omaaviksi.<\/p>\n\n\n\n<h2 class=\"wp-block-heading\">Yrttiuutteiden hoitoaineisiin sovellettavat skenaariot<\/h2>\n\n\n\n<p>Yrttipohjaiset hoitoaineet sopivat monenlaisiin hiustenhoitotarpeisiin. P\u00e4ivitt\u00e4isess\u00e4 hiustenhoidossa ne ravitsevat ja silottavat hiuksia hell\u00e4varaisesti tehden niist\u00e4 pehme\u00e4t ja helposti k\u00e4sitelt\u00e4v\u00e4t rasittamatta niit\u00e4. Aurinkoisen ja tuulen j\u00e4lkeen ne voivat palauttaa kosteuden ja korjata ymp\u00e4rist\u00f6tekij\u00f6iden aiheuttamia pieni\u00e4 vaurioita. Kuiville ja p\u00f6rr\u00f6isille hiuksille jatkuva k\u00e4ytt\u00f6 voi tehd\u00e4 hiuksista sile\u00e4mm\u00e4t ja parantaa niiden luonnollista kiiltoa. Olipa kyseess\u00e4 sitten s\u00e4\u00e4nn\u00f6llinen hoito kotona, hiusten siistin\u00e4 pit\u00e4minen matkoilla tai muotoilutuotteiden k\u00e4yt\u00f6n j\u00e4lkeen, yrttipohjaiset hoitoaineet voivat tehokkaasti hoitaa hiuksiasi ja varmistaa, ett\u00e4 ne s\u00e4ilytt\u00e4v\u00e4t terveen ulkon\u00e4\u00f6n ja ovat helposti muotoiltavat erilaisissa tilanteissa.<\/p>\n\n\n\n<h2 class=\"wp-block-heading\">Kenelle Herbal Essences -hoitoaine sopii<\/h2>\n\n\n\n<p>Herbal Essence -hoitoaine sopii monenlaisille ihmisille. Se sopii kuiville ja p\u00f6rr\u00f6isille hiuksille, sill\u00e4 kasvi\u00f6ljyt (kuten kookos\u00f6ljy ja argan\u00f6ljy) kosteuttavat ja kesytt\u00e4v\u00e4t p\u00f6rr\u00f6iset hiukset syv\u00e4lt\u00e4. My\u00f6s v\u00e4rj\u00e4tyt hiukset hy\u00f6tyv\u00e4t hell\u00e4varaisista yrttiuutteista, jotka suojaavat ja lukitsevat v\u00e4rin vahingoittamatta hiuksia. L\u00e4mp\u00f6muotoilun ja kemikaalien vaurioittamille hiuksille sen ravitseva koostumus voi korjata ja vahvistaa hiuksia. Kevyet luonnolliset ainesosat puhdistavat hell\u00e4varaisesti ja tasapainottavat hiusten rasvaisuutta kuivattamatta niit\u00e4 liikaa. Olipa kyseess\u00e4 sitten p\u00e4ivitt\u00e4inen terveiden hiusten hoito tai vaurioituneiden hiusten kohdennettu korjaus, se ravitsee hiuksia tehokkaasti ja tekee niist\u00e4 sile\u00e4mm\u00e4t ja vahvemmat.<\/p>\n\n\n\n<h2 class=\"wp-block-heading\">Yrtti-essenssien hoitoaineiden tuotantoprosessi<\/h2>\n\n\n\n<p>Herbal essence -hoitoaineen tuotanto noudattaa tiukkaa monivaiheista prosessia laadun varmistamiseksi. Ensinn\u00e4kin luonnolliset ainesosat, kuten kookos\u00f6ljy, p\u00e4hkin\u00e4\u00f6ljy ja kasviuutteet, hankitaan huolellisesti, ja toimittajia tarkastetaan tiukasti niiden puhtauden, kest\u00e4vyyden ja tehokkuuden varmistamiseksi. Koostumuksen kehitysvaiheessa n\u00e4ihin luonnollisiin ainesosiin sekoitetaan mietoja emulgointiaineita, kosteuttajia ja hiustenhoitoaineita. Tuotantoprosessin aikana l\u00e4mp\u00f6tilaa ja sekoitusaikaa kontrolloidaan tarkasti ainesosien synergian optimoimiseksi ja ravitsevien ainesosien aktiivisuuden s\u00e4ilytt\u00e4miseksi. Sekoittamisen j\u00e4lkeen tuotteen koostumus ja turvallisuus testataan. Lopuksi se pakataan ymp\u00e4rist\u00f6yst\u00e4v\u00e4llisiin ja myrkytt\u00f6miin pakkausmateriaaleihin. Jokainen vaihe ainesosien valinnasta pakkaukseen pyrkii luomaan hoitoaineen, joka ravitsee, silottaa ja suojaa hiuksia tehokkaasti ja t\u00e4ytt\u00e4\u00e4 samalla korkeat laatu- ja ymp\u00e4rist\u00f6standardit.<\/p>","protected":false},"excerpt":{"rendered":"Herbal essences conditioner manufacturing common formulas This REAL SPRING Herbal Essences Conditioner uses a variety of natural ingredients to create a gentle and effective hair care solution. Coconut oil is rich in fatty acids, which can penetrate the hair to lock in moisture, fight dryness, and improve suppleness; Argan oil is rich in vitamins and [&hellip;]","protected":false},"featured_media":3678,"menu_order":0,"template":"","meta":[],"product-tag":[],"products":[52],"class_list":["post-3671","product","type-product","status-publish","has-post-thumbnail","hentry","products-conditioner"],"acf":[],"_links":{"self":[{"href":"https:\/\/www.ruiqigo.com\/fi\/wp-json\/wp\/v2\/product\/3671","targetHints":{"allow":["GET"]}}],"collection":[{"href":"https:\/\/www.ruiqigo.com\/fi\/wp-json\/wp\/v2\/product"}],"about":[{"href":"https:\/\/www.ruiqigo.com\/fi\/wp-json\/wp\/v2\/types\/product"}],"version-history":[{"count":0,"href":"https:\/\/www.ruiqigo.com\/fi\/wp-json\/wp\/v2\/product\/3671\/revisions"}],"wp:featuredmedia":[{"embeddable":true,"href":"https:\/\/www.ruiqigo.com\/fi\/wp-json\/wp\/v2\/media\/3678"}],"wp:attachment":[{"href":"https:\/\/www.ruiqigo.com\/fi\/wp-json\/wp\/v2\/media?parent=3671"}],"wp:term":[{"taxonomy":"product-tag","embeddable":true,"href":"https:\/\/www.ruiqigo.com\/fi\/wp-json\/wp\/v2\/product-tag?post=3671"},{"taxonomy":"products","embeddable":true,"href":"https:\/\/www.ruiqigo.com\/fi\/wp-json\/wp\/v2\/products?post=3671"}],"curies":[{"name":"wp","href":"https:\/\/api.w.org\/{rel}","templated":true}]}}