{"id":3680,"date":"2025-06-18T17:20:18","date_gmt":"2025-06-18T09:20:18","guid":{"rendered":"https:\/\/www.ruiqigo.com\/?post_type=product&#038;p=3680"},"modified":"2025-06-19T09:13:24","modified_gmt":"2025-06-19T01:13:24","slug":"biotin-shampoo-and-conditioner","status":"publish","type":"product","link":"https:\/\/www.ruiqigo.com\/fi\/product\/biotin-shampoo-and-conditioner","title":{"rendered":"Biotiini-shampoo ja -hoitoaine"},"content":{"rendered":"<h2 class=\"wp-block-heading\">Biotiini-shampoo- ja hoitoainevalmisteiden yleiset kaavat<\/h2>\n\n\n\n<p>T\u00e4m\u00e4n biotiini-shampoon ja -hoitoaineen tuotannossa k\u00e4yt\u00e4mme useita luonnollisia ainesosia, jotka yhdess\u00e4 puhdistavat, ravitsevat ja vahvistavat hiuksia sek\u00e4 hoitavat p\u00e4\u00e4nahkaa.<\/p>\n\n\n\n<p>1. Biotiini: Biotiini, joka tunnetaan my\u00f6s nimell\u00e4 B7-vitamiini, on keskeinen ainesosa. Se on avainasemassa keratiinisynteesin edist\u00e4misess\u00e4, hiusten katkeilun v\u00e4hent\u00e4misess\u00e4, hiusten paksuuntumisessa ja hiusten yleisen elinvoiman parantamisessa parantamalla hiustuppien terveytt\u00e4, mik\u00e4 luo vankan perustan vahvoille hiuksille.<\/p>\n\n\n\n<p>2. Laventeli: Laventeliuute rauhoittaa p\u00e4\u00e4nahkaa, lievitt\u00e4\u00e4 \u00e4rsytyst\u00e4 ja kutinaa, ja sen miellytt\u00e4v\u00e4 tuoksu tuo rentouttavan tunteen k\u00e4ytettyn\u00e4. Sen antioksidanttiset ominaisuudet suojaavat hiuksia ymp\u00e4rist\u00f6n aiheuttamilta vaurioilta, auttavat tasapainottamaan p\u00e4\u00e4nahan \u00f6ljyntuotantoa ja antavat my\u00f6s kevyen ja raikkaan kukkaistuoksun parantaakseen k\u00e4ytt\u00f6kokemusta.<\/p>\n\n\n\n<p>3. Ginseng: Ginseng-uute edist\u00e4\u00e4 verenkiertoa p\u00e4\u00e4nahassa ja helpottaa ravinteiden kulkeutumista hiustuppiin. Se elvytt\u00e4\u00e4 elottomia hiuksia, parantaa hiusten vahvuutta ja kimmoisuutta sek\u00e4 auttaa parantamaan hiusten ohenemisongelmia optimoimalla hiustuppien toimintaa ja auttamalla hiuksia palauttamaan elinvoimansa.<\/p>\n\n\n\n<p>4. Punalev\u00e4: Punalev\u00e4 on runsaasti mineraaleja, vitamiineja ja aminohappoja. Se kosteuttaa syv\u00e4lt\u00e4, muodostaa suojaavan kalvon, joka lukitsee kosteuden ihoon ja suojaa ulkoisilta vaurioilta, kuten UV-s\u00e4teilt\u00e4 ja saasteilta. Se my\u00f6s silottaa hiussuomuja, lis\u00e4\u00e4 hiusten kiiltoa ja antaa niille terveemm\u00e4n ulkon\u00e4\u00f6n.<\/p>\n\n\n\n<p>5. Gardenia: Gardenia-uute hoitaa hiuksia tehden niist\u00e4 pehme\u00e4mm\u00e4t ja helpommin k\u00e4sitelt\u00e4v\u00e4t. Luonnolliset ainesosat ravitsevat p\u00e4\u00e4nahkaa, v\u00e4hent\u00e4v\u00e4t p\u00f6rr\u00f6isyytt\u00e4 ja antavat hiuksille kevyen kukkaistuoksun. Ne auttavat my\u00f6s yll\u00e4pit\u00e4m\u00e4\u00e4n p\u00e4\u00e4nahan mikrobiomin terveytt\u00e4 luoden hyv\u00e4n ymp\u00e4rist\u00f6n hiusten kasvulle.<\/p>\n\n\n\n<h2 class=\"wp-block-heading\">Biotiini-shampoon ja -hoitoaineen toiminnot<\/h2>\n\n\n\n<p>Ammattimaisena biotiinia sis\u00e4lt\u00e4v\u00e4n\u00e4 hiustenhoitotuotteena se yhdist\u00e4\u00e4 shampoon puhdistavat ominaisuudet hoitoaineen ravitseviin ominaisuuksiin ja k\u00e4ytt\u00e4\u00e4 luonnollisia ainesosia, kuten biotiinia, laventelia ja ginsengi\u00e4, tarjotakseen hell\u00e4varaisen ja tehokkaan hiustenhoitokokemuksen.<\/p>\n\n\n\n<p>1. Tehokas ravitsemus: Ydinasekokeen biotiini edist\u00e4\u00e4 keratiinin tuotantoa, vahvistaa hiuksia sis\u00e4lt\u00e4p\u00e4in ja yhdess\u00e4 hydrolysoidun keratiinin kanssa korjaa vaurioituneita hiuksia, v\u00e4hent\u00e4\u00e4 hiusten katkeilua sek\u00e4 ravitsee ja elvytt\u00e4\u00e4 hiusten yleist\u00e4 elinvoimaa syv\u00e4lt\u00e4.<\/p>\n\n\n\n<p>2. Kosteuden lukitseminen: Punalev\u00e4uute muodostaa kosteutta sitovan suojakerroksen, gardenia- ja laventeliuutteet rauhoittavat p\u00e4\u00e4nahkaa, t\u00e4ydent\u00e4v\u00e4t synergistisesti hiusten kosteutta, lukitsevat luonnollisen kosteuden, ehk\u00e4isev\u00e4t kuivuutta ja p\u00f6rr\u00f6isyytt\u00e4 sek\u00e4 tekev\u00e4t hiuksista pehme\u00e4t, sile\u00e4t ja kosteutetut.<\/p>\n\n\n\n<p>3. Hell\u00e4varainen puhdistus: Luovu \u00e4rsytt\u00e4vist\u00e4 sulfaateista ja k\u00e4yt\u00e4 hell\u00e4varaisia luonnollisia puhdistusaineita lian, rasvan ja j\u00e4\u00e4mien tehokkaaseen poistamiseen. Puhdistaa s\u00e4ilytt\u00e4en hiusten luonnolliset \u00f6ljyt, sopii p\u00e4ivitt\u00e4iseen k\u00e4ytt\u00f6\u00f6n ja herk\u00e4lle p\u00e4\u00e4nahalle, raikas ja ei \u00e4rsyt\u00e4 pesun j\u00e4lkeen.<\/p>\n\n\n\n<p>4. P\u00e4\u00e4nahan hoito ja rauhoittaminen: Ginseng edist\u00e4\u00e4 verenkiertoa ja toimittaa ravinteita hiustuppiin; laventeli ja gardenia rauhoittavat \u00e4rsytyst\u00e4, lievitt\u00e4v\u00e4t kutinaa, tasapainottavat p\u00e4\u00e4nahan \u00f6ljy\u00e4, luovat terveen hiuskasvuymp\u00e4rist\u00f6n ja parantavat p\u00e4\u00e4nahan mukavuutta.<\/p>\n\n\n\n<p>5. Kirkas ja sile\u00e4: Hydrolysoitu keratiini silottaa hiussuomuja, punalev\u00e4 lis\u00e4\u00e4 kiiltoa, koostumus suoristaa p\u00f6rr\u00f6isyytt\u00e4, v\u00e4hent\u00e4\u00e4 takkuja, antaa hiuksille luonnollisen ja terveen kiillon sek\u00e4 parantaa hallittavuutta ja kauneutta.<\/p>\n\n\n\n<p>6. Yst\u00e4v\u00e4llinen v\u00e4rj\u00e4tyille hiuksille: Hell\u00e4varainen koostumus ei vahingoita hiussuomuja eik\u00e4 kiihdyt\u00e4 v\u00e4rin haalistumista, auttaa s\u00e4ilytt\u00e4m\u00e4\u00e4n v\u00e4rj\u00e4tyn hiusv\u00e4rin kirkkautta, suojaa v\u00e4rj\u00e4ttyj\u00e4 hiuksia ymp\u00e4rist\u00f6n aiheuttamilta haittavaikutuksilta, pident\u00e4\u00e4 hiusv\u00e4rin kest\u00e4vyytt\u00e4 ja pit\u00e4\u00e4 v\u00e4rj\u00e4tyt hiukset kirkkaina.<\/p>\n\n\n\n<h2 class=\"wp-block-heading\">Biotiini-shampoon ja -hoitoaineen k\u00e4ytt\u00f6ohjeet<\/h2>\n\n\n\n<p>Biotiini-shampoo- ja hoitoainetuotteemme ovat yhdistelm\u00e4 puhdistavaa ja ravitsevaa, sopivat monenlaisiin hiustenhoitotarpeisiin ja ovat helppok\u00e4ytt\u00f6isi\u00e4.<\/p>\n\n\n\n<p>1. Kastele hiuksesi: Kastele ensin hiuksesi l\u00e4mpim\u00e4ll\u00e4 vedell\u00e4 varmistaaksesi, ett\u00e4 jokainen hiussuortuva on kosteutettu, jotta tuote jakautuu tasaisesti ja on t\u00e4ysin tehokas.<\/p>\n\n\n\n<p>2. Levit\u00e4 tuote: Purista sopiva m\u00e4\u00e4r\u00e4 tuotetta k\u00e4mmenellesi, hiero k\u00e4si\u00e4si kevyesti emulgoimaan sit\u00e4 hieman ja levit\u00e4 se sitten tasaisesti p\u00e4\u00e4nahkaan ja hiuksiin. Hiero p\u00e4\u00e4nahkaa hell\u00e4varaisesti py\u00f6rivin liikkein 1\u20132 minuuttia edist\u00e4\u00e4ksesi verenkiertoa ja antaaksesi tuotteen ravita p\u00e4\u00e4nahkaa ja hiuksia tehokkaasti.<\/p>\n\n\n\n<p>3. Huuhtele huolellisesti: Hieronnan j\u00e4lkeen huuhtele hiuksesi l\u00e4mpim\u00e4ll\u00e4 vedell\u00e4, kunnes tuotetta ei en\u00e4\u00e4 ole j\u00e4ljell\u00e4. Varmista, ett\u00e4 vaahto ja aineenvaihdunnan ainesosat huuhtoutuvat pois, jotta hiuksesi pysyv\u00e4t raikkaina ja puhtaina.<\/p>\n\n\n\n<p>4. Valinnainen jatkohoito: Jos hiuksesi ovat kuivat tai vaurioituneet ja haluat tehostaa niiden kosteutusta, voit levitt\u00e4\u00e4 pienen m\u00e4\u00e4r\u00e4n hiustenhoito\u00f6ljy\u00e4 hieman kosteisiin hiuksiin. Anna hiusten kuivua luonnollisesti tai f\u00f6\u00f6naa ne alhaisella l\u00e4mm\u00f6ll\u00e4 saadaksesi sile\u00e4n lopputuloksen.<\/p>\n\n\n\n<h2 class=\"wp-block-heading\">Varoitus<\/h2>\n\n\n\n<p>1. Valitse oikea tuote hiustyypillesi parhaan tuloksen saavuttamiseksi.<\/p>\n\n\n\n<p>2. Levit\u00e4 pieni m\u00e4\u00e4r\u00e4 tuotetta korvan taakse ensimm\u00e4isell\u00e4 k\u00e4ytt\u00f6kerralla. Jos havaitset allergisia reaktioita, kuten pistely\u00e4 tai punoitusta, lopeta k\u00e4ytt\u00f6 v\u00e4litt\u00f6m\u00e4sti.<\/p>\n\n\n\n<p>3. K\u00e4yt\u00e4 tuotetta tarpeen mukaan.<\/p>\n\n\n\n<p>4. K\u00e4yt\u00e4 useimmille hiustyypeille 2\u20133 kertaa viikossa. Ohuille tai rasvoittuville hiuksille lis\u00e4\u00e4 k\u00e4ytt\u00f6kertoja 3\u20134 kertaan viikossa. Ellei hiuksesi ole \u00e4\u00e4rimm\u00e4isen kuivat, usein toistuva k\u00e4ytt\u00f6 voi h\u00e4irit\u00e4 p\u00e4\u00e4nahan luonnollista tasapainoa.<\/p>\n\n\n\n<p>5. S\u00e4ilyt\u00e4 tuotetta viile\u00e4ss\u00e4 ja kuivassa paikassa, poissa suorasta auringonvalosta ja korkeista l\u00e4mp\u00f6tiloista.<\/p>\n\n\n\n<h2 class=\"wp-block-heading\">Johtop\u00e4\u00e4t\u00f6s<\/h2>\n\n\n\n<p>Biotiini-shampoo ja -hoitoaine tarjoaa kattavan hiustenhoitoratkaisun. Se sis\u00e4lt\u00e4\u00e4 luonnollisia ainesosia, kuten biotiinia, laventelia, ginsengi\u00e4 jne., jotka puhdistavat hiuksia hell\u00e4varaisesti, ravitsevat syv\u00e4lt\u00e4 ja vahvistavat niit\u00e4. Sen kaksi-in-one-koostumus sopii kaikille hiustyypeille ja k\u00e4ytt\u00f6tilanteisiin p\u00e4ivitt\u00e4isest\u00e4 hoidosta muotoilun j\u00e4lkeiseen korjaamiseen. Auttaa k\u00e4ytt\u00e4ji\u00e4 saamaan terveemm\u00e4t, vahvemmat ja eloisammat hiukset. Olipa kyseess\u00e4 sitten p\u00e4ivitt\u00e4inen hoito tai tiettyihin hiusongelmiin kohdistuva hoito, t\u00e4m\u00e4 tuote yhdist\u00e4\u00e4 tehokkuuden ja hell\u00e4varaisuuden ja auttaa pit\u00e4m\u00e4\u00e4n hiukset optimaalisessa kunnossa.<\/p>\n\n\n\n<p><\/p>","protected":false},"excerpt":{"rendered":"Biotin Shampoo And Conditioner Manufacturing Common Formulas When producing this biotin shampoo and conditioner, we use a variety of natural ingredients that work together to clean, nourish, strengthen hair, and care for the scalp. 1. Biotin: Biotin, also known as vitamin B7, is the core ingredient. It plays a key role in promoting keratin synthesis, [&hellip;]","protected":false},"featured_media":3683,"menu_order":0,"template":"","meta":[],"product-tag":[],"products":[54],"class_list":["post-3680","product","type-product","status-publish","has-post-thumbnail","hentry","products-shampoo-and-conditioner"],"acf":[],"_links":{"self":[{"href":"https:\/\/www.ruiqigo.com\/fi\/wp-json\/wp\/v2\/product\/3680","targetHints":{"allow":["GET"]}}],"collection":[{"href":"https:\/\/www.ruiqigo.com\/fi\/wp-json\/wp\/v2\/product"}],"about":[{"href":"https:\/\/www.ruiqigo.com\/fi\/wp-json\/wp\/v2\/types\/product"}],"version-history":[{"count":0,"href":"https:\/\/www.ruiqigo.com\/fi\/wp-json\/wp\/v2\/product\/3680\/revisions"}],"wp:featuredmedia":[{"embeddable":true,"href":"https:\/\/www.ruiqigo.com\/fi\/wp-json\/wp\/v2\/media\/3683"}],"wp:attachment":[{"href":"https:\/\/www.ruiqigo.com\/fi\/wp-json\/wp\/v2\/media?parent=3680"}],"wp:term":[{"taxonomy":"product-tag","embeddable":true,"href":"https:\/\/www.ruiqigo.com\/fi\/wp-json\/wp\/v2\/product-tag?post=3680"},{"taxonomy":"products","embeddable":true,"href":"https:\/\/www.ruiqigo.com\/fi\/wp-json\/wp\/v2\/products?post=3680"}],"curies":[{"name":"wp","href":"https:\/\/api.w.org\/{rel}","templated":true}]}}