{"id":3750,"date":"2025-07-03T11:06:55","date_gmt":"2025-07-03T03:06:55","guid":{"rendered":"https:\/\/www.ruiqigo.com\/?post_type=product&#038;p=3750"},"modified":"2025-07-03T11:06:56","modified_gmt":"2025-07-03T03:06:56","slug":"hand-cream-for-man","status":"publish","type":"product","link":"https:\/\/www.ruiqigo.com\/fi\/product\/hand-cream-for-man","title":{"rendered":"K\u00e4sivoide miehille"},"content":{"rendered":"<h2 class=\"wp-block-heading\">K\u00e4sivoide miehille, jotka valmistavat Common Formulas<\/h2>\n\n\n\n<p>Yksi miesten k\u00e4sivoiteen t\u00e4rkeimmist\u00e4 ainesosista on sheavoi, joka on runsaasti rasvahappoja sis\u00e4lt\u00e4v\u00e4 ja voi muodostaa kosteutta sitovan kalvon torjumaan k\u00e4sien kuivuutta, joka johtuu usein toistuvasta k\u00e4sien k\u00e4yt\u00f6st\u00e4. Tuotteeseen on lis\u00e4tty E-vitamiinia, joka on voimakas antioksidantti ja joka voi neutraloida vapaita radikaaleja, v\u00e4hent\u00e4\u00e4 ymp\u00e4rist\u00f6n aiheuttamia vaurioita ja hidastaa ik\u00e4\u00e4ntymist\u00e4. N\u00e4m\u00e4 ainesosat toimivat yhdess\u00e4 lievitt\u00e4\u00e4kseen rasituksen tai liikunnan aiheuttamaa karheutta, parantaakseen ihon kimmoisuutta, lievitt\u00e4\u00e4kseen kuivuutta, parantaakseen ihon rakennetta, varmistaakseen nopean imeytymisen ja ollakseen rasvaton. Se sopii miesten p\u00e4ivitt\u00e4iseen hoitoon ja antaa sinulle terveet ja pehme\u00e4t k\u00e4det.<\/p>\n\n\n\n<h2 class=\"wp-block-heading\">K\u00e4sivoide miehille Sovellettavat skenaariot<\/h2>\n\n\n\n<p>T\u00e4m\u00e4 miesten k\u00e4sivoide sopii monenlaisiin p\u00e4ivitt\u00e4isiin tilanteisiin. Ulkourheilun, kuten py\u00f6r\u00e4ilyn ja koripallon, j\u00e4lkeen k\u00e4det ovat kuivat ja kuivuneet. T\u00e4m\u00e4n k\u00e4sivoiteen levitt\u00e4minen voi palauttaa kosteuden nopeasti. Fyysist\u00e4 ty\u00f6t\u00e4 teht\u00e4ess\u00e4 sen suojaava koostumus voi auttaa k\u00e4si\u00e4 vastustamaan kitkaa ja v\u00e4ltt\u00e4m\u00e4\u00e4n karheutta ja halkeilua. Kuivassa toimistoymp\u00e4rist\u00f6ss\u00e4 tai huonolla s\u00e4\u00e4ll\u00e4, kuten kylm\u00e4ss\u00e4 tuulessa ja paahtavassa auringossa, se voi lukita kosteuden ja est\u00e4\u00e4 k\u00e4sien rohtumisen. Niin kauan kuin miehill\u00e4 on k\u00e4sien uudistuvaa hoitoa, t\u00e4m\u00e4 k\u00e4sivoide voi ravita heit\u00e4 v\u00e4litt\u00f6m\u00e4sti pit\u00e4en heid\u00e4n k\u00e4tens\u00e4 mukavina ja t\u00e4ysin suojattuina koko ajan.<\/p>\n\n\n\n<h2 class=\"wp-block-heading\">Kenelle miesten pukuihin tarkoitettu k\u00e4sivoide on tarkoitettu<\/h2>\n\n\n\n<p>T\u00e4m\u00e4 miesten k\u00e4sivoide sopii miehille, joilla on erilaisia k\u00e4sienhoitotarpeita. Se sopii erityisesti niille, jotka pesev\u00e4t k\u00e4si\u00e4\u00e4n usein t\u00f6iss\u00e4, altistuvat pitk\u00e4\u00e4n tuulelle ja auringolle ulkona tai joilla on kuivat ja karheat k\u00e4det. Se voi tehokkaasti kosteuttaa, lievitt\u00e4\u00e4 ep\u00e4mukavuutta ja muodostaa suojaavan kerroksen. Se sopii kaikentyyppisille miehille ja auttaa pit\u00e4m\u00e4\u00e4n k\u00e4det tervein\u00e4 ja mukavina.<\/p>\n\n\n\n<h2 class=\"wp-block-heading\">K\u00e4sivoide miehille Valmistusprosessi<\/h2>\n\n\n\n<p>Miesten k\u00e4sivoiteen tuotantoprosessi keskittyy tehokkuuteen ja yhteensopivuuteen miesten ihon kanssa. Tehokkaat ainesosat, kuten sheavoi ja E-vitamiini, valitaan huolellisesti ja s\u00e4ilytet\u00e4\u00e4n tarkan uuttamisen avulla. Kosteuttavien, pehment\u00e4vien ja suojaavien aineiden osuuksia valvotaan tarkasti, jotta syntyy tahmea ja helposti imeytyv\u00e4 koostumus, joka vastaa miesten mieltymyksi\u00e4 tehokkaaseen k\u00e4ytt\u00f6\u00f6n. Tuotteeseen ei lis\u00e4t\u00e4 ylim\u00e4\u00e4r\u00e4isi\u00e4 hajusteita tai pigmenttej\u00e4, mik\u00e4 voi v\u00e4hent\u00e4\u00e4 \u00e4rsytyst\u00e4, vaikka k\u00e4det altistuisivat usein ankarille ymp\u00e4rist\u00f6ille. Raaka-aineiden k\u00e4sittelyst\u00e4 emulgointiin ja laaduntarkastukseen jokainen vaihe keskittyy luomaan k\u00e4sivoiteen, joka on eritt\u00e4in ravitseva ja pitk\u00e4kestoinen miesten k\u00e4sille.<\/p>\n\n\n\n<p><\/p>","protected":false},"excerpt":{"rendered":"Hand cream for man manufacturing Common Formulas One of the key ingredients in the men&#8217;s hand cream formula is shea butter, which is rich in fatty acids and can form a moisture-locking film to combat dryness caused by frequent hand activities. Vitamin E is added, which is a powerful antioxidant that can neutralize free radicals, [&hellip;]","protected":false},"featured_media":3753,"menu_order":0,"template":"","meta":[],"product-tag":[],"products":[58],"class_list":["post-3750","product","type-product","status-publish","has-post-thumbnail","hentry","products-hand-cream"],"acf":[],"_links":{"self":[{"href":"https:\/\/www.ruiqigo.com\/fi\/wp-json\/wp\/v2\/product\/3750","targetHints":{"allow":["GET"]}}],"collection":[{"href":"https:\/\/www.ruiqigo.com\/fi\/wp-json\/wp\/v2\/product"}],"about":[{"href":"https:\/\/www.ruiqigo.com\/fi\/wp-json\/wp\/v2\/types\/product"}],"version-history":[{"count":0,"href":"https:\/\/www.ruiqigo.com\/fi\/wp-json\/wp\/v2\/product\/3750\/revisions"}],"wp:featuredmedia":[{"embeddable":true,"href":"https:\/\/www.ruiqigo.com\/fi\/wp-json\/wp\/v2\/media\/3753"}],"wp:attachment":[{"href":"https:\/\/www.ruiqigo.com\/fi\/wp-json\/wp\/v2\/media?parent=3750"}],"wp:term":[{"taxonomy":"product-tag","embeddable":true,"href":"https:\/\/www.ruiqigo.com\/fi\/wp-json\/wp\/v2\/product-tag?post=3750"},{"taxonomy":"products","embeddable":true,"href":"https:\/\/www.ruiqigo.com\/fi\/wp-json\/wp\/v2\/products?post=3750"}],"curies":[{"name":"wp","href":"https:\/\/api.w.org\/{rel}","templated":true}]}}