{"id":3781,"date":"2025-07-09T15:11:38","date_gmt":"2025-07-09T07:11:38","guid":{"rendered":"https:\/\/www.ruiqigo.com\/?post_type=product&#038;p=3781"},"modified":"2025-07-09T15:12:07","modified_gmt":"2025-07-09T07:12:07","slug":"glycolic-facial-toner","status":"publish","type":"product","link":"https:\/\/www.ruiqigo.com\/fi\/product\/glycolic-facial-toner","title":{"rendered":"Glykolinen kasvovesi"},"content":{"rendered":"<h2 class=\"wp-block-heading\">Glykolipohjaisen kasvoveden valmistuksen yleiset kaavat<\/h2>\n\n\n\n<p>Ammattimaisena glykolipohjaisten kasvovesien valmistajana valitsemme huolellisesti koostumukseemme ihotautil\u00e4\u00e4k\u00e4rien hyv\u00e4ksym\u00e4t aktiiviset ainesosat ja kasviuutteet luodaksemme tehokkaan kasvoveden, joka puhdistaa, nuorentaa ja rauhoittaa. Tuotteemme ovat mietoja ja \u00e4rsytt\u00e4m\u00e4tt\u00f6mi\u00e4, auttaen ihoa yll\u00e4pit\u00e4m\u00e4\u00e4n tervett\u00e4 tilaa ja luoden vankan pohjan my\u00f6hemm\u00e4lle ihonhoidolle.\u00a0<\/p>\n\n\n\n<p><strong>1. Glykolihappo: <\/strong>Glykolihappo voi imeyty\u00e4 nopeasti ihoon, hajottaa ihoon kertyneen keratiinin, auttaa ihohuokosia avautumaan nopeasti ja samalla h\u00e4ivytt\u00e4\u00e4 hienoja juonteita. Se on t\u00e4rke\u00e4 ainesosa karhean ja samean ihon parantamisessa ja sopii p\u00e4ivitt\u00e4iseen ihon nuorentamiseen.\u00a0<\/p>\n\n\n\n<p><strong>2. Pantenoli: <\/strong>Tunnetaan my\u00f6s nimell\u00e4 B5-vitamiini, ja se on tehokas kosteuttava ja korjaava ainesosa, jolla on erinomaiset kosteuttavat ja rauhoittavat ominaisuudet. Se voi auttaa ihoa s\u00e4ilytt\u00e4m\u00e4\u00e4n kosteuden ja v\u00e4hent\u00e4m\u00e4\u00e4n ulkoisten \u00e4rsykkeiden aiheuttamaa kirvely\u00e4 ja ep\u00e4mukavuutta.&nbsp;<\/p>\n\n\n\n<p><strong>3. Natriumhyaluronaatti: <\/strong>T\u00e4m\u00e4 on korkealaatuinen kosteusvoide, joka kosteuttaa ihoa nopeasti ja lukitsee kosteuden ihonhoidon aikana, est\u00e4en veden haihtumisen ja pit\u00e4en ihon kosteutettuna.&nbsp;<\/p>\n\n\n\n<p><strong>4. Taikap\u00e4hkin\u00e4uute: <\/strong>Taikap\u00e4hkin\u00e4uutteella on supistava ja rauhoittava vaikutus. Se voi hillit\u00e4 ihon rasvaisuutta ja supistaa laajentuneita ihohuokosia sek\u00e4 v\u00e4hent\u00e4\u00e4 ihon \u00e4rsytyst\u00e4 ja punoitusta ihonhoidon aikana.&nbsp;<\/p>\n\n\n\n<p><strong>5. Natriumhyaluronaatti: <\/strong>Natriumhyaluronaatti on ainesosa, joka voi auttaa ihoa lukitsemaan kosteuden pitk\u00e4ksi aikaa, parantaa ihon pehmeytt\u00e4 ja tehd\u00e4 ihosta v\u00e4hemm\u00e4n kuivaa ja kire\u00e4\u00e4.&nbsp;<\/p>\n\n\n\n<h2 class=\"wp-block-heading\">Glykolisen kasvoveden toiminnot<\/h2>\n\n\n\n<p><strong>1. Paranna laajentuneiden ihohuokosten ongelmaa:<\/strong> Glykolihappoisen kasvoveden pitk\u00e4aikainen k\u00e4ytt\u00f6 voi edist\u00e4\u00e4 keratiiniaineenvaihdunnan normalisoitumista ja tasapainottaa ihon \u00f6ljyn jakautumista, mik\u00e4 parantaa ihon pinnan laajentuneita ihohuokosia ja tekee ihosta sile\u00e4mm\u00e4n ja herkemm\u00e4n.&nbsp;<\/p>\n\n\n\n<p><strong>2. V\u00e4henn\u00e4 juonteita ja karheaa ihoa:<\/strong> Glykolihappo voi stimuloida hieman kollageenin tuotantoa, parantaa hienoja juonteita ja karheaa ihoa, ja se sopii eritt\u00e4in hyvin k\u00e4ytt\u00e4jille, jotka haluavat saavuttaa &quot;anti-aging&quot;-vaikutuksen.&nbsp;<\/p>\n\n\n\n<p><strong>3. Paranna ihon kirkkautta ja hehkua: <\/strong>Glykolihapon l\u00e4sn\u00e4olo voi kuoria kuollutta ihosolukerrosta, mik\u00e4 parantaa merkitt\u00e4v\u00e4sti ihon kirkkautta ja tekee siit\u00e4 kirkkaamman ja s\u00e4teilev\u00e4mm\u00e4n.&nbsp;<\/p>\n\n\n\n<p><strong>4. Hell\u00e4varainen ja ihoa \u00e4rsytt\u00e4m\u00e4t\u00f6n koostumus: <\/strong>Glykolihappoinen kasvovesi ei sis\u00e4ll\u00e4 alkoholia, keinotekoisia hajusteita tai pigmenttej\u00e4, mik\u00e4 minimoi ihon \u00e4rsytyst\u00e4. Se sopii kaikille ihotyypeille ja on v\u00e4ltt\u00e4m\u00e4t\u00f6n p\u00e4ivitt\u00e4isess\u00e4 ihonhoidossa.\u00a0<\/p>\n\n\n\n<p><strong>5. Merkitt\u00e4v\u00e4 ihonhoitovaikutus: <\/strong>Glykolihappo kasvovedess\u00e4 voi kiihdytt\u00e4\u00e4 epidermiksen solujen uusiutumista, edist\u00e4\u00e4 keratiinin luonnollista kuoriutumista, parantaa aineenvaihduntaa, palauttaa ihon terveen hehkun, ja hoitava vaikutus on eritt\u00e4in merkitt\u00e4v\u00e4.\u00a0<\/p>\n\n\n\n<h2 class=\"wp-block-heading\">Glykolisen kasvoveden k\u00e4ytt\u00f6ohjeet<\/h2>\n\n\n\n<p>Parhaan ihonhoitotuloksen saavuttamiseksi suosittelemme glykolihappopitoisen kasvoveden k\u00e4ytt\u00f6\u00e4 puhdistuksen j\u00e4lkeen. Sit\u00e4 voidaan k\u00e4ytt\u00e4\u00e4 joka aamu ja ilta auttamaan ihoa poistamaan kuolleita ihosoluja ja palauttamaan l\u00e4pikuultavuuden ja hehkun.&nbsp;<\/p>\n\n\n\n<p><strong>1. Puhdistus: <\/strong>K\u00e4yt\u00e4 mietoa puhdistusainetta kasvojen puhdistukseen varmistaen, ettei kasvoille j\u00e4\u00e4 ep\u00e4puhtauksia tai likaa. T\u00e4m\u00e4 luo hyv\u00e4n pohjan my\u00f6hemm\u00e4lle ihonhoidolle.&nbsp;<\/p>\n\n\n\n<p><strong>2. Tuotteen k\u00e4ytt\u00f6ohjeet: <\/strong>Kaada sopiva m\u00e4\u00e4r\u00e4 glykolihappokasvovett\u00e4 vanulapulle tai k\u00e4mmenelle ja levit\u00e4 sit\u00e4 varovasti kasvoillesi v\u00e4ltt\u00e4en silm\u00e4nymp\u00e4rysihoa.&nbsp;<\/p>\n\n\n\n<p><strong>3. Odota imeytymist\u00e4: <\/strong>Odota 1\u20132 minuuttia, kunnes iho on imeytynyt kokonaan, ennen kuin siirryt ihonhoidon seuraavaan vaiheeseen.&nbsp;<\/p>\n\n\n\n<p><strong>4. Jatkohoito: <\/strong>T\u00e4t\u00e4 voidaan k\u00e4ytt\u00e4\u00e4 yhdess\u00e4 meikkivoiteen, voiteen tai hoitoaineen kanssa syv\u00e4n ihon ravitsemiseksi ja kosteutta sitovan korjaavan vaikutuksen saavuttamiseksi.\u00a0<\/p>\n\n\n\n<p><strong>5. Kiinnit\u00e4 huomiota aurinkosuojaan:<\/strong> Jos k\u00e4yt\u00e4t tuotetta p\u00e4iv\u00e4ll\u00e4, k\u00e4yt\u00e4 aurinkovoidetta valoherkkyysreaktioiden v\u00e4ltt\u00e4miseksi, sill\u00e4 ne heikent\u00e4v\u00e4t ihonhoidon tehoa.\u00a0<\/p>\n\n\n\n<h2 class=\"wp-block-heading\">Varoitus<\/h2>\n\n\n\n<p><strong>1. Ihotesti: <\/strong>On suositeltavaa tehd\u00e4 ihotesti ennen ensimm\u00e4ist\u00e4 k\u00e4ytt\u00f6kertaa allergioiden v\u00e4ltt\u00e4miseksi. Ensikertalaisten tulisi lis\u00e4t\u00e4 k\u00e4ytt\u00f6kertoja v\u00e4hitellen sen j\u00e4lkeen, kun iho on tottunut siihen, iho\u00e4rsytyksen v\u00e4hent\u00e4miseksi.\u00a0<\/p>\n\n\n\n<p><strong>2. V\u00e4lt\u00e4 silmi\u00e4 ja huulia: <\/strong>Kun k\u00e4yt\u00e4t glykolihappopitoista kasvovett\u00e4, v\u00e4lt\u00e4 silmi\u00e4 ja huulia \u00e4rsytyksen ja ep\u00e4mukavuuden v\u00e4ltt\u00e4miseksi.&nbsp;<\/p>\n\n\n\n<p><strong>3. Vahvista aurinkosuojatoimenpiteit\u00e4:<\/strong> Glykolihappo lis\u00e4\u00e4 ihon valoherkkyytt\u00e4. Muista vahvistaa aurinkosuojaa k\u00e4yt\u00f6n aikana UV-palovammojen tai ihon tummumisen v\u00e4ltt\u00e4miseksi.&nbsp;<\/p>\n\n\n\n<p><strong>4. Raskaana olevien naisten tulee k\u00e4ytt\u00e4\u00e4 sit\u00e4 varoen: <\/strong>Ennen kuin k\u00e4yt\u00e4t glykolihappoista kasvovett\u00e4 raskauden aikana, muista neuvotella etuk\u00e4teen ammattilaisen kanssa turvallisuuden varmistamiseksi.\u00a0<\/p>\n\n\n\n<p><strong>5. V\u00e4lt\u00e4 k\u00e4ytt\u00f6\u00e4 <\/strong>\u00c4rsytt\u00e4v\u00e4t tuotteet: Niit\u00e4 ei suositella k\u00e4ytett\u00e4v\u00e4ksi samanaikaisesti ihonhoitotuotteiden kanssa, jotka sis\u00e4lt\u00e4v\u00e4t runsaasti C-vitamiinia, retinolia ja muita ainesosia, jotta ihon kuormitus ja \u00e4rsytys eiv\u00e4t lis\u00e4\u00e4ntyisi.\u00a0<\/p>\n\n\n\n<h2 class=\"wp-block-heading\">Johtop\u00e4\u00e4t\u00f6s<\/h2>\n\n\n\n<p>Glykolihappokasvovesi on monivaikutteinen kasvovesi, joka on suunniteltu elvytt\u00e4m\u00e4\u00e4n ja parantamaan ihon laatua. Sen ydinainesosa, glykolihappo, liuottaa tehokkaasti kuolleita ihosoluja, pienent\u00e4\u00e4 ihohuokosia ja juonteita sek\u00e4 auttaa luomaan kirkkaan ja terveen ihon. Sen hell\u00e4varainen koostumus sopii useille ihotyypeille, erityisesti k\u00e4ytt\u00e4jille, joilla on suuret ihohuokoset ja karhea ja samea iho.<\/p>","protected":false},"excerpt":{"rendered":"Glycolic Facial Toner Manufacturing Common Formulas As a professional glycolic facial toner manufacturer, we carefully select active ingredients and plant extracts approved by dermatology in our formula to create an efficient toner that cleanses, rejuvenates and soothes. Our products are mild and non-irritating, helping the skin maintain a healthy state and laying a solid foundation [&hellip;]","protected":false},"featured_media":3782,"menu_order":0,"template":"","meta":[],"product-tag":[],"products":[67],"class_list":["post-3781","product","type-product","status-publish","has-post-thumbnail","hentry","products-facial-toner"],"acf":[],"_links":{"self":[{"href":"https:\/\/www.ruiqigo.com\/fi\/wp-json\/wp\/v2\/product\/3781","targetHints":{"allow":["GET"]}}],"collection":[{"href":"https:\/\/www.ruiqigo.com\/fi\/wp-json\/wp\/v2\/product"}],"about":[{"href":"https:\/\/www.ruiqigo.com\/fi\/wp-json\/wp\/v2\/types\/product"}],"version-history":[{"count":0,"href":"https:\/\/www.ruiqigo.com\/fi\/wp-json\/wp\/v2\/product\/3781\/revisions"}],"wp:featuredmedia":[{"embeddable":true,"href":"https:\/\/www.ruiqigo.com\/fi\/wp-json\/wp\/v2\/media\/3782"}],"wp:attachment":[{"href":"https:\/\/www.ruiqigo.com\/fi\/wp-json\/wp\/v2\/media?parent=3781"}],"wp:term":[{"taxonomy":"product-tag","embeddable":true,"href":"https:\/\/www.ruiqigo.com\/fi\/wp-json\/wp\/v2\/product-tag?post=3781"},{"taxonomy":"products","embeddable":true,"href":"https:\/\/www.ruiqigo.com\/fi\/wp-json\/wp\/v2\/products?post=3781"}],"curies":[{"name":"wp","href":"https:\/\/api.w.org\/{rel}","templated":true}]}}