{"id":3804,"date":"2025-07-11T09:54:39","date_gmt":"2025-07-11T01:54:39","guid":{"rendered":"https:\/\/www.ruiqigo.com\/?post_type=product&#038;p=3804"},"modified":"2025-07-11T09:54:40","modified_gmt":"2025-07-11T01:54:40","slug":"oil-based-makeup-remover","status":"publish","type":"product","link":"https:\/\/www.ruiqigo.com\/fi\/product\/oil-based-makeup-remover","title":{"rendered":"\u00d6ljypohjainen meikinpoistoaine"},"content":{"rendered":"<h2 class=\"wp-block-heading\">\u00d6ljypohjaisten meikinpoistoaineiden valmistuksen yleiset kaavat<\/h2>\n\n\n\n<p>T\u00e4m\u00e4 \u00f6ljypohjainen meikinpoistoaine k\u00e4ytt\u00e4\u00e4 pohjana mietoja \u00f6ljyj\u00e4 ja lis\u00e4\u00e4 kosteutta sitovia ja tulehdusta ehk\u00e4isevi\u00e4 ainesosia varmistaakseen, ett\u00e4 meikki hajoaa ja sulaa pois t\u00e4ydellisesti, samalla varmistaen, ett\u00e4 iho ei kuivu tai ole kire\u00e4 meikinpoiston j\u00e4lkeen.&nbsp;<\/p>\n\n\n\n<p><strong>1. Maap\u00e4hkin\u00e4\u00f6ljy: <\/strong>Se on ainesosa, jolla on hyv\u00e4t \u00f6ljy\u00e4 parantavat ominaisuudet, joka voi nopeasti sulattaa meikin ja j\u00e4\u00e4m\u00e4t sormenj\u00e4lkien v\u00e4list\u00e4 ja poistaa tehokkaasti luomiv\u00e4rin, vedenkest\u00e4v\u00e4n eyelinerin, erilaiset huulimeikit jne.\u00a0<\/p>\n\n\n\n<p><strong>2. P\u00e4\u00e4ryn\u00e4nsiemen\u00f6ljy: <\/strong>P\u00e4\u00e4ryn\u00e4nsiemen\u00f6ljy sis\u00e4lt\u00e4\u00e4 erilaisia prosessoituja rasvahappoja, jotka voivat tehokkaasti hajottaa raskaan meikin, samalla raviten ihon pinnan rasvatasapainoa ja v\u00e4hent\u00e4en meikinpoiston aiheuttamia ketjuvaurioita iholle.\u00a0<\/p>\n\n\n\n<p><strong>3. Vesipisaran kaltainen kasviuute: <\/strong>Vesipisaroiden kasviuute voi tehokkaasti hallita \u00f6ljy\u00e4 ja est\u00e4\u00e4 tulehdusta, v\u00e4hent\u00e4\u00e4 l\u00e4mm\u00f6n tunnetta ja punaisia merkkej\u00e4, joita voi esiinty\u00e4 meikinpoiston aikana, ja lis\u00e4t\u00e4 suojaa meikinpoistovaikutukseen.\u00a0<\/p>\n\n\n\n<p><strong>4. Hibiskuksen nuppu\u00f6ljy: <\/strong>Se on kevyt ja sill\u00e4 on hyv\u00e4t kartoitusominaisuudet. Se voi auttaa muita kasvi\u00f6ljyj\u00e4 p\u00e4\u00e4sem\u00e4\u00e4n syvemmille ihokerroksille ja sill\u00e4 on vaikutuksia, kuten \u00f6ljyn sulattaminen ja t\u00e4ydent\u00e4minen, mik\u00e4 tekee ihosta sile\u00e4n meikinpoiston j\u00e4lkeen.\u00a0<\/p>\n\n\n\n<h2 class=\"wp-block-heading\">\u00d6ljypohjaisen meikinpoistoaineen toiminnot<\/h2>\n\n\n\n<p><strong>1. Nopea meikinpoisto: <\/strong>\u00d6ljypohjainen meikinpoistoaineemme poistaa meikin nopeasti silmist\u00e4, huulilta ja muilta ihoalueilta yhdell\u00e4 k\u00e4sittelyll\u00e4 ilman useita poistokertoja.&nbsp;<\/p>\n\n\n\n<p><strong>2. Kevyt koostumus, helppok\u00e4ytt\u00f6inen: <\/strong>\u00d6ljypohjaisella meikinpoistoaineella on \u00f6ljym\u00e4inen ja kevyt koostumus, se ei ole paksua, m\u00e4\u00e4r\u00e4\u00e4 on helppo hallita ja se on eritt\u00e4in k\u00e4tev\u00e4 poistaa.&nbsp;<\/p>\n\n\n\n<p><strong>3. Iho ei tunnu kire\u00e4lt\u00e4 k\u00e4yt\u00f6n j\u00e4lkeen: <\/strong>Rasvoittuvalle iholle tarkoitettuja ainesosia, kuten hibiskuksen nuppu\u00f6ljy\u00e4, on lis\u00e4tty koostumukseen ravitsemaan ihoa samalla, kun se poistaa meikki\u00e4, v\u00e4hent\u00e4en ihon kuivumisen ja kireyden tunnetta meikin poiston j\u00e4lkeen.&nbsp;<\/p>\n\n\n\n<p><strong>4. Sopii erilaisten meikkituotteiden poistoon: <\/strong>Olipa kyseess\u00e4 sitten huulipuna, eyeliner tai luomiv\u00e4rimeikki, se voidaan helposti ja tehokkaasti hajottaa ja poistaa.&nbsp;<\/p>\n\n\n\n<h2 class=\"wp-block-heading\">\u00d6ljypohjaisen meikinpoistoaineen k\u00e4ytt\u00f6ohjeet<\/h2>\n\n\n\n<p>\u00d6ljypohjaista meikinpoistoainetta k\u00e4ytet\u00e4\u00e4n p\u00e4ivitt\u00e4isen meikinpoiston ensimm\u00e4isen\u00e4 vaiheena meikin poistamiseksi perusteellisesti silmist\u00e4, huulilta ja kasvoilta. Sit\u00e4 on parasta k\u00e4ytt\u00e4\u00e4 kuivin k\u00e4sin ja kasvoilla, sill\u00e4 se ei ainoastaan poista meikki\u00e4 perusteellisesti, vaan my\u00f6s v\u00e4hent\u00e4\u00e4 hydrolyysin aiheuttamia ihovaurioita.&nbsp;&nbsp;<\/p>\n\n\n\n<p><strong>1. Ota sopiva m\u00e4\u00e4r\u00e4 meikinpoistoainetta kuiville k\u00e4sille ja kasvoille:<\/strong> Ota noin 2-3 painallusta \u00f6ljypohjaista meikinpoistoainetta k\u00e4mmenellesi, vett\u00e4 ei tarvitse lis\u00e4t\u00e4.&nbsp;<\/p>\n\n\n\n<p><strong>2. Hiero hell\u00e4varaisesti:<\/strong> Hiero meikinpoistoainetta hell\u00e4varaisesti py\u00f6rivin liikkein kasvoille, silmille ja huulille 30\u201360 sekunnin ajan, kunnes meikki on t\u00e4ysin liuennut.&nbsp;<\/p>\n\n\n\n<p><strong>3. Lis\u00e4\u00e4 vett\u00e4 emulgoimiseksi: <\/strong>Kasta k\u00e4tesi oikeaan m\u00e4\u00e4r\u00e4\u00e4n puhdasta vett\u00e4 ja jatka meikkialueen hieromista, jotta \u00f6ljy emulgoituu ja meikkij\u00e4\u00e4m\u00e4t ja \u00f6ljytahrat poistuvat perusteellisesti.&nbsp;<\/p>\n\n\n\n<p><strong>4. Huuhtele puhtaalla vedell\u00e4:<\/strong> Huuhtele kasvosi huolellisesti puhtaalla vedell\u00e4 varmistaaksesi, ettei niihin j\u00e4\u00e4 j\u00e4\u00e4mi\u00e4, ja jatka sitten puhdistus- tai kosteutusvaiheilla ihotyyppisi mukaan.&nbsp;<\/p>\n\n\n\n<h2 class=\"wp-block-heading\">Varoitus<\/h2>\n\n\n\n<p><strong>1. V\u00e4lt\u00e4 kosketusta silmien sis\u00e4puolelle: <\/strong>Sulje silm\u00e4si k\u00e4yt\u00f6n aikana \u00e4l\u00e4k\u00e4 anna tuotteen valua silmiin. Jos sit\u00e4 joutuu vahingossa silmiin, huuhtele ne v\u00e4litt\u00f6m\u00e4sti runsaalla vedell\u00e4.&nbsp;<\/p>\n\n\n\n<p><strong>2. K\u00e4yt\u00e4 puhdistusainetta meikin poistamisen j\u00e4lkeen:<\/strong> Vaikka t\u00e4m\u00e4 tuote voi poistaa raskaan meikin, on suositeltavaa k\u00e4ytt\u00e4\u00e4 mietoa puhdistusainetta meikin poiston j\u00e4lkeen puhdistaaksesi ihohuokoset perusteellisesti ja tasapainottaaksesi ihon kuntoa.&nbsp;<\/p>\n\n\n\n<p><strong>3. Emulgointivaihetta ei voida j\u00e4tt\u00e4\u00e4 pois:<\/strong> Emulgointivaihe on suoritettava k\u00e4yt\u00f6n aikana sen varmistamiseksi, ett\u00e4 \u00f6ljyrakenne hajoaa kokonaan ja v\u00e4ltt\u00e4\u00e4 huokosten tukkeutumisen j\u00e4\u00e4mien avulla.&nbsp;<\/p>\n\n\n\n<p><strong>4. Kiinnit\u00e4 huomiota nesteytykseen ja kosteutukseen k\u00e4yt\u00f6n j\u00e4lkeen: <\/strong>Meikin poiston j\u00e4lkeen on suositeltavaa k\u00e4ytt\u00e4\u00e4 kosteusvett\u00e4, -voidetta tai -voidetta ihon ravitsemiseksi ajoissa.<\/p>\n\n\n\n<h2 class=\"wp-block-heading\">Johtop\u00e4\u00e4t\u00f6s<\/h2>\n\n\n\n<p>\u00d6ljypohjainen meikinpoistoaine k\u00e4ytt\u00e4\u00e4 pohjanaan luonnollista kasvi\u00f6ljy\u00e4, yhdist\u00e4\u00e4 erinomaisen meikinpoistotehon hell\u00e4varaiseen ihoa hoitavaan tehoon ja tarjoaa turvallisen, tehokkaan ja kirist\u00e4m\u00e4tt\u00f6m\u00e4n p\u00e4ivitt\u00e4isen puhdistusratkaisun. Se voi tarjota sinulle miellytt\u00e4v\u00e4n meikinpoistokokemuksen, ja koostumukseen on lis\u00e4tty erilaisia kasviuutteita ja rauhoittavia tekij\u00f6it\u00e4 ihon suojakerroksen suojaamiseksi entisest\u00e4\u00e4n.<\/p>","protected":false},"excerpt":{"rendered":"Oil Based Makeup Remover Manufacturing Common Formulas This oil based makeup remover uses mild oils as its base and adds moisture-locking and anti-inflammatory ingredients to ensure that makeup is completely broken down and melted away, while also ensuring that the skin will not be dehydrated or tight after makeup removal.&nbsp; 1. Peanut oil: It is [&hellip;]","protected":false},"featured_media":3805,"menu_order":0,"template":"","meta":[],"product-tag":[],"products":[66],"class_list":["post-3804","product","type-product","status-publish","has-post-thumbnail","hentry","products-makeup-remover"],"acf":[],"_links":{"self":[{"href":"https:\/\/www.ruiqigo.com\/fi\/wp-json\/wp\/v2\/product\/3804","targetHints":{"allow":["GET"]}}],"collection":[{"href":"https:\/\/www.ruiqigo.com\/fi\/wp-json\/wp\/v2\/product"}],"about":[{"href":"https:\/\/www.ruiqigo.com\/fi\/wp-json\/wp\/v2\/types\/product"}],"version-history":[{"count":0,"href":"https:\/\/www.ruiqigo.com\/fi\/wp-json\/wp\/v2\/product\/3804\/revisions"}],"wp:featuredmedia":[{"embeddable":true,"href":"https:\/\/www.ruiqigo.com\/fi\/wp-json\/wp\/v2\/media\/3805"}],"wp:attachment":[{"href":"https:\/\/www.ruiqigo.com\/fi\/wp-json\/wp\/v2\/media?parent=3804"}],"wp:term":[{"taxonomy":"product-tag","embeddable":true,"href":"https:\/\/www.ruiqigo.com\/fi\/wp-json\/wp\/v2\/product-tag?post=3804"},{"taxonomy":"products","embeddable":true,"href":"https:\/\/www.ruiqigo.com\/fi\/wp-json\/wp\/v2\/products?post=3804"}],"curies":[{"name":"wp","href":"https:\/\/api.w.org\/{rel}","templated":true}]}}