{"id":3813,"date":"2025-07-11T17:07:46","date_gmt":"2025-07-11T09:07:46","guid":{"rendered":"https:\/\/www.ruiqigo.com\/?post_type=product&#038;p=3813"},"modified":"2025-07-11T17:07:46","modified_gmt":"2025-07-11T09:07:46","slug":"facial-mask-for-pimples","status":"publish","type":"product","link":"https:\/\/www.ruiqigo.com\/fi\/product\/facial-mask-for-pimples","title":{"rendered":"Kasvonaamio finneille"},"content":{"rendered":"<h2 class=\"wp-block-heading\">Kasvonaamio finneille Valmistuksen Yleiset Kaavat<\/h2>\n\n\n\n<p>Ammattimaisena finnien kasvonaamioiden valmistajana valitsemme tieteellisesti todistettuja vaikutuksia omaavia ainesosia, kuten salisyylihappoa ja teepuu\u00f6ljy\u00e4, ja l\u00e4hdemme liikkeelle kolmesta p\u00e4\u00e4kohdasta: \u00f6ljyntuotannon hallinnasta, steriloinnista ja rauhoittamisesta, hoitaaksemme kokonaisvaltaisesti iho-ongelmia, kuten aknea, suljettuja komedoja ja mustap\u00e4it\u00e4.&nbsp;<\/p>\n\n\n\n<p><strong>1. Salisyylihappo: <\/strong>Salisyylihappo on klassinen rasvaliukoinen keratiinia liuottava ainesosa, joka voi tunkeutua syv\u00e4lle ihohuokosiin liuottaen talirauhasia ja keratiinitulppia, poistaen mustap\u00e4it\u00e4 ja valkop\u00e4it\u00e4 iholta, ehk\u00e4isten tukkeutuneita ihohuokosia ja v\u00e4hent\u00e4en tulehduksellisen aknen n\u00e4kymist\u00e4.&nbsp;<\/p>\n\n\n\n<p><strong>2. Teepuun eteerinen \u00f6ljy: <\/strong>Sill\u00e4 on vahvat luonnolliset antibakteeriset ominaisuudet ja se voi tehokkaasti est\u00e4\u00e4 aknea aiheuttavien bakteerien, kuten Propionibacterium acnesin, kasvua. Sill\u00e4 on my\u00f6s hyv\u00e4t supistavat ja tulehdusta est\u00e4v\u00e4t vaikutukset, jotka parantavat aknen punoitusta ja turvotusta.&nbsp;<\/p>\n\n\n\n<p><strong>3. Centella asiatica -uute: <\/strong>Centella asiatica -uutteella on erinomaiset rauhoittavat ja korjaavat ominaisuudet. Se voi auttaa v\u00e4hent\u00e4m\u00e4\u00e4n punoitusta ja kutinaa iho\u00e4rsytyksen j\u00e4lkeen, edist\u00e4m\u00e4\u00e4n aknearpien paranemista ja vahvistamaan ihon omaa korjauskyky\u00e4.&nbsp;<\/p>\n\n\n\n<p><strong>4. Vihre\u00e4n teen uute: <\/strong>Se on runsaasti teen polyfenoleja sis\u00e4lt\u00e4v\u00e4\u00e4, sill\u00e4 on antioksidanttisia ja \u00f6ljyntuotantoa hillitsevi\u00e4 vaikutuksia, se voi neutraloida ylim\u00e4\u00e4r\u00e4ist\u00e4 \u00f6ljy\u00e4, parantaa ihon yleist\u00e4 raikkautta ja torjua ulkoisten saasteiden aiheuttamia vaurioita.&nbsp;<\/p>\n\n\n\n<h2 class=\"wp-block-heading\">Kasvonaamion toiminnot finneille<\/h2>\n\n\n\n<p><strong>1. Tehokas vaikutus:<\/strong> Kasvonaamio finneille yhdist\u00e4\u00e4 ihohuokosia puhdistavat, antibakteeriset ja tulehdusta est\u00e4v\u00e4t sek\u00e4 rauhoittavat ja korjaavat ominaisuudet ratkaistakseen akneongelmat juuresta alkaen ja ehk\u00e4ist\u00e4kseen tehokkaasti uusiutumista. Se sopii kaikenlaisten ongelmaihojen p\u00e4ivitt\u00e4iseen hoitoon.&nbsp;<\/p>\n\n\n\n<p><strong>2. Hell\u00e4varainen ja ei \u00e4rsyt\u00e4 ihoa, sopii herk\u00e4lle akneen taipuvaiselle iholle: <\/strong>Koostumuksemme ei sis\u00e4ll\u00e4 alkoholia eik\u00e4 \u00e4rsytt\u00e4vi\u00e4 ainesosia, ja se sopii herk\u00e4lle tai tulehdukselliselle akneen taipuvaiselle iholle. Aknea poistavan vaikutuksensa ohella se minimoi ep\u00e4mukavuuden tunteen.&nbsp;<\/p>\n\n\n\n<p><strong>3. Nopeasti kuivuva geelim\u00e4inen koostumus:<\/strong> Kasvonaamio finneille on l\u00e4pin\u00e4kyv\u00e4 geelim\u00e4inen koostumus, joka tarttuu hyvin kasvoihin ja kuivuu nopeasti muodostaen suojaavan kalvon. Pesun j\u00e4lkeen iho on puhdas eik\u00e4 kirist\u00e4.&nbsp;<\/p>\n\n\n\n<p><strong>4. Sopii useille ihotyypeille: <\/strong>T\u00e4m\u00e4 tuote sopii rasvaiselle, sekaiholle ja akneen taipuvaiselle iholle. Se sopii sek\u00e4 miehille ett\u00e4 naisille, erityisesti nuorille ja aikuisille, joilla on stressist\u00e4 ja ep\u00e4s\u00e4\u00e4nn\u00f6llisest\u00e4 ty\u00f6st\u00e4 ja levosta johtuva akne.&nbsp;<\/p>\n\n\n\n<p><strong>5. Voidaan k\u00e4ytt\u00e4\u00e4 useiden ihonhoitomenetelmien kanssa:<\/strong> Y\u00f6llisen\u00e4 hoitona tai p\u00e4ivitt\u00e4isen\u00e4 puhdistusvaiheena finneille tarkoitettua kasvonaamiota voidaan k\u00e4ytt\u00e4\u00e4 puhdistusaineiden, kasvovesien, essenssien, voiteiden jne. kanssa aknen vastaisen ihonhoidon synergistisen vaikutuksen tehostamiseksi.<\/p>\n\n\n\n<h2 class=\"wp-block-heading\">Kuinka k\u00e4ytt\u00e4\u00e4 kasvonaamiota finneille<\/h2>\n\n\n\n<p>Kasvonaamiota finneille suositellaan k\u00e4ytett\u00e4v\u00e4ksi 2\u20133 kertaa viikossa paikallisena hoitona tai koko kasvojen hoitona. Puhdista kasvojesi iho huolellisesti ennen k\u00e4ytt\u00f6\u00e4, ja kosteuttavan voiteen tai -esanssin k\u00e4ytt\u00f6 k\u00e4yt\u00f6n j\u00e4lkeen korjaavan vaikutuksen yll\u00e4pit\u00e4miseksi on suositeltavaa.&nbsp;<\/p>\n\n\n\n<p><strong>1. Meikinpoisto ja kasvojen puhdistus: <\/strong>Jos sinulla on meikki\u00e4 sin\u00e4 p\u00e4iv\u00e4n\u00e4, k\u00e4yt\u00e4 ensin mietoa meikinpoistoainetta meikin poistamiseen perusteellisesti ja puhdista sitten kasvosi kohtalaisen tehokkaasti puhdistavalla puhdistusaineella.<\/p>\n\n\n\n<p><strong>2. Kuivaa kasvot:<\/strong> Puhdistuksen j\u00e4lkeen paina ihoa kevyesti puhtaalla pyyhkeell\u00e4 ime\u00e4ksesi kosteutta, pit\u00e4\u00e4ksesi ihon kuivana ja edist\u00e4\u00e4ksesi naamion ainesosien imeytymist\u00e4.<\/p>\n\n\n\n<p><strong>3. Ota sopiva m\u00e4\u00e4r\u00e4 naamaria:<\/strong> Ota puhdasta lusikkaa tai kaavinta ottaaksesi sopivan m\u00e4\u00e4r\u00e4n maskia, v\u00e4lt\u00e4 suoraa kosketusta k\u00e4siisi ja v\u00e4henn\u00e4 saastumista.<\/p>\n\n\n\n<p><strong>4. Levit\u00e4 tasaisesti kasvoille:<\/strong> Levit\u00e4 naamio tasaisesti akneen keskittyneille alueille tai koko kasvoille v\u00e4ltt\u00e4en herkki\u00e4 ihoalueita silmien ja huulten ymp\u00e4rill\u00e4.<\/p>\n\n\n\n<p><strong>5. Odota 10\u201315 minuuttia:<\/strong> Pid\u00e4 kasvosi rentoina ja odota, ett\u00e4 naamion pinta kuivuu hieman, mutta ei kokonaan.<\/p>\n\n\n\n<p><strong>6. Huuhtele puhtaalla vedell\u00e4: <\/strong>Huuhtele naamio huolellisesti l\u00e4mpim\u00e4ll\u00e4 vedell\u00e4 ja kiinnit\u00e4 huomiota reunojen, kuten hiusrajan ja nen\u00e4n siipien, puhdistamiseen.<\/p>\n\n\n\n<p><strong>7. Ihonhoito ja kosteutus jatkossa:<\/strong> K\u00e4yt\u00e4 rauhoittavaa kasvovett\u00e4, kasvovett\u00e4 tai korjaavaa voidetta kosteuttaaksesi ja vahvistaaksesi ihon suojakerrosta.<\/p>\n\n\n\n<h2 class=\"wp-block-heading\">Varoitus<\/h2>\n\n\n\n<p><strong>1. V\u00e4lt\u00e4 k\u00e4ytt\u00f6\u00e4 avohaavoissa tai vaurioituneella iholla: <\/strong>Jos akne on rikkoutunut tai iholla on selke\u00e4 haava, on suositeltavaa k\u00e4ytt\u00e4\u00e4 sit\u00e4 haavan parantumisen j\u00e4lkeen \u00e4rsytyksen tai tulehduksen v\u00e4ltt\u00e4miseksi.&nbsp;<\/p>\n\n\n\n<p><strong>2. On suositeltavaa tehd\u00e4 paikallinen allergiatesti ennen k\u00e4ytt\u00f6\u00e4:<\/strong> Ensimm\u00e4isell\u00e4 k\u00e4ytt\u00f6kerralla on suositeltavaa tehd\u00e4 pieni testi korvan takana tai leuassa ja tarkkailla 24 tuntia ilman punoitusta, turvotusta tai \u00e4rsytyst\u00e4 ennen k\u00e4ytt\u00f6\u00e4 koko kasvoille.&nbsp;<\/p>\n\n\n\n<p><strong>3. V\u00e4lt\u00e4 k\u00e4ytt\u00f6\u00e4 korkeiden happojen kanssa:<\/strong> Jos olet k\u00e4ytt\u00e4nyt kuorivia tuotteita, kuten hedelm\u00e4happoja ja salisyylihappoa, k\u00e4yt\u00e4 niit\u00e4 s\u00e4\u00e4nn\u00f6llisesti p\u00e4\u00e4llekk\u00e4isyyksien ja liiallisen ihoherkkyyden v\u00e4ltt\u00e4miseksi.&nbsp;<\/p>\n\n\n\n<p><strong>4. Vahvistaa kosteutusta ja korjaa k\u00e4yt\u00f6n j\u00e4lkeen: <\/strong>Liiallisen puhdistuksen aiheuttamien kuivumisen, hilseilyn ja muiden ongelmien v\u00e4ltt\u00e4miseksi on suositeltavaa k\u00e4ytt\u00e4\u00e4 mietoa kosteuttavaa vett\u00e4, essenssia jne. kosteuden t\u00e4ydent\u00e4miseksi ajoissa.&nbsp;<\/p>\n\n\n\n<h2 class=\"wp-block-heading\">Johtop\u00e4\u00e4t\u00f6s<\/h2>\n\n\n\n<p>T\u00e4m\u00e4 finnien kasvonaamio poistaa aknen juuresta, hoitaa ihoa ja ehk\u00e4isee uusiutumista tieteellisen kaavan ja monitehoisten kasviper\u00e4isten ainesosien synergistisen vaikutuksen avulla. Tuote on mieto, helppok\u00e4ytt\u00f6inen, sopii useille ihotyypeille ja ihmisille, ja se vastaa akneryhmien p\u00e4ivitt\u00e4isiin hoitotarpeisiin nuorista aikuisiin.<\/p>","protected":false},"excerpt":{"rendered":"Facial Mask For Pimples Manufacturing Common Formulas As a professional facial mask for pimples manufacturer, we select ingredients with scientifically proven effects, such as salicylic acid and tea tree oil, etc., and start from the three major aspects of oil control, sterilization, and soothing to comprehensively deal with skin problems such as acne, closed comedones, [&hellip;]","protected":false},"featured_media":3814,"menu_order":0,"template":"","meta":[],"product-tag":[],"products":[69],"class_list":["post-3813","product","type-product","status-publish","has-post-thumbnail","hentry","products-facial-mask"],"acf":[],"_links":{"self":[{"href":"https:\/\/www.ruiqigo.com\/fi\/wp-json\/wp\/v2\/product\/3813","targetHints":{"allow":["GET"]}}],"collection":[{"href":"https:\/\/www.ruiqigo.com\/fi\/wp-json\/wp\/v2\/product"}],"about":[{"href":"https:\/\/www.ruiqigo.com\/fi\/wp-json\/wp\/v2\/types\/product"}],"version-history":[{"count":0,"href":"https:\/\/www.ruiqigo.com\/fi\/wp-json\/wp\/v2\/product\/3813\/revisions"}],"wp:featuredmedia":[{"embeddable":true,"href":"https:\/\/www.ruiqigo.com\/fi\/wp-json\/wp\/v2\/media\/3814"}],"wp:attachment":[{"href":"https:\/\/www.ruiqigo.com\/fi\/wp-json\/wp\/v2\/media?parent=3813"}],"wp:term":[{"taxonomy":"product-tag","embeddable":true,"href":"https:\/\/www.ruiqigo.com\/fi\/wp-json\/wp\/v2\/product-tag?post=3813"},{"taxonomy":"products","embeddable":true,"href":"https:\/\/www.ruiqigo.com\/fi\/wp-json\/wp\/v2\/products?post=3813"}],"curies":[{"name":"wp","href":"https:\/\/api.w.org\/{rel}","templated":true}]}}