{"id":3827,"date":"2025-07-17T17:42:18","date_gmt":"2025-07-17T09:42:18","guid":{"rendered":"https:\/\/www.ruiqigo.com\/?post_type=product&#038;p=3827"},"modified":"2025-07-17T17:42:19","modified_gmt":"2025-07-17T09:42:19","slug":"eye-makeup-remover","status":"publish","type":"product","link":"https:\/\/www.ruiqigo.com\/fi\/product\/eye-makeup-remover","title":{"rendered":"Silm\u00e4meikinpoistoaine"},"content":{"rendered":"<h2 class=\"wp-block-heading\">Silm\u00e4meikinpoistoaineiden valmistuksen yleiset kaavat<\/h2>\n\n\n\n<p>Silm\u00e4meikinpoistoaineemme valikoi huolellisesti hell\u00e4varaiset puhdistavat tekij\u00e4t ja luonnolliset hoitavat ainesosat, kuten skvalaanin, glyseriinin, B5-vitamiinin jne., varmistaakseen, ett\u00e4 tuote rauhoittaa ja ravitsee silm\u00e4nymp\u00e4rysihoa samalla, kun se poistaa tehokkaasti vedenkest\u00e4v\u00e4n meikin.&nbsp;<\/p>\n\n\n\n<p><strong>1. Skvalaani:<\/strong> Skvalaani on luonnollinen ja ravitseva ainesosa, joka auttaa poistamaan meikkij\u00e4\u00e4mi\u00e4 ja samalla yll\u00e4pit\u00e4m\u00e4\u00e4n kosteussuojaa silmien ymp\u00e4rill\u00e4 meikinpoiston aikana, ehk\u00e4isten kuivuutta ja hienoja juonteita silmien ymp\u00e4rill\u00e4.&nbsp;<\/p>\n\n\n\n<p><strong>2. Kamomillauute: <\/strong>Sill\u00e4 on merkitt\u00e4v\u00e4 rauhoittava vaikutus ja se voi tehokkaasti v\u00e4hent\u00e4\u00e4 meikin aiheuttamaa punoitusta, turvotusta, kuivuutta ja kutinaa sek\u00e4 auttaa lievitt\u00e4m\u00e4\u00e4n silmien v\u00e4symyst\u00e4 ja ep\u00e4mukavuutta.&nbsp;<\/p>\n\n\n\n<p><strong>3. B5-vitamiini:<\/strong> Tunnetaan my\u00f6s nimell\u00e4 pantenoli, ja sill\u00e4 on korjaavia ja tulehdusta ehk\u00e4isevi\u00e4 ominaisuuksia, jotka voivat parantaa ihon pehmeytt\u00e4 ja suojakerrosta, tehden silm\u00e4nymp\u00e4rysihosta vahvemman ja vakaamman.&nbsp;<\/p>\n\n\n\n<p><strong>4. Glyseriini: <\/strong>Glyseriini on eritt\u00e4in tehokas kosteuttava ainesosa, joka voi lis\u00e4t\u00e4 ihon kosteuspitoisuutta ja antaa tarvittavaa kosteutta silm\u00e4nymp\u00e4rysiholle meikin poiston j\u00e4lkeen, ehk\u00e4isten kireytt\u00e4 ja hilseily\u00e4.&nbsp;<\/p>\n\n\n\n<h2 class=\"wp-block-heading\">Silm\u00e4meikinpoistoaineen toiminnot<\/h2>\n\n\n\n<p><strong>1. Nopea meikinpoisto ilman j\u00e4\u00e4mi\u00e4: <\/strong>Silm\u00e4meikinpoistoaine k\u00e4ytt\u00e4\u00e4 kaksivaiheista puhdistustekniikkaa, joka liuottaa helposti vedenkest\u00e4v\u00e4n ja hike\u00e4 kest\u00e4v\u00e4n eyelinerin, ripsiv\u00e4rin ja muun meikin ilman voimakasta hankausta, mik\u00e4 tekee meikinpoistosta perusteellisempaa ja hell\u00e4varaisempaa.\u00a0<\/p>\n\n\n\n<p><strong>2. Mieto koostumus:<\/strong> Silm\u00e4meikinpoistoaineemme ei sis\u00e4ll\u00e4 alkoholia, hajusteita tai mineraali\u00f6ljy\u00e4. Sen koostumus on mieto ja se on erityisesti suunniteltu herk\u00e4lle silm\u00e4nymp\u00e4rysiholle. Se ei \u00e4rsyt\u00e4 kyynelrauhasia eik\u00e4 aiheuta silmien sumenemista k\u00e4yt\u00f6ss\u00e4 ja on eritt\u00e4in turvallinen.\u00a0<\/p>\n\n\n\n<p><strong>3. Meikinpoisto ja hoito:<\/strong> T\u00e4m\u00e4 tuote on t\u00e4ynn\u00e4 kosteuttavia ja rauhoittavia ainesosia. Se voi ravita silm\u00e4nymp\u00e4rysihoa samalla poistaen itsep\u00e4isen meikin ja v\u00e4hent\u00e4en kuivuudesta ja kutinasta johtuvien hienojen juonteiden riski\u00e4.\u00a0<\/p>\n\n\n\n<p><strong>4. Ravista hyvin ja k\u00e4yt\u00e4, helppok\u00e4ytt\u00f6inen: <\/strong>Pullossa on \u00f6ljy-vesikerrosrakenne, joten sinun tarvitsee vain ravistaa hyvin ja k\u00e4ytt\u00e4\u00e4 sit\u00e4 heti, mik\u00e4 s\u00e4\u00e4st\u00e4\u00e4 aikaa ja vaivaa. Se sopii sek\u00e4 ammattimeikkaajien ett\u00e4 p\u00e4ivitt\u00e4iseen k\u00e4ytt\u00f6\u00f6n usein toistuvasti.&nbsp;<\/p>\n\n\n\n<h2 class=\"wp-block-heading\">Silm\u00e4meikinpoistoaineen k\u00e4ytt\u00f6ohjeet<\/h2>\n\n\n\n<p>Silm\u00e4meikin pyyhkimiseen hell\u00e4varaisesti vanulapulla on suositeltavaa k\u00e4ytt\u00e4\u00e4 vet\u00e4mist\u00e4 liian kevyesti, erityisesti vedenkest\u00e4v\u00e4\u00e4 eyelineria tai ripsiv\u00e4ri\u00e4 k\u00e4ytt\u00e4ville.<\/p>\n\n\n\n<p>1. Ravista pulloa varovasti, jotta vesi ja \u00f6ljy sekoittuvat.<\/p>\n\n\n\n<p>2. Kaada silm\u00e4meikinpoistoainetta vanulapulle ja kastele se huolellisesti.<\/p>\n\n\n\n<p>3. Sulje silm\u00e4si ja aseta vanulapu varovasti silmillesi. Anna vaikuttaa 5\u201310 sekuntia.<\/p>\n\n\n\n<p>4. Pyyhi meikkialue varovasti silm\u00e4nymp\u00e4rysihoa pitkin meikin poistamiseksi.<\/p>\n\n\n\n<p>5. Huuhtele lopuksi puhtaalla vedell\u00e4 ja kosteuta silm\u00e4t.<\/p>\n\n\n\n<h2 class=\"wp-block-heading\">Varoitus<\/h2>\n\n\n\n<p><strong>1. Ravista hyvin ennen k\u00e4ytt\u00f6\u00e4: <\/strong>Ravista hyvin ennen k\u00e4ytt\u00f6\u00e4 varmistaaksesi, ett\u00e4 \u00f6ljy ja vesi sekoittuvat t\u00e4ysin ja poistavat meikki\u00e4 tehokkaammin.<\/p>\n\n\n\n<p><strong>2. V\u00e4lt\u00e4 aineen joutumista silmiin: <\/strong>Varo tiputtamasta silm\u00e4meikinpoistoainetta suoraan silmiin k\u00e4yt\u00f6n aikana. Jos sit\u00e4 joutuu vahingossa silmiin, huuhtele ne v\u00e4litt\u00f6m\u00e4sti runsaalla puhtaalla vedell\u00e4. Jos tilanne on vakava, hakeudu ajoissa l\u00e4\u00e4k\u00e4rin hoitoon.<\/p>\n\n\n\n<p><strong>3. \u00c4l\u00e4 k\u00e4yt\u00e4 liiallista voimaa: <\/strong>Silmien ymp\u00e4rill\u00e4 oleva iho on suhteellisen herkk\u00e4, joten \u00e4l\u00e4 pyyhi sit\u00e4 kovaa. K\u00e4yt\u00e4 pehmeit\u00e4 vanulappuja v\u00e4ltt\u00e4\u00e4ksesi liiallista hankausta, joka voi aiheuttaa silmien punoitusta ja turvotusta.<\/p>\n\n\n\n<p><strong>4. Korjaus irrotuksen j\u00e4lkeen: <\/strong>Meikin poistamisen j\u00e4lkeen kosteuta ja korjaa iho huolellisesti. Lis\u00e4\u00e4 silm\u00e4nymp\u00e4rysvoidetta tai silm\u00e4nymp\u00e4rysvoidetta ajoissa pit\u00e4\u00e4ksesi ihon kosteutettuna ja pehme\u00e4n\u00e4.&nbsp;<\/p>\n\n\n\n<h2 class=\"wp-block-heading\">Johtop\u00e4\u00e4t\u00f6s<\/h2>\n\n\n\n<p>Silm\u00e4meikinpoistoaine yhdist\u00e4\u00e4 meikinpoiston ja korjaamisen, ja se sopii erilaisille silm\u00e4meikin pitoisuuksille ja k\u00e4ytt\u00f6tilanteisiin. Tieteellisen meikinpoistoteknologian ja useiden miedojen ainesosien ansiosta se ottaa huomioon sek\u00e4 meikinpoistotehon ett\u00e4 herk\u00e4n ihon turvallisuuden, tuoden tasapainon silm\u00e4nymp\u00e4rysihon puhdistukseen ja hoitoon. Olipa kyseess\u00e4 sitten kevyt p\u00e4ivitt\u00e4inen meikki, raskas lavameikki tai ammattimainen meikkikohtaus, t\u00e4m\u00e4 tuote poistaa meikin tehokkaasti ja hell\u00e4varaisesti ja on t\u00e4rke\u00e4 osa silm\u00e4nymp\u00e4rysihon hoitoa.<\/p>","protected":false},"excerpt":{"rendered":"Eye Makeup Remover Manufacturing Common Formulas Our eye makeup remover formula carefully selects gentle cleansing factors and natural care ingredients, such as squalane, glycerin, vitamin B5, etc., to ensure that the product soothes and nourishes the eye skin while effectively removing waterproof makeup.&nbsp; 1. Squalane: Squalane is a natural nourishing ingredient that can help relieve [&hellip;]","protected":false},"featured_media":3828,"menu_order":0,"template":"","meta":[],"product-tag":[],"products":[66],"class_list":["post-3827","product","type-product","status-publish","has-post-thumbnail","hentry","products-makeup-remover"],"acf":[],"_links":{"self":[{"href":"https:\/\/www.ruiqigo.com\/fi\/wp-json\/wp\/v2\/product\/3827","targetHints":{"allow":["GET"]}}],"collection":[{"href":"https:\/\/www.ruiqigo.com\/fi\/wp-json\/wp\/v2\/product"}],"about":[{"href":"https:\/\/www.ruiqigo.com\/fi\/wp-json\/wp\/v2\/types\/product"}],"version-history":[{"count":0,"href":"https:\/\/www.ruiqigo.com\/fi\/wp-json\/wp\/v2\/product\/3827\/revisions"}],"wp:featuredmedia":[{"embeddable":true,"href":"https:\/\/www.ruiqigo.com\/fi\/wp-json\/wp\/v2\/media\/3828"}],"wp:attachment":[{"href":"https:\/\/www.ruiqigo.com\/fi\/wp-json\/wp\/v2\/media?parent=3827"}],"wp:term":[{"taxonomy":"product-tag","embeddable":true,"href":"https:\/\/www.ruiqigo.com\/fi\/wp-json\/wp\/v2\/product-tag?post=3827"},{"taxonomy":"products","embeddable":true,"href":"https:\/\/www.ruiqigo.com\/fi\/wp-json\/wp\/v2\/products?post=3827"}],"curies":[{"name":"wp","href":"https:\/\/api.w.org\/{rel}","templated":true}]}}