{"id":3835,"date":"2025-07-18T13:57:59","date_gmt":"2025-07-18T05:57:59","guid":{"rendered":"https:\/\/www.ruiqigo.com\/?post_type=product&#038;p=3835"},"modified":"2025-07-18T13:58:01","modified_gmt":"2025-07-18T05:58:01","slug":"makeup-remover-balm","status":"publish","type":"product","link":"https:\/\/www.ruiqigo.com\/fi\/product\/makeup-remover-balm","title":{"rendered":"Meikinpoistoainebalsami"},"content":{"rendered":"<h2 class=\"wp-block-heading\">Meikinpoistoainebalsamin valmistuksen yleiset kaavat<\/h2>\n\n\n\n<p>Meikinpoistovoiteiden ammattimaisena valmistajana vaadimme valita tuotteisiimme useita korkealaatuisia aktiiviaineita, kuten sheavoita, keramidia, manteli\u00f6ljy\u00e4 jne., saavuttaaksemme tehokkaan meikinpoiston ja syv\u00e4n ihonhoidon kaksoisvaikutuksen.&nbsp;<\/p>\n\n\n\n<p><strong>1. Sheavoi: <\/strong>Sheavoi on runsaasti tyydyttym\u00e4tt\u00f6mi\u00e4 rasvahappoja ja antioksidantteja. Se voi kosteuttaa ihoa syv\u00e4lt\u00e4 samalla poistaen meikkij\u00e4\u00e4mi\u00e4, j\u00e4tt\u00e4en ihon pehme\u00e4ksi eik\u00e4 kirist\u00e4v\u00e4ksi. Se sopii erityisesti kuivalle iholle ja kuiville vuodenajoille.&nbsp;<\/p>\n\n\n\n<p><strong>2. Keramidi:<\/strong> Se voi vahvistaa ihon suojakerrosta ja v\u00e4hent\u00e4\u00e4 tehokkaasti kosteuden haihtumista meikinpoiston aikana, jotta iho pysyy kosteutettuna meikinpoiston j\u00e4lkeen.&nbsp;<\/p>\n\n\n\n<p><strong>3. Makean mantelin \u00f6ljy:<\/strong> Manteli\u00f6ljy on eritt\u00e4in kevytt\u00e4 ja ihoyst\u00e4v\u00e4llist\u00e4. Se voi tehokkaasti irrottaa silm\u00e4- ja huulimeikin. Se on my\u00f6s runsaasti E-vitamiinia sis\u00e4lt\u00e4v\u00e4, sill\u00e4 on hyv\u00e4t rauhoittavat ja antiallergiset vaikutukset, ja se v\u00e4hent\u00e4\u00e4 meikinpoiston aiheuttamaa iho\u00e4rsytyst\u00e4.&nbsp;<\/p>\n\n\n\n<p><strong>4. Jojobansiemen\u00f6ljy: <\/strong>Se voi simuloida ihmisen talirauhasten koostumusta, auttaa ihon \u00f6ljytasapainossa, v\u00e4hent\u00e4\u00e4 \u00e4rsytyst\u00e4 ja edist\u00e4\u00e4 ihon aineenvaihduntaa.<\/p>\n\n\n\n<h2 class=\"wp-block-heading\">Meikinpoistoaineen toiminnot<\/h2>\n\n\n\n<p><strong>1. Hienojakoinen: <\/strong>Meikinpoistobalsamin tahmainen koostumus on tasainen eik\u00e4 se irtoa helposti, ja se on eritt\u00e4in hienojakoinen. Se sulaa v\u00e4litt\u00f6m\u00e4sti joutuessaan kosketuksiin ihon kanssa, liuottaa meikkilikaa syv\u00e4lt\u00e4 ja on helppo huuhdella pois emulgoinnin j\u00e4lkeen j\u00e4tt\u00e4m\u00e4tt\u00e4 j\u00e4\u00e4mi\u00e4.&nbsp;<\/p>\n\n\n\n<p><strong>2. Hell\u00e4varainen ja ei \u00e4rsyt\u00e4 ihoa: <\/strong>Meikinpoistovoideemme ei sis\u00e4ll\u00e4 alkoholia, keinotekoisia hajusteita tai \u00e4rsytt\u00e4vi\u00e4 s\u00e4il\u00f6nt\u00e4aineita, joten se on eritt\u00e4in hell\u00e4varainen ja sen pH-arvo on l\u00e4hell\u00e4 ihmisen ihon pH-arvoa, mik\u00e4 tekee siit\u00e4 turvallisemman k\u00e4ytt\u00e4\u00e4.&nbsp;<\/p>\n\n\n\n<p><strong>3. Kannettava eik\u00e4 helposti vuotava:<\/strong> T\u00e4m\u00e4 tuote on kiinte\u00e4 tahna, joten nestem\u00e4isten tuotteiden vuotamisesta ei tarvitse huolehtia. Se on eritt\u00e4in kevyt ja helppo s\u00e4ilytt\u00e4\u00e4, ja sit\u00e4 on k\u00e4tev\u00e4 kuljettaa mukana ty\u00f6matkoilla.&nbsp;<\/p>\n\n\n\n<p><strong>4. Meikinpoistoaine ja ravitseva 2-in-1: <\/strong>Syv\u00e4vaikutteisen meikinpoistovaikutuksen lis\u00e4ksi meikinpoistobalsami voi my\u00f6s ravita ja hoitaa ihoa samanaikaisesti pit\u00e4en ihon pehme\u00e4n\u00e4 ja s\u00e4teilev\u00e4n\u00e4.&nbsp;<\/p>\n\n\n\n<p><strong>5. Yksi pullo useilla vaikutuksilla, perusteellinen meikinpoisto: <\/strong>Ei tarvitse k\u00e4ytt\u00e4\u00e4 ylim\u00e4\u00e4r\u00e4ist\u00e4 silm\u00e4- ja huulimeikinpoistoainetta, yksi pullo meikinpoistovoidetta voi poistaa koko kasvojen meikin, mik\u00e4 s\u00e4\u00e4st\u00e4\u00e4 meikinpoistovaiheita ja on eritt\u00e4in k\u00e4tev\u00e4.&nbsp;<\/p>\n\n\n\n<h2 class=\"wp-block-heading\">Meikinpoistoaineen k\u00e4ytt\u00f6ohjeet<\/h2>\n\n\n\n<p>Suosittelemme meikinpoistovoiteen k\u00e4ytt\u00f6\u00e4 kuivin k\u00e4sin ja kasvoilla meikinpoistotehon maksimoimiseksi.<\/p>\n\n\n\n<p>1. Pid\u00e4 kasvosi kuivina, ota k\u00e4mmenellesi 1 juanin kolikon kokoinen m\u00e4\u00e4r\u00e4 meikinpoistovoidetta ja sulata balsami \u00f6ljyiseksi k\u00e4mmenesi l\u00e4mp\u00f6tilassa.<\/p>\n\n\n\n<p>2. Levit\u00e4 se tasaisesti koko kasvoille ja hiero hell\u00e4varaisesti noin minuutin ajan, jotta meikki liukenee kasvoilta.<\/p>\n\n\n\n<p>3. Kastele k\u00e4tesi vedell\u00e4 ja jatka kasvojesi hieromista, jotta meikki emulgoituu valkoiseksi voiteeksi.<\/p>\n\n\n\n<p>4. Huuhtele huolellisesti puhtaalla vedell\u00e4 ja jatka ihonhoitorutiineilla.<\/p>\n\n\n\n<h2 class=\"wp-block-heading\">Varoitus<\/h2>\n\n\n\n<p><strong>1. Varmista, ett\u00e4 k\u00e4tesi ja kasvosi ovat kuivat ennen meikin poistamista: <\/strong>M\u00e4rk\u00e4 iho heikent\u00e4\u00e4 meikin emulgointitehoa, joten meikki on suositeltavaa poistaa, kun kasvot ja k\u00e4det ovat kuivat.&nbsp;<\/p>\n\n\n\n<p><strong>2. Huuhtele huolellisesti meikin poistamisen j\u00e4lkeen: <\/strong>Meikin poistamisen j\u00e4lkeen huuhtele kasvosi runsaalla vedell\u00e4, jotta j\u00e4\u00e4nn\u00f6s\u00f6ljy ei tukki ihohuokosia.&nbsp;<\/p>\n\n\n\n<p><strong>3. V\u00e4lt\u00e4 kosketusta silmien sis\u00e4puolelle: <\/strong>Vaikka t\u00e4m\u00e4 tuote on mieto eik\u00e4 \u00e4rsyt\u00e4 ihoa, sen joutumista suoraan silmiin tulee v\u00e4ltt\u00e4\u00e4 ep\u00e4mukavuuden v\u00e4ltt\u00e4miseksi.&nbsp;<\/p>\n\n\n\n<p><strong>4. Sulje ja s\u00e4ilyt\u00e4 k\u00e4yt\u00f6n j\u00e4lkeen:<\/strong> Meikinpoistobalsamin parhaan tehon s\u00e4ilytt\u00e4miseksi ja hapettumisen ja heikkenemisen est\u00e4miseksi kirist\u00e4 korkki ja sulje se k\u00e4yt\u00f6n j\u00e4lkeen.&nbsp;<\/p>\n\n\n\n<h2 class=\"wp-block-heading\">Johtop\u00e4\u00e4t\u00f6s<\/h2>\n\n\n\n<p>Makeup Remover Balm yhdist\u00e4\u00e4 tehokkaan meikinpoiston ja ihonhoidon. Sen kiinte\u00e4 tahmamainen koostumus sulaa ihoon ja poistaa meikin perusteellisesti. Se sopii useille ihotyypeille ja meikille. Yksi pullo riitt\u00e4\u00e4 poistamaan useita meikkityyppej\u00e4. Se on eritt\u00e4in tehokas ja sopii my\u00f6s herk\u00e4lle iholle ja liikematkustajille.<\/p>","protected":false},"excerpt":{"rendered":"Makeup Remover Balm Manufacturing Common Formulas As a professional manufacturer of makeup remover balm, we insist on selecting a variety of high-quality active care ingredients, such as shea butter, ceramide, sweet almond oil, etc., to effectively achieve the dual effects of efficient makeup removal and deep skin care.&nbsp; 1. Shea butter: Shea butter is rich [&hellip;]","protected":false},"featured_media":3836,"menu_order":0,"template":"","meta":[],"product-tag":[],"products":[66],"class_list":["post-3835","product","type-product","status-publish","has-post-thumbnail","hentry","products-makeup-remover"],"acf":[],"_links":{"self":[{"href":"https:\/\/www.ruiqigo.com\/fi\/wp-json\/wp\/v2\/product\/3835","targetHints":{"allow":["GET"]}}],"collection":[{"href":"https:\/\/www.ruiqigo.com\/fi\/wp-json\/wp\/v2\/product"}],"about":[{"href":"https:\/\/www.ruiqigo.com\/fi\/wp-json\/wp\/v2\/types\/product"}],"version-history":[{"count":0,"href":"https:\/\/www.ruiqigo.com\/fi\/wp-json\/wp\/v2\/product\/3835\/revisions"}],"wp:featuredmedia":[{"embeddable":true,"href":"https:\/\/www.ruiqigo.com\/fi\/wp-json\/wp\/v2\/media\/3836"}],"wp:attachment":[{"href":"https:\/\/www.ruiqigo.com\/fi\/wp-json\/wp\/v2\/media?parent=3835"}],"wp:term":[{"taxonomy":"product-tag","embeddable":true,"href":"https:\/\/www.ruiqigo.com\/fi\/wp-json\/wp\/v2\/product-tag?post=3835"},{"taxonomy":"products","embeddable":true,"href":"https:\/\/www.ruiqigo.com\/fi\/wp-json\/wp\/v2\/products?post=3835"}],"curies":[{"name":"wp","href":"https:\/\/api.w.org\/{rel}","templated":true}]}}