{"id":3840,"date":"2025-07-18T16:41:32","date_gmt":"2025-07-18T08:41:32","guid":{"rendered":"https:\/\/www.ruiqigo.com\/?post_type=product&#038;p=3840"},"modified":"2025-07-18T16:41:33","modified_gmt":"2025-07-18T08:41:33","slug":"facial-moisturizer-mask","status":"publish","type":"product","link":"https:\/\/www.ruiqigo.com\/fi\/product\/facial-moisturizer-mask","title":{"rendered":"Kasvojen kosteusnaamio"},"content":{"rendered":"<h2 class=\"wp-block-heading\">Kasvojen kosteusvoidemaskin valmistuksen yleiset kaavat<\/h2>\n\n\n\n<p>Kasvojen kosteusnaamiomme sis\u00e4lt\u00e4\u00e4 valikoituja klassisia kosteuttavia ja kosteuttavia ainesosia, kuten hyaluronihappoa, keramidia, pantenolia jne., jotka kosteuttavat ihoa syv\u00e4lt\u00e4, vahvistavat sen suojakerrosta sek\u00e4 rauhoittavat ja tasapainottavat sit\u00e4. Se sopii monenlaisille ihmisille.&nbsp;<\/p>\n\n\n\n<p><strong>1. Hyaluronihappo: <\/strong>T\u00e4m\u00e4 ainesosa imee vett\u00e4 tehokkaasti. Se voi nopeasti lis\u00e4t\u00e4 ihon sarveiskerroksen vesipitoisuutta, ravita ihoa syv\u00e4lt\u00e4 ja tehd\u00e4 kasvojen ihosta t\u00e4ytel\u00e4isen ja kosteutetun.&nbsp;<\/p>\n\n\n\n<p><strong>2. Keramidi: <\/strong>Se voi korjata vaurioitunutta sarveiskerrosta, parantaa ihon vastustuskyky\u00e4 ja est\u00e4\u00e4 tehokkaasti kosteuden haihtumista. Se sopii erityisesti herkk\u00e4ihoisille ja vaurioituneelle iholle.\u00a0\u00a0<\/p>\n\n\n\n<p><strong>3. Pantenoli: <\/strong>Pantenoli voi tehostaa ihon itseparantumiskyky\u00e4, parantaa kuivaa ihoa ja samalla parantaa sen kyky\u00e4 lukita kosteutta, tehden ihosta pitk\u00e4kestoisesti kosteutetun ja kiilt\u00e4v\u00e4n.&nbsp;<\/p>\n\n\n\n<p><strong>4. Aloe vera -uute: <\/strong>Luonnollinen kasviper\u00e4inen ainesosa, jolla on erinomaiset rauhoittavat ja tulehdusta est\u00e4v\u00e4t vaikutukset, auttaa lievitt\u00e4m\u00e4\u00e4n ihon punoitusta, turvotusta, kuivuutta, kutinaa ja muita ep\u00e4mukavuuksia sek\u00e4 parantaa ihon mukavuutta.&nbsp;<\/p>\n\n\n\n<h2 class=\"wp-block-heading\">Kasvojen kosteusnaamion toiminnot<\/h2>\n\n\n\n<p><strong>1. Nopea nesteytys: <\/strong>Kasvojen kosteusnaamion k\u00e4ytt\u00f6 voi saavuttaa nopean kosteutuksen vain 10\u201315 minuutissa ja parantaa merkitt\u00e4v\u00e4sti kuivan ihon tilaa.\u00a0<\/p>\n\n\n\n<p><strong>2. Hell\u00e4varainen ja ei-allergeeninen:<\/strong> T\u00e4m\u00e4n tuotteen koostumus on eritt\u00e4in hell\u00e4varainen eik\u00e4 sis\u00e4ll\u00e4 alkoholia, allergeeneja hajusteita tai muita ainesosia. Siksi se sopii erinomaisesti my\u00f6s herk\u00e4n ihon p\u00e4ivitt\u00e4iseen kosteutukseen ja kosteuttamiseen.&nbsp;<\/p>\n\n\n\n<p><strong>3. Paranna ihon kyky\u00e4 lukita kosteutta:<\/strong> Kasvojen kosteusnaamio voi korjata ihon suojakerroksen, samalla lukiten kosteuden ja auttaa ihoa yll\u00e4pit\u00e4m\u00e4\u00e4n pidemp\u00e4\u00e4n kest\u00e4v\u00e4\u00e4 kosteutettua tilaa.\u00a0<\/p>\n\n\n\n<p><strong>4. Sopii erilaisille ihotyypeille:<\/strong> Kasvojen kosteusnaamiomme on hell\u00e4varainen ja tehokas, ja se sopii kaikille ihotyypeille, my\u00f6s kuivalle ja rasvoittuvalle.&nbsp;<\/p>\n\n\n\n<h2 class=\"wp-block-heading\">Kasvojen kosteusnaamion k\u00e4ytt\u00f6ohjeet<\/h2>\n\n\n\n<p>Kosteuttavan kasvonaamion k\u00e4ytt\u00f6\u00e4 suositellaan ihon puhdistuksen j\u00e4lkeen kosteutuksen ja kosteutta sitovan vaikutuksen maksimoimiseksi.<\/p>\n\n\n\n<p>1. Puhdistuksen j\u00e4lkeen ota kasvojen kosteusvoidenaamio esiin ja levit\u00e4 se kasvoille.<\/p>\n\n\n\n<p>2. Odota 10\u201315 minuuttia, jotta iho imee kosteuden ja tuoksun.<\/p>\n\n\n\n<p>3. Poista naamio kasvoilta ja taputtele sit\u00e4 kevyesti imeytymisen edist\u00e4miseksi.<\/p>\n\n\n\n<p>4. Huuhtele puhtaalla vedell\u00e4 ja jatka seuraavaa ihonhoitoprosessia vahvistaaksesi kosteuslukkovaikutusta.<\/p>\n\n\n\n<h2 class=\"wp-block-heading\">Varoitus<\/h2>\n\n\n\n<p><strong>1. Herkkyystesti:<\/strong> Jos k\u00e4yt\u00e4t t\u00e4t\u00e4 tuotetta ensimm\u00e4ist\u00e4 kertaa, on suositeltavaa tehd\u00e4 ensin ihoherkkyystesti korvan takana tai leuassa ja k\u00e4ytt\u00e4\u00e4 sit\u00e4 sitten kokonaan, kun ep\u00e4mukavuutta ei en\u00e4\u00e4 ilmene.&nbsp;<\/p>\n\n\n\n<p><strong>2. \u00c4l\u00e4 k\u00e4yt\u00e4 vaurioituneelle iholle:<\/strong> Jos iho on vaurioitunut, punainen, turvonnut tai allerginen, \u00e4l\u00e4 k\u00e4yt\u00e4 kasvonaamiota \u00e4rsytyksen v\u00e4ltt\u00e4miseksi.\u00a0<\/p>\n\n\n\n<p><strong>3. S\u00e4ilyt\u00e4 viile\u00e4ss\u00e4 ja valolta suojatussa paikassa:<\/strong> S\u00e4ilyt\u00e4 t\u00e4t\u00e4 tuotetta viile\u00e4ss\u00e4 ja kuivassa paikassa, poissa korkeista l\u00e4mp\u00f6tiloista ja auringonvalosta, jotta tuotteen teho ja teho s\u00e4ilyv\u00e4t.\u00a0<\/p>\n\n\n\n<p><strong>4. K\u00e4ytt\u00f6aika ei saisi olla liian pitk\u00e4: <\/strong>Suositeltu k\u00e4ytt\u00f6aika perustuu tuotteen ohjeisiin, eik\u00e4 se saisi olla liian pitk\u00e4 haittavaikutusten v\u00e4ltt\u00e4miseksi.<\/p>\n\n\n\n<h2 class=\"wp-block-heading\">Johtop\u00e4\u00e4t\u00f6s<\/h2>\n\n\n\n<p>Kasvonaamio on eritt\u00e4in tehokas kosteuttava ihonhoitotuote, joka t\u00e4ydent\u00e4\u00e4 ja lukitsee kosteuden nopeasti. Olemme valinneet huolellisesti eritt\u00e4in tehokkaat kosteuttavat ainesosat vastaamaan kaikkien ihotyyppien kosteutuksen tarpeisiin. Olipa kyseess\u00e4 sitten p\u00e4ivitt\u00e4inen kosteutus tai kuivan ja herk\u00e4n ihon h\u00e4t\u00e4kosteutus, t\u00e4m\u00e4 naamio on hyv\u00e4 valinta.<\/p>","protected":false},"excerpt":{"rendered":"Facial Moisturizer Mask Manufacturing Common Formulas Our facial moisturizer mask formula contains selected classic hydrating and moisturizing ingredients such as hyaluronic acid, ceramide, panthenol, etc., which can deeply hydrate the skin, strengthen the barrier, and soothe and stabilize the skin. It is suitable for a wide range of people.&nbsp; 1. Hyaluronic acid: This is an [&hellip;]","protected":false},"featured_media":3841,"menu_order":0,"template":"","meta":[],"product-tag":[],"products":[69],"class_list":["post-3840","product","type-product","status-publish","has-post-thumbnail","hentry","products-facial-mask"],"acf":[],"_links":{"self":[{"href":"https:\/\/www.ruiqigo.com\/fi\/wp-json\/wp\/v2\/product\/3840","targetHints":{"allow":["GET"]}}],"collection":[{"href":"https:\/\/www.ruiqigo.com\/fi\/wp-json\/wp\/v2\/product"}],"about":[{"href":"https:\/\/www.ruiqigo.com\/fi\/wp-json\/wp\/v2\/types\/product"}],"version-history":[{"count":0,"href":"https:\/\/www.ruiqigo.com\/fi\/wp-json\/wp\/v2\/product\/3840\/revisions"}],"wp:featuredmedia":[{"embeddable":true,"href":"https:\/\/www.ruiqigo.com\/fi\/wp-json\/wp\/v2\/media\/3841"}],"wp:attachment":[{"href":"https:\/\/www.ruiqigo.com\/fi\/wp-json\/wp\/v2\/media?parent=3840"}],"wp:term":[{"taxonomy":"product-tag","embeddable":true,"href":"https:\/\/www.ruiqigo.com\/fi\/wp-json\/wp\/v2\/product-tag?post=3840"},{"taxonomy":"products","embeddable":true,"href":"https:\/\/www.ruiqigo.com\/fi\/wp-json\/wp\/v2\/products?post=3840"}],"curies":[{"name":"wp","href":"https:\/\/api.w.org\/{rel}","templated":true}]}}