{"id":3855,"date":"2025-07-23T16:19:49","date_gmt":"2025-07-23T08:19:49","guid":{"rendered":"https:\/\/www.ruiqigo.com\/?post_type=product&#038;p=3855"},"modified":"2025-07-23T16:19:49","modified_gmt":"2025-07-23T08:19:49","slug":"gentle-facial-cleanser","status":"publish","type":"product","link":"https:\/\/www.ruiqigo.com\/fi\/product\/gentle-facial-cleanser","title":{"rendered":"Hell\u00e4varainen kasvojenpuhdistusaine"},"content":{"rendered":"<h2 class=\"wp-block-heading\">Hell\u00e4varaisten kasvojenpuhdistusaineiden valmistuksen yleiset kaavat<\/h2>\n\n\n\n<p>Valitsemme huolellisesti erilaisia kasviper\u00e4isi\u00e4 ainesosia ja mietoja tensidej\u00e4 hell\u00e4varaiseen kasvojenpuhdistusaineeseen varmistaaksemme, ett\u00e4 iho on t\u00e4ysin suojattu ja ravittu perusteellisen puhdistuksen aikana. Tuotteen ainesosat ovat ytimekk\u00e4it\u00e4 ja tehokkaita, p\u00e4\u00e4asiassa aminohappotensidej\u00e4, kasviuutteita sis\u00e4lt\u00e4vi\u00e4 rauhoittavia tekij\u00f6it\u00e4 ja luonnollisia kosteuttajia.&nbsp;<\/p>\n\n\n\n<p><strong>1. Natriumkokoyyliglutamaatti: <\/strong>T\u00e4m\u00e4 on mieto pinta-aktiivinen aine, joka on johdettu kookos\u00f6ljyst\u00e4 ja aminohapoista. Se on luonteeltaan mieto, ei sis\u00e4ll\u00e4 saippuapohjaisia aineita, sill\u00e4 on hyv\u00e4t vaahtoamis- ja puhdistusominaisuudet, se poistaa tehokkaasti likaa ja ylim\u00e4\u00e4r\u00e4ist\u00e4 talia eik\u00e4 j\u00e4t\u00e4 kasvoja kirist\u00e4v\u00e4n tuntuisiksi tai kuiviksi puhdistuksen j\u00e4lkeen.&nbsp;<\/p>\n\n\n\n<p><strong>2. Natriumkokoyyliglysinaatti:<\/strong> Se kuuluu my\u00f6s aminohappoj\u00e4rjestelm\u00e4\u00e4n, on eritt\u00e4in hell\u00e4varainen, vaahtoaa runsaasti ja on monien korkealaatuisten puhdistustuotteiden ydinpuhdistusaine. Samalla sill\u00e4 on erinomainen ihotuntuma ja kosteuttavat ominaisuudet, jotka auttavat ihoa s\u00e4ilytt\u00e4m\u00e4\u00e4n kosteuden ja pehmeyden.\u00a0<\/p>\n\n\n\n<p><strong>3. Glyseriini: <\/strong>Glyseriini on klassinen kosteuttava ainesosa, joka voi lukita kosteuden ja lievitt\u00e4\u00e4 kuivuutta puhdistuksen aikana est\u00e4en ihon kiristymisen puhdistuksen aikana. Se voi my\u00f6s lis\u00e4t\u00e4 sarveiskerroksen vesipitoisuutta ja on v\u00e4ltt\u00e4m\u00e4t\u00f6n peruskosteuttava ainesosa hell\u00e4varaiseen puhdistukseen.&nbsp;<\/p>\n\n\n\n<p><strong>4. Pantenoli: <\/strong>Pantenoli voi tunkeutua syv\u00e4lle ihon sarveiskerrokseen ja auttaa lukitsemaan kosteuden ihoon. Sill\u00e4 on my\u00f6s rauhoittava ja tulehdusta ehk\u00e4isev\u00e4 vaikutus. Se voi korjata mikrovaurioita ja parantaa ihon pehmeytt\u00e4 puhdistuksen aikana, tehden ihosta sile\u00e4mm\u00e4n ja herkemm\u00e4n.&nbsp;<\/p>\n\n\n\n<p><strong>5. Aloe vera -uute:<\/strong> T\u00e4m\u00e4 ainesosa on runsaasti erilaisia aminohappoja ja vitamiineja. Sill\u00e4 on merkitt\u00e4vi\u00e4 rauhoittavia, antioksidanttisia ja korjaavia vaikutuksia. Se voi lievitt\u00e4\u00e4 puhdistuksen aiheuttamaa liev\u00e4\u00e4 \u00e4rsytyst\u00e4 ja parantaa ihon yleist\u00e4 vakautta ja tunnetta.&nbsp;<\/p>\n\n\n\n<h2 class=\"wp-block-heading\">Hell\u00e4varaisen kasvojenpuhdistusaineen toiminnot<\/h2>\n\n\n\n<p><strong>1. Hell\u00e4varainen ja ei \u00e4rsyt\u00e4 ihoa: <\/strong>Hell\u00e4varainen kasvojenpuhdistusaine ei k\u00e4yt\u00e4 keinotekoisia hajusteita, saippuapohjia tai alkoholia, joten se on eritt\u00e4in hell\u00e4varainen ja v\u00e4hent\u00e4\u00e4 merkitt\u00e4v\u00e4sti ihon herkkyyden riski\u00e4. Se sopii vauvoille, raskaana oleville naisille ja henkil\u00f6ille, joilla on vaurioitunut iho, mik\u00e4 tekee puhdistuksesta turvallisempaa.\u00a0<\/p>\n\n\n\n<p><strong>2. Runsas ja herkk\u00e4 vaahto:<\/strong> Hell\u00e4varainen kasvojenpuhdistusaineemme vaahtoaa runsaasti ja se vaahtoutuu helposti ilman monivaiheista k\u00e4sittely\u00e4. Vaahto kietoo lian tiiviisti itseens\u00e4, ja puhdistusprosessi on eritt\u00e4in tehokas vet\u00e4m\u00e4tt\u00e4 ihoa.&nbsp;<\/p>\n\n\n\n<p><strong>3. Puhdistaa ja kosteuttaa samanaikaisesti:<\/strong> Hell\u00e4varainen kasvojenpuhdistusaine ei ainoastaan puhdista kasvojesi ep\u00e4puhtauksia perusteellisesti, vaan my\u00f6s s\u00e4ilytt\u00e4\u00e4 ihossasi tarvittavat vesi- ja rasvakomponentit, v\u00e4ltt\u00e4en kirist\u00e4v\u00e4n tunteen puhdistuksen j\u00e4lkeen ja saavuttaen todella hell\u00e4varaisen puhdistuksen.\u00a0<\/p>\n\n\n\n<p><strong>4. Korkea sopeutumiskyky:<\/strong> Hell\u00e4varainen kasvojenpuhdistusaine sopii monille iho-ongelmille, kuten kuivalle iholle, rasvaiselle iholle, sekaiholle ja herk\u00e4lle iholle, joten sill\u00e4 on korkea sopeutumiskyky.\u00a0<\/p>\n\n\n\n<h2 class=\"wp-block-heading\">Kuinka k\u00e4ytt\u00e4\u00e4 hell\u00e4varaista kasvojenpuhdistusainetta<\/h2>\n\n\n\n<p>Hell\u00e4varaisen kasvojenpuhdistusaineen oikea k\u00e4ytt\u00f6 varmistaa puhdistavan vaikutuksen ja minimoi ihovauriot. On suositeltavaa k\u00e4ytt\u00e4\u00e4 sit\u00e4 kerran p\u00e4iv\u00e4ss\u00e4, aamulla ja illalla, yhdistettyn\u00e4 l\u00e4mpim\u00e4\u00e4n veteen puhdistavan ja rauhoittavan vaikutuksen tehostamiseksi.<\/p>\n\n\n\n<p>1. Kastele kasvosi l\u00e4mpim\u00e4ll\u00e4 vedell\u00e4, ota sopiva m\u00e4\u00e4r\u00e4 kasvojenpuhdistusainetta k\u00e4mmenellesi, lis\u00e4\u00e4 vett\u00e4 ja hiero, kunnes muodostuu vaahtoa.<\/p>\n\n\n\n<p>2. Levit\u00e4 vaahtoa tasaisesti kasvoillesi ja hiero hell\u00e4varaisesti py\u00f6rivin liikkein 30 sekunnista 1 minuuttiin.<\/p>\n\n\n\n<p>3. Huuhtele kasvosi huolellisesti puhtaalla vedell\u00e4.<\/p>\n\n\n\n<p>4. Painele kasvojasi varovasti puhtaalla pyyhkeell\u00e4 kosteuden imemiseksi. V\u00e4lt\u00e4 ihon liiallista pyyhkimist\u00e4 ja vet\u00e4mist\u00e4.&nbsp;<\/p>\n\n\n\n<h2 class=\"wp-block-heading\">Varoitus<\/h2>\n\n\n\n<p><strong>1. Ihotesti: <\/strong>Suosittelemme, ett\u00e4 teet paikallisen testin korvan takana tai leukalinjassa ennen k\u00e4ytt\u00f6\u00e4 varmistaaksesi, ettei tuote \u00e4rsyt\u00e4 ihoa.\u00a0<\/p>\n\n\n\n<p><strong>2. V\u00e4lt\u00e4 kosketusta silmiin: <\/strong>Jos ainetta joutuu vahingossa silmiin, huuhtele ne v\u00e4litt\u00f6m\u00e4sti runsaalla vedell\u00e4 \u00e4rsytyksen tai ep\u00e4mukavuuden v\u00e4ltt\u00e4miseksi.&nbsp;<\/p>\n\n\n\n<p><strong>3. K\u00e4yt\u00e4 l\u00e4mpim\u00e4n veden kanssa:<\/strong> Kuuma vesi voi vahingoittaa ihon talirauhaskerrosta, kun taas kylm\u00e4 vesi ei v\u00e4ltt\u00e4m\u00e4tt\u00e4 puhdista tehokkaasti. Siksi suosittelemme kasvojen pesuun l\u00e4mmint\u00e4 vett\u00e4, sill\u00e4 se voi auttaa liuottamaan \u00f6ljy\u00e4 ja suojaamaan kynsinauhoja.\u00a0<\/p>\n\n\n\n<p><strong>4. Kiinnit\u00e4 huomiota kosteutukseen j\u00e4lkik\u00e4teen: <\/strong>Puhdistuksen j\u00e4lkeen sinun tulisi k\u00e4ytt\u00e4\u00e4 kasvovett\u00e4 ja kosteusvoidetta mahdollisimman pian ihon jatkohoitona kosteuden lukitsemiseksi.&nbsp;<\/p>\n\n\n\n<h2 class=\"wp-block-heading\">Johtop\u00e4\u00e4t\u00f6s<\/h2>\n\n\n\n<p>Hell\u00e4varainen kasvojenpuhdistusaine ei ainoastaan l\u00f6yd\u00e4 ihanteellista tasapainoa puhdistustehon ja hell\u00e4varaisuuden v\u00e4lill\u00e4, vaan se my\u00f6s hoitaa huolellisesti jokaista ihosi sentti\u00e4 huolellisesti valituilla ainesosilla. Saippuaton, alkoholiton ja hypoallergeeninen koostumuksemme yhdistettyn\u00e4 useisiin rauhoittaviin ja kosteuttaviin ainesosiin tarjoaa turvallisen puhdistuskokemuksen kaikille ihotyypeille.<\/p>","protected":false},"excerpt":{"rendered":"Gentle Facial Cleanser Manufacturing Common Formulas We carefully select a variety of plant-based ingredients and mild surfactants to add to the gentle facial cleanser formula to ensure that the skin is fully protected and nourished during the thorough cleansing process. The product ingredients are concise and effective, mainly amino acid surfactants, plant-extracted soothing factors, and [&hellip;]","protected":false},"featured_media":3856,"menu_order":0,"template":"","meta":[],"product-tag":[],"products":[65],"class_list":["post-3855","product","type-product","status-publish","has-post-thumbnail","hentry","products-facial-cleanser"],"acf":[],"_links":{"self":[{"href":"https:\/\/www.ruiqigo.com\/fi\/wp-json\/wp\/v2\/product\/3855","targetHints":{"allow":["GET"]}}],"collection":[{"href":"https:\/\/www.ruiqigo.com\/fi\/wp-json\/wp\/v2\/product"}],"about":[{"href":"https:\/\/www.ruiqigo.com\/fi\/wp-json\/wp\/v2\/types\/product"}],"version-history":[{"count":0,"href":"https:\/\/www.ruiqigo.com\/fi\/wp-json\/wp\/v2\/product\/3855\/revisions"}],"wp:featuredmedia":[{"embeddable":true,"href":"https:\/\/www.ruiqigo.com\/fi\/wp-json\/wp\/v2\/media\/3856"}],"wp:attachment":[{"href":"https:\/\/www.ruiqigo.com\/fi\/wp-json\/wp\/v2\/media?parent=3855"}],"wp:term":[{"taxonomy":"product-tag","embeddable":true,"href":"https:\/\/www.ruiqigo.com\/fi\/wp-json\/wp\/v2\/product-tag?post=3855"},{"taxonomy":"products","embeddable":true,"href":"https:\/\/www.ruiqigo.com\/fi\/wp-json\/wp\/v2\/products?post=3855"}],"curies":[{"name":"wp","href":"https:\/\/api.w.org\/{rel}","templated":true}]}}