{"id":402,"date":"2024-07-08T10:46:59","date_gmt":"2024-07-08T02:46:59","guid":{"rendered":"https:\/\/ruiqigo.com\/?post_type=product&#038;p=402"},"modified":"2024-10-28T15:41:34","modified_gmt":"2024-10-28T07:41:34","slug":"tea-tree-body-wash","status":"publish","type":"product","link":"https:\/\/www.ruiqigo.com\/fi\/product\/tea-tree-body-wash","title":{"rendered":"Teepuun vartalonpesu"},"content":{"rendered":"<h3 class=\"wp-block-heading\">Teepuu\u00f6ljyn suihkugeelin valmistuksen yleiset kaavat<\/h3>\n\n\n\n<p>T\u00e4m\u00e4n Tea Tree -suihkusaippuan p\u00e4\u00e4ainesosa on luonnollinen teepuu\u00f6ljy. Teepuu\u00f6ljy on luonnollinen antibakteerinen ja tulehdusta est\u00e4v\u00e4 ainesosa, joka ei ainoastaan puhdista ihoa, vaan my\u00f6s korjaa vaurioitunutta ihoa ja ehk\u00e4isee iho-ongelmien syntymist\u00e4. Olemme my\u00f6s lis\u00e4nneet kasviuutteita, kuten Melaleuca alternifolia -lehti\u00f6ljy\u00e4 ja mentolia, tehostamaan puhdistavia ja rauhoittavia vaikutuksia entisest\u00e4\u00e4n ja tuomaan kokonaisvaltaisempaa hoitoa iholle. Kaikki ainesosat testataan ja seulotaan tiukasti tuotteiden turvallisuuden ja tehokkuuden varmistamiseksi, tarjoten sinulle korkealaatuisen luonnollisen kylpykokemuksen.<\/p>\n\n\n\n<h3 class=\"wp-block-heading\">Teepuu\u00f6ljyll\u00e4 k\u00e4sitelty suihkugeeli Soveltuvat skenaariot<\/h3>\n\n\n\n<p>T\u00e4m\u00e4 teepuu\u00f6ljyll\u00e4 maustettu suihkugeeli sopii t\u00e4ydellisesti kuumiin ja kosteisiin kes\u00e4olosuhteisiin. Sen virkist\u00e4v\u00e4 teepuun tuoksu tarjoaa virkist\u00e4v\u00e4n ja virkist\u00e4v\u00e4n kylpykokemuksen ja auttaa sinua tuntemaan olosi v\u00e4litt\u00f6m\u00e4sti raikkaaksi kes\u00e4n kuumuudessa. Samalla sen luonnolliset antibakteeriset ainesosat ehk\u00e4isev\u00e4t tehokkaasti hien aiheuttamia iho-ongelmia, joten voit aina pit\u00e4\u00e4 ihosi raikkaana ja puhtaana kuumalla s\u00e4\u00e4ll\u00e4.<\/p>\n\n\n\n<h3 class=\"wp-block-heading\">Kenelle teepuu\u00f6ljyst\u00e4 valmistettu vartalosaippua sopii<\/h3>\n\n\n\n<p>T\u00e4m\u00e4 teepuu\u00f6ljyll\u00e4 maustettu suihkugeeli on ihanteellinen niille, jotka arvostavat puhtautta ja hygieniaa ja ovat huolissaan ihonsa terveydest\u00e4. Sen luonnolliset antibakteeriset ainesosat tappavat tehokkaasti haitallisia bakteereja, mik\u00e4 tarjoaa turvallisemman ja tehokkaamman puhdistuksen iholle. Samalla sen rikkaat, ravitsevat ainesosat tarjoavat kattavaa hoitoa kaikentyyppisille k\u00e4ytt\u00e4jille, auttaen parantamaan kuivuutta, herkkyytt\u00e4 ja muita iho-ongelmia. Lis\u00e4ksi sen raikas tuoksu voi tehd\u00e4 kylpyhetkest\u00e4 miellytt\u00e4v\u00e4n niille, jotka arvostavat raikasta kokemusta.<\/p>\n\n\n\n<h3 class=\"wp-block-heading\">Teepuu-vartalonpesun tuotantoprosessi<\/h3>\n\n\n\n<p>Teepuu\u00f6ljysuihkusaippuan valmistuksessa k\u00e4yt\u00e4mme puhdasta teepuu\u00f6ljy\u00e4 ja hell\u00e4varaista uuttoprosessia varmistaaksemme, ett\u00e4 sen aktiiviset ainesosat s\u00e4ilyv\u00e4t. Tuotantoprosessin aikana valvomme tarkasti pH-tasoa ja teepuu\u00f6ljyn pitoisuutta koostumuksissamme saavuttaaksemme parhaan mahdollisen ihonhoitovaikutuksen ja k\u00e4ytt\u00f6kokemuksen. Lis\u00e4ksi keskitymme ymp\u00e4rist\u00f6nsuojeluun ja kest\u00e4v\u00e4\u00e4n kehitykseen varmistaaksemme, ett\u00e4 tuotteemme ovat ymp\u00e4rist\u00f6yst\u00e4v\u00e4llisi\u00e4.<\/p>","protected":false},"excerpt":{"rendered":"Tea tree body wash manufacturing Common Formulas The main ingredient in this Tea Tree Body Wash is natural tea tree essential oil. Tea Tree oil is a natural anti-bacterial and anti-inflammatory ingredient that not only cleanses the skin, but also repairs damaged skin and prevents skin problems from occurring. We have also added plant extracts [&hellip;]","protected":false},"featured_media":406,"menu_order":0,"template":"","meta":[],"product-tag":[],"products":[57],"class_list":["post-402","product","type-product","status-publish","has-post-thumbnail","hentry","products-body-wash"],"acf":[],"_links":{"self":[{"href":"https:\/\/www.ruiqigo.com\/fi\/wp-json\/wp\/v2\/product\/402","targetHints":{"allow":["GET"]}}],"collection":[{"href":"https:\/\/www.ruiqigo.com\/fi\/wp-json\/wp\/v2\/product"}],"about":[{"href":"https:\/\/www.ruiqigo.com\/fi\/wp-json\/wp\/v2\/types\/product"}],"version-history":[{"count":0,"href":"https:\/\/www.ruiqigo.com\/fi\/wp-json\/wp\/v2\/product\/402\/revisions"}],"wp:featuredmedia":[{"embeddable":true,"href":"https:\/\/www.ruiqigo.com\/fi\/wp-json\/wp\/v2\/media\/406"}],"wp:attachment":[{"href":"https:\/\/www.ruiqigo.com\/fi\/wp-json\/wp\/v2\/media?parent=402"}],"wp:term":[{"taxonomy":"product-tag","embeddable":true,"href":"https:\/\/www.ruiqigo.com\/fi\/wp-json\/wp\/v2\/product-tag?post=402"},{"taxonomy":"products","embeddable":true,"href":"https:\/\/www.ruiqigo.com\/fi\/wp-json\/wp\/v2\/products?post=402"}],"curies":[{"name":"wp","href":"https:\/\/api.w.org\/{rel}","templated":true}]}}