{"id":403,"date":"2024-07-08T10:56:54","date_gmt":"2024-07-08T02:56:54","guid":{"rendered":"https:\/\/ruiqigo.com\/?post_type=product&#038;p=403"},"modified":"2024-10-28T11:35:04","modified_gmt":"2024-10-28T03:35:04","slug":"travel-size-body-wash","status":"publish","type":"product","link":"https:\/\/www.ruiqigo.com\/fi\/product\/travel-size-body-wash","title":{"rendered":"Matkakokoinen vartalonpesuaine"},"content":{"rendered":"<h3 class=\"wp-block-heading\">Matkakokoisten suihkusaippuoiden valmistuksen yleiset kaavat<\/h3>\n\n\n\n<p>T\u00e4m\u00e4 matkakokoinen suihkugeeli on valmistettu hell\u00e4varaisilla, \u00e4rsytt\u00e4m\u00e4tt\u00f6mill\u00e4, kasvipohjaisilla puhdistavilla ainesosilla, jotka puhdistavat ihon syv\u00e4lt\u00e4 poistaen ep\u00e4puhtauksia samalla suojaten ihon suojakerrosta ja yll\u00e4pit\u00e4en hyv\u00e4\u00e4 ihon kuntoa. Lis\u00e4ksi olemme lis\u00e4nneet koostumukseen ravitsevia ja kosteuttavia ainesosia, kuten sheavoita ja valkoisen teen uutetta, jotka tarjoavat iholle kokonaisvaltaista hoitoa ja t\u00e4ydent\u00e4v\u00e4t ravintoaineita, joita tarvitaan pit\u00e4m\u00e4\u00e4n ihosi kosteutettuna ja sile\u00e4n\u00e4 koko matkan ajan. Kaikki ainesosat on valittu huolellisesti tuotteen turvallisuuden ja tehokkuuden varmistamiseksi, jotta saat miellytt\u00e4v\u00e4n ja varman kokemuksen.<\/p>\n\n\n\n<h3 class=\"wp-block-heading\">Matkakokoinen suihkugeeli Soveltuvat skenaariot<\/h3>\n\n\n\n<p>Matkakokoinen suihkugeeli on r\u00e4\u00e4t\u00e4l\u00f6ity puhdistuskumppani matkailijoille. Se sopii lyhyille matkoille, virkist\u00e4ytymiseen pitkien lentojen j\u00e4lkeen, nopeaan puhdistukseen ulkoilun j\u00e4lkeen, henkil\u00f6kohtaisen hygienian hoitoon ty\u00f6matkoilla, k\u00e4tev\u00e4\u00e4n kylpemiseen kuntosaliharjoittelun j\u00e4lkeen ja hygienian suojaamiseen hotelliy\u00f6pymisten aikana. Kevyt pakkaussuunnittelu tekee kantamisesta helppoa ja varmistaa mukavan kylpykokemuksen mill\u00e4 tahansa matkalla.<\/p>\n\n\n\n<h3 class=\"wp-block-heading\">Kenelle matkakokoinen vartalosaippua sopii<\/h3>\n\n\n\n<p>Matkakokoinen vartalosaippua on suunniteltu usein matkustaville, ja se sopii niin matkailijoille, liikemiehille kuin seikkailunhaluisillekin, jotka tarvitsevat k\u00e4tev\u00e4\u00e4 henkil\u00f6kohtaista hoitoa. Sen kannettava pakkaus ja monitoiminen koostumus vastaavat puhdistus- ja kosteutustarpeisiin miss\u00e4 ja milloin vain, ja se sopii kaikille ihotyypeille, erityisesti k\u00e4ytt\u00e4jille, jotka etsiv\u00e4t yksinkertaista ja tehokasta ihonhoitoratkaisua.<\/p>\n\n\n\n<h3 class=\"wp-block-heading\">Matkakokoinen suihkugeeli<\/h3>\n\n\n\n<p>Matkakokoista suihkugeeli\u00e4 valmistaessamme keskityimme tuotteen kannettavuuteen ja k\u00e4yt\u00e4nn\u00f6llisyyteen. Kevyt pakkaussuunnittelu varmistaa, ett\u00e4 tuotetta on helppo kuljettaa mukana eik\u00e4 se vie liikaa tilaa matkalaukussa. Samalla koostumus on optimoitu sek\u00e4 hell\u00e4varaiseen puhdistukseen ett\u00e4 pitk\u00e4kestoiseen kosteutukseen. Valmistusprosessin aikana noudatetaan tiukkoja laadunvalvontastandardeja sen varmistamiseksi, ett\u00e4 jokainen suihkugeelipullo tarjoaa yhdenmukaisen k\u00e4ytt\u00f6kokemuksen.<\/p>","protected":false},"excerpt":{"rendered":"Travel size body wash manufacturing Common Formulas This travel size body wash is formulated with gentle, non-irritating, plant-based cleansing ingredients that deeply cleanse the skin, removing impurities while also protecting the skin barrier and maintaining good skin condition. In addition, we have added nourishing and moisturizing ingredients such as Shea Butter and White Tea Extract [&hellip;]","protected":false},"featured_media":410,"menu_order":0,"template":"","meta":[],"product-tag":[],"products":[57],"class_list":["post-403","product","type-product","status-publish","has-post-thumbnail","hentry","products-body-wash"],"acf":[],"_links":{"self":[{"href":"https:\/\/www.ruiqigo.com\/fi\/wp-json\/wp\/v2\/product\/403","targetHints":{"allow":["GET"]}}],"collection":[{"href":"https:\/\/www.ruiqigo.com\/fi\/wp-json\/wp\/v2\/product"}],"about":[{"href":"https:\/\/www.ruiqigo.com\/fi\/wp-json\/wp\/v2\/types\/product"}],"version-history":[{"count":0,"href":"https:\/\/www.ruiqigo.com\/fi\/wp-json\/wp\/v2\/product\/403\/revisions"}],"wp:featuredmedia":[{"embeddable":true,"href":"https:\/\/www.ruiqigo.com\/fi\/wp-json\/wp\/v2\/media\/410"}],"wp:attachment":[{"href":"https:\/\/www.ruiqigo.com\/fi\/wp-json\/wp\/v2\/media?parent=403"}],"wp:term":[{"taxonomy":"product-tag","embeddable":true,"href":"https:\/\/www.ruiqigo.com\/fi\/wp-json\/wp\/v2\/product-tag?post=403"},{"taxonomy":"products","embeddable":true,"href":"https:\/\/www.ruiqigo.com\/fi\/wp-json\/wp\/v2\/products?post=403"}],"curies":[{"name":"wp","href":"https:\/\/api.w.org\/{rel}","templated":true}]}}