{"id":405,"date":"2024-07-08T11:19:22","date_gmt":"2024-07-08T03:19:22","guid":{"rendered":"https:\/\/ruiqigo.com\/?post_type=product&#038;p=405"},"modified":"2024-10-28T11:15:36","modified_gmt":"2024-10-28T03:15:36","slug":"retinol-hand-cream","status":"publish","type":"product","link":"https:\/\/www.ruiqigo.com\/fi\/product\/retinol-hand-cream","title":{"rendered":"Retinol k\u00e4sivoide"},"content":{"rendered":"<h3 class=\"wp-block-heading\">Retinolik\u00e4sivoiteen valmistuksen yleiset kaavat<\/h3>\n\n\n\n<p>T\u00e4m\u00e4n retinolik\u00e4sivoiteen ydinainesosia ovat retinoli ja jojoba\u00f6ljy. Retinoli on rasvaliukoinen vitamiini, joka stimuloi solujen uusiutumista ja korjaa vaurioitunutta k\u00e4sien ihoa. Jojoba\u00f6ljy puolestaan on runsaslukuinen ja sis\u00e4lt\u00e4\u00e4 luonnollisia rasvahappoja, jotka ravitsevat ihoa syv\u00e4lt\u00e4 ja parantavat kuivuutta ja karheutta. Lis\u00e4ksi koostumus sis\u00e4lt\u00e4\u00e4 manteli\u00f6ljy\u00e4, seesami\u00f6ljy\u00e4 ja muita kosteuttavia ainesosia, jotka voivat tehokkaasti t\u00e4ydent\u00e4\u00e4 ihon kosteustarpeita ja yll\u00e4pit\u00e4\u00e4 optimaalista vesi-\u00f6ljy-tasapainoa.<\/p>\n\n\n\n<h3 class=\"wp-block-heading\">Retinolik\u00e4sivoide Sovellettavat skenaariot<\/h3>\n\n\n\n<p>T\u00e4m\u00e4 retinolia sis\u00e4lt\u00e4v\u00e4 k\u00e4sivoide sopii erinomaisesti k\u00e4ytett\u00e4v\u00e4ksi kuivissa ja kylmiss\u00e4 ilmastoissa. Kylm\u00e4t talvil\u00e4mp\u00f6tilat ja keinotekoinen l\u00e4mmitys voivat aiheuttaa kuivia, hilseilevi\u00e4 ja jopa halkeilevia k\u00e4si\u00e4. K\u00e4sivoiteen rikkaat kosteuttavat ainesosat ravitsevat k\u00e4si\u00e4si syv\u00e4lt\u00e4, t\u00e4ydent\u00e4v\u00e4t niiden tarvitsemaa kosteutta, korjaavat vaurioituneita soluja ja palauttavat niiden pehmeyden ja hehkun. Lis\u00e4ksi se voi my\u00f6s tarjota k\u00e4sille suojakerroksen, joka ehk\u00e4isee tehokkaasti kuivuutta, pakkashalkeamia ja muita ongelmia. Olipa kyseess\u00e4 talvi tai kuiva ja tuulinen vuodenaika, t\u00e4m\u00e4 k\u00e4sivoide tarjoaa kattavaa hoitoa k\u00e4sillesi.<\/p>\n\n\n\n<h3 class=\"wp-block-heading\">Kenelle retinolista k\u00e4sivoidetta sopii<\/h3>\n\n\n\n<p>T\u00e4m\u00e4 retinolia sis\u00e4lt\u00e4v\u00e4 k\u00e4sivoide on ihanteellinen kuivaihoisille k\u00e4ytt\u00e4jille. Olivatpa k\u00e4tesi kuivat usein toistuvan k\u00e4sienpesun tai kemikaalialtistuksen vuoksi tai ihosi hilseilee kylm\u00e4n talvis\u00e4\u00e4n vuoksi, t\u00e4m\u00e4 k\u00e4sivoide tarjoaa tarvitsemaasi ravintoa. Se imeytyy syv\u00e4lle ihoon t\u00e4ydent\u00e4\u00e4kseen tarvittavia ravintoaineita ja korjaaen vaurioituneita soluja, j\u00e4tt\u00e4en k\u00e4det pehmeiksi ja sileiksi. Samalla se imeytyy nopeasti j\u00e4tt\u00e4m\u00e4tt\u00e4 tahmeaa tunnetta, joten se sopii kaikille ihotyypeille.<\/p>\n\n\n\n<h3 class=\"wp-block-heading\">Retinolik\u00e4sivoiteen tuotantoprosessi<\/h3>\n\n\n\n<p>Retinol-k\u00e4sivoiteen erityinen valmistusprosessi sis\u00e4lt\u00e4\u00e4 stabiloidun retinolikoostumuksen k\u00e4yt\u00f6n sen antioksidanttisen aktiivisuuden yll\u00e4pit\u00e4miseksi ja matalan l\u00e4mp\u00f6tilan uuttoprosessin ainesosien tuhoutumisen minimoimiseksi. Tiukka pH:n ja ymp\u00e4rist\u00f6n kosteuden hallinta tuotannon aikana varmistaa retinolin stabiilisuuden ja tehokkuuden. Lis\u00e4ksi erityisesti lis\u00e4tyt kosteuttavat ainesosat, kuten glyseriini ja hyaluronihappo, on mittasuhteiltaan tarkkoja, jotta saavutetaan syv\u00e4ravitsemus ilman rasvaista tunnetta kaikille ihotyypeille.<\/p>","protected":false},"excerpt":{"rendered":"Retinol hand cream manufacturing Common Formulas The core ingredients of this Retinol Hand Cream include Retinol and Jojoba Seed Oil. Retinol is a fat-soluble vitamin that stimulates cell renewal and repairs damaged skin on the hands, while Jojoba Seed Oil is rich in a variety of natural fatty acids that deeply nourish the skin and [&hellip;]","protected":false},"featured_media":414,"menu_order":0,"template":"","meta":[],"product-tag":[],"products":[58],"class_list":["post-405","product","type-product","status-publish","has-post-thumbnail","hentry","products-hand-cream"],"acf":[],"_links":{"self":[{"href":"https:\/\/www.ruiqigo.com\/fi\/wp-json\/wp\/v2\/product\/405","targetHints":{"allow":["GET"]}}],"collection":[{"href":"https:\/\/www.ruiqigo.com\/fi\/wp-json\/wp\/v2\/product"}],"about":[{"href":"https:\/\/www.ruiqigo.com\/fi\/wp-json\/wp\/v2\/types\/product"}],"version-history":[{"count":0,"href":"https:\/\/www.ruiqigo.com\/fi\/wp-json\/wp\/v2\/product\/405\/revisions"}],"wp:featuredmedia":[{"embeddable":true,"href":"https:\/\/www.ruiqigo.com\/fi\/wp-json\/wp\/v2\/media\/414"}],"wp:attachment":[{"href":"https:\/\/www.ruiqigo.com\/fi\/wp-json\/wp\/v2\/media?parent=405"}],"wp:term":[{"taxonomy":"product-tag","embeddable":true,"href":"https:\/\/www.ruiqigo.com\/fi\/wp-json\/wp\/v2\/product-tag?post=405"},{"taxonomy":"products","embeddable":true,"href":"https:\/\/www.ruiqigo.com\/fi\/wp-json\/wp\/v2\/products?post=405"}],"curies":[{"name":"wp","href":"https:\/\/api.w.org\/{rel}","templated":true}]}}