{"id":418,"date":"2024-07-08T11:28:04","date_gmt":"2024-07-08T03:28:04","guid":{"rendered":"https:\/\/ruiqigo.com\/?post_type=product&#038;p=418"},"modified":"2024-10-28T11:59:47","modified_gmt":"2024-10-28T03:59:47","slug":"goat-milk-hand-cream","status":"publish","type":"product","link":"https:\/\/www.ruiqigo.com\/fi\/product\/goat-milk-hand-cream","title":{"rendered":"Vuohenmaidosta k\u00e4sivoide"},"content":{"rendered":"<h3 class=\"wp-block-heading\">Vuohenmaidon k\u00e4sivoidevalmistus Yleiset kaavat<\/h3>\n\n\n\n<p>Yksi t\u00e4m\u00e4n vuohenmaitok\u00e4sivoiteen ydinainesosista on korkealaatuinen vuohenmaito. Vuohenmaito sis\u00e4lt\u00e4\u00e4 runsaasti proteiineja, vitamiineja ja kivenn\u00e4isaineita, jotka syv\u00e4sti ravitsevat ja korjaavat k\u00e4sien ihoa parantaen kuivuutta ja karheutta. Lis\u00e4ksi kaava sis\u00e4lt\u00e4\u00e4 my\u00f6s natriumhyaluronaattia ja glyseriini\u00e4 sek\u00e4 muita kosteuttavia ainesosia, jotka voivat tehokkaasti t\u00e4ydent\u00e4\u00e4 ihon kosteutta, parantaa joustavuutta ja kiiltoa. N\u00e4m\u00e4 luonnolliset ja laadukkaat ainesosat eiv\u00e4t ole vain turvallisia ja \u00e4rsytt\u00e4m\u00e4tt\u00f6mi\u00e4, vaan tarjoavat my\u00f6s kattavaa hoitoa k\u00e4sillesi, jotta iho on aina pehme\u00e4 ja sile\u00e4.<\/p>\n\n\n\n<h3 class=\"wp-block-heading\">Vuohenmaidosta k\u00e4sivoide Soveltuvat skenaariot<\/h3>\n\n\n\n<p>T\u00e4m\u00e4 vuohenmaidosta valmistettu k\u00e4sivoide on ihanteellinen k\u00e4ytett\u00e4v\u00e4ksi kuivassa ja kylm\u00e4ss\u00e4 ilmastossa. Talven kylm\u00e4t l\u00e4mp\u00f6tilat ja keinotekoinen l\u00e4mmitys voivat johtaa kuiviin, hilseileviin ja jopa halkeileviin k\u00e4siin. T\u00e4m\u00e4n k\u00e4sivoiteen runsaat kosteuttavat ainesosat ravitsevat ja korjaavat k\u00e4sien ihoa syv\u00e4sti ja t\u00e4ydent\u00e4v\u00e4t k\u00e4sien tarvitsemaa kosteutta ollakseen pehmeit\u00e4 ja sileit\u00e4. Lis\u00e4ksi se tarjoaa my\u00f6s suojaavan esteen k\u00e4sille, mik\u00e4 est\u00e4\u00e4 tehokkaasti kuivumista ja paleltumia. Olipa kyseess\u00e4 kylm\u00e4 talvi tai kuiva, tuulinen vuodenaika, t\u00e4m\u00e4 k\u00e4sivoide antaa k\u00e4sillesi niiden tarvitseman t\u00e4yden hoidon.<\/p>\n\n\n\n<h3 class=\"wp-block-heading\">Kenelle Vuohenmaidosta k\u00e4sivoidepuku<\/h3>\n\n\n\n<p>T\u00e4m\u00e4 vuohenmaidosta valmistettu k\u00e4sivoide on ihanteellinen k\u00e4ytt\u00e4jille, joilla on kuiva iho. Olipa k\u00e4tesi kuivat toistuvan k\u00e4sien pesun tai kemikaalien altistumisen vuoksi tai ihosi hilseilev\u00e4 kylm\u00e4n talvis\u00e4teen vuoksi, t\u00e4m\u00e4 k\u00e4sivoide tarjoaa tarvitsemaasi ravintoa. Se ravitsee ja korjaa k\u00e4sien ihoa syv\u00e4sti ja t\u00e4ydent\u00e4\u00e4 niiden tarvitsemaa kosteutta ja ravinteita ollakseen pehme\u00e4 ja sile\u00e4. Samalla se imeytyy nopeasti j\u00e4tt\u00e4m\u00e4tt\u00e4 tahmeaa tunnetta, joten se sopii kaikille ihotyypeille.<\/p>\n\n\n\n<h3 class=\"wp-block-heading\">Vuohenmaidon k\u00e4sivoide Valmistusprosessi<\/h3>\n\n\n\n<p>Vuohenmaitok\u00e4sivoiteen erityinen valmistusprosessi n\u00e4kyy raaka-aineiden huolellisessa valinnassa ja k\u00e4sittelyss\u00e4. Korkealaatuista tuoretta vuohenmaitoa k\u00e4ytet\u00e4\u00e4n sen runsaiden ravintoaineiden uuttamiseen matalal\u00e4mp\u00f6tilak\u00e4sittelyn ja entsymaattisen teknologian avulla, mik\u00e4 varmistaa, ett\u00e4 aktiiviset ainesosat, kuten maitohappo ja vitamiinit, s\u00e4ilyv\u00e4t vuohenmaidossa. Valmistusprosessin aikana koostumussuhdetta ja emulgointiprosessia valvotaan tiukasti, jotta k\u00e4sivoiteen koostumus on hieno ja se imeytyy nopeasti. Lis\u00e4ksi siihen ei ole lis\u00e4tty hajusteita ja v\u00e4rej\u00e4, jotka v\u00e4hent\u00e4v\u00e4t iho\u00e4rsytyst\u00e4, joten se sopii herk\u00e4lle iholle.<\/p>","protected":false},"excerpt":{"rendered":"Goat milk hand cream manufacturing Common Formulas One of the core ingredients of this goat milk hand cream is high quality goat milk. Goat milk is rich in proteins, vitamins and minerals that deeply nourish and repair the skin on your hands, improving dryness and roughness. In addition, the formula also adds sodium hyaluronate and [&hellip;]","protected":false},"featured_media":419,"menu_order":0,"template":"","meta":[],"product-tag":[],"products":[58],"class_list":["post-418","product","type-product","status-publish","has-post-thumbnail","hentry","products-hand-cream"],"acf":[],"_links":{"self":[{"href":"https:\/\/www.ruiqigo.com\/fi\/wp-json\/wp\/v2\/product\/418","targetHints":{"allow":["GET"]}}],"collection":[{"href":"https:\/\/www.ruiqigo.com\/fi\/wp-json\/wp\/v2\/product"}],"about":[{"href":"https:\/\/www.ruiqigo.com\/fi\/wp-json\/wp\/v2\/types\/product"}],"version-history":[{"count":0,"href":"https:\/\/www.ruiqigo.com\/fi\/wp-json\/wp\/v2\/product\/418\/revisions"}],"wp:featuredmedia":[{"embeddable":true,"href":"https:\/\/www.ruiqigo.com\/fi\/wp-json\/wp\/v2\/media\/419"}],"wp:attachment":[{"href":"https:\/\/www.ruiqigo.com\/fi\/wp-json\/wp\/v2\/media?parent=418"}],"wp:term":[{"taxonomy":"product-tag","embeddable":true,"href":"https:\/\/www.ruiqigo.com\/fi\/wp-json\/wp\/v2\/product-tag?post=418"},{"taxonomy":"products","embeddable":true,"href":"https:\/\/www.ruiqigo.com\/fi\/wp-json\/wp\/v2\/products?post=418"}],"curies":[{"name":"wp","href":"https:\/\/api.w.org\/{rel}","templated":true}]}}