{"id":423,"date":"2024-07-08T11:46:52","date_gmt":"2024-07-08T03:46:52","guid":{"rendered":"https:\/\/ruiqigo.com\/?post_type=product&#038;p=423"},"modified":"2024-11-12T22:37:58","modified_gmt":"2024-11-12T14:37:58","slug":"shea-butter-hand-cream","status":"publish","type":"product","link":"https:\/\/www.ruiqigo.com\/fi\/product\/shea-butter-hand-cream","title":{"rendered":"Sheavoista k\u00e4sivoide"},"content":{"rendered":"<h3 class=\"wp-block-heading\">Sheavoi-k\u00e4sivoiteen valmistuksen yleiset kaavat<\/h3>\n\n\n\n<p>T\u00e4m\u00e4n sheavoi-k\u00e4sivoiteen ydinainesosa on luonnollinen sheavoi. Runsaasti rasvahappoja ja vitamiineja sis\u00e4lt\u00e4v\u00e4 sheavoi ravitsee ja korjaa kuivaa ja karheaa k\u00e4sien ihoa syv\u00e4lt\u00e4. Lis\u00e4ksi koostumus sis\u00e4lt\u00e4\u00e4 ravinteita, kuten sheavoita, jotka tehokkaasti kosteuttavat ihoa, parantavat sen kimmoisuutta ja tekev\u00e4t k\u00e4sist\u00e4 pehme\u00e4t ja joustavat. N\u00e4m\u00e4 korkealaatuiset luonnolliset ainesosat ovat paitsi turvallisia ja \u00e4rsytt\u00e4m\u00e4tt\u00f6mi\u00e4, my\u00f6s tarjoavat kattavaa hoitoa k\u00e4sillesi, jotta iho on aina pehme\u00e4 ja sile\u00e4.<\/p>\n\n\n\n<h3 class=\"wp-block-heading\">Sheavoi-k\u00e4sivoide soveltuu k\u00e4ytett\u00e4v\u00e4ksi eri tilanteissa<\/h3>\n\n\n\n<p>T\u00e4m\u00e4 sheavoi-k\u00e4sivoide sopii erityisen hyvin k\u00e4ytett\u00e4v\u00e4ksi kuivissa ja kylmiss\u00e4 ilmastoissa. Kylm\u00e4t talvil\u00e4mp\u00f6tilat ja keinotekoinen l\u00e4mmitys voivat johtaa kuiviin, hilseileviin ja jopa halkeileviin k\u00e4siin. T\u00e4m\u00e4n k\u00e4sivoiteen rikkaat ja ravitsevat ainesosat korjaavat ihoa syv\u00e4lt\u00e4 ja t\u00e4ydent\u00e4v\u00e4t sen tarvitsemaa kosteutta, jotta k\u00e4tesi tuntuvat pehmeilt\u00e4 ja sileilt\u00e4. Lis\u00e4ksi se voi my\u00f6s tarjota k\u00e4sille suojakerroksen, joka ehk\u00e4isee tehokkaasti kuivuutta, pakkashalkeamia ja muita ongelmia. Olipa kyseess\u00e4 kylm\u00e4 talvi tai kuiva ja tuulinen vuodenaika, t\u00e4m\u00e4 k\u00e4sivoide antaa k\u00e4sillesi t\u00e4ydellisen hoidon.<\/p>\n\n\n\n<h3 class=\"wp-block-heading\">Kenelle sheavoi-k\u00e4sivoide sopii<\/h3>\n\n\n\n<p>T\u00e4m\u00e4 sheavoi-k\u00e4sivoide sopii ihanteellisesti kuivaihoisille. Olivatpa k\u00e4tesi kuivat usein toistuvan k\u00e4sienpesun tai kemikaalialtistuksen vuoksi tai ihosi hilseilee kylm\u00e4n talvis\u00e4\u00e4n vuoksi, t\u00e4m\u00e4 k\u00e4sivoide tarjoaa tarvitsemaasi ravintoa. Se ravitsee ja korjaa k\u00e4siesi ihoa syv\u00e4lt\u00e4, t\u00e4ydent\u00e4en niiden tarvitsemaa kosteutta ja ravinteita, jotta ne olisivat pehme\u00e4t ja sile\u00e4t. Samalla se imeytyy nopeasti j\u00e4tt\u00e4m\u00e4tt\u00e4 tahmeaa tunnetta, joten se sopii kaikille ihotyypeille. Olipa k\u00e4siesi kunto mik\u00e4 tahansa, t\u00e4m\u00e4 k\u00e4sivoide antaa niille t\u00e4yden huolenpidon, jota ne tarvitsevat pysy\u00e4kseen kosteutettuina ja tervein\u00e4.<\/p>\n\n\n\n<h3 class=\"wp-block-heading\">Sheavoi-k\u00e4sivoiteen tuotantoprosessi<\/h3>\n\n\n\n<p>Sheavoi-k\u00e4sivoide on valmistettu kiinnitt\u00e4en erityist\u00e4 huomiota ainesosien laatuun ja koostumuksen tieteelliseen tutkimukseen. Valikoitua korkealaatuista sheavoita yhdistettyn\u00e4 E-vitamiiniin ja muihin luonnollisiin kosteuttaviin ainesosiin on k\u00e4ytetty mietoa emulgointiprosessia, joka varmistaa tuotteen hienovaraisen koostumuksen ja nopean imeytymisen. Koko tuotantoprosessi noudattaa GMP-standardeja tuotteen puhtauden ja tehokkuuden varmistamiseksi.<\/p>","protected":false},"excerpt":{"rendered":"Shea butter hand cream manufacturing Common Formulas The core ingredient of this Shea Butter Hand Cream is natural Shea Butter. Rich in fatty acids and vitamins, shea butter deeply nourishes and repairs dry and rough hand skin. In addition, the formula also adds nutrients such as shea butter, which can effectively replenish skin moisture, enhance [&hellip;]","protected":false},"featured_media":426,"menu_order":0,"template":"","meta":[],"product-tag":[],"products":[58],"class_list":["post-423","product","type-product","status-publish","has-post-thumbnail","hentry","products-hand-cream"],"acf":[],"_links":{"self":[{"href":"https:\/\/www.ruiqigo.com\/fi\/wp-json\/wp\/v2\/product\/423","targetHints":{"allow":["GET"]}}],"collection":[{"href":"https:\/\/www.ruiqigo.com\/fi\/wp-json\/wp\/v2\/product"}],"about":[{"href":"https:\/\/www.ruiqigo.com\/fi\/wp-json\/wp\/v2\/types\/product"}],"version-history":[{"count":0,"href":"https:\/\/www.ruiqigo.com\/fi\/wp-json\/wp\/v2\/product\/423\/revisions"}],"wp:featuredmedia":[{"embeddable":true,"href":"https:\/\/www.ruiqigo.com\/fi\/wp-json\/wp\/v2\/media\/426"}],"wp:attachment":[{"href":"https:\/\/www.ruiqigo.com\/fi\/wp-json\/wp\/v2\/media?parent=423"}],"wp:term":[{"taxonomy":"product-tag","embeddable":true,"href":"https:\/\/www.ruiqigo.com\/fi\/wp-json\/wp\/v2\/product-tag?post=423"},{"taxonomy":"products","embeddable":true,"href":"https:\/\/www.ruiqigo.com\/fi\/wp-json\/wp\/v2\/products?post=423"}],"curies":[{"name":"wp","href":"https:\/\/api.w.org\/{rel}","templated":true}]}}