{"id":424,"date":"2024-07-08T11:52:15","date_gmt":"2024-07-08T03:52:15","guid":{"rendered":"https:\/\/ruiqigo.com\/?post_type=product&#038;p=424"},"modified":"2024-11-06T15:04:57","modified_gmt":"2024-11-06T07:04:57","slug":"coconut-massage-oil","status":"publish","type":"product","link":"https:\/\/www.ruiqigo.com\/fi\/product\/coconut-massage-oil","title":{"rendered":"Kookoshieronta\u00f6ljy"},"content":{"rendered":"<h2 class=\"wp-block-heading\">Kookoshieronta\u00f6ljyn valmistuksen yleiset kaavat<\/h2>\n\n\n\n<p>T\u00e4m\u00e4n kookoshieronta\u00f6ljyn p\u00e4\u00e4ainesosat ovat luonnostaan puhdas kookos\u00f6ljy ja auringonkukansiemen\u00f6ljy. Kookos\u00f6ljy on runsaasti keskipitk\u00e4ketjuisia rasvahappoja, jotka imeytyv\u00e4t nopeasti syv\u00e4lle ihoon ja tarjoavat tehokkaita kosteuttavia ja korjaavia vaikutuksia. Auringonkukansiemen\u00f6ljy on t\u00e4ynn\u00e4 vitamiineja ja antioksidantteja, jotka auttavat lievitt\u00e4m\u00e4\u00e4n lihaskipuja ja parantamaan ihon kuntoa. Ammattimaisena kookoshieronta\u00f6ljyn valmistajana n\u00e4m\u00e4 korkealaatuiset luonnolliset ainesosat ovat paitsi turvallisia ja \u00e4rsytt\u00e4m\u00e4tt\u00f6mi\u00e4, my\u00f6s hy\u00f6dynt\u00e4v\u00e4t t\u00e4ysin voitelevia, hierovia ja rauhoittavia vaikutuksia tarjoten kokonaisvaltaista hoitoa iholle, keholle ja mielelle.<\/p>\n\n\n\n<h2 class=\"wp-block-heading\">Kookoshieronta\u00f6ljyn k\u00e4ytt\u00f6tarkoitukset<\/h2>\n\n\n\n<p>T\u00e4m\u00e4 kookoshieronta\u00f6ljy sopii erinomaisesti k\u00e4ytett\u00e4v\u00e4ksi kuumassa ja kuivassa ilmastossa. Kuumina ja hikisen\u00e4 kes\u00e4kuukausina iho on altis kuivumiselle ja hilseilylle, ja lihakset ovat alttiita s\u00e4rkyille ja kipuille. T\u00e4m\u00e4 hieronta\u00f6ljy imeytyy nopeasti j\u00e4tt\u00e4m\u00e4tt\u00e4 iholle tahmeaa tunnetta, samalla se ravitsee syv\u00e4lt\u00e4 ja lievitt\u00e4\u00e4 v\u00e4symyst\u00e4, joten voit tuntea olosi viile\u00e4ksi ja mukavaksi p\u00e4iv\u00e4n kuumuudessa. Se my\u00f6s suojaa ihoa auringon aiheuttamilta vaurioilta, joten on helppo nauttia kokonaisvaltaisesta hoidosta erilaisissa ymp\u00e4rist\u00f6iss\u00e4.<\/p>\n\n\n\n<h2 class=\"wp-block-heading\">Kenelle kookoshieronta\u00f6ljy sopii<\/h2>\n\n\n\n<p>T\u00e4m\u00e4 kookoshieronta\u00f6ljy sopii kaikille ihotyypeille. Olipa ihosi kuiva, herkk\u00e4 tai rasvainen, hy\u00f6dyt t\u00e4st\u00e4 hieronta\u00f6ljyst\u00e4. Se imeytyy nopeasti rasittamatta ihoa, samalla ravitsee sit\u00e4 syv\u00e4lt\u00e4 ja lievitt\u00e4\u00e4 kipuja ja s\u00e4rkyj\u00e4. Erityisesti treenaaville tai fyysist\u00e4 ty\u00f6t\u00e4 tekeville t\u00e4m\u00e4 \u00f6ljy auttaa rentouttamaan lihaksia, lievitt\u00e4m\u00e4\u00e4n v\u00e4symyst\u00e4 ja palauttamaan ne rentoutuneeseen ja mukavaan tilaan. Olipa ihosi kunto mik\u00e4 tahansa, t\u00e4m\u00e4 kookoshieronta\u00f6ljy tarjoaa sinulle t\u00e4ydellisen hemmottelun.<\/p>\n\n\n\n<h2 class=\"wp-block-heading\">Kookoshieronta\u00f6ljyn tuotantoprosessi<\/h2>\n\n\n\n<p>Kookoshieronta\u00f6ljyn erityinen tuotantoprosessi korostaa puhtaan kasvi\u00f6ljyn uuttamista ensiluokkaisista kookosp\u00e4hkin\u00f6ist\u00e4. Kylm\u00e4puristustekniikkaa k\u00e4ytet\u00e4\u00e4n \u00f6ljyn luonnollisten rasvahappojen ja E-vitamiinin eheyden s\u00e4ilytt\u00e4miseksi. Johtavana kookoshieronta\u00f6ljyjen valmistajana tuotantoprosessin aikana l\u00e4mp\u00f6tilaa ja painetta kontrolloidaan tarkasti, jotta v\u00e4ltet\u00e4\u00e4n \u00f6ljyn vaurioituminen korkean l\u00e4mp\u00f6tilan vuoksi, mik\u00e4 varmistaa hieronta\u00f6ljyn puhtauden ja ravitsevan vaikutuksen. Lis\u00e4ksi ep\u00e4puhtaudet poistetaan hienosuodatuksella, mik\u00e4 tarjoaa pehme\u00e4n tuntuisen ja syv\u00e4kosteuttavan vaikutuksen.<\/p>\n\n\n\n<p><\/p>","protected":false},"excerpt":{"rendered":"Coconut massage oil manufacturing common formulas The main ingredients of this Coconut Massage Oil are naturally pure coconut oil and sunflower seed oil. Coconut oil is rich in medium-chain fatty acids, which penetrate deep into the skin quickly and provide powerful moisturizing and repairing effects. Sunflower Seed Oil is rich in vitamins and antioxidants to [&hellip;]","protected":false},"featured_media":430,"menu_order":0,"template":"","meta":[],"product-tag":[],"products":[59],"class_list":["post-424","product","type-product","status-publish","has-post-thumbnail","hentry","products-massage-oil"],"acf":[],"_links":{"self":[{"href":"https:\/\/www.ruiqigo.com\/fi\/wp-json\/wp\/v2\/product\/424","targetHints":{"allow":["GET"]}}],"collection":[{"href":"https:\/\/www.ruiqigo.com\/fi\/wp-json\/wp\/v2\/product"}],"about":[{"href":"https:\/\/www.ruiqigo.com\/fi\/wp-json\/wp\/v2\/types\/product"}],"version-history":[{"count":0,"href":"https:\/\/www.ruiqigo.com\/fi\/wp-json\/wp\/v2\/product\/424\/revisions"}],"wp:featuredmedia":[{"embeddable":true,"href":"https:\/\/www.ruiqigo.com\/fi\/wp-json\/wp\/v2\/media\/430"}],"wp:attachment":[{"href":"https:\/\/www.ruiqigo.com\/fi\/wp-json\/wp\/v2\/media?parent=424"}],"wp:term":[{"taxonomy":"product-tag","embeddable":true,"href":"https:\/\/www.ruiqigo.com\/fi\/wp-json\/wp\/v2\/product-tag?post=424"},{"taxonomy":"products","embeddable":true,"href":"https:\/\/www.ruiqigo.com\/fi\/wp-json\/wp\/v2\/products?post=424"}],"curies":[{"name":"wp","href":"https:\/\/api.w.org\/{rel}","templated":true}]}}