{"id":425,"date":"2024-07-08T11:57:29","date_gmt":"2024-07-08T03:57:29","guid":{"rendered":"https:\/\/ruiqigo.com\/?post_type=product&#038;p=425"},"modified":"2024-11-06T15:07:05","modified_gmt":"2024-11-06T07:07:05","slug":"lavender-massage-oil","status":"publish","type":"product","link":"https:\/\/www.ruiqigo.com\/fi\/product\/lavender-massage-oil","title":{"rendered":"Laventeli hieronta\u00f6ljy"},"content":{"rendered":"<h3 class=\"wp-block-heading\">Laventelihieronta\u00f6ljyn valmistuksen yleiset kaavat<\/h3>\n\n\n\n<p>T\u00e4m\u00e4n laventelihieronta\u00f6ljyn p\u00e4\u00e4ainesosat ovat luonnollinen, puhdas laventelin eteerinen \u00f6ljy ja auringonkukansiemen\u00f6ljy. Laventelin eteerinen \u00f6ljy on runsaasti bioaktiivisia ainesosia sis\u00e4lt\u00e4v\u00e4 ja sill\u00e4 on erinomaiset aromaterapeuttiset ominaisuudet, jotka auttavat lievitt\u00e4m\u00e4\u00e4n emotionaalista stressi\u00e4 ja parantamaan henkist\u00e4 hyvinvointia. Luotettavana laventelihieronta\u00f6ljyn valmistajana tied\u00e4mme, ett\u00e4 auringonkukansiemen\u00f6ljy on runsaasti vitamiineja ja linolihappoa, jotka voivat tehokkaasti ravita ja korjata ihoa sek\u00e4 parantaa kuivan ja karhean ihon kuntoa. N\u00e4m\u00e4 korkealaatuiset ainesosat ovat paitsi turvallisia ja \u00e4rsytt\u00e4m\u00e4tt\u00f6mi\u00e4, my\u00f6s antavat t\u00e4yden hy\u00f6dyn rentouttavista, rauhoittavista ja ravitsevista vaikutuksista k\u00e4ytettyn\u00e4, tarjoten kokonaisvaltaista hoitoa iholle ja mielelle.<\/p>\n\n\n\n<h3 class=\"wp-block-heading\">Laventelihieronta\u00f6ljyn k\u00e4ytt\u00f6kohteet<\/h3>\n\n\n\n<p>T\u00e4m\u00e4 laventelihieronta\u00f6ljy sopii t\u00e4ydellisesti kuumille ja hikoileville kes\u00e4p\u00e4iville. Kuumalla ja kostealla s\u00e4\u00e4ll\u00e4 iho on altis kuivumiselle ja karheudelle, sek\u00e4 v\u00e4symykselle ja ahdistukselle. T\u00e4m\u00e4 hieronta\u00f6ljy imeytyy ihoon nopeasti j\u00e4tt\u00e4m\u00e4tt\u00e4 tahmeaa tunnetta ja tarjoaa samalla rentouttavan ja ravitsevan tuoksun, joka pit\u00e4\u00e4 sinut raikkaana ja mukavana kuumuudessa. Lis\u00e4ksi se suojaa ihoa auringon aiheuttamilta vaurioilta, joten voit nauttia levollisesta ja miellytt\u00e4v\u00e4st\u00e4 kokemuksesta kaikissa ymp\u00e4rist\u00f6iss\u00e4.<\/p>\n\n\n\n<h3 class=\"wp-block-heading\">Kenelle laventelihieronta\u00f6ljy sopii<\/h3>\n\n\n\n<p>T\u00e4m\u00e4 laventelihieronta\u00f6ljy sopii kaikille ihotyypeille. Stressaantuneille ja \u00e4rtyneille se voi auttaa lievitt\u00e4m\u00e4\u00e4n ahdistusta, parantamaan henkist\u00e4 tilaa ja rentouttamaan kehoa ja mielt\u00e4 aromaterapian avulla. Samalla se voi my\u00f6s syv\u00e4ravitsemaan ihoa, parantaa kuivuutta ja karheutta, jotta iho palautuu pehme\u00e4ksi ja sile\u00e4ksi. Erityisesti niille, jotka ovat usein intensiivisess\u00e4 ty\u00f6ss\u00e4, t\u00e4m\u00e4 hieronta\u00f6ljy voi auttaa rentouttamaan lihaksia, lievitt\u00e4m\u00e4\u00e4n v\u00e4symyst\u00e4 ja tarjoamaan heille kokonaisvaltaista hoitoa.<\/p>\n\n\n\n<h3 class=\"wp-block-heading\">Laventelihieronta\u00f6ljyn tuotantoprosessi<\/h3>\n\n\n\n<p>Laventelihieronta\u00f6ljyn erityinen tuotantoprosessi sis\u00e4lt\u00e4\u00e4 eteerisen \u00f6ljyn uuttamisen valituista laventelin kukista h\u00f6yrytislauksella. T\u00e4m\u00e4 prosessi s\u00e4ilytt\u00e4\u00e4 laventelin luonnollisen aromin ja parantavat ominaisuudet. T\u00e4m\u00e4n j\u00e4lkeen eteeriset \u00f6ljyt sekoitetaan tarkoissa suhteissa korkealaatuisiin kanto\u00f6ljyihin, kuten manteli\u00f6ljyyn tai ryp\u00e4leensiemen\u00f6ljyyn, jotta hieronta\u00f6ljy imeytyy ja ravitsee ihoa. Luotettavana laventelihieronta\u00f6ljyn valmistajana koko tuotantoprosessi tapahtuu tiukasti valvotussa ymp\u00e4rist\u00f6ss\u00e4, jossa v\u00e4ltet\u00e4\u00e4n valoa ja l\u00e4mp\u00f6\u00e4 \u00f6ljyn stabiilisuuden ja puhtauden s\u00e4ilytt\u00e4miseksi.<\/p>","protected":false},"excerpt":{"rendered":"Lavender massage oil manufacturing common formulas The main ingredients of this lavender massage oil are natural pure lavender essential oil and sunflower seed oil. Lavender essential oil is rich in bio-active ingredients and has excellent aromatherapeutic properties, helping to relieve emotional stress and enhance mental well-being. As a trustworthy Lavender massage oil manufacturer, we know [&hellip;]","protected":false},"featured_media":434,"menu_order":0,"template":"","meta":[],"product-tag":[],"products":[59],"class_list":["post-425","product","type-product","status-publish","has-post-thumbnail","hentry","products-massage-oil"],"acf":[],"_links":{"self":[{"href":"https:\/\/www.ruiqigo.com\/fi\/wp-json\/wp\/v2\/product\/425","targetHints":{"allow":["GET"]}}],"collection":[{"href":"https:\/\/www.ruiqigo.com\/fi\/wp-json\/wp\/v2\/product"}],"about":[{"href":"https:\/\/www.ruiqigo.com\/fi\/wp-json\/wp\/v2\/types\/product"}],"version-history":[{"count":0,"href":"https:\/\/www.ruiqigo.com\/fi\/wp-json\/wp\/v2\/product\/425\/revisions"}],"wp:featuredmedia":[{"embeddable":true,"href":"https:\/\/www.ruiqigo.com\/fi\/wp-json\/wp\/v2\/media\/434"}],"wp:attachment":[{"href":"https:\/\/www.ruiqigo.com\/fi\/wp-json\/wp\/v2\/media?parent=425"}],"wp:term":[{"taxonomy":"product-tag","embeddable":true,"href":"https:\/\/www.ruiqigo.com\/fi\/wp-json\/wp\/v2\/product-tag?post=425"},{"taxonomy":"products","embeddable":true,"href":"https:\/\/www.ruiqigo.com\/fi\/wp-json\/wp\/v2\/products?post=425"}],"curies":[{"name":"wp","href":"https:\/\/api.w.org\/{rel}","templated":true}]}}