{"id":463,"date":"2024-07-12T12:04:23","date_gmt":"2024-07-12T04:04:23","guid":{"rendered":"https:\/\/ruiqigo.com\/?post_type=product&#038;p=463"},"modified":"2024-11-06T13:42:51","modified_gmt":"2024-11-06T05:42:51","slug":"jelly-facial-mask","status":"publish","type":"product","link":"https:\/\/www.ruiqigo.com\/fi\/product\/jelly-facial-mask","title":{"rendered":"Jelly kasvonaamio"},"content":{"rendered":"<h2 class=\"wp-block-heading\">Hyytel\u00f6naamion valmistuksen yleiset kaavat<\/h2>\n\n\n\n<p>Karbomeeri Erinomaisena sakeuttamisaineena ja stabilointiaineena karbomeerilla on keskeinen rooli hyytel\u00f6kasvonaamiossamme, sill\u00e4 se parantaa naamion tarttuvuutta ja varmistaa ravinteiden tehokkaan imeytymisen. Lis\u00e4ksi pohjoisamerikkalainen taikap\u00e4hkin\u00e4vesi tunnetaan rauhoittavista ja supistavista ominaisuuksistaan, jotka auttavat s\u00e4\u00e4telem\u00e4\u00e4n ihon \u00f6ljyj\u00e4, minimoimaan laajentuneita ihohuokosia ja palauttamaan ihon raikkauden ja hienostuneisuuden. Luotettavana hyytel\u00f6kasvonaamioiden valmistajana tied\u00e4mme, ett\u00e4 vitamiini- ja mineraalipitoisella Aloe Vera Cura\u00e7ao -vedell\u00e4 on erinomainen kosteuttava ja korjaava vaikutus, joka edist\u00e4\u00e4 ihosolujen uusiutumista ja parantaa kuivan ihon kuntoa.<\/p>\n\n\n\n<h2 class=\"wp-block-heading\">Hyytel\u00f6naamion sovellettavat skenaariot<\/h2>\n\n\n\n<p>Hyytel\u00f6iset kasvonaamiomme sopivat monenlaisiin p\u00e4ivitt\u00e4isiin ihonhoitotilanteisiin. Nautitpa sitten rentouttavasta iltarutiinista kotona tai kosteutat ihoasi nopeasti tien p\u00e4\u00e4ll\u00e4, t\u00e4m\u00e4 naamio sopii sinulle. Se sopii erityisesti k\u00e4ytett\u00e4v\u00e4ksi kuivina vuodenaikoina, pitkittynein\u00e4 aikoina ilmastoiduissa tai l\u00e4mmitetyiss\u00e4 tiloissa tai ulkoilun j\u00e4lkeen antamaan v\u00e4lit\u00f6nt\u00e4 kosteutusta ja rauhoittavaa helpotusta iholle.<\/p>\n\n\n\n<h2 class=\"wp-block-heading\">Kenelle hyytel\u00f6kasvonaamio sopii<\/h2>\n\n\n\n<p>T\u00e4m\u00e4 hyytel\u00f6kasvonaamio sopii kaikille ihotyypeille, erityisesti kuivalle, kuivuneelle, herk\u00e4lle tai ik\u00e4\u00e4ntyv\u00e4lle iholle. Se tarjoaa nopean ja tehokkaan ratkaisun ihonhoitoon nykyaikaisille ihmisille, jotka altistuvat jatkuvasti ymp\u00e4rist\u00f6n saasteille, UV-s\u00e4teilylle ja el\u00e4m\u00e4n stressille. Lis\u00e4ksi se sopii my\u00f6s kuluttajille, jotka etsiv\u00e4t luonnollista ihonhoitoa ja kasvitieteellisi\u00e4 ainesosia.<\/p>\n\n\n\n<h2 class=\"wp-block-heading\">Hyytel\u00f6naamion valmistusprosessi<\/h2>\n\n\n\n<p>Korkeimman laadun ja tehokkuuden varmistamiseksi hyytel\u00f6kasvonaamioidemme valmistusprosessissa noudatetaan useita tiukkoja toimenpiteit\u00e4. Ensin valitsemme huolellisesti parhaat kasvitieteelliset ainesosat niiden puhtauden ja aktiivisuuden varmistamiseksi. N\u00e4m\u00e4 sekoitetaan sitten huolellisesti makromolekyylisten kosteusvoiteiden kanssa, jolloin syntyy synergistinen koostumus, joka t\u00e4ydent\u00e4\u00e4 toisiaan. Ammattimaisena hyytel\u00f6kasvonaamioiden valmistajana seuraava ratkaiseva vaihe, geeliytyminen, edellytt\u00e4\u00e4 ammattilaistiimilt\u00e4mme lis\u00e4tt\u00e4v\u00e4n karbomeerin m\u00e4\u00e4r\u00e4n tarkkaa hallintaa halutun viilent\u00e4v\u00e4n geelim\u00e4isen koostumuksen saavuttamiseksi. T\u00e4m\u00e4 kriittinen tasapaino ei ainoastaan paranna viilent\u00e4v\u00e4\u00e4 tunnetta levitett\u00e4ess\u00e4, vaan my\u00f6s varmistaa, ett\u00e4 naamio tarttuu ihoon maksimaalisen tehon saavuttamiseksi.<\/p>","protected":false},"excerpt":{"rendered":"Jelly facial mask manufacturing common formulas Carbomer As a superior thickener and stabilizer, carbomer plays a key role in our Jelly Facial Mask, enhancing the adhesion of the mask and ensuring effective penetration of nutrients. In addition, North American Witch Hazel Water is known for its soothing and astringent properties, helping to regulate skin&#8217;s oils, [&hellip;]","protected":false},"featured_media":464,"menu_order":0,"template":"","meta":[],"product-tag":[],"products":[69],"class_list":["post-463","product","type-product","status-publish","has-post-thumbnail","hentry","products-facial-mask"],"acf":[],"_links":{"self":[{"href":"https:\/\/www.ruiqigo.com\/fi\/wp-json\/wp\/v2\/product\/463","targetHints":{"allow":["GET"]}}],"collection":[{"href":"https:\/\/www.ruiqigo.com\/fi\/wp-json\/wp\/v2\/product"}],"about":[{"href":"https:\/\/www.ruiqigo.com\/fi\/wp-json\/wp\/v2\/types\/product"}],"version-history":[{"count":0,"href":"https:\/\/www.ruiqigo.com\/fi\/wp-json\/wp\/v2\/product\/463\/revisions"}],"wp:featuredmedia":[{"embeddable":true,"href":"https:\/\/www.ruiqigo.com\/fi\/wp-json\/wp\/v2\/media\/464"}],"wp:attachment":[{"href":"https:\/\/www.ruiqigo.com\/fi\/wp-json\/wp\/v2\/media?parent=463"}],"wp:term":[{"taxonomy":"product-tag","embeddable":true,"href":"https:\/\/www.ruiqigo.com\/fi\/wp-json\/wp\/v2\/product-tag?post=463"},{"taxonomy":"products","embeddable":true,"href":"https:\/\/www.ruiqigo.com\/fi\/wp-json\/wp\/v2\/products?post=463"}],"curies":[{"name":"wp","href":"https:\/\/api.w.org\/{rel}","templated":true}]}}