{"id":468,"date":"2024-07-12T15:30:38","date_gmt":"2024-07-12T07:30:38","guid":{"rendered":"https:\/\/ruiqigo.com\/?post_type=product&#038;p=468"},"modified":"2024-11-06T13:38:55","modified_gmt":"2024-11-06T05:38:55","slug":"bubble-facial-mask","status":"publish","type":"product","link":"https:\/\/www.ruiqigo.com\/fi\/product\/bubble-facial-mask","title":{"rendered":"Bubble kasvonaamio"},"content":{"rendered":"<h2 class=\"wp-block-heading\">Kuplakasvonaamion valmistuksen yleiset kaavat<\/h2>\n\n\n\n<p>T\u00e4m\u00e4n kuplamaisen kasvonaamion ydinainesosia ovat valkopajun kuoriuute, amaranttiuute ja kauran beetaglukaani. Valkopajun kuoriuute on runsaasti ellagiinihappoa ja muita t\u00e4rkeit\u00e4 aktiiviaineita, jotka imev\u00e4t tehokkaasti likaa ihohuokosista ja est\u00e4v\u00e4t haitallisten bakteerien kasvua, jolloin saavutetaan syv\u00e4puhdistava vaikutus. Amaranttiuute on runsaasti C-vitamiinia ja aminohappoja, jotka auttavat lievitt\u00e4m\u00e4\u00e4n puhdistuksen aiheuttamaa \u00e4rsytyst\u00e4 ja yll\u00e4pit\u00e4m\u00e4\u00e4n ihon suojamuuria. Johtavana kuplamaisten kasvonaamioiden valmistajana tied\u00e4mme, ett\u00e4 kauran beetaglukaani ei ainoastaan luo runsaita, tiheit\u00e4 kuplia, vaan my\u00f6s imee ylim\u00e4\u00e4r\u00e4ist\u00e4 \u00f6ljy\u00e4 ja kuorii hell\u00e4varaisesti kuolleita ihosoluja, j\u00e4tt\u00e4en ihon raikkaaksi ja s\u00e4teilev\u00e4ksi. N\u00e4m\u00e4 kolme ydinainesosaa t\u00e4ydent\u00e4v\u00e4t toisiaan tarjoten ihollesi kattavan syv\u00e4puhdistuksen ja korjauksen.<\/p>\n\n\n\n<h2 class=\"wp-block-heading\">Kuplakasvonaamion sovellettavat skenaariot<\/h2>\n\n\n\n<p>Kuplakasvonaamio sopii erinomaisesti T-alueen iholle, joka on altis mustap\u00e4ille, aknelle ja laajentuneille ihohuokosille pitkittyneen rasvoittumisen tai puhdistuksen puutteen vuoksi. Viikoittain k\u00e4ytettyn\u00e4 se liuottaa syv\u00e4lt\u00e4 ihohuokosten vanhoja ep\u00e4puhtauksia ja ep\u00e4puhtauksia, j\u00e4tt\u00e4en ihon raikkaaksi ja elvytetyksi. Puhdistimen rauhoittavat ainesosat tarjoavat my\u00f6s v\u00e4lit\u00f6nt\u00e4 helpotusta puhdistuksen j\u00e4lkeen, mik\u00e4 tekee prosessista miellytt\u00e4v\u00e4n.<\/p>\n\n\n\n<h2 class=\"wp-block-heading\">Kenelle Bubble-kasvonaamio sopii<\/h2>\n\n\n\n<p>T\u00e4m\u00e4 kuplamainen kasvonaamio sopii kaikille ihotyypeille, erityisesti niille, jotka tarvitsevat syv\u00e4puhdistusta, ihohuokosten hoitoa ja ihon kirkastamista. Rasvoittuvalle ja sekaiholle se hillitsee tehokkaasti \u00f6ljyntuotantoa ja v\u00e4hent\u00e4\u00e4 aknen ja mustap\u00e4iden muodostumista. Kuivalle ja herk\u00e4lle iholle sen hell\u00e4varainen koostumus ja kosteuttavat ainesosat rauhoittavat ihoa ja v\u00e4hent\u00e4v\u00e4t \u00e4rsytyst\u00e4.<\/p>\n\n\n\n<h2 class=\"wp-block-heading\">Kuplakasvonaamion valmistusprosessi<\/h2>\n\n\n\n<p>Ammattitaitoinen tiimimme on ty\u00f6skennellyt v\u00e4sym\u00e4tt\u00e4 luodakseen erinomaisen kuplamaisen kasvonaamion. Ensinn\u00e4kin olemme eritt\u00e4in tarkkoja raaka-aineiden valinnassa varmistaaksemme keskeisten ainesosien, kuten valkopajun kuoriuutteen ja amaranttiuutteen, puhtauden ja aktiivisuuden. Sitten, valmistusprosessissa, luotettavana kuplamaisten kasvonaamioiden valmistajana, valvomme huolellisesti kunkin ainesosan m\u00e4\u00e4r\u00e4\u00e4 ja suhdetta maksimoidaksemme niiden synergistiset vaikutukset. Keskeist\u00e4 vaahtoamisvaihetta on optimoitu yh\u00e4 uudelleen ja uudelleen rikkaiden, kermaisten kuplien saavuttamiseksi.<\/p>","protected":false},"excerpt":{"rendered":"Bubble facial mask manufacturing common formulas The core ingredients of this bubble facial mask include White Willow Bark Extract, Amaranth Extract and Oat Beta-Glucan. White Willow Bark Extract is rich in ellagic acid and other important active ingredients, which can effectively absorb dirt in the pores and inhibit the growth of harmful bacteria, thus achieving [&hellip;]","protected":false},"featured_media":469,"menu_order":0,"template":"","meta":[],"product-tag":[],"products":[69],"class_list":["post-468","product","type-product","status-publish","has-post-thumbnail","hentry","products-facial-mask"],"acf":[],"_links":{"self":[{"href":"https:\/\/www.ruiqigo.com\/fi\/wp-json\/wp\/v2\/product\/468","targetHints":{"allow":["GET"]}}],"collection":[{"href":"https:\/\/www.ruiqigo.com\/fi\/wp-json\/wp\/v2\/product"}],"about":[{"href":"https:\/\/www.ruiqigo.com\/fi\/wp-json\/wp\/v2\/types\/product"}],"version-history":[{"count":0,"href":"https:\/\/www.ruiqigo.com\/fi\/wp-json\/wp\/v2\/product\/468\/revisions"}],"wp:featuredmedia":[{"embeddable":true,"href":"https:\/\/www.ruiqigo.com\/fi\/wp-json\/wp\/v2\/media\/469"}],"wp:attachment":[{"href":"https:\/\/www.ruiqigo.com\/fi\/wp-json\/wp\/v2\/media?parent=468"}],"wp:term":[{"taxonomy":"product-tag","embeddable":true,"href":"https:\/\/www.ruiqigo.com\/fi\/wp-json\/wp\/v2\/product-tag?post=468"},{"taxonomy":"products","embeddable":true,"href":"https:\/\/www.ruiqigo.com\/fi\/wp-json\/wp\/v2\/products?post=468"}],"curies":[{"name":"wp","href":"https:\/\/api.w.org\/{rel}","templated":true}]}}