{"id":473,"date":"2024-07-12T15:39:04","date_gmt":"2024-07-12T07:39:04","guid":{"rendered":"https:\/\/ruiqigo.com\/?post_type=product&#038;p=473"},"modified":"2024-11-06T13:36:00","modified_gmt":"2024-11-06T05:36:00","slug":"honey-facial-mask","status":"publish","type":"product","link":"https:\/\/www.ruiqigo.com\/fi\/product\/honey-facial-mask","title":{"rendered":"Hunajainen kasvonaamio"},"content":{"rendered":"<h2 class=\"wp-block-heading\">Hunajainen kasvonaamio, joka valmistaa yleisi\u00e4 kaavoja<\/h2>\n\n\n\n<p>T\u00e4m\u00e4n hunajakasvonaamion ydinainesosia ovat hunajauute, emoaineuute ja amaranttiuute. Hunajauute sis\u00e4lt\u00e4\u00e4 runsaasti sokereita, aminohappoja ja vitamiineja, mik\u00e4 ei ainoastaan lis\u00e4\u00e4 ihon kosteutta, vaan my\u00f6s edist\u00e4\u00e4 kollageenisynteesi\u00e4 tehden ihosta joustavamman ja kosteutetun. Kuninkaallinen hyytel\u00f6uute sis\u00e4lt\u00e4\u00e4 runsaasti erilaisia vitamiineja ja kivenn\u00e4isaineita, voi tehokkaasti parantaa ihon rakennetta, parantaa ihon antioksidanttikapasiteettia kirkkaan valkoisen ihon vaikutuksen saavuttamiseksi. Amaranttiuute, joka sis\u00e4lt\u00e4\u00e4 runsaasti C-vitamiinia, ei ainoastaan est\u00e4 melaniinin tuotantoa ja lievitt\u00e4\u00e4 hyperpigmentaatiota, vaan my\u00f6s rauhoittaa kuivuuden aiheuttamaa tulehdusta, jolloin iho palautuu terveeksi ja luonnolliseksi.<\/p>\n\n\n\n<h2 class=\"wp-block-heading\">Hunajakasvomaski soveltuvat skenaariot<\/h2>\n\n\n\n<p>Honey-kasvonaamio sopii monenlaisiin ihonhoitotilaisuuksiin, erityisesti h\u00e4t\u00e4kosteutukseen kuivan kauden aikana tai kun iho on kuivunut. Se sopii my\u00f6s tavalliseksi ihonhoitorutiiniksi yll\u00e4pit\u00e4m\u00e4\u00e4n ihon kosteustasapainoa ja terveytt\u00e4. Lis\u00e4ksi iholle, joka on ollut ilmastoiduissa ymp\u00e4rist\u00f6ss\u00e4 pitk\u00e4n aikaa tai auringolle altistumisen j\u00e4lkeen, t\u00e4m\u00e4 naamio tarjoaa rauhoittavan ja palauttavan vaikutuksen.<\/p>\n\n\n\n<h2 class=\"wp-block-heading\">Kenelle Honey-kasvonaamio sopii<\/h2>\n\n\n\n<p>T\u00e4m\u00e4 hunajainen kasvonaamio sopii kaikille ihotyypeille, erityisesti kuivalle, kuivuneelle ja ik\u00e4\u00e4ntyv\u00e4lle iholle. Se on ihanteellinen valinta kuluttajille, jotka haluavat parantaa ihon s\u00e4vy\u00e4, v\u00e4hent\u00e4\u00e4 tulehdusta ja parantaa ihon kimmoisuutta. My\u00f6s herk\u00e4lle iholle sen hell\u00e4varainen koostumus v\u00e4hent\u00e4\u00e4 \u00e4rsytyst\u00e4 ja rauhoittaa ja suojaa.<\/p>\n\n\n\n<h2 class=\"wp-block-heading\">Hunajakasvonaamion valmistusprosessi<\/h2>\n\n\n\n<p>Honey-kasvonaamiomme valmistuksessa, arvokkaana Honey-kasvonaamion valmistajana, k\u00e4yt\u00e4mme edistyneit\u00e4 uutto- ja sekoitustekniikoita varmistaaksemme kaikkien ainesosien tehon ja aktiivisuuden. Matalan l\u00e4mp\u00f6tilan uuttoprosessin ansiosta s\u00e4ilyt\u00e4mme hunajassa ja emoaineessa olevat luonnolliset entsyymit ja ravintoaineet. Lis\u00e4ksi k\u00e4yt\u00e4mme aseptista t\u00e4ytt\u00f6tekniikkaa varmistaaksemme tuotteidemme puhtauden ja vakauden. Ammattimaisena Honey-kasvonaamion valmistajana naamion tuotantoprosessiin kuuluu my\u00f6s ainutlaatuinen emulgointiprosessi, joka auttaa luomaan naamion silkkisen koostumuksen, mik\u00e4 helpottaa sen levitt\u00e4mist\u00e4 ja imeytymist\u00e4 ihoon. N\u00e4iden erityisten tuotantoprosessien avulla varmistamme Honey-kasvonaamiomme korkean laadun ja erinomaiset tulokset.<\/p>","protected":false},"excerpt":{"rendered":"Honey facial mask manufacturing common formulas The core ingredients of this honey facial mask include honey extract, royal jelly extract and amaranth extract. Honey extract is rich in sugars, amino acids and vitamins, which not only replenishes skin moisture, but also promotes collagen synthesis, making skin more supple and moisturized. Royal jelly extract is rich [&hellip;]","protected":false},"featured_media":474,"menu_order":0,"template":"","meta":[],"product-tag":[],"products":[69],"class_list":["post-473","product","type-product","status-publish","has-post-thumbnail","hentry","products-facial-mask"],"acf":[],"_links":{"self":[{"href":"https:\/\/www.ruiqigo.com\/fi\/wp-json\/wp\/v2\/product\/473","targetHints":{"allow":["GET"]}}],"collection":[{"href":"https:\/\/www.ruiqigo.com\/fi\/wp-json\/wp\/v2\/product"}],"about":[{"href":"https:\/\/www.ruiqigo.com\/fi\/wp-json\/wp\/v2\/types\/product"}],"version-history":[{"count":0,"href":"https:\/\/www.ruiqigo.com\/fi\/wp-json\/wp\/v2\/product\/473\/revisions"}],"wp:featuredmedia":[{"embeddable":true,"href":"https:\/\/www.ruiqigo.com\/fi\/wp-json\/wp\/v2\/media\/474"}],"wp:attachment":[{"href":"https:\/\/www.ruiqigo.com\/fi\/wp-json\/wp\/v2\/media?parent=473"}],"wp:term":[{"taxonomy":"product-tag","embeddable":true,"href":"https:\/\/www.ruiqigo.com\/fi\/wp-json\/wp\/v2\/product-tag?post=473"},{"taxonomy":"products","embeddable":true,"href":"https:\/\/www.ruiqigo.com\/fi\/wp-json\/wp\/v2\/products?post=473"}],"curies":[{"name":"wp","href":"https:\/\/api.w.org\/{rel}","templated":true}]}}