{"id":479,"date":"2024-07-12T16:01:49","date_gmt":"2024-07-12T08:01:49","guid":{"rendered":"https:\/\/ruiqigo.com\/?post_type=product&#038;p=479"},"modified":"2024-11-05T23:15:26","modified_gmt":"2024-11-05T15:15:26","slug":"avocado-facial-mask","status":"publish","type":"product","link":"https:\/\/www.ruiqigo.com\/fi\/product\/avocado-facial-mask","title":{"rendered":"Avokado kasvonaamio"},"content":{"rendered":"<h2 class=\"wp-block-heading\">Avokado-kasvonaamion valmistuksen yleiset kaavat<\/h2>\n\n\n\n<p>T\u00e4m\u00e4n avokado-kasvonaamion ydinainesosat ovat avokadopuun pihka, kameliauute ja E-vitamiini. N\u00e4ist\u00e4 avokadopuun pihka on runsaasti \u00f6ljyj\u00e4 ja rasvahappoja, jotka voivat ravita ihon alla olevia osia syv\u00e4lt\u00e4 ja parantaa ihon kimmoisuutta ja pehmeytt\u00e4. Samalla se voi my\u00f6s tehokkaasti est\u00e4\u00e4 veden haihtumista, joten iho tuntuu kosteutetulta ja t\u00e4ytel\u00e4iselt\u00e4. Kameliauute on runsaasti antioksidanttivitamiineja, jotka voivat tehokkaasti v\u00e4hent\u00e4\u00e4 vapaiden radikaalien aiheuttamia ihovaurioita ja parantaa sameutta ja turvotusta. Avokado-kasvonaamion valmistajana E-vitamiini ei ainoastaan edist\u00e4 solujen aineenvaihduntaa ja paranna ihon vastustuskyky\u00e4, vaan my\u00f6s minimoi hienoja juonteita tehden ihosta kimmoisamman ja joustavamman.<\/p>\n\n\n\n<h2 class=\"wp-block-heading\">Avokado-kasvonaamion k\u00e4ytt\u00f6tarkoitukset<\/h2>\n\n\n\n<p>Avokadonaamio sopii moneen tilanteeseen, olitpa sitten tekem\u00e4ss\u00e4 p\u00e4ivitt\u00e4ist\u00e4 ihonhoitoa kotona tai nauttimassa ammattimaisesta hoidosta salongissa, se voi tuoda merkitt\u00e4vi\u00e4 parannuksia ihollesi. Se sopii erityisesti k\u00e4ytett\u00e4v\u00e4ksi kuivana vuodenaikana, pitk\u00e4aikaiseen ilmastoinnin tai l\u00e4mmityksen k\u00e4ytt\u00f6\u00f6n tai ihon korjaamiseen auringolle altistumisen j\u00e4lkeen.<\/p>\n\n\n\n<h2 class=\"wp-block-heading\">Kenelle avokadonaamio sopii<\/h2>\n\n\n\n<p>T\u00e4m\u00e4 naamio sopii kaikille ihotyypeille, erityisesti kuivalle ja kuivuneelle iholle. Syv\u00e4kosteutusta ja -ravitsemusta kaipaaville avokadonaamio tarjoaa runsaasti ravintoa ja pitk\u00e4kestoisen kosteuttavan vaikutuksen. Se on my\u00f6s ihanteellinen niille, jotka etsiv\u00e4t tervett\u00e4 ja luonnollisesti hehkuvaa ihoa.<\/p>\n\n\n\n<h2 class=\"wp-block-heading\">Avokado-kasvonaamion valmistusprosessi<\/h2>\n\n\n\n<p>Avokado-kasvonaamiomme valmistetaan ainutlaatuisella tuotantoprosessilla tuotteidemme korkean laadun ja tehokkuuden varmistamiseksi. Tuotantoprosessissa valvomme ensinn\u00e4kin raaka-aineiden valinnassa tiukasti keskeisten ainesosien, kuten avokadopuun hartsin ja kameliauutteen, laatua varmistaaksemme niiden ravintoarvon ja aktiiviaineiden maksimoinnin. My\u00f6s formulaatioprosessissa tasapainotamme huolellisesti eri ainesosien suhteet, jotta ne voivat vaikuttaa parhaalla mahdollisella synergistisell\u00e4 tavalla ihoon. Luotettavana avokado-kasvonaamioiden valmistajana olemme suunnitelleet my\u00f6s hell\u00e4varaisen ja miedon uuttoprosessin avokadolle, luonnolliselle ainesosalle, varmistaaksemme, ett\u00e4 sen ravintoaineet eiv\u00e4t vahingoitu ja ett\u00e4 alkuper\u00e4inen maku s\u00e4ilyy mahdollisimman hyvin.<\/p>","protected":false},"excerpt":{"rendered":"Avocado facial mask manufacturing common formulas The core ingredients of this avocado facial mask are avocado tree resin, camellia sinensis extract and vitamin E. Among them, avocado tree resin is rich in oils and fatty acids, which can deeply nourish the underbelly of the skin and enhance the elasticity and suppleness of the skin. At [&hellip;]","protected":false},"featured_media":480,"menu_order":0,"template":"","meta":[],"product-tag":[],"products":[69],"class_list":["post-479","product","type-product","status-publish","has-post-thumbnail","hentry","products-facial-mask"],"acf":[],"_links":{"self":[{"href":"https:\/\/www.ruiqigo.com\/fi\/wp-json\/wp\/v2\/product\/479","targetHints":{"allow":["GET"]}}],"collection":[{"href":"https:\/\/www.ruiqigo.com\/fi\/wp-json\/wp\/v2\/product"}],"about":[{"href":"https:\/\/www.ruiqigo.com\/fi\/wp-json\/wp\/v2\/types\/product"}],"version-history":[{"count":0,"href":"https:\/\/www.ruiqigo.com\/fi\/wp-json\/wp\/v2\/product\/479\/revisions"}],"wp:featuredmedia":[{"embeddable":true,"href":"https:\/\/www.ruiqigo.com\/fi\/wp-json\/wp\/v2\/media\/480"}],"wp:attachment":[{"href":"https:\/\/www.ruiqigo.com\/fi\/wp-json\/wp\/v2\/media?parent=479"}],"wp:term":[{"taxonomy":"product-tag","embeddable":true,"href":"https:\/\/www.ruiqigo.com\/fi\/wp-json\/wp\/v2\/product-tag?post=479"},{"taxonomy":"products","embeddable":true,"href":"https:\/\/www.ruiqigo.com\/fi\/wp-json\/wp\/v2\/products?post=479"}],"curies":[{"name":"wp","href":"https:\/\/api.w.org\/{rel}","templated":true}]}}