{"id":489,"date":"2024-07-12T16:33:47","date_gmt":"2024-07-12T08:33:47","guid":{"rendered":"https:\/\/ruiqigo.com\/?post_type=product&#038;p=489"},"modified":"2024-11-05T23:09:49","modified_gmt":"2024-11-05T15:09:49","slug":"herb-facial-mask","status":"publish","type":"product","link":"https:\/\/www.ruiqigo.com\/fi\/product\/herb-facial-mask","title":{"rendered":"Yrttikasvonaamio"},"content":{"rendered":"<h2 class=\"wp-block-heading\">Yrtti-kasvonaamion valmistuksen yleiset kaavat<\/h2>\n\n\n\n<p>Yrtti-kasvonaamio sis\u00e4lt\u00e4\u00e4 pohjoisamerikkalaista taikap\u00e4hkin\u00e4vett\u00e4, kurkkuuutetta ja amaranttiuutetta, jotka ovat runsaasti yrttiuutteita. Pohjoisamerikkalainen taikap\u00e4hkin\u00e4vesi tunnetaan rauhoittavista ja supistavista ominaisuuksistaan, jotka auttavat tasapainottamaan ihon \u00f6ljytasoa, minimoimaan laajentuneita ihohuokosia ja palauttamaan ihon raikkauden ja hienostuneisuuden. Kurkkuuute on runsaasti vett\u00e4 ja vitamiineja, ja se kosteuttaa ihoa v\u00e4litt\u00f6m\u00e4sti samalla, kun sill\u00e4 on viilent\u00e4v\u00e4 ja rauhoittava vaikutus. Luotettavana yrtti-kasvonaamioiden valmistajana tied\u00e4mme, ett\u00e4 amaranttiuutteella on tulehdusta est\u00e4vi\u00e4 ja antioksidanttisia ominaisuuksia, jotka v\u00e4hent\u00e4v\u00e4t punoitusta, edist\u00e4v\u00e4t ihon terveytt\u00e4 ja parantavat ihon kyky\u00e4 suojautua itse\u00e4\u00e4n.<\/p>\n\n\n\n<h2 class=\"wp-block-heading\">Yrtti-kasvonaamion k\u00e4ytt\u00f6kelpoiset skenaariot<\/h2>\n\n\n\n<p>Yrttikasvonaamio sopii monenlaisiin ihonhoitotilanteisiin, erityisesti vuodenaikojen vaihtuessa, kun iho altistuu ulkoisille \u00e4rsykkeille tai kun se on ollut pitk\u00e4\u00e4n ilmastoidussa ymp\u00e4rist\u00f6ss\u00e4. Se sopii my\u00f6s erinomaisesti k\u00e4ytett\u00e4v\u00e4ksi p\u00e4ivitt\u00e4isess\u00e4 ihonhoitorutiinissa antamaan iholle s\u00e4\u00e4nn\u00f6llist\u00e4 rauhoitusta ja kosteutta. Lis\u00e4ksi yrttinaamio tarjoaa iholle t\u00e4rkeit\u00e4 rauhoittavia ja palauttavia ominaisuuksia pitk\u00e4n matkan tai ulkoilun j\u00e4lkeen.<\/p>\n\n\n\n<h2 class=\"wp-block-heading\">Kenelle yrttikasvonaamio sopii<\/h2>\n\n\n\n<p>T\u00e4m\u00e4 naamio sopii kaikille ihotyypeille, erityisesti herk\u00e4lle iholle tai iholle, joka on altis ulkoisille \u00e4rsykkeille. Kuluttajille, jotka etsiv\u00e4t luonnollista ihonhoitoa ja haluavat minimoida altistumisen kemikaaleille, yrttinaamio tarjoaa hell\u00e4varaisen mutta tehokkaan ihonhoitovaihtoehdon. Se sopii my\u00f6s niille, jotka tarvitsevat lievitt\u00e4\u00e4 ihon v\u00e4symyst\u00e4 ja nuorentaa ihoa.<\/p>\n\n\n\n<h2 class=\"wp-block-heading\">Yrtti-kasvonaamion valmistusprosessi<\/h2>\n\n\n\n<p>K\u00e4yt\u00e4mme ainutlaatuista matalan l\u00e4mp\u00f6tilan tyhji\u00f6jauhatusprosessia, jossa l\u00e4mp\u00f6tilaa ja aikaa kontrolloidaan tarkasti, jotta yrttien rikkaat ravintoaineet s\u00e4ilyisiv\u00e4t mahdollisimman hyvin. Valitsemme huolellisesti korkealaatuisia luonnollisia kasviper\u00e4isi\u00e4 ainesosia ja k\u00e4yt\u00e4mme lis\u00e4aineetonta koostumusta varmistaaksemme, ett\u00e4 Herb-kasvonaamio on turvallinen ja hell\u00e4varainen ja todella v\u00e4litt\u00e4\u00e4 ihon terveydest\u00e4. Arvostettuna Herb-kasvonaamioiden valmistajana k\u00e4yt\u00e4mme my\u00f6s muovitonta pakkaussuunnittelua, joka korostaa ymp\u00e4rist\u00f6nsuojelun k\u00e4sitett\u00e4.<\/p>","protected":false},"excerpt":{"rendered":"Herb facial mask manufacturing common formulas Herb facial mask contains North American Witch Hazel Water, Cucumber Extract, and Amaranth Extract, rich in multiple herbal extracts. North American Witch Hazel Water is known for its soothing and astringent properties, helping to balance the skin&#8217;s oil, minimize enlarged pores, and restore freshness and refinement to the skin. [&hellip;]","protected":false},"featured_media":490,"menu_order":0,"template":"","meta":[],"product-tag":[],"products":[69],"class_list":["post-489","product","type-product","status-publish","has-post-thumbnail","hentry","products-facial-mask"],"acf":[],"_links":{"self":[{"href":"https:\/\/www.ruiqigo.com\/fi\/wp-json\/wp\/v2\/product\/489","targetHints":{"allow":["GET"]}}],"collection":[{"href":"https:\/\/www.ruiqigo.com\/fi\/wp-json\/wp\/v2\/product"}],"about":[{"href":"https:\/\/www.ruiqigo.com\/fi\/wp-json\/wp\/v2\/types\/product"}],"version-history":[{"count":0,"href":"https:\/\/www.ruiqigo.com\/fi\/wp-json\/wp\/v2\/product\/489\/revisions"}],"wp:featuredmedia":[{"embeddable":true,"href":"https:\/\/www.ruiqigo.com\/fi\/wp-json\/wp\/v2\/media\/490"}],"wp:attachment":[{"href":"https:\/\/www.ruiqigo.com\/fi\/wp-json\/wp\/v2\/media?parent=489"}],"wp:term":[{"taxonomy":"product-tag","embeddable":true,"href":"https:\/\/www.ruiqigo.com\/fi\/wp-json\/wp\/v2\/product-tag?post=489"},{"taxonomy":"products","embeddable":true,"href":"https:\/\/www.ruiqigo.com\/fi\/wp-json\/wp\/v2\/products?post=489"}],"curies":[{"name":"wp","href":"https:\/\/api.w.org\/{rel}","templated":true}]}}