{"id":500,"date":"2024-07-16T10:38:36","date_gmt":"2024-07-16T02:38:36","guid":{"rendered":"https:\/\/ruiqigo.com\/?post_type=product&#038;p=500"},"modified":"2024-11-06T11:00:46","modified_gmt":"2024-11-06T03:00:46","slug":"foaming-cleanser","status":"publish","type":"product","link":"https:\/\/www.ruiqigo.com\/fi\/product\/foaming-cleanser","title":{"rendered":"Vaahtoava puhdistusaine"},"content":{"rendered":"<h2 class=\"wp-block-heading\">Vaahtoava puhdistusaine, joka valmistaa yleisi\u00e4 kaavoja<\/h2>\n\n\n\n<p>Tuote sis\u00e4lt\u00e4\u00e4 kameliauutetta ja amaranttiuutetta. Vaahtoavien puhdistusaineiden valmistajana tied\u00e4mme, ett\u00e4 Camellia Flower Extract tunnetaan rauhoittavista ja antioksidanttisista ominaisuuksistaan, jotka auttavat suojaamaan ihoa vapailta radikaaleilta ja parantamaan samalla pehmeytt\u00e4 ja joustavuutta. Amarantusuute: Tunnettu anti-inflammatorisista ja antimikrobisista ominaisuuksistaan, se auttaa minimoimaan punoitusta ja \u00e4rsytyst\u00e4 ja edist\u00e4\u00e4 tervett\u00e4 ihoa.<\/p>\n\n\n\n<h2 class=\"wp-block-heading\">Vaahtoavaa puhdistusainetta koskevat skenaariot<\/h2>\n\n\n\n<p>Foaming Cleanser soveltuu p\u00e4ivitt\u00e4iseen kasvojen puhdistukseen, erityisesti kuivalle, kuivuneelle, rasvoittuvalle ja ongelmalliselle T-alueen iholle. Se tarjoaa hell\u00e4varaisen mutta tehokkaan puhdistuskokemuksen sek\u00e4 aamulla her\u00e4\u00e4misen j\u00e4lkeen ett\u00e4 illalla meikinpoiston j\u00e4lkeen. Se soveltuu my\u00f6s k\u00e4ytett\u00e4v\u00e4ksi harjoituksen j\u00e4lkeen tai pitkien ajanjaksojen j\u00e4lkeen ulkotiloissa poistamaan likaa ja ep\u00e4puhtauksia iholta.<\/p>\n\n\n\n<h2 class=\"wp-block-heading\">Kenelle Foaming Cleanser sopii<\/h2>\n\n\n\n<p>T\u00e4m\u00e4 puhdistusaine sopii kaikille ihotyypeille, my\u00f6s herk\u00e4lle iholle. Vaahtoava puhdistusaine on ihanteellinen valinta kuluttajille, jotka etsiv\u00e4t hell\u00e4varaista puhdistavaa ja kosteuttavaa vaikutusta, tai niille, jotka haluavat rauhoittaa ja elvytt\u00e4\u00e4 ihoaan.<\/p>\n\n\n\n<h2 class=\"wp-block-heading\">Vaahtoavan puhdistusaineen valmistusprosessi<\/h2>\n\n\n\n<p>Luotettavana Foaming-puhdistusaineiden valmistajana k\u00e4yt\u00e4mme matalan l\u00e4mp\u00f6tilan ultramikrojyrsint\u00e4tekniikkaa maksimoidaksemme Camellia sinensis- ja Amaranthus sinensis -kasvin ravintoaineiden s\u00e4ilymisen. Samalla valvomme tiukasti l\u00e4mp\u00f6tilaa ja aikaa varmistaaksemme, ett\u00e4 ainesosat ovat konsentroituja eiv\u00e4tk\u00e4 vahingoitu. T\u00e4m\u00e4n lis\u00e4ksi yksityiskohtaisena Foaming-puhdistusaineen valmistajana olemme valinneet lis\u00e4aineettoman koostumuksen, joka ei sis\u00e4ll\u00e4 kemikaaleja ja luo todella hell\u00e4varaisen, \u00e4rsytt\u00e4m\u00e4tt\u00f6m\u00e4n puhdistusaineen.<\/p>","protected":false},"excerpt":{"rendered":"Foaming cleanser manufacturing common formulas The product contains camellia extract and amaranth extract. As a Foaming cleanser manufacturer, we know that Camellia Flower Extract is known for its soothing and antioxidant properties, helping to protect the skin from free radicals while improving softness and elasticity. Amaranthus Extract: Known for its anti-inflammatory and antimicrobial properties, it [&hellip;]","protected":false},"featured_media":501,"menu_order":0,"template":"","meta":[],"product-tag":[],"products":[65],"class_list":["post-500","product","type-product","status-publish","has-post-thumbnail","hentry","products-facial-cleanser"],"acf":[],"_links":{"self":[{"href":"https:\/\/www.ruiqigo.com\/fi\/wp-json\/wp\/v2\/product\/500","targetHints":{"allow":["GET"]}}],"collection":[{"href":"https:\/\/www.ruiqigo.com\/fi\/wp-json\/wp\/v2\/product"}],"about":[{"href":"https:\/\/www.ruiqigo.com\/fi\/wp-json\/wp\/v2\/types\/product"}],"version-history":[{"count":0,"href":"https:\/\/www.ruiqigo.com\/fi\/wp-json\/wp\/v2\/product\/500\/revisions"}],"wp:featuredmedia":[{"embeddable":true,"href":"https:\/\/www.ruiqigo.com\/fi\/wp-json\/wp\/v2\/media\/501"}],"wp:attachment":[{"href":"https:\/\/www.ruiqigo.com\/fi\/wp-json\/wp\/v2\/media?parent=500"}],"wp:term":[{"taxonomy":"product-tag","embeddable":true,"href":"https:\/\/www.ruiqigo.com\/fi\/wp-json\/wp\/v2\/product-tag?post=500"},{"taxonomy":"products","embeddable":true,"href":"https:\/\/www.ruiqigo.com\/fi\/wp-json\/wp\/v2\/products?post=500"}],"curies":[{"name":"wp","href":"https:\/\/api.w.org\/{rel}","templated":true}]}}