{"id":505,"date":"2024-07-16T10:48:30","date_gmt":"2024-07-16T02:48:30","guid":{"rendered":"https:\/\/ruiqigo.com\/?post_type=product&#038;p=505"},"modified":"2024-11-05T22:55:49","modified_gmt":"2024-11-05T14:55:49","slug":"sulfur-cleanser","status":"publish","type":"product","link":"https:\/\/www.ruiqigo.com\/fi\/product\/sulfur-cleanser","title":{"rendered":"Rikkipuhdistusaine"},"content":{"rendered":"<h2 class=\"wp-block-heading\">Rikkipuhdistusaine valmistaa yleisi\u00e4 kaavoja<\/h2>\n\n\n\n<p>Tuote sis\u00e4lt\u00e4\u00e4 rikki\u00e4, allantoiinia ja alginaattia. Rikki on luonnollinen ainesosa, jolla on voimakkaita \u00f6ljy\u00e4 hillitsevi\u00e4 ja seborreaa ehk\u00e4isevi\u00e4 ominaisuuksia sek\u00e4 tappaa aknea aiheuttavia bakteereja ja punkkeja. Allantoiini: rauhoittava ja korjaava ainesosa, joka auttaa v\u00e4hent\u00e4m\u00e4\u00e4n puhdistusprosessin aiheuttamaa \u00e4rsytyst\u00e4. Ammattimaisena rikkipuhdistusaineen valmistajana tied\u00e4mme, ett\u00e4 alginaatti on kosteuttava ainesosa, joka kosteuttaa ihoa samalla kun se puhdistaa ja pit\u00e4\u00e4 sen kosteutettuna.<\/p>\n\n\n\n<h2 class=\"wp-block-heading\">Rikkipuhdistusainetta koskevat skenaariot<\/h2>\n\n\n\n<p>Sulphur Cleanser sopii useisiin tilanteisiin, joissa tarvitaan syv\u00e4puhdistusta, erityisesti rasvaisen ja akneen taipuvan ihon p\u00e4ivitt\u00e4iseen hoitoon. Sopii k\u00e4ytett\u00e4v\u00e4ksi aamulla her\u00e4\u00e4misen j\u00e4lkeen, illalla meikinpoiston j\u00e4lkeen tai harjoituksen j\u00e4lkeen poistamaan iholta rasvaa ja likaa.<\/p>\n\n\n\n<h2 class=\"wp-block-heading\">Kenelle Rikkipuhdistusaine sopii<\/h2>\n\n\n\n<p>T\u00e4m\u00e4 puhdistusaine sopii erityisesti rasvaiselle iholle, sekaiholle ja iholle, jolla on akne- ja n\u00e4ppyl\u00f6it\u00e4. Niille, jotka etsiv\u00e4t syv\u00e4puhdistusta ja tervett\u00e4 ihoa, Sulphur Facial Cleanser on ihanteellinen valinta. Herk\u00e4lle iholle on kuitenkin suositeltavaa tehd\u00e4 ihotesti ennen k\u00e4ytt\u00f6\u00e4.<\/p>\n\n\n\n<h2 class=\"wp-block-heading\">Rikkipuhdistusaineen tuotantoprosessi<\/h2>\n\n\n\n<p>Sulphur Facial Cleanserin valmistuksessa k\u00e4yt\u00e4mme edistynytt\u00e4 uutto- ja emulgointiteknologiaa varmistaaksemme kaikkien ainesosien tehokkuuden ja stabiilisuuden. Johtavana rikkipuhdistusaineiden valmistajana varmistamme tuotteidemme turvallisuuden ja tehokkuuden s\u00e4\u00e4telem\u00e4ll\u00e4 tarkasti rikkim\u00e4\u00e4r\u00e4\u00e4. K\u00e4yt\u00e4mme aseptista t\u00e4ytt\u00f6tekniikkaa varmistaaksemme tuotteidemme puhtauden ja turvallisuuden.<\/p>","protected":false},"excerpt":{"rendered":"Sulfur cleanser manufacturing common formulas The product contains Sulfur, Allantoin, and Alginate. Sulfur is a natural ingredient with powerful oil-control and anti-seborrhea properties, as well as killing acne-causing bacteria and mites. Allantoin: a soothing and restorative ingredient that helps reduce irritation that may be caused by the cleansing process. As a professional Sulfur cleanser manufacturer, [&hellip;]","protected":false},"featured_media":513,"menu_order":0,"template":"","meta":[],"product-tag":[],"products":[65],"class_list":["post-505","product","type-product","status-publish","has-post-thumbnail","hentry","products-facial-cleanser"],"acf":[],"_links":{"self":[{"href":"https:\/\/www.ruiqigo.com\/fi\/wp-json\/wp\/v2\/product\/505","targetHints":{"allow":["GET"]}}],"collection":[{"href":"https:\/\/www.ruiqigo.com\/fi\/wp-json\/wp\/v2\/product"}],"about":[{"href":"https:\/\/www.ruiqigo.com\/fi\/wp-json\/wp\/v2\/types\/product"}],"version-history":[{"count":0,"href":"https:\/\/www.ruiqigo.com\/fi\/wp-json\/wp\/v2\/product\/505\/revisions"}],"wp:featuredmedia":[{"embeddable":true,"href":"https:\/\/www.ruiqigo.com\/fi\/wp-json\/wp\/v2\/media\/513"}],"wp:attachment":[{"href":"https:\/\/www.ruiqigo.com\/fi\/wp-json\/wp\/v2\/media?parent=505"}],"wp:term":[{"taxonomy":"product-tag","embeddable":true,"href":"https:\/\/www.ruiqigo.com\/fi\/wp-json\/wp\/v2\/product-tag?post=505"},{"taxonomy":"products","embeddable":true,"href":"https:\/\/www.ruiqigo.com\/fi\/wp-json\/wp\/v2\/products?post=505"}],"curies":[{"name":"wp","href":"https:\/\/api.w.org\/{rel}","templated":true}]}}