{"id":506,"date":"2024-07-16T10:55:13","date_gmt":"2024-07-16T02:55:13","guid":{"rendered":"https:\/\/ruiqigo.com\/?post_type=product&#038;p=506"},"modified":"2024-11-06T11:01:08","modified_gmt":"2024-11-06T03:01:08","slug":"tea-tree-cleanser","status":"publish","type":"product","link":"https:\/\/www.ruiqigo.com\/fi\/product\/tea-tree-cleanser","title":{"rendered":"Teepuun puhdistusaine"},"content":{"rendered":"<h2 class=\"wp-block-heading\">Teepuun puhdistusaine valmistaa yleisi\u00e4 kaavoja<\/h2>\n\n\n\n<p>Sis\u00e4lt\u00e4\u00e4 Melaleuca alternifolia -lehti\u00f6ljy\u00e4, Camellia sinensis -uutetta ja Amaranthus communis -uutetta. Melaleuca alternifolia -lehti\u00f6ljyll\u00e4 (teepuu\u00f6ljy) on erinomaiset antibakteeriset, anti-inflammatoriset ja huokosia supistavat ominaisuudet, se puhdistaa huokoset, tappaa haitallisia bakteereja ja ehk\u00e4isee aknea. Camellia sinensis -uute \u2013 runsaasti luonnollisia vitamiineja ja erilaisia ravintoaineita, voi korjata vaurioitunutta ihoa, vahvistaa ihon suojatoimintoa, auttaa ihoa s\u00e4ilytt\u00e4m\u00e4\u00e4n kosteuden ja kimmoisuuden. Johtavana teepuun puhdistusaineiden valmistajana uskomme, ett\u00e4 Amaranthus Extractilla on erinomaiset huokosia puhdistavat ja supistavat ominaisuudet, se poistaa tehokkaasti ker\u00e4\u00e4ntyneen lian ja vanhan keratiinin, kutistaa huokosia ja parantaa ihon karheutta.<\/p>\n\n\n\n<h2 class=\"wp-block-heading\">Teepuun puhdistusaineeseen soveltuvat skenaariot<\/h2>\n\n\n\n<p>T\u00e4m\u00e4 Tea Tree Facial Cleanser sopii kaikille ihotyypeille, erityisesti rasvaiselle, akneen taipuvaiselle iholle. Oletpa sitten istumaty\u00f6ntekij\u00e4, joka kaipaa syv\u00e4puhdistusta, kauneuden yst\u00e4v\u00e4, joka kaipaa laajentuneita ihohuokosia, tai urheilija, joka tarvitsee perusteellisen puhdistuksen, voit k\u00e4ytt\u00e4\u00e4 t\u00e4t\u00e4 tuotetta p\u00e4ivitt\u00e4isess\u00e4 hoidossasi ja nauttia kaksoisvaikutuksesta, joka puhdistaa ja poistaa punkit.<\/p>\n\n\n\n<h2 class=\"wp-block-heading\">Kenelle teepuun puhdistusaine sopii<\/h2>\n\n\n\n<p>T\u00e4m\u00e4 Tea Tree Facial Cleanser sopii rasvaiselle, sekaiholle, akneen taipuvaiselle iholle. Olitpa sitten teini-ik\u00e4inen opiskelija, toimihenkil\u00f6 tai keski-ik\u00e4inen mies, t\u00e4ll\u00e4 puhdistusaineella voit puhdistaa tehokkaasti ihosi, s\u00e4\u00e4dell\u00e4 talinerityst\u00e4 ja parantaa kaikenlaisia iho-ongelmia.<\/p>\n\n\n\n<h2 class=\"wp-block-heading\">Teepuun puhdistusaineen valmistusprosessi<\/h2>\n\n\n\n<p>Ammattimaisena teepuun puhdistusaineiden valmistajana k\u00e4yt\u00e4mme kehittynytt\u00e4 matalan l\u00e4mp\u00f6tilan mikrokiteist\u00e4 uuttoteknologiaa maksimoidaksemme teepuu\u00f6ljyn, kameliauutteen ja amaranttiuutteen luonnollisen tehon s\u00e4ilymisen. Samalla valvomme tarkasti l\u00e4mp\u00f6tilaa ja aikaa varmistaaksemme, ett\u00e4 muut aktiiviset ainesosat eiv\u00e4t vaurioidu. T\u00e4m\u00e4n lis\u00e4ksi valitsemme my\u00f6s lis\u00e4aineeton kaavan ilman kemiallisia lis\u00e4aineita luodaksemme todella hell\u00e4varaisen ja \u00e4rsytt\u00e4m\u00e4tt\u00f6m\u00e4n puhdistusaineen.<\/p>","protected":false},"excerpt":{"rendered":"Tea tree cleanser manufacturing common formulas Contains Melaleuca alternifolia leaf oil, Camellia sinensis extract and Amaranthus communis extract. Melaleuca alternifolia leaf oil (tea tree oil) has excellent antibacterial, anti-inflammatory and pore-constricting properties, cleanses pores, kills harmful bacteria and inhibits acne. Camellia sinensis extract &#8211; rich in natural vitamins and a variety of nutrients, can repair [&hellip;]","protected":false},"featured_media":517,"menu_order":0,"template":"","meta":[],"product-tag":[],"products":[65],"class_list":["post-506","product","type-product","status-publish","has-post-thumbnail","hentry","products-facial-cleanser"],"acf":[],"_links":{"self":[{"href":"https:\/\/www.ruiqigo.com\/fi\/wp-json\/wp\/v2\/product\/506","targetHints":{"allow":["GET"]}}],"collection":[{"href":"https:\/\/www.ruiqigo.com\/fi\/wp-json\/wp\/v2\/product"}],"about":[{"href":"https:\/\/www.ruiqigo.com\/fi\/wp-json\/wp\/v2\/types\/product"}],"version-history":[{"count":0,"href":"https:\/\/www.ruiqigo.com\/fi\/wp-json\/wp\/v2\/product\/506\/revisions"}],"wp:featuredmedia":[{"embeddable":true,"href":"https:\/\/www.ruiqigo.com\/fi\/wp-json\/wp\/v2\/media\/517"}],"wp:attachment":[{"href":"https:\/\/www.ruiqigo.com\/fi\/wp-json\/wp\/v2\/media?parent=506"}],"wp:term":[{"taxonomy":"product-tag","embeddable":true,"href":"https:\/\/www.ruiqigo.com\/fi\/wp-json\/wp\/v2\/product-tag?post=506"},{"taxonomy":"products","embeddable":true,"href":"https:\/\/www.ruiqigo.com\/fi\/wp-json\/wp\/v2\/products?post=506"}],"curies":[{"name":"wp","href":"https:\/\/api.w.org\/{rel}","templated":true}]}}