{"id":507,"date":"2024-07-16T10:59:49","date_gmt":"2024-07-16T02:59:49","guid":{"rendered":"https:\/\/ruiqigo.com\/?post_type=product&#038;p=507"},"modified":"2024-11-05T23:02:10","modified_gmt":"2024-11-05T15:02:10","slug":"charcoal-cleanser","status":"publish","type":"product","link":"https:\/\/www.ruiqigo.com\/fi\/product\/charcoal-cleanser","title":{"rendered":"Hiilipuhdistusaine"},"content":{"rendered":"<h2 class=\"wp-block-heading\">Charcoal Cleanser valmistaa yleisi\u00e4 kaavoja<\/h2>\n\n\n\n<p>Hiilell\u00e4 on voimakkaat adsorptioominaisuudet, jotka tunkeutuvat syv\u00e4lle huokosiin ja poistavat tehokkaasti ker\u00e4\u00e4ntyneen \u00f6ljyn, p\u00f6lyn ja erilaiset ep\u00e4puhtaudet. Samaan aikaan, arvokkaana Charcoal Cleanser -valmistajana uskomme, ett\u00e4 hiilell\u00e4 on my\u00f6s eritt\u00e4in hyv\u00e4 bakterisidinen ja antibakteerinen vaikutus, se voi est\u00e4\u00e4 haitallisten bakteerien kasvua ja est\u00e4\u00e4 n\u00e4ppyl\u00f6iden ja aknen muodostumista.<\/p>\n\n\n\n<h2 class=\"wp-block-heading\">Charcoal Cleanser -skenaariot<\/h2>\n\n\n\n<p>Charcoal Facial Cleanser sopii k\u00e4ytett\u00e4v\u00e4ksi erilaisissa tilanteissa, mukaan lukien p\u00e4ivitt\u00e4iseen kasvojen puhdistukseen, syv\u00e4puhdistukseen meikinpoiston j\u00e4lkeen, harjoituksen j\u00e4lkeiseen puhdistukseen sek\u00e4 ymp\u00e4rist\u00f6iss\u00e4, joissa ilmanlaatu on huono, mik\u00e4 auttaa poistamaan ep\u00e4puhtauksia iholta.<\/p>\n\n\n\n<h2 class=\"wp-block-heading\">Kenelle Charcoal Cleanser sopii<\/h2>\n\n\n\n<p>T\u00e4m\u00e4 puhdistusaine sopii erityisesti rasvaiselle iholle, sekaiholle ja akneen taipuvaiselle iholle. Charcoal Facial Cleanser on ihanteellinen valinta kuluttajille, jotka etsiv\u00e4t syv\u00e4puhdistavaa vaikutusta tai niille, jotka haluavat parantaa laajentuneiden ihohuokosten ulkon\u00e4k\u00f6\u00e4.<\/p>\n\n\n\n<h2 class=\"wp-block-heading\">Charcoal Cleanserin tuotantoprosessi<\/h2>\n\n\n\n<p>Charcoal Facial Cleanserin valmistuksessa k\u00e4yt\u00e4mme edistynytt\u00e4 hionta- ja sekoitustekniikkaa varmistaaksemme v\u00e4riaineen hienouden ja tasaisen jakautumisen. S\u00e4\u00e4telem\u00e4ll\u00e4 tarkasti v\u00e4riaineen hiukkaskokoa parannamme tuotteen adsorptiokyky\u00e4 ja puhdistavaa vaikutusta. Luotettavana Charcoal Cleanser -valmistajana k\u00e4yt\u00e4mme aseptista t\u00e4ytt\u00f6tekniikkaa varmistaaksemme tuotteidemme puhtauden ja turvallisuuden.<\/p>","protected":false},"excerpt":{"rendered":"Charcoal Cleanser manufacturing common formulas Charcoal has powerful adsorption properties that can penetrate deep into the pores and effectively remove accumulated oil, dust and various impurities. At the same time, as a worthy Charcoal Cleanser manufacturer, we think charcoal also has a very good bactericidal and antibacterial function, can inhibit the growth of harmful bacteria, [&hellip;]","protected":false},"featured_media":521,"menu_order":0,"template":"","meta":[],"product-tag":[],"products":[65],"class_list":["post-507","product","type-product","status-publish","has-post-thumbnail","hentry","products-facial-cleanser"],"acf":[],"_links":{"self":[{"href":"https:\/\/www.ruiqigo.com\/fi\/wp-json\/wp\/v2\/product\/507","targetHints":{"allow":["GET"]}}],"collection":[{"href":"https:\/\/www.ruiqigo.com\/fi\/wp-json\/wp\/v2\/product"}],"about":[{"href":"https:\/\/www.ruiqigo.com\/fi\/wp-json\/wp\/v2\/types\/product"}],"version-history":[{"count":0,"href":"https:\/\/www.ruiqigo.com\/fi\/wp-json\/wp\/v2\/product\/507\/revisions"}],"wp:featuredmedia":[{"embeddable":true,"href":"https:\/\/www.ruiqigo.com\/fi\/wp-json\/wp\/v2\/media\/521"}],"wp:attachment":[{"href":"https:\/\/www.ruiqigo.com\/fi\/wp-json\/wp\/v2\/media?parent=507"}],"wp:term":[{"taxonomy":"product-tag","embeddable":true,"href":"https:\/\/www.ruiqigo.com\/fi\/wp-json\/wp\/v2\/product-tag?post=507"},{"taxonomy":"products","embeddable":true,"href":"https:\/\/www.ruiqigo.com\/fi\/wp-json\/wp\/v2\/products?post=507"}],"curies":[{"name":"wp","href":"https:\/\/api.w.org\/{rel}","templated":true}]}}