{"id":525,"date":"2024-07-16T11:49:03","date_gmt":"2024-07-16T03:49:03","guid":{"rendered":"https:\/\/ruiqigo.com\/?post_type=product&#038;p=525"},"modified":"2024-11-05T23:06:02","modified_gmt":"2024-11-05T15:06:02","slug":"creamy-cleanser","status":"publish","type":"product","link":"https:\/\/www.ruiqigo.com\/fi\/product\/creamy-cleanser","title":{"rendered":"Kermainen puhdistusaine"},"content":{"rendered":"<h2 class=\"wp-block-heading\">Kermaisen puhdistusaineen valmistuksen yleiset kaavat<\/h2>\n\n\n\n<p>Tuote sis\u00e4lt\u00e4\u00e4 natriumhyaluronaattia ja tokoferolia. Natriumhyaluronaatti on tehokas kosteuttaja, joka sitoo ja lukitsee sis\u00e4\u00e4ns\u00e4 runsaasti kosteutta tarjoten pitk\u00e4kestoisen kosteutuksen ja parantaen ihon kimmoisuutta ja kiinteytt\u00e4. Johtavana puhdistusvoiteiden valmistajana tokoferoli (E-vitamiini) on luonnollinen antioksidantti, joka auttaa suojaamaan ihoa vapailta radikaaleilta samalla edist\u00e4en ihon korjaantumista ja yll\u00e4pit\u00e4en ihon terveytt\u00e4.<\/p>\n\n\n\n<h2 class=\"wp-block-heading\">Kermaisen puhdistusaineen k\u00e4ytt\u00f6tarkoitukset<\/h2>\n\n\n\n<p>Creamy Cleanser sopii p\u00e4ivitt\u00e4iseen kasvojen puhdistukseen, erityisesti aamulla her\u00e4\u00e4misen j\u00e4lkeen ja illalla meikin poiston j\u00e4lkeen. Se sopii my\u00f6s k\u00e4ytett\u00e4v\u00e4ksi kuivina vuodenaikoina tai ilmastoiduissa ymp\u00e4rist\u00f6iss\u00e4 ihon suojaamiseksi kosteuden haihtumiselta. Se sopii my\u00f6s ihanteellisesti herk\u00e4lle iholle, joka vaatii hell\u00e4varaista puhdistusta.<\/p>\n\n\n\n<h2 class=\"wp-block-heading\">Kenelle kermainen puhdistusaine sopii<\/h2>\n\n\n\n<p>T\u00e4m\u00e4 puhdistusaine sopii kaikille ihotyypeille, erityisesti kuivalle, kosteusk\u00f6yh\u00e4lle tai ik\u00e4\u00e4ntyv\u00e4lle iholle. Kuluttajille, jotka tarvitsevat lis\u00e4kosteutusta ja -ravitsemusta, tai herk\u00e4lle iholle, jotka etsiv\u00e4t hell\u00e4varaista puhdistusvaikutusta, Creamy Cleanser tarjoaa ihanteellisen ratkaisun.<\/p>\n\n\n\n<h2 class=\"wp-block-heading\">Kermaisen puhdistusaineen tuotantoprosessi<\/h2>\n\n\n\n<p>Creamy Facial Cleanser -puhdistusaineen valmistuksessa k\u00e4yt\u00e4mme edistyneit\u00e4 uutto- ja emulgointitekniikoita varmistaaksemme kaikkien ainesosien tehon ja stabiilisuuden. Natriumhyaluronaatin ja tokoferolien pitoisuutta tarkasti kontrolloimalla varmistamme tuotteidemme kosteuttavat ja antioksidanttiset vaikutukset. Creamy-puhdistusaineiden valmistajana k\u00e4yt\u00e4mme aseptista t\u00e4ytt\u00f6tekniikkaa varmistaaksemme tuotteidemme puhtauden ja turvallisuuden. Lis\u00e4ksi valmistusprosessiimme kuuluu ainutlaatuinen formulointiprosessi, joka varmistaa, ett\u00e4 puhdistusaine on kermainen, helppo levitt\u00e4\u00e4 ja liev\u00e4sti ihoa \u00e4rsytt\u00e4m\u00e4t\u00f6n.<\/p>","protected":false},"excerpt":{"rendered":"Creamy cleanser manufacturing common formulas The product contains Sodium Hyaluronate, Tocopherol. Sodium Hyaluronate is a powerful humectant that attracts and locks in large amounts of moisture, providing long-lasting moisturization and improving the skin&#8217;s elasticity and firmness. As a leading Creamy cleanser manufacturer, Tocopherol (Vitamin E) is a natural antioxidant that helps protect the skin from [&hellip;]","protected":false},"featured_media":526,"menu_order":0,"template":"","meta":[],"product-tag":[],"products":[65],"class_list":["post-525","product","type-product","status-publish","has-post-thumbnail","hentry","products-facial-cleanser"],"acf":[],"_links":{"self":[{"href":"https:\/\/www.ruiqigo.com\/fi\/wp-json\/wp\/v2\/product\/525","targetHints":{"allow":["GET"]}}],"collection":[{"href":"https:\/\/www.ruiqigo.com\/fi\/wp-json\/wp\/v2\/product"}],"about":[{"href":"https:\/\/www.ruiqigo.com\/fi\/wp-json\/wp\/v2\/types\/product"}],"version-history":[{"count":0,"href":"https:\/\/www.ruiqigo.com\/fi\/wp-json\/wp\/v2\/product\/525\/revisions"}],"wp:featuredmedia":[{"embeddable":true,"href":"https:\/\/www.ruiqigo.com\/fi\/wp-json\/wp\/v2\/media\/526"}],"wp:attachment":[{"href":"https:\/\/www.ruiqigo.com\/fi\/wp-json\/wp\/v2\/media?parent=525"}],"wp:term":[{"taxonomy":"product-tag","embeddable":true,"href":"https:\/\/www.ruiqigo.com\/fi\/wp-json\/wp\/v2\/product-tag?post=525"},{"taxonomy":"products","embeddable":true,"href":"https:\/\/www.ruiqigo.com\/fi\/wp-json\/wp\/v2\/products?post=525"}],"curies":[{"name":"wp","href":"https:\/\/api.w.org\/{rel}","templated":true}]}}