{"id":532,"date":"2024-07-18T11:39:16","date_gmt":"2024-07-18T03:39:16","guid":{"rendered":"https:\/\/ruiqigo.com\/?post_type=product&#038;p=532"},"modified":"2024-11-15T17:03:09","modified_gmt":"2024-11-15T09:03:09","slug":"green-tea-facial-toner","status":"publish","type":"product","link":"https:\/\/www.ruiqigo.com\/fi\/product\/green-tea-facial-toner","title":{"rendered":"Vihre\u00e4n teen kasvovesi"},"content":{"rendered":"<h2 class=\"wp-block-heading\">Vihre\u00e4n teen kasvoveden valmistuksen yleiset kaavat<\/h2>\n\n\n\n<p>Alginoosi on luonnollinen sokeri, joka tunnetaan erinomaisesta kosteuttavasta kyvyst\u00e4\u00e4n. Se auttaa lukitsemaan kosteuden ja parantaa ihon pehmeytt\u00e4 ja kimmoisuutta. Ammattimaisena vihre\u00e4n teen kasvovesien valmistajana teeuute on runsaasti vihre\u00e4n teen polyfenoleja, erityisesti katekiineja, joilla on voimakkaita antioksidanttisia ominaisuuksia ja jotka torjuvat tehokkaasti ihon ulkoisia ymp\u00e4rist\u00f6n haittavaikutuksia ja auttavat samalla tasapainottamaan ihon \u00f6ljynerityst\u00e4.<\/p>\n\n\n\n<h2 class=\"wp-block-heading\">Vihre\u00e4n teen kasvoveden k\u00e4ytt\u00f6tarkoitukset<\/h2>\n\n\n\n<p>Vihre\u00e4n teen kasvovesi sopii kaikkiin p\u00e4ivitt\u00e4isiin ihonhoitovaiheisiin. K\u00e4yt\u00e4 sit\u00e4 aamulla puhdistuksen j\u00e4lkeen her\u00e4tt\u00e4\u00e4ksesi ja virkist\u00e4\u00e4ksesi ihoa, ja illalla palauttaaksesi ihon tasapainon syv\u00e4puhdistuksen j\u00e4lkeen. Se sopii my\u00f6s k\u00e4ytett\u00e4v\u00e4ksi pitk\u00e4aikaisen elektronisten n\u00e4ytt\u00f6jen tai ulkoilun j\u00e4lkeen suojaamaan ihoa ymp\u00e4rist\u00f6n rasituksilta ja palauttamaan raikkauden.<\/p>\n\n\n\n<h2 class=\"wp-block-heading\">Kenelle vihre\u00e4n teen kasvovesi sopii<\/h2>\n\n\n\n<p>T\u00e4m\u00e4 kasvovesi sopii kaikille ihotyypeille, erityisesti rasvaiselle ja sekaiholle, sek\u00e4 kuluttajille, jotka etsiv\u00e4t luonnollista ihonhoitoa ja antioksidanttisuojaa. Niille, jotka haluavat parantaa ihon s\u00e4vy\u00e4 ja minimoida ihon v\u00e4symyksen merkkej\u00e4, vihre\u00e4n teen kasvovesi tarjoaa ihanteellisen ihonhoitovaihtoehdon hell\u00e4varaisten mutta tehokkaiden ainesosiensa ansiosta.<\/p>\n\n\n\n<h2 class=\"wp-block-heading\">Vihre\u00e4n teen kasvoveden tuotantoprosessi<\/h2>\n\n\n\n<p>K\u00e4yt\u00e4mme ainutlaatuista matalan l\u00e4mp\u00f6tilan infuusioprosessia aktiivisten ainesosien uuttamiseksi vihre\u00e4n teen lehdist\u00e4 varmistaaksemme ainesosien alkuper\u00e4isen maun. Samalla k\u00e4yt\u00e4mme mikrosumutustekniikkaa luodaksemme hienojakoisia, tasaisia vesipisaroita, jotka imev\u00e4t ravinteet nopeasti ihoon. Ammattimaisena vihre\u00e4n teen kasvoveden valmistajana valvomme tiukasti kaikkien tuotannon vaiheiden laatua varmistaaksemme vakaan ja luotettavan tuotteen laadun.<\/p>","protected":false},"excerpt":{"rendered":"Green tea facial toner manufacturing common formulas Alginose is a natural sugar known for its excellent moisturizing ability, helping to lock in moisture and enhance the skin&#8217;s softness and elasticity. As a professional Green tea facial toner manufacturer, tea extract is rich in polyphenols found in green tea, especially catechins, which have powerful antioxidant properties [&hellip;]","protected":false},"featured_media":538,"menu_order":0,"template":"","meta":[],"product-tag":[],"products":[67],"class_list":["post-532","product","type-product","status-publish","has-post-thumbnail","hentry","products-facial-toner"],"acf":[],"_links":{"self":[{"href":"https:\/\/www.ruiqigo.com\/fi\/wp-json\/wp\/v2\/product\/532","targetHints":{"allow":["GET"]}}],"collection":[{"href":"https:\/\/www.ruiqigo.com\/fi\/wp-json\/wp\/v2\/product"}],"about":[{"href":"https:\/\/www.ruiqigo.com\/fi\/wp-json\/wp\/v2\/types\/product"}],"version-history":[{"count":0,"href":"https:\/\/www.ruiqigo.com\/fi\/wp-json\/wp\/v2\/product\/532\/revisions"}],"wp:featuredmedia":[{"embeddable":true,"href":"https:\/\/www.ruiqigo.com\/fi\/wp-json\/wp\/v2\/media\/538"}],"wp:attachment":[{"href":"https:\/\/www.ruiqigo.com\/fi\/wp-json\/wp\/v2\/media?parent=532"}],"wp:term":[{"taxonomy":"product-tag","embeddable":true,"href":"https:\/\/www.ruiqigo.com\/fi\/wp-json\/wp\/v2\/product-tag?post=532"},{"taxonomy":"products","embeddable":true,"href":"https:\/\/www.ruiqigo.com\/fi\/wp-json\/wp\/v2\/products?post=532"}],"curies":[{"name":"wp","href":"https:\/\/api.w.org\/{rel}","templated":true}]}}