{"id":533,"date":"2024-07-18T11:49:37","date_gmt":"2024-07-18T03:49:37","guid":{"rendered":"https:\/\/ruiqigo.com\/?post_type=product&#038;p=533"},"modified":"2024-11-15T17:02:20","modified_gmt":"2024-11-15T09:02:20","slug":"micellar-water-makeup-remover","status":"publish","type":"product","link":"https:\/\/www.ruiqigo.com\/fi\/product\/micellar-water-makeup-remover","title":{"rendered":"Misellivesimeikinpoistoaine"},"content":{"rendered":"<h2 class=\"wp-block-heading\">Miselliveden meikinpoistoaineiden valmistuksen yleiset kaavat<\/h2>\n\n\n\n<p>Miselliveden meikinpoistoaineen ydinainesosia ovat PEG-40-hydrattu risiini\u00f6ljy, 1,1-heksaanidioli, fenoksietanoli, aloe barbadensis -lehtivesi ja dinatrium-EDTA. PEG-40-hydrattu risiini\u00f6ljy on erinomainen pinta-aktiivinen aine, joka liuottaa ep\u00e4puhtauksia, kun taas 1,1-heksaanidioli ja fenoksietanoli ovat erinomaisia bakteereja tappavia ja antiseptisi\u00e4 aineita, jotka yll\u00e4pit\u00e4v\u00e4t tuotteen hygieniaa ja turvallisuutta. Luotettavana miselliveden meikinpoistoaineiden valmistajana aloe barbadensis -lehtivesi on t\u00e4ynn\u00e4 vitamiineja, mineraaleja ja polysakkarideja, jotka ravitsevat ihoa ja parantavat ihon suojakerrosta, kun taas dinatrium-EDTA on kompleksinmuodostaja, joka parantaa tuotteen vakautta. N\u00e4m\u00e4 ainesosat toimivat yhdess\u00e4 tarjotakseen syv\u00e4puhdistuksen ja -hoidon ihollesi.<\/p>\n\n\n\n<h2 class=\"wp-block-heading\">Miselliveden meikinpoistoaineen k\u00e4ytt\u00f6kohteet<\/h2>\n\n\n\n<p>T\u00e4m\u00e4 misellivesimeikinpoistoaine sopii t\u00e4ydellisesti jokap\u00e4iv\u00e4iseen ihonhoitoon. Olipa kyseess\u00e4 sitten p\u00e4ivitt\u00e4isen meikin poisto tai rasvaisen ihon puhdistus kertyneist\u00e4 ep\u00e4puhtauksista, sit\u00e4 on helppo k\u00e4ytt\u00e4\u00e4. Se poistaa tehokkaasti my\u00f6s vedenkest\u00e4v\u00e4n meikin ja j\u00e4tt\u00e4\u00e4 ihosi t\u00e4ysin kirkkaaksi. K\u00e4yt\u00f6n j\u00e4lkeen ihosi ei ole ainoastaan puhdas ja kirkas, vaan my\u00f6s rauhoitettu ja ravittu, mik\u00e4 luo hyv\u00e4n pohjan ihonhoitoliiketoiminnallesi.<\/p>\n\n\n\n<h2 class=\"wp-block-heading\">Kenelle misellivesimeikinpoistoaine sopii<\/h2>\n\n\n\n<p>T\u00e4m\u00e4 misellivesimeikinpoistoaine sopii kaikille ihotyypeille. Sek\u00e4 rasvainen ett\u00e4 kuiva iho hy\u00f6tyv\u00e4t siit\u00e4. Se puhdistaa hell\u00e4varaisesti aiheuttamatta \u00e4rsytyst\u00e4 tai allergisia reaktioita. Erityisesti kauneuden yst\u00e4ville se poistaa kaikenlaisen meikin helposti ja j\u00e4tt\u00e4\u00e4 ihosi n\u00e4ytt\u00e4m\u00e4\u00e4n raikkaalta ja uudelta. Samalla se on rikastettu useilla luonnollisilla kasvitieteellisill\u00e4 ainesosilla, jotka ravitsevat ja suojaavat ihoa, jotta voit nauttia hoidosta meikki\u00e4 poistaessasi.<\/p>\n\n\n\n<h2 class=\"wp-block-heading\">Miselliveden meikinpoistoaineen valmistusprosessi<\/h2>\n\n\n\n<p>K\u00e4yt\u00e4mme t\u00e4m\u00e4n meikinpoistoaineen valmistuksessa ainutlaatuista miselliteknologiaa. Ensin yhdist\u00e4mme pinta-aktiivisia aineita, kuten PEG-40-hydrattua risiini\u00f6ljy\u00e4, veden kanssa muodostaen vakaan misellirakenteen. Luotettavana misellivesimeikinpoistoaineen valmistajana n\u00e4m\u00e4 misellit kapseloivat tehokkaasti lian ja meikkij\u00e4\u00e4m\u00e4t, liuottavat ja poistavat ne hell\u00e4varaisesti. Ihonhoitoaineita, kuten aloe barbadensis -lehtivett\u00e4 ja dinatrium-EDTA:ta, lis\u00e4t\u00e4\u00e4n sitten antamaan tuotteelle entist\u00e4kin tehokkaampaa ravitsemusta ja suojaa.<\/p>","protected":false},"excerpt":{"rendered":"Micellar water makeup remover manufacturing common formulas The core ingredients of Micellar Water Makeup Remover include PEG-40 Hydrogenated Castor Oil, 1,1-Hexanediol, Phenoxyethanol, Aloe Barbadensis Leaf Water and Disodium EDTA, PEG-40 Hydrogenated Castor Oil is an excellent surfactant that dissolves contaminants, while 1,1-Hexanediol and Phenoxyethanol are excellent bactericidal and antiseptic agents that maintain product hygiene and [&hellip;]","protected":false},"featured_media":542,"menu_order":0,"template":"","meta":[],"product-tag":[],"products":[66],"class_list":["post-533","product","type-product","status-publish","has-post-thumbnail","hentry","products-makeup-remover"],"acf":[],"_links":{"self":[{"href":"https:\/\/www.ruiqigo.com\/fi\/wp-json\/wp\/v2\/product\/533","targetHints":{"allow":["GET"]}}],"collection":[{"href":"https:\/\/www.ruiqigo.com\/fi\/wp-json\/wp\/v2\/product"}],"about":[{"href":"https:\/\/www.ruiqigo.com\/fi\/wp-json\/wp\/v2\/types\/product"}],"version-history":[{"count":0,"href":"https:\/\/www.ruiqigo.com\/fi\/wp-json\/wp\/v2\/product\/533\/revisions"}],"wp:featuredmedia":[{"embeddable":true,"href":"https:\/\/www.ruiqigo.com\/fi\/wp-json\/wp\/v2\/media\/542"}],"wp:attachment":[{"href":"https:\/\/www.ruiqigo.com\/fi\/wp-json\/wp\/v2\/media?parent=533"}],"wp:term":[{"taxonomy":"product-tag","embeddable":true,"href":"https:\/\/www.ruiqigo.com\/fi\/wp-json\/wp\/v2\/product-tag?post=533"},{"taxonomy":"products","embeddable":true,"href":"https:\/\/www.ruiqigo.com\/fi\/wp-json\/wp\/v2\/products?post=533"}],"curies":[{"name":"wp","href":"https:\/\/api.w.org\/{rel}","templated":true}]}}