{"id":546,"date":"2024-07-18T12:00:46","date_gmt":"2024-07-18T04:00:46","guid":{"rendered":"https:\/\/ruiqigo.com\/?post_type=product&#038;p=546"},"modified":"2024-11-15T17:01:26","modified_gmt":"2024-11-15T09:01:26","slug":"oil-free-makeup-remover","status":"publish","type":"product","link":"https:\/\/www.ruiqigo.com\/fi\/product\/oil-free-makeup-remover","title":{"rendered":"\u00d6ljyt\u00f6n meikinpoistoaine"},"content":{"rendered":"<h2 class=\"wp-block-heading\">\u00d6ljyt\u00f6n meikinpoistoaine, joka valmistaa yleisi\u00e4 kaavoja<\/h2>\n\n\n\n<p>T\u00e4m\u00e4n tuotteen ydinainesosia ovat Poroxam 184 ja Camellia sinensis -uute. Peloxam 184 on ioniton pinta-aktiivinen aine, jolla on erinomainen puhdistus- ja liukoisuuskyky, joka liuottaa tehokkaasti kaikenlaisia kosmetiikkaa. Luotettavana \u00f6ljytt\u00f6m\u00e4n\u00e4 meikinpoistoainevalmistajana camellia Extract puolestaan sis\u00e4lt\u00e4\u00e4 runsaasti antioksidantteja ja ravintoaineita, jotka ravitsevat ihoa ja lievitt\u00e4v\u00e4t meikinpoistoprosessin aiheuttamaa kuivuutta ja kireytt\u00e4.<\/p>\n\n\n\n<h2 class=\"wp-block-heading\">\u00d6ljytt\u00f6mi\u00e4 meikinpoistoaineita koskevat skenaariot<\/h2>\n\n\n\n<p>T\u00e4t\u00e4 \u00f6ljyt\u00f6nt\u00e4 meikinpoistoainetta voidaan k\u00e4ytt\u00e4\u00e4 useissa eri tilanteissa. Olipa kyseess\u00e4 p\u00e4ivitt\u00e4isen meikin poistaminen, kertyneiden ep\u00e4puhtauksien syv\u00e4puhdistus nukutun y\u00f6n j\u00e4lkeen tai ihon puhdistaminen aurinkosuojasta aktiivisen ulkona vietetyn p\u00e4iv\u00e4n j\u00e4lkeen, se poistaa meikin erinomaisesti. Se sopii my\u00f6s ihmisille, joilla on erityisi\u00e4 ihon tarpeita, kuten herkk\u00e4 iho, kuiva iho jne. ja tarjoaa hell\u00e4varaista hoitoa iholle.<\/p>\n\n\n\n<h2 class=\"wp-block-heading\">Kenelle \u00f6ljyt\u00f6n meikinpoistoaine sopii<\/h2>\n\n\n\n<p>T\u00e4m\u00e4 tuote on suunnattu kaupunkien valkokaulusnaisille, jotka etsiv\u00e4t tervett\u00e4 ihoa. Sek\u00e4 toimistoty\u00f6ntekij\u00e4t ett\u00e4 opiskelijat voivat k\u00e4ytt\u00e4\u00e4 sit\u00e4 omien iho-olosuhteidensa mukaan. Rasvaiselle iholle ja sekaiholle se puhdistaa tehokkaasti huokoset ja hallitsee \u00f6ljy\u00e4; kuivalle tai herk\u00e4lle iholle se voi my\u00f6s antaa hell\u00e4varaista ravintoa ihon suojan yll\u00e4pit\u00e4miseksi.<\/p>\n\n\n\n<h2 class=\"wp-block-heading\">\u00d6ljyt\u00f6n meikinpoistoaineen valmistusprosessi<\/h2>\n\n\n\n<p>Kehittynyt miselliteknologiamme hy\u00f6dynt\u00e4\u00e4 pinta-aktiivisten aineiden ainutlaatuisia ominaisuuksia vesi- ja \u00f6ljyfaasin t\u00e4ydelliseen emulgoimiseen, jolloin muodostuu pieni\u00e4 misellihiukkasia valmistusprosessin aikana. T\u00e4m\u00e4 teknologia ei ainoastaan v\u00e4henn\u00e4 merkitt\u00e4v\u00e4sti veden ja energian kulutusta, vaan my\u00f6s tuottaa raikkaan ja pehme\u00e4n tuotteen kuormittamatta ihoa. Luotettavana \u00f6ljytt\u00f6m\u00e4n\u00e4 meikinpoistoaineiden valmistajana olemme valinneet kompleksinmuodostajaksi my\u00f6s biohajoavan dinatrium-EDTA:n, joka korvaa perinteisten meikinpoistoaineiden vaikeasti hajoavat ainesosat ymp\u00e4rist\u00f6vaikutusten minimoimiseksi.<\/p>","protected":false},"excerpt":{"rendered":"Oil free makeup remover manufacturing common formulas The core ingredients of this product include Poroxam 184 and Camellia sinensis extract. Peloxam 184 is a non-ionic surfactant with excellent cleansing and solubilizing ability, which can effectively dissolve all kinds of cosmetics. As a reliable Oil free makeup remover manufacturer, camellia Extract, on the other hand, is [&hellip;]","protected":false},"featured_media":547,"menu_order":0,"template":"","meta":[],"product-tag":[],"products":[66],"class_list":["post-546","product","type-product","status-publish","has-post-thumbnail","hentry","products-makeup-remover"],"acf":[],"_links":{"self":[{"href":"https:\/\/www.ruiqigo.com\/fi\/wp-json\/wp\/v2\/product\/546","targetHints":{"allow":["GET"]}}],"collection":[{"href":"https:\/\/www.ruiqigo.com\/fi\/wp-json\/wp\/v2\/product"}],"about":[{"href":"https:\/\/www.ruiqigo.com\/fi\/wp-json\/wp\/v2\/types\/product"}],"version-history":[{"count":0,"href":"https:\/\/www.ruiqigo.com\/fi\/wp-json\/wp\/v2\/product\/546\/revisions"}],"wp:featuredmedia":[{"embeddable":true,"href":"https:\/\/www.ruiqigo.com\/fi\/wp-json\/wp\/v2\/media\/547"}],"wp:attachment":[{"href":"https:\/\/www.ruiqigo.com\/fi\/wp-json\/wp\/v2\/media?parent=546"}],"wp:term":[{"taxonomy":"product-tag","embeddable":true,"href":"https:\/\/www.ruiqigo.com\/fi\/wp-json\/wp\/v2\/product-tag?post=546"},{"taxonomy":"products","embeddable":true,"href":"https:\/\/www.ruiqigo.com\/fi\/wp-json\/wp\/v2\/products?post=546"}],"curies":[{"name":"wp","href":"https:\/\/api.w.org\/{rel}","templated":true}]}}