{"id":551,"date":"2024-07-18T14:36:33","date_gmt":"2024-07-18T06:36:33","guid":{"rendered":"https:\/\/ruiqigo.com\/?post_type=product&#038;p=551"},"modified":"2024-11-15T17:00:56","modified_gmt":"2024-11-15T09:00:56","slug":"coconut-oil-makeup-remover","status":"publish","type":"product","link":"https:\/\/www.ruiqigo.com\/fi\/product\/coconut-oil-makeup-remover","title":{"rendered":"Kookos\u00f6ljyinen meikinpoistoaine"},"content":{"rendered":"<h2 class=\"wp-block-heading\">Kookos\u00f6ljymeikinpoistoaineiden valmistuksen yleiset kaavat<\/h2>\n\n\n\n<p>T\u00e4m\u00e4n tuotteen ydinainesosia ovat kookos\u00f6ljy, tokoferolit ja auringonkukansiemen\u00f6ljy. Kookos\u00f6ljy on runsaasti rasvahappoja, kuten lauriinihappoa ja steariinihappoa, joilla on erinomaiset liuotus- ja puhdistusominaisuudet kaikenlaisen meikin poistamiseksi. Tokoferoli on voimakas luonnollinen antioksidantti, joka korjaa ja suojaa ihoa ymp\u00e4rist\u00f6n aiheuttamilta vaurioilta. Luotettavana kookos\u00f6ljymeikinpoistoaineiden valmistajana tied\u00e4mme, ett\u00e4 E-vitamiinia ja linoleenihappoa sis\u00e4lt\u00e4v\u00e4 auringonkukansiemen\u00f6ljy ravitsee ihoa syv\u00e4lt\u00e4 ja lievitt\u00e4\u00e4 kuivuutta ja kireytt\u00e4.<\/p>\n\n\n\n<h2 class=\"wp-block-heading\">Kookos\u00f6ljymeikinpoistoaineeseen sovellettavat skenaariot<\/h2>\n\n\n\n<p>Kookos\u00f6ljymeikinpoistoaine sopii monenlaisiin k\u00e4ytt\u00f6tarkoituksiin. T\u00e4t\u00e4 kookos\u00f6ljymeikinpoistoainetta voidaan k\u00e4ytt\u00e4\u00e4 monenlaisissa tilanteissa. Olipa kyseess\u00e4 sitten p\u00e4ivitt\u00e4isen meikin poisto, kertyneiden ep\u00e4puhtauksien syv\u00e4puhdistus tai ihon puhdistus ennen nukkumaanmenoa, se on loistava tapa puhdistaa ja ravita ihoa. Se sopii my\u00f6s ihanteellisesti luonnollisen ihonhoidon yst\u00e4ville, sill\u00e4 se hoitaa ihoa hell\u00e4varaisesti.<\/p>\n\n\n\n<h2 class=\"wp-block-heading\">Kenelle kookos\u00f6ljymeikinpoistoaine sopii<\/h2>\n\n\n\n<p>T\u00e4m\u00e4 tuote on suunnattu kaupunkilaisille toimihenkil\u00f6naisille, jotka etsiv\u00e4t tervett\u00e4 ja luonnollista ihoa. Olitpa sitten toimistoty\u00f6ntekij\u00e4, opiskelija tai luonnollinen omaishoitaja, voit valita tuotteen k\u00e4ytt\u00f6tarkoituksen ihosi kunnon mukaan. Kuivalle ja herk\u00e4lle iholle se voi antaa runsaasti kosteutta ja ravitsemusta, lievitt\u00e4\u00e4 kuivuutta ja kireytt\u00e4; sekaiholle tai rasvaiselle iholle se voi my\u00f6s puhdistaa ihohuokosia ja s\u00e4\u00e4dell\u00e4 \u00f6ljyn tuotantoa.<\/p>\n\n\n\n<h2 class=\"wp-block-heading\">Kookos\u00f6ljyn meikinpoistoaineen valmistusprosessi<\/h2>\n\n\n\n<p>K\u00e4yt\u00e4mme edistynytt\u00e4 kylm\u00e4puristusprosessia sekoittaaksemme tarkasti luonnollisia kasvi\u00f6ljyj\u00e4, kuten kookos\u00f6ljy\u00e4, tokoferolia ja auringonkukka\u00f6ljy\u00e4, varmistaaksemme, ett\u00e4 kaikki ravintoaineet s\u00e4ilyv\u00e4t tuotantoprosessin aikana. Luotettavana kookos\u00f6ljymeikinpoistoaineiden valmistajana k\u00e4yt\u00e4mme my\u00f6s matalan l\u00e4mp\u00f6tilan t\u00e4ytt\u00f6prosessia v\u00e4ltt\u00e4\u00e4ksemme ravintoaineiden tuhoutumisen korkeissa l\u00e4mp\u00f6tiloissa. Perinteisiin meikinpoistoaineisiin verrattuna koko prosessi on vihre\u00e4 ja ymp\u00e4rist\u00f6yst\u00e4v\u00e4llinen.<\/p>","protected":false},"excerpt":{"rendered":"Coconut oil makeup remover manufacturing common formulas The core ingredients of this product include coconut oil, tocopherols and sunflower seed oil. Coconut oil is rich in fatty acids such as lauric acid and stearic acid, which have excellent solubilizing and cleansing abilities to remove all types of makeup. Tocopherol is a powerful natural antioxidant that [&hellip;]","protected":false},"featured_media":552,"menu_order":0,"template":"","meta":[],"product-tag":[],"products":[66],"class_list":["post-551","product","type-product","status-publish","has-post-thumbnail","hentry","products-makeup-remover"],"acf":[],"_links":{"self":[{"href":"https:\/\/www.ruiqigo.com\/fi\/wp-json\/wp\/v2\/product\/551","targetHints":{"allow":["GET"]}}],"collection":[{"href":"https:\/\/www.ruiqigo.com\/fi\/wp-json\/wp\/v2\/product"}],"about":[{"href":"https:\/\/www.ruiqigo.com\/fi\/wp-json\/wp\/v2\/types\/product"}],"version-history":[{"count":0,"href":"https:\/\/www.ruiqigo.com\/fi\/wp-json\/wp\/v2\/product\/551\/revisions"}],"wp:featuredmedia":[{"embeddable":true,"href":"https:\/\/www.ruiqigo.com\/fi\/wp-json\/wp\/v2\/media\/552"}],"wp:attachment":[{"href":"https:\/\/www.ruiqigo.com\/fi\/wp-json\/wp\/v2\/media?parent=551"}],"wp:term":[{"taxonomy":"product-tag","embeddable":true,"href":"https:\/\/www.ruiqigo.com\/fi\/wp-json\/wp\/v2\/product-tag?post=551"},{"taxonomy":"products","embeddable":true,"href":"https:\/\/www.ruiqigo.com\/fi\/wp-json\/wp\/v2\/products?post=551"}],"curies":[{"name":"wp","href":"https:\/\/api.w.org\/{rel}","templated":true}]}}