{"id":556,"date":"2024-07-18T14:56:34","date_gmt":"2024-07-18T06:56:34","guid":{"rendered":"https:\/\/ruiqigo.com\/?post_type=product&#038;p=556"},"modified":"2024-11-06T14:39:21","modified_gmt":"2024-11-06T06:39:21","slug":"moisturizing-body-lotion","status":"publish","type":"product","link":"https:\/\/www.ruiqigo.com\/fi\/product\/moisturizing-body-lotion","title":{"rendered":"Kosteuttava vartalovoide"},"content":{"rendered":"<h3 class=\"wp-block-heading\">Kosteuttavan vartalovoiteen valmistuksen yleiset kaavat<\/h3>\n\n\n\n<p>Alginaatilla on ainutlaatuinen molekyylirakenne, joka imee ja lukitsee kosteuden ihoon tarjoten tehokkaan kosteutuksen. Se my\u00f6s vahvistaa ihon suojakerrosta ja parantaa ihon vastustuskyky\u00e4 rasituksille. Luonnollisena antioksidanttina tokoferoli voi neutraloida vapaita radikaaleja, korjata ihovaurioita ja parantaa ihon rakennetta. Johtavana kosteuttavien vartalovoiteiden valmistajana tied\u00e4mme, ett\u00e4 sill\u00e4 on my\u00f6s erinomaiset kosteuttavat ja pehment\u00e4v\u00e4t ominaisuudet, jotka tekev\u00e4t ihosta ravitsevamman ja joustavamman. Etyyliheksyyliglyseriini on erityinen glyseriinin johdannainen, jolla on erinomainen kosteuttava imeytyminen, ja se voi tunkeutua syv\u00e4lle sarveiskerrokseen t\u00e4ydent\u00e4\u00e4kseen kosteutta, lis\u00e4t\u00e4kseen ihon kosteuspitoisuutta ja parantaakseen ihon kuivaa ja karheaa tilaa.<\/p>\n\n\n\n<h3 class=\"wp-block-heading\">Kosteuttava vartalovoide Sovellettavat skenaariot<\/h3>\n\n\n\n<p>T\u00e4m\u00e4 kosteuttava vartalovoide sopii kaikille ihotyypeille, erityisesti kuivalle ja kuivuneelle iholle. Olipa kyseess\u00e4 sitten p\u00e4ivitt\u00e4inen hoito tai erityishoito s\u00e4\u00e4n vaihteluiden aikana, se voi tehokkaasti t\u00e4ydent\u00e4\u00e4 ihon kosteutta ja ravinteita, joita tarvitaan pit\u00e4m\u00e4\u00e4n ihosi kosteutettuna ja sile\u00e4n\u00e4.<\/p>\n\n\n\n<h3 class=\"wp-block-heading\">Kenelle kosteuttava vartalovoide sopii<\/h3>\n\n\n\n<p>T\u00e4m\u00e4 vartalovoide sopii kaikille ihotyypeille, erityisesti kuivalle, kosteusk\u00f6yh\u00e4lle tai ik\u00e4\u00e4ntyv\u00e4lle iholle. Se on ihanteellinen kuluttajille, jotka etsiv\u00e4t luonnollisia ainesosia ja voimakasta kosteuttavaa vaikutusta. My\u00f6s herkk\u00e4ihoiset kuluttajat voivat hy\u00f6ty\u00e4 siit\u00e4, sill\u00e4 sen hell\u00e4varainen koostumus v\u00e4hent\u00e4\u00e4 iho\u00e4rsytyst\u00e4.<\/p>\n\n\n\n<h3 class=\"wp-block-heading\">Kosteuttavan vartalovoiteen valmistusprosessi<\/h3>\n\n\n\n<p>Luotettavana kosteuttavien vartalovoiteiden valmistajana tuotteessa k\u00e4ytet\u00e4\u00e4n matalan l\u00e4mp\u00f6tilan mikrokiteist\u00e4 molekyyliuuttoprosessia, joka s\u00e4ilytt\u00e4\u00e4 tehokkaasti luonnollisten aktiiviaineiden alkuper\u00e4isen tehon. Samalla siin\u00e4 k\u00e4ytet\u00e4\u00e4n patentoitua molekyylien upotustekniikkaa, jotta kosteuttavat ainesosat imeytyv\u00e4t ja tunkeutuvat helpommin, mik\u00e4 maksimoi ravitsevat ja korjaavat vaikutukset. Koko tuotantoprosessi on suoritettu ilman kemiallisia lis\u00e4aineita, mik\u00e4 varmistaa tuotteen ymp\u00e4rist\u00f6yst\u00e4v\u00e4llisyyden ja turvallisuuden.<\/p>\n\n\n\n<p><\/p>","protected":false},"excerpt":{"rendered":"Moisturizing body lotion manufacturing Common Formulas Alginate has a unique molecular structure that adsorbs and locks moisture into the skin, providing powerful moisturization. It also strengthens the skin&#8217;s barrier function and improves the skin&#8217;s resistance to adversity. As a natural antioxidant, tocopherol can neutralize free radicals, repair skin damage and improve skin texture. As a [&hellip;]","protected":false},"featured_media":557,"menu_order":0,"template":"","meta":[],"product-tag":[],"products":[70],"class_list":["post-556","product","type-product","status-publish","has-post-thumbnail","hentry","products-moisturizing-lotion"],"acf":[],"_links":{"self":[{"href":"https:\/\/www.ruiqigo.com\/fi\/wp-json\/wp\/v2\/product\/556","targetHints":{"allow":["GET"]}}],"collection":[{"href":"https:\/\/www.ruiqigo.com\/fi\/wp-json\/wp\/v2\/product"}],"about":[{"href":"https:\/\/www.ruiqigo.com\/fi\/wp-json\/wp\/v2\/types\/product"}],"version-history":[{"count":0,"href":"https:\/\/www.ruiqigo.com\/fi\/wp-json\/wp\/v2\/product\/556\/revisions"}],"wp:featuredmedia":[{"embeddable":true,"href":"https:\/\/www.ruiqigo.com\/fi\/wp-json\/wp\/v2\/media\/557"}],"wp:attachment":[{"href":"https:\/\/www.ruiqigo.com\/fi\/wp-json\/wp\/v2\/media?parent=556"}],"wp:term":[{"taxonomy":"product-tag","embeddable":true,"href":"https:\/\/www.ruiqigo.com\/fi\/wp-json\/wp\/v2\/product-tag?post=556"},{"taxonomy":"products","embeddable":true,"href":"https:\/\/www.ruiqigo.com\/fi\/wp-json\/wp\/v2\/products?post=556"}],"curies":[{"name":"wp","href":"https:\/\/api.w.org\/{rel}","templated":true}]}}