{"id":561,"date":"2024-07-18T15:02:16","date_gmt":"2024-07-18T07:02:16","guid":{"rendered":"https:\/\/ruiqigo.com\/?post_type=product&#038;p=561"},"modified":"2024-11-06T14:35:11","modified_gmt":"2024-11-06T06:35:11","slug":"moisturizing-facial-lotion","status":"publish","type":"product","link":"https:\/\/www.ruiqigo.com\/fi\/product\/moisturizing-facial-lotion","title":{"rendered":"Kosteuttava kasvovoide"},"content":{"rendered":"<h3 class=\"wp-block-heading\">Kosteuttava kasvoveden valmistus Yleiset kaavat<\/h3>\n\n\n\n<p>Etyyliheksyyliglyseriini: hell\u00e4varainen kosteusvoide, joka vahvistaa ihon luonnollista suojakerrosta ja v\u00e4hent\u00e4\u00e4 kosteuden menetyst\u00e4. Centella Asiatica -lehtiuute: Tunnettu tehokkaista korjaavista ja rauhoittavista ominaisuuksistaan, se auttaa minimoimaan punoitusta ja \u00e4rsytyst\u00e4. Luotettavana Moisturizing Facial lotion valmistajana tied\u00e4mme, ett\u00e4 Pohjois-Amerikan Witch Hazel Water: Sis\u00e4lt\u00e4\u00e4 luonnollisia kasviper\u00e4isi\u00e4 aineita, jotka auttavat s\u00e4\u00e4telem\u00e4\u00e4n ihon rasvaa ja supistamaan ihohuokosia pit\u00e4m\u00e4\u00e4n ihon raikkaana. Camellia Sinensis -kukkauute: Sis\u00e4lt\u00e4\u00e4 runsaasti antioksidantteja, se auttaa suojaamaan ihoa ymp\u00e4rist\u00f6n stressitekij\u00f6ilt\u00e4 samalla kun se ravitsee ja kosteuttaa.<\/p>\n\n\n\n<h3 class=\"wp-block-heading\">Kosteuttava kasvovoide Soveltuvat skenaariot<\/h3>\n\n\n\n<p>Moisturizing Facial Lotion sopii useisiin ihonhoitorutiinisi osiin. Olipa aamulla puhdistuksen j\u00e4lkeen tai illalla meikinpoiston j\u00e4lkeen, se kosteuttaa ihoa pitk\u00e4kestoisesti. Se soveltuu k\u00e4ytett\u00e4v\u00e4ksi my\u00f6s kuivina vuodenaikoina tai pitki\u00e4 aikoja ilmastoiduissa ymp\u00e4rist\u00f6iss\u00e4 suojaamaan ihoa ulkoisen ymp\u00e4rist\u00f6n haitallisilta vaikutuksilta.<\/p>\n\n\n\n<h3 class=\"wp-block-heading\">Kenelle Moisturizing Facial lotion -puku sopii<\/h3>\n\n\n\n<p>T\u00e4m\u00e4 voide sopii kaikille ihotyypeille, erityisesti kuivalle, kuivuneelle tai herk\u00e4lle iholle. Se on ihanteellinen kuluttajille, jotka etsiv\u00e4t luonnollista ihonhoitoa ja tehokkaita kosteuttavia vaikutuksia. Samaan aikaan iholle, joka tarvitsee lis\u00e4hoitoa ja korjaamista, Centella Asiatica -lehtiuute ja Camellia Sinensis -kukkauute tarjoavat lis\u00e4hoitoa.<\/p>\n\n\n\n<h3 class=\"wp-block-heading\">Kosteuttavan kasvoveden valmistusprosessi<\/h3>\n\n\n\n<p>Moisturizing Facial Lotion -voiteen valmistuksen aikana k\u00e4yt\u00e4mme edistynytt\u00e4 emulgointiteknologiaa varmistaaksemme voiteen stabiilisuuden ja ihoyst\u00e4v\u00e4llisyyden. Arvokkaana Moisturizing Facial lotion -voiteen valmistajana s\u00e4\u00e4telem\u00e4ll\u00e4 tarkasti ainesosien suhteita ja tuotanto-olosuhteita optimoimme emulsion rakenteen ja kosteuttavan vaikutuksen. Lis\u00e4ksi k\u00e4yt\u00e4mme aseptista t\u00e4ytt\u00f6tekniikkaa varmistaaksemme tuotteidemme puhtauden ja turvallisuuden.<\/p>","protected":false},"excerpt":{"rendered":"Moisturizing Facial lotion manufacturing Common Formulas Ethylhexylglycerin: a gentle moisturizer that strengthens the skin&#8217;s natural barrier and reduces moisture loss. Centella Asiatica Leaf Extract: Known for its powerful restorative and soothing properties, it helps minimize redness and irritation. As a reliable Moisturizing Facial lotion manufacturer, we know that North American Witch Hazel Water: Contains natural [&hellip;]","protected":false},"featured_media":562,"menu_order":0,"template":"","meta":[],"product-tag":[],"products":[70],"class_list":["post-561","product","type-product","status-publish","has-post-thumbnail","hentry","products-moisturizing-lotion"],"acf":[],"_links":{"self":[{"href":"https:\/\/www.ruiqigo.com\/fi\/wp-json\/wp\/v2\/product\/561","targetHints":{"allow":["GET"]}}],"collection":[{"href":"https:\/\/www.ruiqigo.com\/fi\/wp-json\/wp\/v2\/product"}],"about":[{"href":"https:\/\/www.ruiqigo.com\/fi\/wp-json\/wp\/v2\/types\/product"}],"version-history":[{"count":0,"href":"https:\/\/www.ruiqigo.com\/fi\/wp-json\/wp\/v2\/product\/561\/revisions"}],"wp:featuredmedia":[{"embeddable":true,"href":"https:\/\/www.ruiqigo.com\/fi\/wp-json\/wp\/v2\/media\/562"}],"wp:attachment":[{"href":"https:\/\/www.ruiqigo.com\/fi\/wp-json\/wp\/v2\/media?parent=561"}],"wp:term":[{"taxonomy":"product-tag","embeddable":true,"href":"https:\/\/www.ruiqigo.com\/fi\/wp-json\/wp\/v2\/product-tag?post=561"},{"taxonomy":"products","embeddable":true,"href":"https:\/\/www.ruiqigo.com\/fi\/wp-json\/wp\/v2\/products?post=561"}],"curies":[{"name":"wp","href":"https:\/\/api.w.org\/{rel}","templated":true}]}}